{"id":573,"date":"2019-10-24T21:56:10","date_gmt":"2019-10-24T21:56:10","guid":{"rendered":"https:\/\/multimedia.uned.ac.cr\/ecen\/sap-marena-2019\/?page_id=573"},"modified":"2019-10-24T21:56:10","modified_gmt":"2019-10-24T21:56:10","slug":"herramientas-para-definir-oportunidades-y-prioridades-de-restauracion-del-paisaje","status":"publish","type":"page","link":"https:\/\/multimedia.uned.ac.cr\/ecen\/sap-marena-2019\/herramientas-para-definir-oportunidades-y-prioridades-de-restauracion-del-paisaje\/","title":{"rendered":"Herramientas para definir oportunidades y prioridades de restauraci\u00f3n del paisaje"},"content":{"rendered":"\n<div class=\"wp-block-columns has-2-columns is-layout-flex wp-container-core-columns-is-layout-9d6595d7 wp-block-columns-is-layout-flex\">\n<div class=\"wp-block-column is-layout-flow wp-block-column-is-layout-flow\">\n<figure class=\"wp-block-image\"><img loading=\"lazy\" decoding=\"async\" width=\"624\" height=\"785\" src=\"https:\/\/multimedia.uned.ac.cr\/ecen\/sap-marena-2019\/wp-content\/uploads\/sites\/3\/2019\/10\/Oscar-Chac\u00f3n.png\" alt=\"\" class=\"wp-image-574\" srcset=\"https:\/\/multimedia.uned.ac.cr\/ecen\/sap-marena-2019\/wp-content\/uploads\/sites\/3\/2019\/10\/Oscar-Chac\u00f3n.png 624w, https:\/\/multimedia.uned.ac.cr\/ecen\/sap-marena-2019\/wp-content\/uploads\/sites\/3\/2019\/10\/Oscar-Chac\u00f3n-238x300.png 238w\" sizes=\"auto, (min-width: 900px) 600px, 900px\" \/><\/figure>\n<\/div>\n\n\n\n<div class=\"wp-block-column is-layout-flow wp-block-column-is-layout-flow\">\n<p style=\"font-size:15px\" class=\"has-custom-size\">Licenciado en Geograf\u00eda, de la Universidad de Costa Rica y M\u00e1ster en Gesti\u00f3n Ambiental. Se ha desempe\u00f1ado diversos proyectos con \u00e9nfasis en conservaci\u00f3n de la biodiversidad y ordenamiento territorial de Costa Rica, Panam\u00e1, Nicaragua, Honduras, El Salvador, Guatemala y Belice.&nbsp; Algunos proyectos de inter\u00e9s nacional e internacional en los cuales ha formado parte son: 1. GRUAS II, cuyo fin fue determinar sitios denominados vac\u00edos de conservaci\u00f3n y la red de conectividad estructural en Costa Rica. &nbsp;2. Lista roja de ecosistemas de Costa Rica. Este proyecto se llev\u00f3 a cabo para determinar el estado actual de los ecosistemas terrestres de Costa Rica, determinando su condici\u00f3n de acuerdo al grado de riesgo o vulnerabilidad. <\/p>\n<\/div>\n<\/div>\n\n\n\n<p style=\"font-size:15px\" class=\"has-custom-size\"> 3. Acopio y Nivelaci\u00f3n de informaci\u00f3n de las variables del art\u00edculo 3 de la Ley de Planificaci\u00f3n urbana para la actualizaci\u00f3n del diagn\u00f3stico de Fase II del Plan Nacional de Desarrollo Urbano de Costa Rica. 4. Diversos proyectos de conservaci\u00f3n de biodiversidad a escala nacional y regional, como uno de los l\u00edderes de departamento del Instituto Nacional de Biodiversidad. 5. Determinar las oportunidades y prioridades de restauraci\u00f3n del paisaje rural productivo de: Costa Rica, Regi\u00f3n Aut\u00f3noma del Caribe Norte de Nicaragua, El Salvador, Honduras, Guatemala y Belice, entre muchos otros proyectos. Adem\u00e1s, ha sido profesor de las asignaturas Restauraci\u00f3n Ecol\u00f3gica, Biolog\u00eda de la Conservaci\u00f3n y Monitoreo Ambiental en la Universidad Estatal a Distancia desde el a\u00f1o 2009 y ha sido expositor en diversos congresos entre los que se encuentran el IV Congreso Mundial de Restauraci\u00f3n Ecol\u00f3gica, en M\u00e9xico y el XVI Congreso de la Sociedad Mesoamericana para la Biolog\u00eda de la Conservaci\u00f3n en Panam\u00e1.  <\/p>\n\n\n\n<div class=\"wp-block-file aligncenter\"><a href=\"https:\/\/multimedia.uned.ac.cr\/ecen\/sap-marena-2019\/wp-content\/uploads\/sites\/3\/2019\/10\/SAP-MARENA-UNED-07set2019-Chac\u00f3n.pdf\">SAP-MARENA-UNED-07set2019-Chac\u00f3n<\/a><a href=\"https:\/\/multimedia.uned.ac.cr\/ecen\/sap-marena-2019\/wp-content\/uploads\/sites\/3\/2019\/10\/SAP-MARENA-UNED-07set2019-Chac\u00f3n.pdf\" class=\"wp-block-file__button\" download><\/a><\/div>\n\n\n\n<ul class=\"wp-block-gallery columns-2 is-cropped wp-block-gallery-1 is-layout-flex wp-block-gallery-is-layout-flex\"><li class=\"blocks-gallery-item\"><figure><img loading=\"lazy\" decoding=\"async\" width=\"1024\" height=\"576\" src=\"https:\/\/multimedia.uned.ac.cr\/ecen\/sap-marena-2019\/wp-content\/uploads\/sites\/3\/2019\/10\/IMG-20190907-WA0008-1-1024x576.jpg\" alt=\"\" data-id=\"576\" data-link=\"https:\/\/multimedia.uned.ac.cr\/ecen\/sap-marena-2019\/?attachment_id=576\" class=\"wp-image-576\" srcset=\"https:\/\/multimedia.uned.ac.cr\/ecen\/sap-marena-2019\/wp-content\/uploads\/sites\/3\/2019\/10\/IMG-20190907-WA0008-1-1024x576.jpg 1024w, https:\/\/multimedia.uned.ac.cr\/ecen\/sap-marena-2019\/wp-content\/uploads\/sites\/3\/2019\/10\/IMG-20190907-WA0008-1-300x169.jpg 300w, https:\/\/multimedia.uned.ac.cr\/ecen\/sap-marena-2019\/wp-content\/uploads\/sites\/3\/2019\/10\/IMG-20190907-WA0008-1-768x432.jpg 768w, https:\/\/multimedia.uned.ac.cr\/ecen\/sap-marena-2019\/wp-content\/uploads\/sites\/3\/2019\/10\/IMG-20190907-WA0008-1.jpg 1280w\" sizes=\"auto, (min-width: 900px) 600px, 900px\" \/><\/figure><\/li><li class=\"blocks-gallery-item\"><figure><img loading=\"lazy\" decoding=\"async\" width=\"1024\" height=\"576\" src=\"https:\/\/multimedia.uned.ac.cr\/ecen\/sap-marena-2019\/wp-content\/uploads\/sites\/3\/2019\/10\/IMG-20190907-WA0010-1024x576.jpg\" alt=\"\" data-id=\"577\" data-link=\"https:\/\/multimedia.uned.ac.cr\/ecen\/sap-marena-2019\/?attachment_id=577\" class=\"wp-image-577\" srcset=\"https:\/\/multimedia.uned.ac.cr\/ecen\/sap-marena-2019\/wp-content\/uploads\/sites\/3\/2019\/10\/IMG-20190907-WA0010-1024x576.jpg 1024w, https:\/\/multimedia.uned.ac.cr\/ecen\/sap-marena-2019\/wp-content\/uploads\/sites\/3\/2019\/10\/IMG-20190907-WA0010-300x169.jpg 300w, https:\/\/multimedia.uned.ac.cr\/ecen\/sap-marena-2019\/wp-content\/uploads\/sites\/3\/2019\/10\/IMG-20190907-WA0010-768x432.jpg 768w, https:\/\/multimedia.uned.ac.cr\/ecen\/sap-marena-2019\/wp-content\/uploads\/sites\/3\/2019\/10\/IMG-20190907-WA0010.jpg 1280w\" sizes=\"auto, (min-width: 900px) 600px, 900px\" \/><\/figure><\/li><li class=\"blocks-gallery-item\"><figure><img loading=\"lazy\" decoding=\"async\" width=\"1024\" height=\"576\" src=\"https:\/\/multimedia.uned.ac.cr\/ecen\/sap-marena-2019\/wp-content\/uploads\/sites\/3\/2019\/10\/IMG-20190907-WA0020-1024x576.jpg\" alt=\"\" data-id=\"578\" data-link=\"https:\/\/multimedia.uned.ac.cr\/ecen\/sap-marena-2019\/?attachment_id=578\" class=\"wp-image-578\" srcset=\"https:\/\/multimedia.uned.ac.cr\/ecen\/sap-marena-2019\/wp-content\/uploads\/sites\/3\/2019\/10\/IMG-20190907-WA0020-1024x576.jpg 1024w, https:\/\/multimedia.uned.ac.cr\/ecen\/sap-marena-2019\/wp-content\/uploads\/sites\/3\/2019\/10\/IMG-20190907-WA0020-300x169.jpg 300w, https:\/\/multimedia.uned.ac.cr\/ecen\/sap-marena-2019\/wp-content\/uploads\/sites\/3\/2019\/10\/IMG-20190907-WA0020-768x432.jpg 768w, https:\/\/multimedia.uned.ac.cr\/ecen\/sap-marena-2019\/wp-content\/uploads\/sites\/3\/2019\/10\/IMG-20190907-WA0020.jpg 1280w\" sizes=\"auto, (min-width: 900px) 600px, 900px\" \/><\/figure><\/li><\/ul>\n","protected":false},"excerpt":{"rendered":"<p>Licenciado en Geograf\u00eda, de la Universidad de Costa Rica y M\u00e1ster en Gesti\u00f3n Ambiental. Se ha desempe\u00f1ado diversos proyectos con \u00e9nfasis en conservaci\u00f3n de la biodiversidad y ordenamiento territorial de Costa Rica, Panam\u00e1, Nicaragua, Honduras, El Salvador, Guatemala y Belice.&nbsp; Algunos proyectos de inter\u00e9s nacional e internacional en los cuales ha formado parte son: 1. GRUAS II, cuyo fin fue determinar sitios denominados vac\u00edos de conservaci\u00f3n y la red de conectividad estructural en Costa Rica. &nbsp;2. Lista roja de ecosistemas de Costa Rica. Este proyecto se llev\u00f3 a cabo para determinar el estado actual de los ecosistemas terrestres de Costa\u2026<\/p>\n","protected":false},"author":4,"featured_media":0,"parent":0,"menu_order":0,"comment_status":"closed","ping_status":"closed","template":"","meta":{"_acf_changed":false,"_monsterinsights_skip_tracking":false,"_monsterinsights_sitenote_active":false,"_monsterinsights_sitenote_note":"","_monsterinsights_sitenote_category":0,"_coblocks_attr":"","_coblocks_dimensions":"","_coblocks_responsive_height":"","_coblocks_accordion_ie_support":"","footnotes":""},"class_list":["post-573","page","type-page","status-publish","hentry"],"acf":[],"_links":{"self":[{"href":"https:\/\/multimedia.uned.ac.cr\/ecen\/sap-marena-2019\/wp-json\/wp\/v2\/pages\/573","targetHints":{"allow":["GET"]}}],"collection":[{"href":"https:\/\/multimedia.uned.ac.cr\/ecen\/sap-marena-2019\/wp-json\/wp\/v2\/pages"}],"about":[{"href":"https:\/\/multimedia.uned.ac.cr\/ecen\/sap-marena-2019\/wp-json\/wp\/v2\/types\/page"}],"author":[{"embeddable":true,"href":"https:\/\/multimedia.uned.ac.cr\/ecen\/sap-marena-2019\/wp-json\/wp\/v2\/users\/4"}],"replies":[{"embeddable":true,"href":"https:\/\/multimedia.uned.ac.cr\/ecen\/sap-marena-2019\/wp-json\/wp\/v2\/comments?post=573"}],"version-history":[{"count":1,"href":"https:\/\/multimedia.uned.ac.cr\/ecen\/sap-marena-2019\/wp-json\/wp\/v2\/pages\/573\/revisions"}],"predecessor-version":[{"id":579,"href":"https:\/\/multimedia.uned.ac.cr\/ecen\/sap-marena-2019\/wp-json\/wp\/v2\/pages\/573\/revisions\/579"}],"wp:attachment":[{"href":"https:\/\/multimedia.uned.ac.cr\/ecen\/sap-marena-2019\/wp-json\/wp\/v2\/media?parent=573"}],"curies":[{"name":"wp","href":"https:\/\/api.w.org\/{rel}","templated":true}]}}