{"id":561,"date":"2019-10-24T20:50:18","date_gmt":"2019-10-24T20:50:18","guid":{"rendered":"https:\/\/multimedia.uned.ac.cr\/ecen\/sap-marena-2019\/?page_id=561"},"modified":"2019-10-24T20:50:18","modified_gmt":"2019-10-24T20:50:18","slug":"introduccion-a-la-identificacion-de-familias-de-plantas-vasculares-de-zonas-intermedias-de-costa-rica","status":"publish","type":"page","link":"https:\/\/multimedia.uned.ac.cr\/ecen\/sap-marena-2019\/introduccion-a-la-identificacion-de-familias-de-plantas-vasculares-de-zonas-intermedias-de-costa-rica\/","title":{"rendered":"Introducci\u00f3n a la identificaci\u00f3n de familias de plantas vasculares de zonas intermedias de Costa Rica."},"content":{"rendered":"\n<div class=\"wp-block-columns has-2-columns is-layout-flex wp-container-core-columns-is-layout-9d6595d7 wp-block-columns-is-layout-flex\">\n<div class=\"wp-block-column is-layout-flow wp-block-column-is-layout-flow\">\n<figure class=\"wp-block-image\"><img loading=\"lazy\" decoding=\"async\" width=\"624\" height=\"785\" src=\"https:\/\/multimedia.uned.ac.cr\/ecen\/sap-marena-2019\/wp-content\/uploads\/sites\/3\/2019\/10\/Cristian-Trejos.png\" alt=\"\" class=\"wp-image-562\" srcset=\"https:\/\/multimedia.uned.ac.cr\/ecen\/sap-marena-2019\/wp-content\/uploads\/sites\/3\/2019\/10\/Cristian-Trejos.png 624w, https:\/\/multimedia.uned.ac.cr\/ecen\/sap-marena-2019\/wp-content\/uploads\/sites\/3\/2019\/10\/Cristian-Trejos-238x300.png 238w\" sizes=\"auto, (min-width: 900px) 600px, 900px\" \/><\/figure>\n<\/div>\n\n\n\n<div class=\"wp-block-column is-layout-flow wp-block-column-is-layout-flow\">\n<p style=\"font-size:15px\" class=\"has-custom-size\">Experiencia en docencia en el \u00e1rea de la Bot\u00e1nica desde el 2015. Ha impartido cursos b\u00e1sicos como Bot\u00e1nica II, Bot\u00e1nica General y Bot\u00e1nica Agr\u00edcola para las carreras de Biolog\u00eda, Ense\u00f1anza de las Ciencias Naturales y Agronom\u00eda, en la UCR, UNED y TEC. Ha impartido el curso de Introducci\u00f3n a la Flora de Costa Rica en la UCR, que se enfoca en estudiar y aprender a reconocer las principales familias de plantas vasculares del pa\u00eds. Tambi\u00e9n ha sido curador de la Colecci\u00f3n de Plantas Vasculares del Herbario Luis Fournier (USJ) de la UCR. En 2019 imparti\u00f3 el curso de Dendrolog\u00eda I en la UNA, enfocado en la identificaci\u00f3n de especies de \u00e1rboles, y actualmente en esa misma casa de ense\u00f1anza imparte el curso de Fisiolog\u00eda Vegetal. Su inter\u00e9s es continuar ligado a la docencia de la Bot\u00e1nica, y al estudio de las plantas de Costa Rica, principalmente hacia el grupo de las plantas ep\u00edfitas, su ecolog\u00eda reproductiva y su flor\u00edstica.<\/p>\n<\/div>\n<\/div>\n\n\n\n<div class=\"wp-block-file aligncenter\"><a href=\"https:\/\/multimedia.uned.ac.cr\/ecen\/sap-marena-2019\/wp-content\/uploads\/sites\/3\/2019\/10\/SAP-MARENA-UNED-07set2019-Trejos-Dicotiled\u00f3neas.pdf\">SAP-MARENA-UNED-07set2019-Trejos-Dicotiled\u00f3neas<\/a><a href=\"https:\/\/multimedia.uned.ac.cr\/ecen\/sap-marena-2019\/wp-content\/uploads\/sites\/3\/2019\/10\/SAP-MARENA-UNED-07set2019-Trejos-Dicotiled\u00f3neas.pdf\" class=\"wp-block-file__button\" download>Descarga<\/a><\/div>\n\n\n\n<div class=\"wp-block-file aligncenter\"><a href=\"https:\/\/multimedia.uned.ac.cr\/ecen\/sap-marena-2019\/wp-content\/uploads\/sites\/3\/2019\/10\/SAP-MARENA-UNED-07set2019-Trejos-Monocotiled\u00f3neas.pdf\">SAP-MARENA-UNED-07set2019-Trejos-Monocotiled\u00f3neas<\/a><a href=\"https:\/\/multimedia.uned.ac.cr\/ecen\/sap-marena-2019\/wp-content\/uploads\/sites\/3\/2019\/10\/SAP-MARENA-UNED-07set2019-Trejos-Monocotiled\u00f3neas.pdf\" class=\"wp-block-file__button\" download>Descarga<\/a><\/div>\n\n\n\n<ul class=\"wp-block-gallery columns-2 is-cropped wp-block-gallery-1 is-layout-flex wp-block-gallery-is-layout-flex\"><li class=\"blocks-gallery-item\"><figure><img loading=\"lazy\" decoding=\"async\" width=\"1024\" height=\"768\" src=\"https:\/\/multimedia.uned.ac.cr\/ecen\/sap-marena-2019\/wp-content\/uploads\/sites\/3\/2019\/10\/IMG-20190907-WA0024-1024x768.jpg\" alt=\"\" data-id=\"566\" data-link=\"https:\/\/multimedia.uned.ac.cr\/ecen\/sap-marena-2019\/?attachment_id=566\" class=\"wp-image-566\" srcset=\"https:\/\/multimedia.uned.ac.cr\/ecen\/sap-marena-2019\/wp-content\/uploads\/sites\/3\/2019\/10\/IMG-20190907-WA0024-1024x768.jpg 1024w, https:\/\/multimedia.uned.ac.cr\/ecen\/sap-marena-2019\/wp-content\/uploads\/sites\/3\/2019\/10\/IMG-20190907-WA0024-300x225.jpg 300w, https:\/\/multimedia.uned.ac.cr\/ecen\/sap-marena-2019\/wp-content\/uploads\/sites\/3\/2019\/10\/IMG-20190907-WA0024-768x576.jpg 768w, https:\/\/multimedia.uned.ac.cr\/ecen\/sap-marena-2019\/wp-content\/uploads\/sites\/3\/2019\/10\/IMG-20190907-WA0024.jpg 1280w\" sizes=\"auto, (min-width: 900px) 600px, 900px\" \/><\/figure><\/li><li class=\"blocks-gallery-item\"><figure><img loading=\"lazy\" decoding=\"async\" width=\"1024\" height=\"768\" src=\"https:\/\/multimedia.uned.ac.cr\/ecen\/sap-marena-2019\/wp-content\/uploads\/sites\/3\/2019\/10\/IMG-20190907-WA0067-1024x768.jpg\" alt=\"\" data-id=\"567\" data-link=\"https:\/\/multimedia.uned.ac.cr\/ecen\/sap-marena-2019\/?attachment_id=567\" class=\"wp-image-567\" srcset=\"https:\/\/multimedia.uned.ac.cr\/ecen\/sap-marena-2019\/wp-content\/uploads\/sites\/3\/2019\/10\/IMG-20190907-WA0067.jpg 1024w, https:\/\/multimedia.uned.ac.cr\/ecen\/sap-marena-2019\/wp-content\/uploads\/sites\/3\/2019\/10\/IMG-20190907-WA0067-300x225.jpg 300w, https:\/\/multimedia.uned.ac.cr\/ecen\/sap-marena-2019\/wp-content\/uploads\/sites\/3\/2019\/10\/IMG-20190907-WA0067-768x576.jpg 768w\" sizes=\"auto, (min-width: 900px) 600px, 900px\" \/><\/figure><\/li><li class=\"blocks-gallery-item\"><figure><img loading=\"lazy\" decoding=\"async\" width=\"1024\" height=\"768\" src=\"https:\/\/multimedia.uned.ac.cr\/ecen\/sap-marena-2019\/wp-content\/uploads\/sites\/3\/2019\/10\/IMG-20190907-WA0072-1024x768.jpg\" alt=\"\" data-id=\"568\" data-link=\"https:\/\/multimedia.uned.ac.cr\/ecen\/sap-marena-2019\/?attachment_id=568\" class=\"wp-image-568\" srcset=\"https:\/\/multimedia.uned.ac.cr\/ecen\/sap-marena-2019\/wp-content\/uploads\/sites\/3\/2019\/10\/IMG-20190907-WA0072.jpg 1024w, https:\/\/multimedia.uned.ac.cr\/ecen\/sap-marena-2019\/wp-content\/uploads\/sites\/3\/2019\/10\/IMG-20190907-WA0072-300x225.jpg 300w, https:\/\/multimedia.uned.ac.cr\/ecen\/sap-marena-2019\/wp-content\/uploads\/sites\/3\/2019\/10\/IMG-20190907-WA0072-768x576.jpg 768w\" sizes=\"auto, (min-width: 900px) 600px, 900px\" \/><\/figure><\/li><\/ul>\n","protected":false},"excerpt":{"rendered":"<p>Experiencia en docencia en el \u00e1rea de la Bot\u00e1nica desde el 2015. Ha impartido cursos b\u00e1sicos como Bot\u00e1nica II, Bot\u00e1nica General y Bot\u00e1nica Agr\u00edcola para las carreras de Biolog\u00eda, Ense\u00f1anza de las Ciencias Naturales y Agronom\u00eda, en la UCR, UNED y TEC. Ha impartido el curso de Introducci\u00f3n a la Flora de Costa Rica en la UCR, que se enfoca en estudiar y aprender a reconocer las principales familias de plantas vasculares del pa\u00eds. Tambi\u00e9n ha sido curador de la Colecci\u00f3n de Plantas Vasculares del Herbario Luis Fournier (USJ) de la UCR. En 2019 imparti\u00f3 el curso de Dendrolog\u00eda I\u2026<\/p>\n","protected":false},"author":4,"featured_media":0,"parent":0,"menu_order":0,"comment_status":"closed","ping_status":"closed","template":"","meta":{"_acf_changed":false,"_monsterinsights_skip_tracking":false,"_monsterinsights_sitenote_active":false,"_monsterinsights_sitenote_note":"","_monsterinsights_sitenote_category":0,"_coblocks_attr":"","_coblocks_dimensions":"","_coblocks_responsive_height":"","_coblocks_accordion_ie_support":"","footnotes":""},"class_list":["post-561","page","type-page","status-publish","hentry"],"acf":[],"_links":{"self":[{"href":"https:\/\/multimedia.uned.ac.cr\/ecen\/sap-marena-2019\/wp-json\/wp\/v2\/pages\/561","targetHints":{"allow":["GET"]}}],"collection":[{"href":"https:\/\/multimedia.uned.ac.cr\/ecen\/sap-marena-2019\/wp-json\/wp\/v2\/pages"}],"about":[{"href":"https:\/\/multimedia.uned.ac.cr\/ecen\/sap-marena-2019\/wp-json\/wp\/v2\/types\/page"}],"author":[{"embeddable":true,"href":"https:\/\/multimedia.uned.ac.cr\/ecen\/sap-marena-2019\/wp-json\/wp\/v2\/users\/4"}],"replies":[{"embeddable":true,"href":"https:\/\/multimedia.uned.ac.cr\/ecen\/sap-marena-2019\/wp-json\/wp\/v2\/comments?post=561"}],"version-history":[{"count":2,"href":"https:\/\/multimedia.uned.ac.cr\/ecen\/sap-marena-2019\/wp-json\/wp\/v2\/pages\/561\/revisions"}],"predecessor-version":[{"id":570,"href":"https:\/\/multimedia.uned.ac.cr\/ecen\/sap-marena-2019\/wp-json\/wp\/v2\/pages\/561\/revisions\/570"}],"wp:attachment":[{"href":"https:\/\/multimedia.uned.ac.cr\/ecen\/sap-marena-2019\/wp-json\/wp\/v2\/media?parent=561"}],"curies":[{"name":"wp","href":"https:\/\/api.w.org\/{rel}","templated":true}]}}