{"id":534,"date":"2019-10-22T21:46:26","date_gmt":"2019-10-22T21:46:26","guid":{"rendered":"https:\/\/multimedia.uned.ac.cr\/ecen\/sap-marena-2019\/?page_id=534"},"modified":"2019-10-24T19:50:01","modified_gmt":"2019-10-24T19:50:01","slug":"bioacustica-y-ciencia-ciudadana","status":"publish","type":"page","link":"https:\/\/multimedia.uned.ac.cr\/ecen\/sap-marena-2019\/bioacustica-y-ciencia-ciudadana\/","title":{"rendered":"Bioac\u00fastica y ciencia ciudadana"},"content":{"rendered":"\n<div class=\"wp-block-columns has-2-columns is-layout-flex wp-container-core-columns-is-layout-9d6595d7 wp-block-columns-is-layout-flex\">\n<div class=\"wp-block-column is-layout-flow wp-block-column-is-layout-flow\">\n<figure class=\"wp-block-image\"><img loading=\"lazy\" decoding=\"async\" width=\"785\" height=\"785\" src=\"https:\/\/multimedia.uned.ac.cr\/ecen\/sap-marena-2019\/wp-content\/uploads\/sites\/3\/2019\/10\/Paola-gastezzi-y-Roberto-Vargas.png\" alt=\"\" class=\"wp-image-543\" srcset=\"https:\/\/multimedia.uned.ac.cr\/ecen\/sap-marena-2019\/wp-content\/uploads\/sites\/3\/2019\/10\/Paola-gastezzi-y-Roberto-Vargas.png 785w, https:\/\/multimedia.uned.ac.cr\/ecen\/sap-marena-2019\/wp-content\/uploads\/sites\/3\/2019\/10\/Paola-gastezzi-y-Roberto-Vargas-150x150.png 150w, https:\/\/multimedia.uned.ac.cr\/ecen\/sap-marena-2019\/wp-content\/uploads\/sites\/3\/2019\/10\/Paola-gastezzi-y-Roberto-Vargas-300x300.png 300w, https:\/\/multimedia.uned.ac.cr\/ecen\/sap-marena-2019\/wp-content\/uploads\/sites\/3\/2019\/10\/Paola-gastezzi-y-Roberto-Vargas-768x768.png 768w\" sizes=\"auto, (min-width: 900px) 600px, 900px\" \/><\/figure>\n\n\n\n<p><\/p>\n<\/div>\n\n\n\n<div class=\"wp-block-column is-layout-flow wp-block-column-is-layout-flow\">\n<p style=\"font-size:15px\" class=\"has-custom-size\"><strong>Paola Gastezzi-Arias. <\/strong>Master en Conservaci\u00f3n y Vida Silvestre.  Posee 10 a\u00f1os de experiencia como profesora en la carrera de Manejo de Recursos Naturales de la Escuela de Ciencias Exactas y Naturales de la UNED, en varios cursos de las c\u00e1tedras\u00a0de Ecolog\u00eda y educaci\u00f3n Ambiental, Ciencias Naturales, y Biolog\u00eda, es investigadora en la Vicerrector\u00eda de Investigaci\u00f3n de la UNED en varios proyectos de conservaci\u00f3n.\u00a0Durante su vida profesional, se ha destacado en especializarse en las \u00e1reas como humedales, vida silvestre y educaci\u00f3n ambiental.<\/p>\n<\/div>\n<\/div>\n\n\n\n<p style=\"font-size:15px\" class=\"has-custom-size\"><strong>Roberto Vargas Mas\u00eds.<\/strong> Bac<strong>h<\/strong>iller en Biolog\u00eda Tropical, Finaliza la licenciatura en Manejo de Recursos Naturales, es ornit\u00f3logo dedicado al tema de de bioac\u00fastica, posee experiencia como consultor de SETENA en proyectos en Costa Rica por 8 a\u00f1os. Investigador de la Vicerrector\u00eda de Investigaci\u00f3n en tema de Bioac\u00fastica, Sistemas de Informaci\u00f3n Geogr\u00e1fica, anormalidades de color en aves y ciencia participativa. Profesor en cursos de Bioac\u00fastica y Sistema de Informaci\u00f3n Geogr\u00e1fica en Costa Rica y Mesoam\u00e9rica. Experiencia en an\u00e1lisis de datos biol\u00f3gicos y bioac\u00fastica. Actualmente coordina la Colecci\u00f3n cient\u00edfica sobre BioSonidos y colabora en proyectos de detecci\u00f3n automatizada de sonidos y an\u00e1lisis de paisajes sonoros.\u00a0 <\/p>\n\n\n\n<div class=\"wp-block-file aligncenter\"><a href=\"https:\/\/multimedia.uned.ac.cr\/ecen\/sap-marena-2019\/wp-content\/uploads\/sites\/3\/2019\/10\/SAP-MARENA-UNED-06set2019-Gastezzi-y-Vargas.pdf\">SAP-MARENA-UNED-06set2019-Gastezzi-y-Vargas<\/a><a href=\"https:\/\/multimedia.uned.ac.cr\/ecen\/sap-marena-2019\/wp-content\/uploads\/sites\/3\/2019\/10\/SAP-MARENA-UNED-06set2019-Gastezzi-y-Vargas.pdf\" class=\"wp-block-file__button\" download>Descarga<\/a><\/div>\n\n\n\n<ul class=\"wp-block-gallery columns-2 is-cropped wp-block-gallery-1 is-layout-flex wp-block-gallery-is-layout-flex\"><li class=\"blocks-gallery-item\"><figure><img loading=\"lazy\" decoding=\"async\" width=\"1024\" height=\"768\" src=\"https:\/\/multimedia.uned.ac.cr\/ecen\/sap-marena-2019\/wp-content\/uploads\/sites\/3\/2019\/10\/IMG-20190906-WA0138-1024x768.jpg\" alt=\"\" data-id=\"548\" data-link=\"https:\/\/multimedia.uned.ac.cr\/ecen\/sap-marena-2019\/bioacustica-y-ciencia-ciudadana\/img-20190906-wa0138\/\" class=\"wp-image-548\" srcset=\"https:\/\/multimedia.uned.ac.cr\/ecen\/sap-marena-2019\/wp-content\/uploads\/sites\/3\/2019\/10\/IMG-20190906-WA0138-1024x768.jpg 1024w, https:\/\/multimedia.uned.ac.cr\/ecen\/sap-marena-2019\/wp-content\/uploads\/sites\/3\/2019\/10\/IMG-20190906-WA0138-300x225.jpg 300w, https:\/\/multimedia.uned.ac.cr\/ecen\/sap-marena-2019\/wp-content\/uploads\/sites\/3\/2019\/10\/IMG-20190906-WA0138-768x576.jpg 768w, https:\/\/multimedia.uned.ac.cr\/ecen\/sap-marena-2019\/wp-content\/uploads\/sites\/3\/2019\/10\/IMG-20190906-WA0138.jpg 1152w\" sizes=\"auto, (min-width: 900px) 600px, 900px\" \/><\/figure><\/li><li class=\"blocks-gallery-item\"><figure><img loading=\"lazy\" decoding=\"async\" width=\"1024\" height=\"768\" src=\"https:\/\/multimedia.uned.ac.cr\/ecen\/sap-marena-2019\/wp-content\/uploads\/sites\/3\/2019\/10\/IMG-20190906-WA0139-1024x768.jpg\" alt=\"\" data-id=\"549\" data-link=\"https:\/\/multimedia.uned.ac.cr\/ecen\/sap-marena-2019\/bioacustica-y-ciencia-ciudadana\/img-20190906-wa0139\/\" class=\"wp-image-549\" srcset=\"https:\/\/multimedia.uned.ac.cr\/ecen\/sap-marena-2019\/wp-content\/uploads\/sites\/3\/2019\/10\/IMG-20190906-WA0139-1024x768.jpg 1024w, https:\/\/multimedia.uned.ac.cr\/ecen\/sap-marena-2019\/wp-content\/uploads\/sites\/3\/2019\/10\/IMG-20190906-WA0139-300x225.jpg 300w, https:\/\/multimedia.uned.ac.cr\/ecen\/sap-marena-2019\/wp-content\/uploads\/sites\/3\/2019\/10\/IMG-20190906-WA0139-768x576.jpg 768w, https:\/\/multimedia.uned.ac.cr\/ecen\/sap-marena-2019\/wp-content\/uploads\/sites\/3\/2019\/10\/IMG-20190906-WA0139.jpg 1152w\" sizes=\"auto, (min-width: 900px) 600px, 900px\" \/><\/figure><\/li><li class=\"blocks-gallery-item\"><figure><img loading=\"lazy\" decoding=\"async\" width=\"1024\" height=\"576\" src=\"https:\/\/multimedia.uned.ac.cr\/ecen\/sap-marena-2019\/wp-content\/uploads\/sites\/3\/2019\/10\/IMG-20190906-WA0118-1024x576.jpg\" alt=\"\" data-id=\"551\" data-link=\"https:\/\/multimedia.uned.ac.cr\/ecen\/sap-marena-2019\/bioacustica-y-ciencia-ciudadana\/img-20190906-wa0118\/\" class=\"wp-image-551\" srcset=\"https:\/\/multimedia.uned.ac.cr\/ecen\/sap-marena-2019\/wp-content\/uploads\/sites\/3\/2019\/10\/IMG-20190906-WA0118-1024x576.jpg 1024w, https:\/\/multimedia.uned.ac.cr\/ecen\/sap-marena-2019\/wp-content\/uploads\/sites\/3\/2019\/10\/IMG-20190906-WA0118-300x169.jpg 300w, https:\/\/multimedia.uned.ac.cr\/ecen\/sap-marena-2019\/wp-content\/uploads\/sites\/3\/2019\/10\/IMG-20190906-WA0118-768x432.jpg 768w, https:\/\/multimedia.uned.ac.cr\/ecen\/sap-marena-2019\/wp-content\/uploads\/sites\/3\/2019\/10\/IMG-20190906-WA0118.jpg 1280w\" sizes=\"auto, (min-width: 900px) 600px, 900px\" \/><\/figure><\/li><\/ul>\n","protected":false},"excerpt":{"rendered":"<p>Paola Gastezzi-Arias. Master en Conservaci\u00f3n y Vida Silvestre. Posee 10 a\u00f1os de experiencia como profesora en la carrera de Manejo de Recursos Naturales de la Escuela de Ciencias Exactas y Naturales de la UNED, en varios cursos de las c\u00e1tedras\u00a0de Ecolog\u00eda y educaci\u00f3n Ambiental, Ciencias Naturales, y Biolog\u00eda, es investigadora en la Vicerrector\u00eda de Investigaci\u00f3n de la UNED en varios proyectos de conservaci\u00f3n.\u00a0Durante su vida profesional, se ha destacado en especializarse en las \u00e1reas como humedales, vida silvestre y educaci\u00f3n ambiental. Roberto Vargas Mas\u00eds. Bachiller en Biolog\u00eda Tropical, Finaliza la licenciatura en Manejo de Recursos Naturales, es ornit\u00f3logo dedicado al\u2026<\/p>\n","protected":false},"author":4,"featured_media":0,"parent":0,"menu_order":0,"comment_status":"closed","ping_status":"closed","template":"","meta":{"_acf_changed":false,"_monsterinsights_skip_tracking":false,"_monsterinsights_sitenote_active":false,"_monsterinsights_sitenote_note":"","_monsterinsights_sitenote_category":0,"_coblocks_attr":"","_coblocks_dimensions":"","_coblocks_responsive_height":"","_coblocks_accordion_ie_support":"","footnotes":""},"class_list":["post-534","page","type-page","status-publish","hentry"],"acf":[],"_links":{"self":[{"href":"https:\/\/multimedia.uned.ac.cr\/ecen\/sap-marena-2019\/wp-json\/wp\/v2\/pages\/534","targetHints":{"allow":["GET"]}}],"collection":[{"href":"https:\/\/multimedia.uned.ac.cr\/ecen\/sap-marena-2019\/wp-json\/wp\/v2\/pages"}],"about":[{"href":"https:\/\/multimedia.uned.ac.cr\/ecen\/sap-marena-2019\/wp-json\/wp\/v2\/types\/page"}],"author":[{"embeddable":true,"href":"https:\/\/multimedia.uned.ac.cr\/ecen\/sap-marena-2019\/wp-json\/wp\/v2\/users\/4"}],"replies":[{"embeddable":true,"href":"https:\/\/multimedia.uned.ac.cr\/ecen\/sap-marena-2019\/wp-json\/wp\/v2\/comments?post=534"}],"version-history":[{"count":6,"href":"https:\/\/multimedia.uned.ac.cr\/ecen\/sap-marena-2019\/wp-json\/wp\/v2\/pages\/534\/revisions"}],"predecessor-version":[{"id":554,"href":"https:\/\/multimedia.uned.ac.cr\/ecen\/sap-marena-2019\/wp-json\/wp\/v2\/pages\/534\/revisions\/554"}],"wp:attachment":[{"href":"https:\/\/multimedia.uned.ac.cr\/ecen\/sap-marena-2019\/wp-json\/wp\/v2\/media?parent=534"}],"curies":[{"name":"wp","href":"https:\/\/api.w.org\/{rel}","templated":true}]}}