{"id":514,"date":"2019-10-22T21:19:16","date_gmt":"2019-10-22T21:19:16","guid":{"rendered":"https:\/\/multimedia.uned.ac.cr\/ecen\/sap-marena-2019\/?page_id=514"},"modified":"2019-10-22T21:36:52","modified_gmt":"2019-10-22T21:36:52","slug":"drones-y-gps","status":"publish","type":"page","link":"https:\/\/multimedia.uned.ac.cr\/ecen\/sap-marena-2019\/drones-y-gps\/","title":{"rendered":"Drones y GPS"},"content":{"rendered":"\n<div class=\"wp-block-columns has-2-columns is-layout-flex wp-container-core-columns-is-layout-9d6595d7 wp-block-columns-is-layout-flex\">\n<div class=\"wp-block-column is-layout-flow wp-block-column-is-layout-flow\">\n<figure class=\"wp-block-image\"><img loading=\"lazy\" decoding=\"async\" width=\"624\" height=\"785\" src=\"https:\/\/multimedia.uned.ac.cr\/ecen\/sap-marena-2019\/wp-content\/uploads\/sites\/3\/2019\/10\/Benjamin-Alvarez.png\" alt=\"\" class=\"wp-image-517\" srcset=\"https:\/\/multimedia.uned.ac.cr\/ecen\/sap-marena-2019\/wp-content\/uploads\/sites\/3\/2019\/10\/Benjamin-Alvarez.png 624w, https:\/\/multimedia.uned.ac.cr\/ecen\/sap-marena-2019\/wp-content\/uploads\/sites\/3\/2019\/10\/Benjamin-Alvarez-238x300.png 238w\" sizes=\"auto, (min-width: 900px) 600px, 900px\" \/><\/figure>\n<\/div>\n\n\n\n<div class=\"wp-block-column is-layout-flow wp-block-column-is-layout-flow\">\n<p style=\"font-size:15px\" class=\"has-custom-size\">Bachiller y licenciado en Ciencias Geogr\u00e1ficas y Ordenamiento del Territorio por la Universidad Nacional (UNA) y M\u00e1ster en Salud Ocupacional con \u00e9nfasis en Higiene Ambiental por el programa conjunto entre el Instituto Tecnol\u00f3gico de Costa Rica y la Universidad Nacional (ITCR-UNA). En su labor como docente se ha desempe\u00f1ado como profesor de secundaria en Estudios Sociales y C\u00edvica (CTP Pital &#8211; MEP), asistente de investigaci\u00f3n del Programa de Salud y Trabajo en Centroam\u00e9rica (SALTRA &#8211; UNA), coordinador en laboratorios de Sistemas de Informaci\u00f3n Geogr\u00e1fica (ECMAR-UNA e IRET-UNA), tutor de la C\u00e1tedra de Geociencias de la Escuela de Ciencias Exactas y Naturales de la Universidad Estatal a Distancia (ECEN-UNED) y, en la actualidad, <\/p>\n<\/div>\n<\/div>\n\n\n\n<p style=\"font-size:15px\" class=\"has-custom-size\"> encargado de la C\u00e1tedra de Sistemas de Informaci\u00f3n Geogr\u00e1fica de la UNED.  Participante destacado en proyectos de regionalizaci\u00f3n universitaria, evaluaci\u00f3n del riesgo ecol\u00f3gico y sobre el enfoque ecosist\u00e9mico en salud humana, as\u00ed\u0301 como en congresos internacionales sobre salud y trabajo; talleres de transversalidad de perspectivas de g\u00e9nero, etnicidad y cultura, sensibilizaci\u00f3n de poblaciones ind\u00edgenas, migraci\u00f3n y regulaci\u00f3n, derechos e interculturalidad; y encuentros de ge\u00f3grafos latinoamericanos. <\/p>\n\n\n\n<div class=\"wp-block-file aligncenter\"><a href=\"https:\/\/multimedia.uned.ac.cr\/ecen\/sap-marena-2019\/wp-content\/uploads\/sites\/3\/2019\/10\/SAP-MARENA-UNED-06set2019-Alvarez.pdf\">SAP-MARENA-UNED-06set2019-Alvarez<\/a><a href=\"https:\/\/multimedia.uned.ac.cr\/ecen\/sap-marena-2019\/wp-content\/uploads\/sites\/3\/2019\/10\/SAP-MARENA-UNED-06set2019-Alvarez.pdf\" class=\"wp-block-file__button\" download>Descarga<\/a><\/div>\n\n\n\n<ul class=\"wp-block-gallery columns-2 is-cropped wp-block-gallery-1 is-layout-flex wp-block-gallery-is-layout-flex\"><li class=\"blocks-gallery-item\"><figure><img loading=\"lazy\" decoding=\"async\" width=\"1024\" height=\"576\" src=\"https:\/\/multimedia.uned.ac.cr\/ecen\/sap-marena-2019\/wp-content\/uploads\/sites\/3\/2019\/10\/IMG-20190906-WA0125-1024x576.jpg\" alt=\"\" data-id=\"519\" data-link=\"https:\/\/multimedia.uned.ac.cr\/ecen\/sap-marena-2019\/drones-y-gps\/img-20190906-wa0125\/\" class=\"wp-image-519\" srcset=\"https:\/\/multimedia.uned.ac.cr\/ecen\/sap-marena-2019\/wp-content\/uploads\/sites\/3\/2019\/10\/IMG-20190906-WA0125-1024x576.jpg 1024w, https:\/\/multimedia.uned.ac.cr\/ecen\/sap-marena-2019\/wp-content\/uploads\/sites\/3\/2019\/10\/IMG-20190906-WA0125-300x169.jpg 300w, https:\/\/multimedia.uned.ac.cr\/ecen\/sap-marena-2019\/wp-content\/uploads\/sites\/3\/2019\/10\/IMG-20190906-WA0125-768x432.jpg 768w, https:\/\/multimedia.uned.ac.cr\/ecen\/sap-marena-2019\/wp-content\/uploads\/sites\/3\/2019\/10\/IMG-20190906-WA0125.jpg 1280w\" sizes=\"auto, (min-width: 900px) 600px, 900px\" \/><\/figure><\/li><li class=\"blocks-gallery-item\"><figure><img loading=\"lazy\" decoding=\"async\" width=\"1024\" height=\"576\" src=\"https:\/\/multimedia.uned.ac.cr\/ecen\/sap-marena-2019\/wp-content\/uploads\/sites\/3\/2019\/10\/IMG-20190906-WA0123-1024x576.jpg\" alt=\"\" data-id=\"520\" data-link=\"https:\/\/multimedia.uned.ac.cr\/ecen\/sap-marena-2019\/drones-y-gps\/img-20190906-wa0123\/\" class=\"wp-image-520\" srcset=\"https:\/\/multimedia.uned.ac.cr\/ecen\/sap-marena-2019\/wp-content\/uploads\/sites\/3\/2019\/10\/IMG-20190906-WA0123-1024x576.jpg 1024w, https:\/\/multimedia.uned.ac.cr\/ecen\/sap-marena-2019\/wp-content\/uploads\/sites\/3\/2019\/10\/IMG-20190906-WA0123-300x169.jpg 300w, https:\/\/multimedia.uned.ac.cr\/ecen\/sap-marena-2019\/wp-content\/uploads\/sites\/3\/2019\/10\/IMG-20190906-WA0123-768x432.jpg 768w, https:\/\/multimedia.uned.ac.cr\/ecen\/sap-marena-2019\/wp-content\/uploads\/sites\/3\/2019\/10\/IMG-20190906-WA0123.jpg 1280w\" sizes=\"auto, (min-width: 900px) 600px, 900px\" \/><\/figure><\/li><li class=\"blocks-gallery-item\"><figure><img loading=\"lazy\" decoding=\"async\" width=\"576\" height=\"1024\" src=\"https:\/\/multimedia.uned.ac.cr\/ecen\/sap-marena-2019\/wp-content\/uploads\/sites\/3\/2019\/10\/IMG-20190906-WA0127-576x1024.jpeg\" alt=\"\" data-id=\"521\" data-link=\"https:\/\/multimedia.uned.ac.cr\/ecen\/sap-marena-2019\/drones-y-gps\/img-20190906-wa0127\/\" class=\"wp-image-521\" srcset=\"https:\/\/multimedia.uned.ac.cr\/ecen\/sap-marena-2019\/wp-content\/uploads\/sites\/3\/2019\/10\/IMG-20190906-WA0127-576x1024.jpeg 576w, https:\/\/multimedia.uned.ac.cr\/ecen\/sap-marena-2019\/wp-content\/uploads\/sites\/3\/2019\/10\/IMG-20190906-WA0127-169x300.jpeg 169w, https:\/\/multimedia.uned.ac.cr\/ecen\/sap-marena-2019\/wp-content\/uploads\/sites\/3\/2019\/10\/IMG-20190906-WA0127-768x1365.jpeg 768w\" sizes=\"auto, (min-width: 900px) 600px, 900px\" \/><\/figure><\/li><\/ul>\n","protected":false},"excerpt":{"rendered":"<p>Bachiller y licenciado en Ciencias Geogr\u00e1ficas y Ordenamiento del Territorio por la Universidad Nacional (UNA) y M\u00e1ster en Salud Ocupacional con \u00e9nfasis en Higiene Ambiental por el programa conjunto entre el Instituto Tecnol\u00f3gico de Costa Rica y la Universidad Nacional (ITCR-UNA). En su labor como docente se ha desempe\u00f1ado como profesor de secundaria en Estudios Sociales y C\u00edvica (CTP Pital &#8211; MEP), asistente de investigaci\u00f3n del Programa de Salud y Trabajo en Centroam\u00e9rica (SALTRA &#8211; UNA), coordinador en laboratorios de Sistemas de Informaci\u00f3n Geogr\u00e1fica (ECMAR-UNA e IRET-UNA), tutor de la C\u00e1tedra de Geociencias de la Escuela de Ciencias Exactas y\u2026<\/p>\n","protected":false},"author":4,"featured_media":0,"parent":0,"menu_order":0,"comment_status":"closed","ping_status":"closed","template":"","meta":{"_acf_changed":false,"_monsterinsights_skip_tracking":false,"_monsterinsights_sitenote_active":false,"_monsterinsights_sitenote_note":"","_monsterinsights_sitenote_category":0,"_coblocks_attr":"","_coblocks_dimensions":"","_coblocks_responsive_height":"","_coblocks_accordion_ie_support":"","footnotes":""},"class_list":["post-514","page","type-page","status-publish","hentry"],"acf":[],"_links":{"self":[{"href":"https:\/\/multimedia.uned.ac.cr\/ecen\/sap-marena-2019\/wp-json\/wp\/v2\/pages\/514","targetHints":{"allow":["GET"]}}],"collection":[{"href":"https:\/\/multimedia.uned.ac.cr\/ecen\/sap-marena-2019\/wp-json\/wp\/v2\/pages"}],"about":[{"href":"https:\/\/multimedia.uned.ac.cr\/ecen\/sap-marena-2019\/wp-json\/wp\/v2\/types\/page"}],"author":[{"embeddable":true,"href":"https:\/\/multimedia.uned.ac.cr\/ecen\/sap-marena-2019\/wp-json\/wp\/v2\/users\/4"}],"replies":[{"embeddable":true,"href":"https:\/\/multimedia.uned.ac.cr\/ecen\/sap-marena-2019\/wp-json\/wp\/v2\/comments?post=514"}],"version-history":[{"count":5,"href":"https:\/\/multimedia.uned.ac.cr\/ecen\/sap-marena-2019\/wp-json\/wp\/v2\/pages\/514\/revisions"}],"predecessor-version":[{"id":529,"href":"https:\/\/multimedia.uned.ac.cr\/ecen\/sap-marena-2019\/wp-json\/wp\/v2\/pages\/514\/revisions\/529"}],"wp:attachment":[{"href":"https:\/\/multimedia.uned.ac.cr\/ecen\/sap-marena-2019\/wp-json\/wp\/v2\/media?parent=514"}],"curies":[{"name":"wp","href":"https:\/\/api.w.org\/{rel}","templated":true}]}}