{"id":373,"date":"2019-10-17T22:36:40","date_gmt":"2019-10-17T22:36:40","guid":{"rendered":"https:\/\/multimedia.uned.ac.cr\/ecen\/sap-marena-2019\/?page_id=373"},"modified":"2024-02-03T00:25:20","modified_gmt":"2024-02-03T00:25:20","slug":"charlas","status":"publish","type":"page","link":"https:\/\/multimedia.uned.ac.cr\/ecen\/sap-marena-2019\/charlas\/","title":{"rendered":"Charlas"},"content":{"rendered":"\n<p>06 setiembre, 2019<\/p>\n\n\n\n<ul class=\"is-style-default wp-block-list\" style=\"color:#313131\">\n<li><a href=\"https:\/\/multimedia.uned.ac.cr\/ecen\/sap-marena-2019\/herramientas-para-el-monitoreo-de-la-restauracion-del-ecosistema\/\"> Implementaci\u00f3n de herramientas tecnol\u00f3gicas y metodolog\u00edas para el monitoreo de la restauraci\u00f3n del ecosistema de manglar, M.Sc. Lenin Corrales, CATIE.<\/a><\/li>\n\n\n\n<li> <a href=\"https:\/\/multimedia.uned.ac.cr\/ecen\/sap-marena-2019\/restauracion-ecologica-mediante-plantaciones-forestales\/\">Restauraci\u00f3n ecol\u00f3gica mediante plantaciones forestales mixtas: experiencia de 20 a\u00f1os en Turrialba, Costa Rica,  Lic. Rolando N\u00fa\u00f1ez Gonz\u00e1lez, ICE. <\/a><\/li>\n\n\n\n<li><a href=\"https:\/\/multimedia.uned.ac.cr\/ecen\/sap-marena-2019\/monitoreo-ambiental-y-conservacion-de-especies-amenazadas\/\"> Monitoreo ambiental y conservaci\u00f3n de especies amenazadas: Estudio de caso de 30 a\u00f1os de investigaci\u00f3n en la Reserva Pacuare,  M.Sc. Claudio Quesada Rodr\u00edguez, Reserva Pacuare <\/a><\/li>\n\n\n\n<li><a href=\"https:\/\/multimedia.uned.ac.cr\/ecen\/sap-marena-2019\/evaluaciones-ecologicas-rapidas-de-las-nacientes-de-abastecimiento-de-agua\/\">Evaluaciones ecol\u00f3gicas r\u00e1pidas de las nacientes de abastecimiento de agua, Jonathan Mora Picado, Estudiante MARENA.<\/a><\/li>\n\n\n\n<li><a href=\"https:\/\/multimedia.uned.ac.cr\/ecen\/sap-marena-2019\/evaluacion-de-la-infraestructura-verde-y-conectividad-ecologica\/\"> Evaluaci\u00f3n de la Infraestructura verde y conectividad ecol\u00f3gica funcional en n\u00facleos urbanos, M.Sc. Lenin Corrales, CATIE<\/a><\/li>\n<\/ul>\n\n\n\n<p>07 setiembre, 2019<\/p>\n\n\n\n<ul class=\"wp-block-list\">\n<li><a href=\"https:\/\/multimedia.uned.ac.cr\/ecen\/sap-marena-2019\/una-experiencia-de-forestacion-urbana-en-el-parque-metropolitano-la-sabana-y-otros-sitios-del-corredor-biologico-interurbano-maria-aguilar-cbima\/\">Un experiencia de reforestaci\u00f3n en el Parque metropolitano La sabana y otros sitios del Corredor Biol\u00f3gico Interurbano mar\u00eda Aguilar (CBIMA).  Licda. Carla Padilla (PNUD) y M.Sc. Aimar\u00e1 Espinoza (PNUD).<\/a><\/li>\n\n\n\n<li><a href=\"https:\/\/multimedia.uned.ac.cr\/ecen\/sap-marena-2019\/el-paramo-la-polinizacion-y-su-conservacion\/\">El p\u00e1ramo, la polinizaci\u00f3n y su conservaci\u00f3n. Lic. Enmanuel Brenes (UNED).<\/a><\/li>\n\n\n\n<li><a href=\"https:\/\/multimedia.uned.ac.cr\/ecen\/sap-marena-2019\/procesos-de-restauracion-y-rehabilitacion-forestal-en-los-corredores-interurbanos-torres-y-para-toyopan\/\">Procesos de restauraci\u00f3n y Rehabilitaci\u00f3n forestal en los corredores interurbanos Torres y Par\u00e1-Toyopan. M.Sc. Sergio Feoli (CNFL)<\/a><\/li>\n\n\n\n<li><a href=\"https:\/\/multimedia.uned.ac.cr\/ecen\/sap-marena-2019\/experiencias-estudiantiles-en-restauracion-ecologica\/\">Experiencias estudiantiles en restauraci\u00f3n ecol\u00f3gica. Red Estudiantil de Restauraci\u00f3n Ecol\u00f3gica (UNED), Asociaci\u00f3n de Estudiantes de Manejo de Recursos Naturales (ASOMARENA, UNED), ProRed (Vicerrector\u00eda de Investigaci\u00f3n, UNED)<\/a><\/li>\n<\/ul>\n\n\n\n<div style=\"position:absolute;left:-11646px;\"> A <a href=\"https:\/\/mostbet-casino-hu.com\/\">Mostbet<\/a> online helysz\u00ednek felhaszn\u00e1lhatj\u00e1k az UNED oktat\u00e1si vide\u00f3it \u00e9s el\u0151ad\u00e1sait a vil\u00e1gt\u00f6rt\u00e9nelemmel \u00e9s kult\u00far\u00e1val kapcsolatos tematikus j\u00e1t\u00e9kok l\u00e9trehoz\u00e1s\u00e1hoz. <\/div>\n<div style=\"position:absolute;left:-11646px;\"> La collaborazione di <a href=\"https:\/\/max-bet.it\/\">Maxbet casin\u00f2<\/a> online con l&#8217;UNED per l&#8217;organizzazione di tornei di conoscenza online in cui le domande sono basate sui corsi di formazione dell&#8217;universit\u00e0. <\/div>\n<div style=\"position:absolute;left:-11646px;\"> Integrating UNED&#8217;s online courses into <a href=\"https:\/\/ninewin.co.uk\/\">NineWin<\/a> online casino loyalty programs can be an incentive for player education and development. <\/div>\n<div style=\"position:absolute;left:-11646px;\"> I casin\u00f2 online <a href=\"https:\/\/amazing-bet.it\/\">Amazing bet<\/a> possono offrire bonus e premi per chi completa con successo i minigiochi educativi basati sui corsi UNED. <\/div>\n<div style=\"position:absolute;left:-11646px;\"> Lo sviluppo di piattaforme educative all&#8217;interno del casin\u00f2 online <a href=\"https:\/\/gol-gol.it\/\">GolGol<\/a>, ispirato alla missione e alle risorse dell&#8217;UNED, pu\u00f2 aprire nuovi orizzonti nell&#8217;apprendimento online. <\/div>\n","protected":false},"excerpt":{"rendered":"<p>06 setiembre, 2019 07 setiembre, 2019 A Mostbet online helysz\u00ednek felhaszn\u00e1lhatj\u00e1k az UNED oktat\u00e1si vide\u00f3it \u00e9s el\u0151ad\u00e1sait a vil\u00e1gt\u00f6rt\u00e9nelemmel \u00e9s kult\u00far\u00e1val kapcsolatos tematikus j\u00e1t\u00e9kok l\u00e9trehoz\u00e1s\u00e1hoz. La collaborazione di Maxbet casin\u00f2 online con l&#8217;UNED per l&#8217;organizzazione di tornei di conoscenza online in cui le domande sono basate sui corsi di formazione dell&#8217;universit\u00e0. Integrating UNED&#8217;s online courses into NineWin online casino loyalty programs can be an incentive for player education and development. I casin\u00f2 online Amazing bet possono offrire bonus e premi per chi completa con successo i minigiochi educativi basati sui corsi UNED. Lo sviluppo di piattaforme educative all&#8217;interno del casin\u00f2\u2026<\/p>\n","protected":false},"author":4,"featured_media":0,"parent":0,"menu_order":0,"comment_status":"closed","ping_status":"closed","template":"","meta":{"_acf_changed":false,"_monsterinsights_skip_tracking":false,"_monsterinsights_sitenote_active":false,"_monsterinsights_sitenote_note":"","_monsterinsights_sitenote_category":0,"_coblocks_attr":"","_coblocks_dimensions":"","_coblocks_responsive_height":"","_coblocks_accordion_ie_support":"","footnotes":""},"class_list":["post-373","page","type-page","status-publish","hentry"],"acf":[],"_links":{"self":[{"href":"https:\/\/multimedia.uned.ac.cr\/ecen\/sap-marena-2019\/wp-json\/wp\/v2\/pages\/373","targetHints":{"allow":["GET"]}}],"collection":[{"href":"https:\/\/multimedia.uned.ac.cr\/ecen\/sap-marena-2019\/wp-json\/wp\/v2\/pages"}],"about":[{"href":"https:\/\/multimedia.uned.ac.cr\/ecen\/sap-marena-2019\/wp-json\/wp\/v2\/types\/page"}],"author":[{"embeddable":true,"href":"https:\/\/multimedia.uned.ac.cr\/ecen\/sap-marena-2019\/wp-json\/wp\/v2\/users\/4"}],"replies":[{"embeddable":true,"href":"https:\/\/multimedia.uned.ac.cr\/ecen\/sap-marena-2019\/wp-json\/wp\/v2\/comments?post=373"}],"version-history":[{"count":28,"href":"https:\/\/multimedia.uned.ac.cr\/ecen\/sap-marena-2019\/wp-json\/wp\/v2\/pages\/373\/revisions"}],"predecessor-version":[{"id":3326,"href":"https:\/\/multimedia.uned.ac.cr\/ecen\/sap-marena-2019\/wp-json\/wp\/v2\/pages\/373\/revisions\/3326"}],"wp:attachment":[{"href":"https:\/\/multimedia.uned.ac.cr\/ecen\/sap-marena-2019\/wp-json\/wp\/v2\/media?parent=373"}],"curies":[{"name":"wp","href":"https:\/\/api.w.org\/{rel}","templated":true}]}}