{"id":359,"date":"2019-10-17T21:20:54","date_gmt":"2019-10-17T21:20:54","guid":{"rendered":"https:\/\/multimedia.uned.ac.cr\/ecen\/sap-marena-2019\/?page_id=359"},"modified":"2019-10-22T21:46:47","modified_gmt":"2019-10-22T21:46:47","slug":"evaluacion-de-la-infraestructura-verde-y-conectividad-ecologica","status":"publish","type":"page","link":"https:\/\/multimedia.uned.ac.cr\/ecen\/sap-marena-2019\/evaluacion-de-la-infraestructura-verde-y-conectividad-ecologica\/","title":{"rendered":"Evaluaci\u00f3n de la infraestructura verde y conectividad ecol\u00f3gica"},"content":{"rendered":"\n<div class=\"wp-block-columns has-2-columns is-layout-flex wp-container-core-columns-is-layout-9d6595d7 wp-block-columns-is-layout-flex\">\n<div class=\"wp-block-column is-layout-flow wp-block-column-is-layout-flow\">\n<figure class=\"wp-block-image\"><img loading=\"lazy\" decoding=\"async\" width=\"625\" height=\"785\" src=\"https:\/\/multimedia.uned.ac.cr\/ecen\/sap-marena-2019\/wp-content\/uploads\/sites\/3\/2019\/10\/Lenning-Corrales-2.png\" alt=\"\" class=\"wp-image-407\" srcset=\"https:\/\/multimedia.uned.ac.cr\/ecen\/sap-marena-2019\/wp-content\/uploads\/sites\/3\/2019\/10\/Lenning-Corrales-2.png 625w, https:\/\/multimedia.uned.ac.cr\/ecen\/sap-marena-2019\/wp-content\/uploads\/sites\/3\/2019\/10\/Lenning-Corrales-2-239x300.png 239w\" sizes=\"auto, (min-width: 900px) 600px, 900px\" \/><\/figure>\n<\/div>\n\n\n\n<div class=\"wp-block-column is-layout-flow wp-block-column-is-layout-flow\">\n<p style=\"font-size:15px\" class=\"has-custom-size\">Costarricense de nacimiento. Bachiller universitario en Ciencias Biol\u00f3gicas, Licenciatura&nbsp; en Biolog\u00eda Marina de la Universidad Nacional de Costa Rica (UNA),&nbsp; y Maestr\u00eda en Tecnolog\u00edas de Informaci\u00f3n del Instituto de Estudios Superiores del Sistema Tecnol\u00f3gico de Monterrey de M\u00e9xico (ITESM). Ha realizado estudios en la Universidad Estatal a Distancia (UNED) de Costa Rica en Manejo de Recursos Naturales, la&nbsp; Universidad de Bolonia\u2013PISIE en Italia en Evaluaci\u00f3n de Recursos Naturales,&nbsp; la Universidad de los Andes\u2013CIDIAT en Venezuela en Evaluaci\u00f3n de Impacto Ambiental, y el Instituto Centroamericano de Administraci\u00f3n de Empresas (INCAE) en Costa Rica. <\/p>\n<\/div>\n<\/div>\n\n\n\n<p style=\"font-size:15px\" class=\"has-custom-size\">Ha recibido distinciones como la dedicatoria de la Novela \u201cLa Loca de Gandoca\u201d en 1991 y ha sido miembro de dos equipos de trabajo que fueron galardonados con premios internacionales en 1995 el \u201cPeter F. Drucker Award for Nonprofit Innovation. 1995\u201d Otorgado por&nbsp; Peter F. &nbsp;Drucker Foundation y en el a\u00f1o 2002 el \u201cConservation by Design Award\u201d, otorgado por The Nature Conservancy. Su experiencia de trabajo la ha desarrollado en Argentina, Belice, Colombia, Costa Rica, Chile, El Salvador, Ecuador, Guatemala, Hait\u00ed, Haw\u00e1i (USA), Honduras, Italia, M\u00e9xico, Nicaragua, Panam\u00e1, Rep\u00fablica Dominicana, Venezuela, y posee una experiencia de 33 a\u00f1os de trabajo en biolog\u00eda de la conservaci\u00f3n y 19 a\u00f1os de trabajo en Cambio Clim\u00e1tico. Ha participado en la publicaci\u00f3n de m\u00e1s de 85 t\u00edtulos donde se incluyen; art\u00edculos cient\u00edficos, libros, Ponencias de Congresos y metodolog\u00edas de trabajo en Biolog\u00eda de la Conservaci\u00f3n. Actualmente es el L\u00edder de la Unidad de Modelado Ecosist\u00e9mico e Hidrol\u00f3gico del Programa de Bosques, Biodiversidad y Cambio Clim\u00e1tico y Profesor en la Escuela de Posgrado del Centro Agron\u00f3mico Tropical de Investigaci\u00f3n y Ense\u00f1anza (CATIE). Adem\u00e1s, es miembro del Consejo Cient\u00edfico de Cambio Clim\u00e1tico de Costa Rica. <\/p>\n\n\n\n<div class=\"wp-block-file aligncenter\"><a href=\"https:\/\/multimedia.uned.ac.cr\/ecen\/sap-marena-2019\/wp-content\/uploads\/sites\/3\/2019\/10\/SAP-MARENA-UNED-06set2019-Corrales2.pdf\" target=\"_blank\" rel=\"noreferrer noopener\">SAP-MARENA-UNED-06set2019-Corrales2<\/a><a href=\"https:\/\/multimedia.uned.ac.cr\/ecen\/sap-marena-2019\/wp-content\/uploads\/sites\/3\/2019\/10\/SAP-MARENA-UNED-06set2019-Corrales2.pdf\" class=\"wp-block-file__button\" download><\/a><\/div>\n\n\n\n<ul class=\"wp-block-gallery columns-2 is-cropped wp-block-gallery-1 is-layout-flex wp-block-gallery-is-layout-flex\"><li class=\"blocks-gallery-item\"><figure><img loading=\"lazy\" decoding=\"async\" width=\"1024\" height=\"576\" src=\"https:\/\/multimedia.uned.ac.cr\/ecen\/sap-marena-2019\/wp-content\/uploads\/sites\/3\/2019\/10\/IMG-20190906-WA0095-1024x576.jpg\" alt=\"\" data-id=\"499\" data-link=\"https:\/\/multimedia.uned.ac.cr\/ecen\/sap-marena-2019\/evaluacion-de-la-infraestructura-verde-y-conectividad-ecologica\/img-20190906-wa0095\/\" class=\"wp-image-499\" srcset=\"https:\/\/multimedia.uned.ac.cr\/ecen\/sap-marena-2019\/wp-content\/uploads\/sites\/3\/2019\/10\/IMG-20190906-WA0095-1024x576.jpg 1024w, https:\/\/multimedia.uned.ac.cr\/ecen\/sap-marena-2019\/wp-content\/uploads\/sites\/3\/2019\/10\/IMG-20190906-WA0095-300x169.jpg 300w, https:\/\/multimedia.uned.ac.cr\/ecen\/sap-marena-2019\/wp-content\/uploads\/sites\/3\/2019\/10\/IMG-20190906-WA0095-768x432.jpg 768w, https:\/\/multimedia.uned.ac.cr\/ecen\/sap-marena-2019\/wp-content\/uploads\/sites\/3\/2019\/10\/IMG-20190906-WA0095.jpg 1280w\" sizes=\"auto, (min-width: 900px) 600px, 900px\" \/><\/figure><\/li><li class=\"blocks-gallery-item\"><figure><img loading=\"lazy\" decoding=\"async\" width=\"1024\" height=\"576\" src=\"https:\/\/multimedia.uned.ac.cr\/ecen\/sap-marena-2019\/wp-content\/uploads\/sites\/3\/2019\/10\/IMG-20190906-WA0096-1024x576.jpg\" alt=\"\" data-id=\"500\" data-link=\"https:\/\/multimedia.uned.ac.cr\/ecen\/sap-marena-2019\/evaluacion-de-la-infraestructura-verde-y-conectividad-ecologica\/img-20190906-wa0096\/\" class=\"wp-image-500\" srcset=\"https:\/\/multimedia.uned.ac.cr\/ecen\/sap-marena-2019\/wp-content\/uploads\/sites\/3\/2019\/10\/IMG-20190906-WA0096-1024x576.jpg 1024w, https:\/\/multimedia.uned.ac.cr\/ecen\/sap-marena-2019\/wp-content\/uploads\/sites\/3\/2019\/10\/IMG-20190906-WA0096-300x169.jpg 300w, https:\/\/multimedia.uned.ac.cr\/ecen\/sap-marena-2019\/wp-content\/uploads\/sites\/3\/2019\/10\/IMG-20190906-WA0096-768x432.jpg 768w, https:\/\/multimedia.uned.ac.cr\/ecen\/sap-marena-2019\/wp-content\/uploads\/sites\/3\/2019\/10\/IMG-20190906-WA0096.jpg 1280w\" sizes=\"auto, (min-width: 900px) 600px, 900px\" \/><\/figure><\/li><li class=\"blocks-gallery-item\"><figure><img loading=\"lazy\" decoding=\"async\" width=\"1024\" height=\"576\" src=\"https:\/\/multimedia.uned.ac.cr\/ecen\/sap-marena-2019\/wp-content\/uploads\/sites\/3\/2019\/10\/IMG-20190906-WA0097-1024x576.jpg\" alt=\"\" data-id=\"501\" data-link=\"https:\/\/multimedia.uned.ac.cr\/ecen\/sap-marena-2019\/evaluacion-de-la-infraestructura-verde-y-conectividad-ecologica\/img-20190906-wa0097\/\" class=\"wp-image-501\" srcset=\"https:\/\/multimedia.uned.ac.cr\/ecen\/sap-marena-2019\/wp-content\/uploads\/sites\/3\/2019\/10\/IMG-20190906-WA0097-1024x576.jpg 1024w, https:\/\/multimedia.uned.ac.cr\/ecen\/sap-marena-2019\/wp-content\/uploads\/sites\/3\/2019\/10\/IMG-20190906-WA0097-300x169.jpg 300w, https:\/\/multimedia.uned.ac.cr\/ecen\/sap-marena-2019\/wp-content\/uploads\/sites\/3\/2019\/10\/IMG-20190906-WA0097-768x432.jpg 768w, https:\/\/multimedia.uned.ac.cr\/ecen\/sap-marena-2019\/wp-content\/uploads\/sites\/3\/2019\/10\/IMG-20190906-WA0097.jpg 1280w\" sizes=\"auto, (min-width: 900px) 600px, 900px\" \/><\/figure><\/li><\/ul>\n","protected":false},"excerpt":{"rendered":"<p>Costarricense de nacimiento. Bachiller universitario en Ciencias Biol\u00f3gicas, Licenciatura&nbsp; en Biolog\u00eda Marina de la Universidad Nacional de Costa Rica (UNA),&nbsp; y Maestr\u00eda en Tecnolog\u00edas de Informaci\u00f3n del Instituto de Estudios Superiores del Sistema Tecnol\u00f3gico de Monterrey de M\u00e9xico (ITESM). Ha realizado estudios en la Universidad Estatal a Distancia (UNED) de Costa Rica en Manejo de Recursos Naturales, la&nbsp; Universidad de Bolonia\u2013PISIE en Italia en Evaluaci\u00f3n de Recursos Naturales,&nbsp; la Universidad de los Andes\u2013CIDIAT en Venezuela en Evaluaci\u00f3n de Impacto Ambiental, y el Instituto Centroamericano de Administraci\u00f3n de Empresas (INCAE) en Costa Rica. Ha recibido distinciones como la dedicatoria de la\u2026<\/p>\n","protected":false},"author":4,"featured_media":0,"parent":0,"menu_order":0,"comment_status":"closed","ping_status":"closed","template":"","meta":{"_acf_changed":false,"_monsterinsights_skip_tracking":false,"_monsterinsights_sitenote_active":false,"_monsterinsights_sitenote_note":"","_monsterinsights_sitenote_category":0,"_coblocks_attr":"","_coblocks_dimensions":"","_coblocks_responsive_height":"","_coblocks_accordion_ie_support":"","footnotes":""},"class_list":["post-359","page","type-page","status-publish","hentry"],"acf":[],"_links":{"self":[{"href":"https:\/\/multimedia.uned.ac.cr\/ecen\/sap-marena-2019\/wp-json\/wp\/v2\/pages\/359","targetHints":{"allow":["GET"]}}],"collection":[{"href":"https:\/\/multimedia.uned.ac.cr\/ecen\/sap-marena-2019\/wp-json\/wp\/v2\/pages"}],"about":[{"href":"https:\/\/multimedia.uned.ac.cr\/ecen\/sap-marena-2019\/wp-json\/wp\/v2\/types\/page"}],"author":[{"embeddable":true,"href":"https:\/\/multimedia.uned.ac.cr\/ecen\/sap-marena-2019\/wp-json\/wp\/v2\/users\/4"}],"replies":[{"embeddable":true,"href":"https:\/\/multimedia.uned.ac.cr\/ecen\/sap-marena-2019\/wp-json\/wp\/v2\/comments?post=359"}],"version-history":[{"count":6,"href":"https:\/\/multimedia.uned.ac.cr\/ecen\/sap-marena-2019\/wp-json\/wp\/v2\/pages\/359\/revisions"}],"predecessor-version":[{"id":537,"href":"https:\/\/multimedia.uned.ac.cr\/ecen\/sap-marena-2019\/wp-json\/wp\/v2\/pages\/359\/revisions\/537"}],"wp:attachment":[{"href":"https:\/\/multimedia.uned.ac.cr\/ecen\/sap-marena-2019\/wp-json\/wp\/v2\/media?parent=359"}],"curies":[{"name":"wp","href":"https:\/\/api.w.org\/{rel}","templated":true}]}}