{"id":357,"date":"2019-10-17T21:20:37","date_gmt":"2019-10-17T21:20:37","guid":{"rendered":"https:\/\/multimedia.uned.ac.cr\/ecen\/sap-marena-2019\/?page_id=357"},"modified":"2019-10-24T20:52:09","modified_gmt":"2019-10-24T20:52:09","slug":"evaluaciones-ecologicas-rapidas-de-las-nacientes-de-abastecimiento-de-agua","status":"publish","type":"page","link":"https:\/\/multimedia.uned.ac.cr\/ecen\/sap-marena-2019\/evaluaciones-ecologicas-rapidas-de-las-nacientes-de-abastecimiento-de-agua\/","title":{"rendered":"Evaluaciones ecol\u00f3gicas r\u00e1pidas de las nacientes de abastecimiento de agua"},"content":{"rendered":"\n<div class=\"wp-block-columns has-2-columns is-layout-flex wp-container-core-columns-is-layout-9d6595d7 wp-block-columns-is-layout-flex\">\n<div class=\"wp-block-column is-layout-flow wp-block-column-is-layout-flow\">\n<figure class=\"wp-block-image\"><img loading=\"lazy\" decoding=\"async\" width=\"624\" height=\"785\" src=\"https:\/\/multimedia.uned.ac.cr\/ecen\/sap-marena-2019\/wp-content\/uploads\/sites\/3\/2019\/10\/Jonathan-Mora2.png\" alt=\"\" class=\"wp-image-507\" srcset=\"https:\/\/multimedia.uned.ac.cr\/ecen\/sap-marena-2019\/wp-content\/uploads\/sites\/3\/2019\/10\/Jonathan-Mora2.png 624w, https:\/\/multimedia.uned.ac.cr\/ecen\/sap-marena-2019\/wp-content\/uploads\/sites\/3\/2019\/10\/Jonathan-Mora2-238x300.png 238w\" sizes=\"auto, (min-width: 900px) 600px, 900px\" \/><\/figure>\n\n\n\n<p style=\"font-size:2px\" class=\"has-custom-size\"><\/p>\n<\/div>\n\n\n\n<div class=\"wp-block-column is-layout-flow wp-block-column-is-layout-flow\">\n<p style=\"font-size:15px\" class=\"has-custom-size\">Estudiante de Manejo de Recursos naturales, con preparaci\u00f3n en gesti\u00f3n administrativa de acueductos, gesti\u00f3n operativa y par\u00e1metros de la gesti\u00f3n de potabilizaci\u00f3n del agua. Experiencia en formulaci\u00f3n de planes estrat\u00e9gicos, planes de manejo para ASADAS. Anteriormente particip\u00f3 en la culminaci\u00f3n de la sexta fase de del Programa de Peque\u00f1as Donaciones PPD del PNUD, en el proyecto: \u201cEstudio de las zonas de protecci\u00f3n de las fuentes de abastecimiento p\u00fablico utilizadas por las ASADAS en el sector de Piedades Sur de San Ram\u00f3n, Costa Rica\u201d. Adem\u00e1s de ello, cuenta con 4 a\u00f1os de experiencia, brindando servicios profesionales \u00e1rea de educaci\u00f3n ambiental, planificaci\u00f3n educativa de talleres para j\u00f3venes de universidad, secundaria, ni\u00f1os de primaria y preparatoria, giras educativas y cient\u00edficas.<\/p>\n<\/div>\n<\/div>\n\n\n\n<div class=\"wp-block-file aligncenter\"><a href=\"https:\/\/multimedia.uned.ac.cr\/ecen\/sap-marena-2019\/wp-content\/uploads\/sites\/3\/2019\/10\/SAP-MARENA-UNED-07set2019-Mora.pdf\">SAP-MARENA-UNED-07set2019-Mora<\/a><a href=\"https:\/\/multimedia.uned.ac.cr\/ecen\/sap-marena-2019\/wp-content\/uploads\/sites\/3\/2019\/10\/SAP-MARENA-UNED-07set2019-Mora.pdf\" class=\"wp-block-file__button\" download>Descarga<\/a><\/div>\n\n\n\n<ul class=\"wp-block-gallery columns-2 is-cropped wp-block-gallery-1 is-layout-flex wp-block-gallery-is-layout-flex\"><li class=\"blocks-gallery-item\"><figure><img loading=\"lazy\" decoding=\"async\" width=\"1024\" height=\"768\" src=\"https:\/\/multimedia.uned.ac.cr\/ecen\/sap-marena-2019\/wp-content\/uploads\/sites\/3\/2019\/10\/IMG-20190907-WA0085-1024x768.jpg\" alt=\"\" data-id=\"487\" data-link=\"https:\/\/multimedia.uned.ac.cr\/ecen\/sap-marena-2019\/evaluaciones-ecologicas-rapidas-de-las-nacientes-de-abastecimiento-de-agua\/img-20190907-wa0085\/\" class=\"wp-image-487\" srcset=\"https:\/\/multimedia.uned.ac.cr\/ecen\/sap-marena-2019\/wp-content\/uploads\/sites\/3\/2019\/10\/IMG-20190907-WA0085-1024x768.jpg 1024w, https:\/\/multimedia.uned.ac.cr\/ecen\/sap-marena-2019\/wp-content\/uploads\/sites\/3\/2019\/10\/IMG-20190907-WA0085-300x225.jpg 300w, https:\/\/multimedia.uned.ac.cr\/ecen\/sap-marena-2019\/wp-content\/uploads\/sites\/3\/2019\/10\/IMG-20190907-WA0085-768x576.jpg 768w, https:\/\/multimedia.uned.ac.cr\/ecen\/sap-marena-2019\/wp-content\/uploads\/sites\/3\/2019\/10\/IMG-20190907-WA0085.jpg 1280w\" sizes=\"auto, (min-width: 900px) 600px, 900px\" \/><\/figure><\/li><li class=\"blocks-gallery-item\"><figure><img loading=\"lazy\" decoding=\"async\" width=\"1024\" height=\"768\" src=\"https:\/\/multimedia.uned.ac.cr\/ecen\/sap-marena-2019\/wp-content\/uploads\/sites\/3\/2019\/10\/IMG-20190907-WA0094-1024x768.jpg\" alt=\"\" data-id=\"488\" data-link=\"https:\/\/multimedia.uned.ac.cr\/ecen\/sap-marena-2019\/evaluaciones-ecologicas-rapidas-de-las-nacientes-de-abastecimiento-de-agua\/img-20190907-wa0094\/\" class=\"wp-image-488\" srcset=\"https:\/\/multimedia.uned.ac.cr\/ecen\/sap-marena-2019\/wp-content\/uploads\/sites\/3\/2019\/10\/IMG-20190907-WA0094-1024x768.jpg 1024w, https:\/\/multimedia.uned.ac.cr\/ecen\/sap-marena-2019\/wp-content\/uploads\/sites\/3\/2019\/10\/IMG-20190907-WA0094-300x225.jpg 300w, https:\/\/multimedia.uned.ac.cr\/ecen\/sap-marena-2019\/wp-content\/uploads\/sites\/3\/2019\/10\/IMG-20190907-WA0094-768x576.jpg 768w, https:\/\/multimedia.uned.ac.cr\/ecen\/sap-marena-2019\/wp-content\/uploads\/sites\/3\/2019\/10\/IMG-20190907-WA0094.jpg 1280w\" sizes=\"auto, (min-width: 900px) 600px, 900px\" \/><\/figure><\/li><li class=\"blocks-gallery-item\"><figure><img loading=\"lazy\" decoding=\"async\" width=\"1024\" height=\"768\" src=\"https:\/\/multimedia.uned.ac.cr\/ecen\/sap-marena-2019\/wp-content\/uploads\/sites\/3\/2019\/10\/IMG-20190907-WA0095-1024x768.jpg\" alt=\"\" data-id=\"489\" data-link=\"https:\/\/multimedia.uned.ac.cr\/ecen\/sap-marena-2019\/evaluaciones-ecologicas-rapidas-de-las-nacientes-de-abastecimiento-de-agua\/img-20190907-wa0095\/\" class=\"wp-image-489\" srcset=\"https:\/\/multimedia.uned.ac.cr\/ecen\/sap-marena-2019\/wp-content\/uploads\/sites\/3\/2019\/10\/IMG-20190907-WA0095-1024x768.jpg 1024w, https:\/\/multimedia.uned.ac.cr\/ecen\/sap-marena-2019\/wp-content\/uploads\/sites\/3\/2019\/10\/IMG-20190907-WA0095-300x225.jpg 300w, https:\/\/multimedia.uned.ac.cr\/ecen\/sap-marena-2019\/wp-content\/uploads\/sites\/3\/2019\/10\/IMG-20190907-WA0095-768x576.jpg 768w, https:\/\/multimedia.uned.ac.cr\/ecen\/sap-marena-2019\/wp-content\/uploads\/sites\/3\/2019\/10\/IMG-20190907-WA0095.jpg 1280w\" sizes=\"auto, (min-width: 900px) 600px, 900px\" \/><\/figure><\/li><\/ul>\n","protected":false},"excerpt":{"rendered":"<p>Estudiante de Manejo de Recursos naturales, con preparaci\u00f3n en gesti\u00f3n administrativa de acueductos, gesti\u00f3n operativa y par\u00e1metros de la gesti\u00f3n de potabilizaci\u00f3n del agua. Experiencia en formulaci\u00f3n de planes estrat\u00e9gicos, planes de manejo para ASADAS. Anteriormente particip\u00f3 en la culminaci\u00f3n de la sexta fase de del Programa de Peque\u00f1as Donaciones PPD del PNUD, en el proyecto: \u201cEstudio de las zonas de protecci\u00f3n de las fuentes de abastecimiento p\u00fablico utilizadas por las ASADAS en el sector de Piedades Sur de San Ram\u00f3n, Costa Rica\u201d. Adem\u00e1s de ello, cuenta con 4 a\u00f1os de experiencia, brindando servicios profesionales \u00e1rea de educaci\u00f3n ambiental, planificaci\u00f3n\u2026<\/p>\n","protected":false},"author":4,"featured_media":0,"parent":0,"menu_order":0,"comment_status":"closed","ping_status":"closed","template":"","meta":{"_acf_changed":false,"_monsterinsights_skip_tracking":false,"_monsterinsights_sitenote_active":false,"_monsterinsights_sitenote_note":"","_monsterinsights_sitenote_category":0,"_coblocks_attr":"","_coblocks_dimensions":"","_coblocks_responsive_height":"","_coblocks_accordion_ie_support":"","footnotes":""},"class_list":["post-357","page","type-page","status-publish","hentry"],"acf":[],"_links":{"self":[{"href":"https:\/\/multimedia.uned.ac.cr\/ecen\/sap-marena-2019\/wp-json\/wp\/v2\/pages\/357","targetHints":{"allow":["GET"]}}],"collection":[{"href":"https:\/\/multimedia.uned.ac.cr\/ecen\/sap-marena-2019\/wp-json\/wp\/v2\/pages"}],"about":[{"href":"https:\/\/multimedia.uned.ac.cr\/ecen\/sap-marena-2019\/wp-json\/wp\/v2\/types\/page"}],"author":[{"embeddable":true,"href":"https:\/\/multimedia.uned.ac.cr\/ecen\/sap-marena-2019\/wp-json\/wp\/v2\/users\/4"}],"replies":[{"embeddable":true,"href":"https:\/\/multimedia.uned.ac.cr\/ecen\/sap-marena-2019\/wp-json\/wp\/v2\/comments?post=357"}],"version-history":[{"count":5,"href":"https:\/\/multimedia.uned.ac.cr\/ecen\/sap-marena-2019\/wp-json\/wp\/v2\/pages\/357\/revisions"}],"predecessor-version":[{"id":572,"href":"https:\/\/multimedia.uned.ac.cr\/ecen\/sap-marena-2019\/wp-json\/wp\/v2\/pages\/357\/revisions\/572"}],"wp:attachment":[{"href":"https:\/\/multimedia.uned.ac.cr\/ecen\/sap-marena-2019\/wp-json\/wp\/v2\/media?parent=357"}],"curies":[{"name":"wp","href":"https:\/\/api.w.org\/{rel}","templated":true}]}}