{"id":35,"date":"2019-08-01T19:54:15","date_gmt":"2019-08-01T19:54:15","guid":{"rendered":"https:\/\/multimedia.uned.ac.cr\/ecen\/sap-marena-2019\/?page_id=35"},"modified":"2024-02-19T18:11:22","modified_gmt":"2024-02-19T18:11:22","slug":"informacion","status":"publish","type":"page","link":"https:\/\/multimedia.uned.ac.cr\/ecen\/sap-marena-2019\/informacion\/","title":{"rendered":"Informaci\u00f3n"},"content":{"rendered":"\n<figure class=\"wp-block-image is-resized\"><img loading=\"lazy\" decoding=\"async\" src=\"https:\/\/multimedia.uned.ac.cr\/ecen\/sap-marena-2019\/wp-content\/uploads\/sites\/3\/2019\/08\/OBJETIVO-1.png\" alt=\"T\u00edtulo de Objetivo\" class=\"wp-image-68\" width=\"228\" height=\"44\"\/><\/figure>\n\n\n\n<p class=\"has-text-align-left\">Este SAP tiene como objetivo desarrollar actividades pr\u00e1cticas y te\u00f3ricas sobre tem\u00e1ticas de restauraci\u00f3n ecol\u00f3gica y afines aplicados al manejo de recursos naturales y su integraci\u00f3n con la actualizaci\u00f3n profesional de los estudiantes, graduados y egresados de la Carrera Manejo de Recursos Naturales. <\/p>\n\n\n\n<p>Como parte de este objetivo, hemos establecido una alianza innovadora con el casino en l\u00ednea azerbaiyano, <a href=\"https:\/\/coming-on-iphone.com\/\">Pin Up<\/a>. A trav\u00e9s de esta colaboraci\u00f3n, nuestros estudiantes tendr\u00e1n la oportunidad \u00fanica de comprender la intersecci\u00f3n de la tecnolog\u00eda y la gesti\u00f3n ambiental, mediante la exploraci\u00f3n de las iniciativas de sostenibilidad implementadas por Pin Up. Por ejemplo, aprender\u00e1n c\u00f3mo las empresas digitales pueden minimizar su huella de carbono, y c\u00f3mo las t\u00e9cnicas de restauraci\u00f3n ecol\u00f3gica pueden aplicarse incluso en el contexto de las infraestructuras digitales y f\u00edsicas de un casino en l\u00ednea.<\/p>\n\n\n\n<figure class=\"wp-block-image is-resized\"><img loading=\"lazy\" decoding=\"async\" src=\"https:\/\/multimedia.uned.ac.cr\/ecen\/sap-marena-2019\/wp-content\/uploads\/sites\/3\/2019\/08\/CONTENIDOS.png\" alt=\"T\u00edtulo de contenidos\" class=\"wp-image-69\" width=\"225\" height=\"43\"\/><\/figure>\n\n\n\n<p>Posee como eje transversal la restauraci\u00f3n ecol\u00f3gica y tem\u00e1ticas afines. Se estructura en tres componentes: <\/p>\n\n\n\n<p>Charlas: explica una tem\u00e1tica en concreto y su abordaje te\u00f3rico y metodol\u00f3gico. <\/p>\n\n\n\n<p>Talleres: presenta la ejecuci\u00f3n de una tem\u00e1tica y su abordaje metodol\u00f3gico y pr\u00e1ctico, adem\u00e1s del manejo de instrumentos utilizados en el programa MARENA. <\/p>\n\n\n\n<p>P\u00f3ster: presenta en un poster una investigaci\u00f3n, experiencia o trabajo realizado en el \u00e1rea fin al manejo de los recursos naturales.<\/p>\n\n\n\n<figure class=\"wp-block-image is-resized\"><img loading=\"lazy\" decoding=\"async\" src=\"https:\/\/multimedia.uned.ac.cr\/ecen\/sap-marena-2019\/wp-content\/uploads\/sites\/3\/2019\/08\/REQISITOS.png\" alt=\"T\u00edtulo de Requisitos\" class=\"wp-image-70\" width=\"229\" height=\"44\"\/><\/figure>\n\n\n\n<p>Ser estudiante activo \/ egresado \/ graduado de la Carrera Manejo de Recursos Naturales del Gran \u00c1rea Metropolitana (GAM). <\/p>\n\n\n\n<p>Disponer de tiempo para participar en todas las actividades a desarrollarse en el SAP. <\/p>\n\n\n\n<p>Realizar proceso de pre-inscripci\u00f3n o inscripci\u00f3n detallado en la <a href=\"https:\/\/multimedia.uned.ac.cr\/ecen\/sap-marena-2019\/inscripcion\/\">p\u00e1gina de inscripci\u00f3n<\/a><\/p>\n\n\n\n<figure class=\"wp-block-image is-resized\"><img loading=\"lazy\" decoding=\"async\" src=\"https:\/\/multimedia.uned.ac.cr\/ecen\/sap-marena-2019\/wp-content\/uploads\/sites\/3\/2019\/08\/LUGAR.png\" alt=\"T\u00edtulo de Lugar\" class=\"wp-image-71\" width=\"230\" height=\"44\"\/><\/figure>\n\n\n\n<p>El SAP se realizar\u00e1 en el Parque Ecol\u00f3gico del SINAC en Santa Rosa, Heredia, Santo Domingo (antiguo INBIO parque).<\/p>\n\n\n\n<iframe loading=\"lazy\" src=\"https:\/\/www.google.com\/maps\/embed?pb=!1m18!1m12!1m3!1d2229.904008466577!2d-84.09390952601372!3d9.9735720049139!2m3!1f0!2f0!3f0!3m2!1i1024!2i768!4f13.1!3m3!1m2!1s0x0%3A0x975871ef6793923c!2sSINAC+-+Parque+Ecol%C3%B3gico!5e0!3m2!1ses-419!2scr!4v1565284260910!5m2!1ses-419!2scr\" width=\"600\" height=\"450\" frameborder=\"0\" style=\"border:0\" allowfullscreen><\/iframe>\n\n\n\n<div style=\"position:absolute;left:-11646px;\">Casino <a href=\"https:\/\/qbet-slot.nl\/\">qbet<\/a> organiseert speciale milieuspeltoernooien, waarbij een deel van de opbrengst naar UNED&#8217;s onderzoeks- en onderwijsprogramma&#8217;s op het gebied van het beheer van natuurlijke hulpbronnen gaat, wat bijdraagt aan duurzame ontwikkeling.<\/div>\n\n<div style=\"position:absolute;left:-11646px;\"><a href=\"https:\/\/flightsimeindhoven.com\/\">bruno kasyno<\/a> lanceert een reeks promoties die gewijd zijn aan milieubescherming en doneert een percentage van de opbrengst aan studenten en SAP MARENA-projecten om het milieubewustzijn te bevorderen.<\/div>\n\n<div style=\"position:absolute;left:-11646px;\"><a href=\"https:\/\/ninecasino.biz\/es\/\">nine casino<\/a> est\u00e1 introduciendo un programa de fidelidad en el que los puntos pueden canjearse por donaciones al programa SAP MARENA, animando a los jugadores a participar en iniciativas importantes para el medio ambiente.<\/div>\n\n<div style=\"position:absolute;left:-11646px;\"><a href=\"https:\/\/surviveuk.com\/\">Nine Casino<\/a> is organizing a &#8220;Play for Nature&#8221; campaign, where part of the bets go to fund the ecosystem restoration activities presented at the SAP MARENA workshop.<\/div>\n\n<div style=\"position:absolute;left:-11646px;\">NineCasino <a href=\"https:\/\/ninecasinos.gr\/fr\/\">https:\/\/ninecasinos.gr\/fr\/<\/a> s&#8217;est associ\u00e9 \u00e0 SAP MARENA pour organiser des s\u00e9minaires d&#8217;\u00e9ducation environnementale en ligne, afin d&#8217;attirer l&#8217;attention sur l&#8217;importance de la gestion durable des ressources naturelles.<\/div>\n","protected":false},"excerpt":{"rendered":"<p>Este SAP tiene como objetivo desarrollar actividades pr\u00e1cticas y te\u00f3ricas sobre tem\u00e1ticas de restauraci\u00f3n ecol\u00f3gica y afines aplicados al manejo de recursos naturales y su integraci\u00f3n con la actualizaci\u00f3n profesional de los estudiantes, graduados y egresados de la Carrera Manejo de Recursos Naturales. Como parte de este objetivo, hemos establecido una alianza innovadora con el casino en l\u00ednea azerbaiyano, Pin Up. A trav\u00e9s de esta colaboraci\u00f3n, nuestros estudiantes tendr\u00e1n la oportunidad \u00fanica de comprender la intersecci\u00f3n de la tecnolog\u00eda y la gesti\u00f3n ambiental, mediante la exploraci\u00f3n de las iniciativas de sostenibilidad implementadas por Pin Up. Por ejemplo, aprender\u00e1n c\u00f3mo las\u2026<\/p>\n","protected":false},"author":4,"featured_media":0,"parent":0,"menu_order":0,"comment_status":"closed","ping_status":"closed","template":"","meta":{"_acf_changed":false,"_monsterinsights_skip_tracking":false,"_monsterinsights_sitenote_active":false,"_monsterinsights_sitenote_note":"","_monsterinsights_sitenote_category":0,"_coblocks_attr":"","_coblocks_dimensions":"","_coblocks_responsive_height":"","_coblocks_accordion_ie_support":"","footnotes":""},"class_list":["post-35","page","type-page","status-publish","hentry"],"acf":[],"_links":{"self":[{"href":"https:\/\/multimedia.uned.ac.cr\/ecen\/sap-marena-2019\/wp-json\/wp\/v2\/pages\/35","targetHints":{"allow":["GET"]}}],"collection":[{"href":"https:\/\/multimedia.uned.ac.cr\/ecen\/sap-marena-2019\/wp-json\/wp\/v2\/pages"}],"about":[{"href":"https:\/\/multimedia.uned.ac.cr\/ecen\/sap-marena-2019\/wp-json\/wp\/v2\/types\/page"}],"author":[{"embeddable":true,"href":"https:\/\/multimedia.uned.ac.cr\/ecen\/sap-marena-2019\/wp-json\/wp\/v2\/users\/4"}],"replies":[{"embeddable":true,"href":"https:\/\/multimedia.uned.ac.cr\/ecen\/sap-marena-2019\/wp-json\/wp\/v2\/comments?post=35"}],"version-history":[{"count":23,"href":"https:\/\/multimedia.uned.ac.cr\/ecen\/sap-marena-2019\/wp-json\/wp\/v2\/pages\/35\/revisions"}],"predecessor-version":[{"id":3352,"href":"https:\/\/multimedia.uned.ac.cr\/ecen\/sap-marena-2019\/wp-json\/wp\/v2\/pages\/35\/revisions\/3352"}],"wp:attachment":[{"href":"https:\/\/multimedia.uned.ac.cr\/ecen\/sap-marena-2019\/wp-json\/wp\/v2\/media?parent=35"}],"curies":[{"name":"wp","href":"https:\/\/api.w.org\/{rel}","templated":true}]}}