{"id":339,"date":"2019-10-17T20:36:07","date_gmt":"2019-10-17T20:36:07","guid":{"rendered":"https:\/\/multimedia.uned.ac.cr\/ecen\/sap-marena-2019\/?page_id=339"},"modified":"2019-10-18T21:32:29","modified_gmt":"2019-10-18T21:32:29","slug":"monitoreo-ambiental-y-conservacion-de-especies-amenazadas","status":"publish","type":"page","link":"https:\/\/multimedia.uned.ac.cr\/ecen\/sap-marena-2019\/monitoreo-ambiental-y-conservacion-de-especies-amenazadas\/","title":{"rendered":"Monitoreo ambiental y conservaci\u00f3n de especies amenazadas"},"content":{"rendered":"\n<div class=\"wp-block-columns has-2-columns is-layout-flex wp-container-core-columns-is-layout-9d6595d7 wp-block-columns-is-layout-flex\">\n<div class=\"wp-block-column is-layout-flow wp-block-column-is-layout-flow\">\n<figure class=\"wp-block-image is-resized\"><img loading=\"lazy\" decoding=\"async\" src=\"https:\/\/multimedia.uned.ac.cr\/ecen\/sap-marena-2019\/wp-content\/uploads\/sites\/3\/2019\/10\/Claudio-Rodriguez.png\" alt=\"\" class=\"wp-image-450\" width=\"313\" height=\"393\" srcset=\"https:\/\/multimedia.uned.ac.cr\/ecen\/sap-marena-2019\/wp-content\/uploads\/sites\/3\/2019\/10\/Claudio-Rodriguez.png 623w, https:\/\/multimedia.uned.ac.cr\/ecen\/sap-marena-2019\/wp-content\/uploads\/sites\/3\/2019\/10\/Claudio-Rodriguez-238x300.png 238w\" sizes=\"auto, (min-width: 900px) 600px, 900px\" \/><\/figure>\n<\/div>\n\n\n\n<div class=\"wp-block-column is-layout-flow wp-block-column-is-layout-flow\">\n<p style=\"font-size:15px\" class=\"has-custom-size\">Egresado del Bachillerato y la Licenciatura en Manejo de Recursos Naturales de la UNED, con una Maestr\u00eda en Ciencia y Tecnolog\u00eda Marina, actualmente se encuentra cursando el primer a\u00f1o de su Doctorado en la Universidad de Alabama, con una especializaci\u00f3n en Biolog\u00eda y Fisiolog\u00eda de la Reproducci\u00f3n de Tortugas Marinas, tambi\u00e9n posee un t\u00edtulo de Director de Proyectos del PMI. Desde hace veinte a\u00f1os ha trabajado en programas de monitoreo, conservaci\u00f3n e investigaci\u00f3n de tortugas marinas, y sus h\u00e1bitats cr\u00edticos, principalmente la Regi\u00f3n Atl\u00e1ntica Noroeste, tanto en ambientes terrestres como acu\u00e1ticos.   <\/p>\n<\/div>\n<\/div>\n\n\n\n<p style=\"font-size:15px\" class=\"has-custom-size\"> Actualmente se desempe\u00f1a como  Director Cient\u00edfico de la Reserva Pacuare, un sitio de 800 hect\u00e1reas que se encuentra en el caribe costarricense, administrada por la Organizaci\u00f3n no Gubernamental Ecology Project International.  Dentro de sus funciones principales como Director Cient\u00edfico se encuentran: monitorear las poblaciones de felinos y sus presas, anfibios, primates, aves (especialmente la garza Agami), tortugas marinas, murci\u00e9lagos y la regeneraci\u00f3n natural del bosque que se lleva a cabo en la Reserva. Tambi\u00e9n funge como Director de Tesis para estudiantes (nacionales y extranjeros) que realizan sus estudios superiores en temas ambientales. Representante para Costa Rica ante la UICN en el grupo de Especialistas de Garzas y el grupo de Especialistas de Tortugas Marinas  <\/p>\n\n\n\n<div class=\"wp-block-file aligncenter\"><a href=\"https:\/\/multimedia.uned.ac.cr\/ecen\/sap-marena-2019\/wp-content\/uploads\/sites\/3\/2019\/10\/SAP-MARENA-UNED-06set2019-Quesada.pdf\" target=\"_blank\" rel=\"noreferrer noopener\">SAP-MARENA-UNED-06set2019-Quesada<\/a><a href=\"https:\/\/multimedia.uned.ac.cr\/ecen\/sap-marena-2019\/wp-content\/uploads\/sites\/3\/2019\/10\/SAP-MARENA-UNED-06set2019-Quesada.pdf\" class=\"wp-block-file__button\" download>Descarga<\/a><\/div>\n\n\n\n<ul class=\"wp-block-gallery columns-2 is-cropped wp-block-gallery-1 is-layout-flex wp-block-gallery-is-layout-flex\"><li class=\"blocks-gallery-item\"><figure><img loading=\"lazy\" decoding=\"async\" width=\"1024\" height=\"576\" src=\"https:\/\/multimedia.uned.ac.cr\/ecen\/sap-marena-2019\/wp-content\/uploads\/sites\/3\/2019\/10\/IMG-20190906-WA0106-1024x576.jpg\" alt=\"\" data-id=\"460\" data-link=\"https:\/\/multimedia.uned.ac.cr\/ecen\/sap-marena-2019\/monitoreo-ambiental-y-conservacion-de-especies-amenazadas\/img-20190906-wa0106\/\" class=\"wp-image-460\" srcset=\"https:\/\/multimedia.uned.ac.cr\/ecen\/sap-marena-2019\/wp-content\/uploads\/sites\/3\/2019\/10\/IMG-20190906-WA0106-1024x576.jpg 1024w, https:\/\/multimedia.uned.ac.cr\/ecen\/sap-marena-2019\/wp-content\/uploads\/sites\/3\/2019\/10\/IMG-20190906-WA0106-300x169.jpg 300w, https:\/\/multimedia.uned.ac.cr\/ecen\/sap-marena-2019\/wp-content\/uploads\/sites\/3\/2019\/10\/IMG-20190906-WA0106-768x432.jpg 768w, https:\/\/multimedia.uned.ac.cr\/ecen\/sap-marena-2019\/wp-content\/uploads\/sites\/3\/2019\/10\/IMG-20190906-WA0106.jpg 1280w\" sizes=\"auto, (min-width: 900px) 600px, 900px\" \/><\/figure><\/li><li class=\"blocks-gallery-item\"><figure><img loading=\"lazy\" decoding=\"async\" width=\"1024\" height=\"576\" src=\"https:\/\/multimedia.uned.ac.cr\/ecen\/sap-marena-2019\/wp-content\/uploads\/sites\/3\/2019\/10\/IMG-20190906-WA0107-1-1024x576.jpg\" alt=\"\" data-id=\"463\" data-link=\"https:\/\/multimedia.uned.ac.cr\/ecen\/sap-marena-2019\/monitoreo-ambiental-y-conservacion-de-especies-amenazadas\/img-20190906-wa0107-1\/\" class=\"wp-image-463\" srcset=\"https:\/\/multimedia.uned.ac.cr\/ecen\/sap-marena-2019\/wp-content\/uploads\/sites\/3\/2019\/10\/IMG-20190906-WA0107-1-1024x576.jpg 1024w, https:\/\/multimedia.uned.ac.cr\/ecen\/sap-marena-2019\/wp-content\/uploads\/sites\/3\/2019\/10\/IMG-20190906-WA0107-1-300x169.jpg 300w, https:\/\/multimedia.uned.ac.cr\/ecen\/sap-marena-2019\/wp-content\/uploads\/sites\/3\/2019\/10\/IMG-20190906-WA0107-1-768x432.jpg 768w, https:\/\/multimedia.uned.ac.cr\/ecen\/sap-marena-2019\/wp-content\/uploads\/sites\/3\/2019\/10\/IMG-20190906-WA0107-1.jpg 1280w\" sizes=\"auto, (min-width: 900px) 600px, 900px\" \/><\/figure><\/li><li class=\"blocks-gallery-item\"><figure><img loading=\"lazy\" decoding=\"async\" width=\"1024\" height=\"576\" src=\"https:\/\/multimedia.uned.ac.cr\/ecen\/sap-marena-2019\/wp-content\/uploads\/sites\/3\/2019\/10\/IMG-20190906-WA0105-1-1024x576.jpg\" alt=\"\" data-id=\"464\" data-link=\"https:\/\/multimedia.uned.ac.cr\/ecen\/sap-marena-2019\/monitoreo-ambiental-y-conservacion-de-especies-amenazadas\/img-20190906-wa0105-1\/\" class=\"wp-image-464\" srcset=\"https:\/\/multimedia.uned.ac.cr\/ecen\/sap-marena-2019\/wp-content\/uploads\/sites\/3\/2019\/10\/IMG-20190906-WA0105-1-1024x576.jpg 1024w, https:\/\/multimedia.uned.ac.cr\/ecen\/sap-marena-2019\/wp-content\/uploads\/sites\/3\/2019\/10\/IMG-20190906-WA0105-1-300x169.jpg 300w, https:\/\/multimedia.uned.ac.cr\/ecen\/sap-marena-2019\/wp-content\/uploads\/sites\/3\/2019\/10\/IMG-20190906-WA0105-1-768x432.jpg 768w, https:\/\/multimedia.uned.ac.cr\/ecen\/sap-marena-2019\/wp-content\/uploads\/sites\/3\/2019\/10\/IMG-20190906-WA0105-1.jpg 1280w\" sizes=\"auto, (min-width: 900px) 600px, 900px\" \/><\/figure><\/li><\/ul>\n","protected":false},"excerpt":{"rendered":"<p>Egresado del Bachillerato y la Licenciatura en Manejo de Recursos Naturales de la UNED, con una Maestr\u00eda en Ciencia y Tecnolog\u00eda Marina, actualmente se encuentra cursando el primer a\u00f1o de su Doctorado en la Universidad de Alabama, con una especializaci\u00f3n en Biolog\u00eda y Fisiolog\u00eda de la Reproducci\u00f3n de Tortugas Marinas, tambi\u00e9n posee un t\u00edtulo de Director de Proyectos del PMI. Desde hace veinte a\u00f1os ha trabajado en programas de monitoreo, conservaci\u00f3n e investigaci\u00f3n de tortugas marinas, y sus h\u00e1bitats cr\u00edticos, principalmente la Regi\u00f3n Atl\u00e1ntica Noroeste, tanto en ambientes terrestres como acu\u00e1ticos. Actualmente se desempe\u00f1a como Director Cient\u00edfico de la Reserva\u2026<\/p>\n","protected":false},"author":4,"featured_media":0,"parent":0,"menu_order":0,"comment_status":"closed","ping_status":"closed","template":"","meta":{"_acf_changed":false,"_monsterinsights_skip_tracking":false,"_monsterinsights_sitenote_active":false,"_monsterinsights_sitenote_note":"","_monsterinsights_sitenote_category":0,"_coblocks_attr":"","_coblocks_dimensions":"","_coblocks_responsive_height":"","_coblocks_accordion_ie_support":"","footnotes":""},"class_list":["post-339","page","type-page","status-publish","hentry"],"acf":[],"_links":{"self":[{"href":"https:\/\/multimedia.uned.ac.cr\/ecen\/sap-marena-2019\/wp-json\/wp\/v2\/pages\/339","targetHints":{"allow":["GET"]}}],"collection":[{"href":"https:\/\/multimedia.uned.ac.cr\/ecen\/sap-marena-2019\/wp-json\/wp\/v2\/pages"}],"about":[{"href":"https:\/\/multimedia.uned.ac.cr\/ecen\/sap-marena-2019\/wp-json\/wp\/v2\/types\/page"}],"author":[{"embeddable":true,"href":"https:\/\/multimedia.uned.ac.cr\/ecen\/sap-marena-2019\/wp-json\/wp\/v2\/users\/4"}],"replies":[{"embeddable":true,"href":"https:\/\/multimedia.uned.ac.cr\/ecen\/sap-marena-2019\/wp-json\/wp\/v2\/comments?post=339"}],"version-history":[{"count":10,"href":"https:\/\/multimedia.uned.ac.cr\/ecen\/sap-marena-2019\/wp-json\/wp\/v2\/pages\/339\/revisions"}],"predecessor-version":[{"id":483,"href":"https:\/\/multimedia.uned.ac.cr\/ecen\/sap-marena-2019\/wp-json\/wp\/v2\/pages\/339\/revisions\/483"}],"wp:attachment":[{"href":"https:\/\/multimedia.uned.ac.cr\/ecen\/sap-marena-2019\/wp-json\/wp\/v2\/media?parent=339"}],"curies":[{"name":"wp","href":"https:\/\/api.w.org\/{rel}","templated":true}]}}