{"id":337,"date":"2019-10-17T20:33:51","date_gmt":"2019-10-17T20:33:51","guid":{"rendered":"https:\/\/multimedia.uned.ac.cr\/ecen\/sap-marena-2019\/?page_id=337"},"modified":"2019-10-18T21:15:40","modified_gmt":"2019-10-18T21:15:40","slug":"restauracion-ecologica-mediante-plantaciones-forestales","status":"publish","type":"page","link":"https:\/\/multimedia.uned.ac.cr\/ecen\/sap-marena-2019\/restauracion-ecologica-mediante-plantaciones-forestales\/","title":{"rendered":"Restauraci\u00f3n ecol\u00f3gica mediante plantaciones forestales"},"content":{"rendered":"\n<div class=\"wp-block-columns has-2-columns is-layout-flex wp-container-core-columns-is-layout-9d6595d7 wp-block-columns-is-layout-flex\">\n<div class=\"wp-block-column is-layout-flow wp-block-column-is-layout-flow\">\n<figure class=\"wp-block-image is-resized\"><img loading=\"lazy\" decoding=\"async\" src=\"https:\/\/multimedia.uned.ac.cr\/ecen\/sap-marena-2019\/wp-content\/uploads\/sites\/3\/2019\/10\/Rolando-Nu\u00f1ez.png\" alt=\"\" class=\"wp-image-431\" width=\"313\" height=\"393\"\/><\/figure>\n\n\n\n<p><\/p>\n<\/div>\n\n\n\n<div class=\"wp-block-column is-layout-flow wp-block-column-is-layout-flow\">\n<p style=\"font-size:15px\" class=\"has-custom-size\">Experiencia en reforestaci\u00f3n y viveros con peque\u00f1os y medianos agricultores, as\u00ed como empresarios forestales en la regi\u00f3n de Guanacaste. Investigador en mejoramiento gen\u00e9tico forestal, a cargo del establecimiento de ensayos de procedencias y progenie, al igual que rodales y huertos semilleros a nivel nacional. Elaboraci\u00f3n de planes de manejo de bosque en Guanacaste y Upala. Asistente del Viceministro del Ministerio de Ambiente Energ\u00eda y Minas, en el desarrollo del Sector Forestal mediante la participaci\u00f3n del Estado, empresa privada, organizaciones no gubernamentales e instituciones de investigaci\u00f3n y ense\u00f1anza superior, mediante el an\u00e1lisis e implementaci\u00f3n <\/p>\n<\/div>\n<\/div>\n\n\n\n<p style=\"font-size:15px\" class=\"has-custom-size\">de acciones para mejorar las condiciones del manejo y aprovechamiento sostenible de los recursos forestales.  Elaboraci\u00f3n de Estudios de Impacto Ambiental y ejecuci\u00f3n de Planes de Gesti\u00f3n Ambiental en proyectos de generaci\u00f3n y transmisi\u00f3n de energ\u00eda, con el objeto de reducir los impactos en la flora y compensar los impactos mediante la restauraci\u00f3n ecol\u00f3gica de \u00e1reas deforestadas, escombreras y tajos. <\/p>\n\n\n\n<div class=\"wp-block-file aligncenter\"><a href=\"https:\/\/multimedia.uned.ac.cr\/ecen\/sap-marena-2019\/wp-content\/uploads\/sites\/3\/2019\/10\/SAP-MARENA-UNED-06set2019-Nu\u00f1ez.pdf\" target=\"_blank\" rel=\"noreferrer noopener\">SAP-MARENA-UNED-06set2019-Nu\u00f1ez<\/a><a href=\"https:\/\/multimedia.uned.ac.cr\/ecen\/sap-marena-2019\/wp-content\/uploads\/sites\/3\/2019\/10\/SAP-MARENA-UNED-06set2019-Nu\u00f1ez.pdf\" class=\"wp-block-file__button\" download>Descarga<\/a><\/div>\n\n\n\n<ul class=\"wp-block-gallery columns-2 is-cropped wp-block-gallery-1 is-layout-flex wp-block-gallery-is-layout-flex\"><li class=\"blocks-gallery-item\"><figure><img loading=\"lazy\" decoding=\"async\" width=\"1024\" height=\"768\" src=\"https:\/\/multimedia.uned.ac.cr\/ecen\/sap-marena-2019\/wp-content\/uploads\/sites\/3\/2019\/10\/IMG-20190906-WA0075-1024x768.jpg\" alt=\"\" data-id=\"443\" data-link=\"https:\/\/multimedia.uned.ac.cr\/ecen\/sap-marena-2019\/restauracion-ecologica-mediante-plantaciones-forestales\/img-20190906-wa0075\/\" class=\"wp-image-443\" srcset=\"https:\/\/multimedia.uned.ac.cr\/ecen\/sap-marena-2019\/wp-content\/uploads\/sites\/3\/2019\/10\/IMG-20190906-WA0075-1024x768.jpg 1024w, https:\/\/multimedia.uned.ac.cr\/ecen\/sap-marena-2019\/wp-content\/uploads\/sites\/3\/2019\/10\/IMG-20190906-WA0075-300x225.jpg 300w, https:\/\/multimedia.uned.ac.cr\/ecen\/sap-marena-2019\/wp-content\/uploads\/sites\/3\/2019\/10\/IMG-20190906-WA0075-768x576.jpg 768w, https:\/\/multimedia.uned.ac.cr\/ecen\/sap-marena-2019\/wp-content\/uploads\/sites\/3\/2019\/10\/IMG-20190906-WA0075.jpg 1280w\" sizes=\"auto, (min-width: 900px) 600px, 900px\" \/><\/figure><\/li><li class=\"blocks-gallery-item\"><figure><img loading=\"lazy\" decoding=\"async\" width=\"1024\" height=\"768\" src=\"https:\/\/multimedia.uned.ac.cr\/ecen\/sap-marena-2019\/wp-content\/uploads\/sites\/3\/2019\/10\/IMG-20190906-WA0076-1024x768.jpg\" alt=\"\" data-id=\"444\" data-link=\"https:\/\/multimedia.uned.ac.cr\/ecen\/sap-marena-2019\/restauracion-ecologica-mediante-plantaciones-forestales\/img-20190906-wa0076\/\" class=\"wp-image-444\" srcset=\"https:\/\/multimedia.uned.ac.cr\/ecen\/sap-marena-2019\/wp-content\/uploads\/sites\/3\/2019\/10\/IMG-20190906-WA0076-1024x768.jpg 1024w, https:\/\/multimedia.uned.ac.cr\/ecen\/sap-marena-2019\/wp-content\/uploads\/sites\/3\/2019\/10\/IMG-20190906-WA0076-300x225.jpg 300w, https:\/\/multimedia.uned.ac.cr\/ecen\/sap-marena-2019\/wp-content\/uploads\/sites\/3\/2019\/10\/IMG-20190906-WA0076-768x576.jpg 768w, https:\/\/multimedia.uned.ac.cr\/ecen\/sap-marena-2019\/wp-content\/uploads\/sites\/3\/2019\/10\/IMG-20190906-WA0076.jpg 1280w\" sizes=\"auto, (min-width: 900px) 600px, 900px\" \/><\/figure><\/li><li class=\"blocks-gallery-item\"><figure><img loading=\"lazy\" decoding=\"async\" width=\"1024\" height=\"768\" src=\"https:\/\/multimedia.uned.ac.cr\/ecen\/sap-marena-2019\/wp-content\/uploads\/sites\/3\/2019\/10\/IMG-20190906-WA0080-1024x768.jpg\" alt=\"\" data-id=\"445\" data-link=\"https:\/\/multimedia.uned.ac.cr\/ecen\/sap-marena-2019\/restauracion-ecologica-mediante-plantaciones-forestales\/img-20190906-wa0080\/\" class=\"wp-image-445\" srcset=\"https:\/\/multimedia.uned.ac.cr\/ecen\/sap-marena-2019\/wp-content\/uploads\/sites\/3\/2019\/10\/IMG-20190906-WA0080-1024x768.jpg 1024w, https:\/\/multimedia.uned.ac.cr\/ecen\/sap-marena-2019\/wp-content\/uploads\/sites\/3\/2019\/10\/IMG-20190906-WA0080-300x225.jpg 300w, https:\/\/multimedia.uned.ac.cr\/ecen\/sap-marena-2019\/wp-content\/uploads\/sites\/3\/2019\/10\/IMG-20190906-WA0080-768x576.jpg 768w, https:\/\/multimedia.uned.ac.cr\/ecen\/sap-marena-2019\/wp-content\/uploads\/sites\/3\/2019\/10\/IMG-20190906-WA0080.jpg 1280w\" sizes=\"auto, (min-width: 900px) 600px, 900px\" \/><\/figure><\/li><\/ul>\n","protected":false},"excerpt":{"rendered":"<p>Experiencia en reforestaci\u00f3n y viveros con peque\u00f1os y medianos agricultores, as\u00ed como empresarios forestales en la regi\u00f3n de Guanacaste. Investigador en mejoramiento gen\u00e9tico forestal, a cargo del establecimiento de ensayos de procedencias y progenie, al igual que rodales y huertos semilleros a nivel nacional. Elaboraci\u00f3n de planes de manejo de bosque en Guanacaste y Upala. Asistente del Viceministro del Ministerio de Ambiente Energ\u00eda y Minas, en el desarrollo del Sector Forestal mediante la participaci\u00f3n del Estado, empresa privada, organizaciones no gubernamentales e instituciones de investigaci\u00f3n y ense\u00f1anza superior, mediante el an\u00e1lisis e implementaci\u00f3n de acciones para mejorar las condiciones del\u2026<\/p>\n","protected":false},"author":4,"featured_media":0,"parent":0,"menu_order":0,"comment_status":"closed","ping_status":"closed","template":"","meta":{"_acf_changed":false,"_monsterinsights_skip_tracking":false,"_monsterinsights_sitenote_active":false,"_monsterinsights_sitenote_note":"","_monsterinsights_sitenote_category":0,"_coblocks_attr":"","_coblocks_dimensions":"","_coblocks_responsive_height":"","_coblocks_accordion_ie_support":"","footnotes":""},"class_list":["post-337","page","type-page","status-publish","hentry"],"acf":[],"_links":{"self":[{"href":"https:\/\/multimedia.uned.ac.cr\/ecen\/sap-marena-2019\/wp-json\/wp\/v2\/pages\/337","targetHints":{"allow":["GET"]}}],"collection":[{"href":"https:\/\/multimedia.uned.ac.cr\/ecen\/sap-marena-2019\/wp-json\/wp\/v2\/pages"}],"about":[{"href":"https:\/\/multimedia.uned.ac.cr\/ecen\/sap-marena-2019\/wp-json\/wp\/v2\/types\/page"}],"author":[{"embeddable":true,"href":"https:\/\/multimedia.uned.ac.cr\/ecen\/sap-marena-2019\/wp-json\/wp\/v2\/users\/4"}],"replies":[{"embeddable":true,"href":"https:\/\/multimedia.uned.ac.cr\/ecen\/sap-marena-2019\/wp-json\/wp\/v2\/comments?post=337"}],"version-history":[{"count":12,"href":"https:\/\/multimedia.uned.ac.cr\/ecen\/sap-marena-2019\/wp-json\/wp\/v2\/pages\/337\/revisions"}],"predecessor-version":[{"id":475,"href":"https:\/\/multimedia.uned.ac.cr\/ecen\/sap-marena-2019\/wp-json\/wp\/v2\/pages\/337\/revisions\/475"}],"wp:attachment":[{"href":"https:\/\/multimedia.uned.ac.cr\/ecen\/sap-marena-2019\/wp-json\/wp\/v2\/media?parent=337"}],"curies":[{"name":"wp","href":"https:\/\/api.w.org\/{rel}","templated":true}]}}