{"id":333,"date":"2019-10-17T20:31:55","date_gmt":"2019-10-17T20:31:55","guid":{"rendered":"https:\/\/multimedia.uned.ac.cr\/ecen\/sap-marena-2019\/?page_id=333"},"modified":"2023-05-08T13:54:57","modified_gmt":"2023-05-08T13:54:57","slug":"herramientas-para-el-monitoreo-de-la-restauracion-del-ecosistema","status":"publish","type":"page","link":"https:\/\/multimedia.uned.ac.cr\/ecen\/sap-marena-2019\/herramientas-para-el-monitoreo-de-la-restauracion-del-ecosistema\/","title":{"rendered":"Herramientas para el monitoreo de la restauraci\u00f3n"},"content":{"rendered":"<div class=\"is-layout-flex wp-container-3 wp-block-columns has-2-columns\">\n<div class=\"is-layout-flow wp-block-column\">\n<div class=\"wp-block-image is-style-default\">\n<figure class=\"aligncenter is-resized\"><img decoding=\"async\" loading=\"lazy\" src=\"https:\/\/multimedia.uned.ac.cr\/ecen\/sap-marena-2019\/wp-content\/uploads\/sites\/3\/2019\/10\/Lenning-Corrales-2.png\" alt=\"\" class=\"wp-image-407\" width=\"313\" height=\"393\" srcset=\"https:\/\/multimedia.uned.ac.cr\/ecen\/sap-marena-2019\/wp-content\/uploads\/sites\/3\/2019\/10\/Lenning-Corrales-2.png 625w, https:\/\/multimedia.uned.ac.cr\/ecen\/sap-marena-2019\/wp-content\/uploads\/sites\/3\/2019\/10\/Lenning-Corrales-2-239x300.png 239w\" sizes=\"auto, (min-width: 900px) 600px, 900px\" \/><\/figure>\n<\/div>\n<\/div>\n<div class=\"is-layout-flow wp-block-column\">\n<p style=\"font-size:15px\" class=\"has-custom-size\">Costarricense de nacimiento. Bachiller universitario en Ciencias Biol\u00f3gicas,  Licenciatura&nbsp; en Biolog\u00eda Marina de la Universidad Nacional de Costa Rica (UNA),&nbsp; y  Maestr\u00eda en Tecnolog\u00edas de Informaci\u00f3n del Instituto de Estudios Superiores del Sistema Tecnol\u00f3gico de Monterrey de M\u00e9xico (ITESM). Ha realizado estudios en la Universidad Estatal a Distancia (UNED) de Costa Rica en Manejo de Recursos Naturales, la&nbsp; Universidad de Bolonia\u2013PISIE en Italia en Evaluaci\u00f3n de Recursos Naturales,&nbsp; la Universidad de los Andes\u2013CIDIAT en Venezuela en Evaluaci\u00f3n de Impacto Ambiental, y el Instituto Centroamericano de Administraci\u00f3n de Empresas (INCAE) en Costa Rica. <\/p>\n<\/div>\n<\/div>\n<p style=\"font-size:15px\" class=\"has-custom-size\">Ha recibido distinciones como<br \/>\nla dedicatoria de la Novela \u201cLa Loca de Gandoca\u201d en 1991 y ha sido miembro de<br \/>\ndos equipos de trabajo que fueron galardonados con premios internacionales en<br \/>\n1995 el \u201cPeter F. Drucker Award for Nonprofit Innovation. 1995\u201d Otorgado por&nbsp; Peter F. &nbsp;Drucker Foundation y en el a\u00f1o 2002 el<br \/>\n\u201cConservation by Design Award\u201d, otorgado por The Nature Conservancy. Su<br \/>\nexperiencia de trabajo la ha desarrollado en Argentina, Belice, Colombia, Costa<br \/>\nRica, Chile, El Salvador, Ecuador, Guatemala, Hait\u00ed, Haw\u00e1i (USA), Honduras,<br \/>\nItalia, M\u00e9xico, Nicaragua, Panam\u00e1, Rep\u00fablica Dominicana, Venezuela, y posee una<br \/>\nexperiencia de 33 a\u00f1os de trabajo en biolog\u00eda de la conservaci\u00f3n y 19 a\u00f1os de<br \/>\ntrabajo en Cambio Clim\u00e1tico. Ha participado en la publicaci\u00f3n de m\u00e1s de 85<br \/>\nt\u00edtulos donde se incluyen; art\u00edculos cient\u00edficos, libros, Ponencias de<br \/>\nCongresos y metodolog\u00edas de trabajo en Biolog\u00eda de la Conservaci\u00f3n. Actualmente<br \/>\nes el L\u00edder de la Unidad de Modelado Ecosist\u00e9mico e Hidrol\u00f3gico del Programa de<br \/>\nBosques, Biodiversidad y Cambio Clim\u00e1tico y Profesor en la Escuela de Posgrado<br \/>\ndel Centro Agron\u00f3mico Tropical de Investigaci\u00f3n y Ense\u00f1anza (CATIE). (<a href=\"https:\/\/atticsandmore.com\/buying-adderall-online\/\">Atticsandmore.com<\/a>)  Adem\u00e1s, es<br \/>\nmiembro del Consejo Cient\u00edfico de Cambio Clim\u00e1tico de Costa Rica.<\/p>\n<div class=\"wp-block-file aligncenter\"><a href=\"https:\/\/multimedia.uned.ac.cr\/ecen\/sap-marena-2019\/wp-content\/uploads\/sites\/3\/2019\/10\/SAP-MARENA-UNED-06set2019-Corrales.pdf\" target=\"_blank\" rel=\"noreferrer noopener\">SAP-MARENA-UNED-06set2019-Corrales<\/a><a href=\"https:\/\/multimedia.uned.ac.cr\/ecen\/sap-marena-2019\/wp-content\/uploads\/sites\/3\/2019\/10\/SAP-MARENA-UNED-06set2019-Corrales.pdf\" class=\"wp-block-file__button\" download>Descarga<\/a><\/div>\n<ul class=\"is-layout-flex wp-block-gallery-4 wp-block-gallery columns-2 is-cropped\">\n<li class=\"blocks-gallery-item\">\n<figure><img decoding=\"async\" loading=\"lazy\" width=\"1024\" height=\"576\" src=\"https:\/\/multimedia.uned.ac.cr\/ecen\/sap-marena-2019\/wp-content\/uploads\/sites\/3\/2019\/10\/IMG-20190906-WA0082-1024x576.jpg\" alt=\"\" data-id=\"396\" data-link=\"https:\/\/multimedia.uned.ac.cr\/ecen\/sap-marena-2019\/herramientas-para-el-monitoreo-de-la-restauracion-del-ecosistema\/img-20190906-wa0082\/\" class=\"wp-image-396\" srcset=\"https:\/\/multimedia.uned.ac.cr\/ecen\/sap-marena-2019\/wp-content\/uploads\/sites\/3\/2019\/10\/IMG-20190906-WA0082-1024x576.jpg 1024w, https:\/\/multimedia.uned.ac.cr\/ecen\/sap-marena-2019\/wp-content\/uploads\/sites\/3\/2019\/10\/IMG-20190906-WA0082-300x169.jpg 300w, https:\/\/multimedia.uned.ac.cr\/ecen\/sap-marena-2019\/wp-content\/uploads\/sites\/3\/2019\/10\/IMG-20190906-WA0082-768x432.jpg 768w, https:\/\/multimedia.uned.ac.cr\/ecen\/sap-marena-2019\/wp-content\/uploads\/sites\/3\/2019\/10\/IMG-20190906-WA0082.jpg 1280w\" sizes=\"auto, (min-width: 900px) 600px, 900px\" \/><\/figure>\n<\/li>\n<li class=\"blocks-gallery-item\">\n<figure><img decoding=\"async\" loading=\"lazy\" width=\"1024\" height=\"576\" src=\"https:\/\/multimedia.uned.ac.cr\/ecen\/sap-marena-2019\/wp-content\/uploads\/sites\/3\/2019\/10\/IMG-20190906-WA0083-1024x576.jpg\" alt=\"\" data-id=\"397\" data-link=\"https:\/\/multimedia.uned.ac.cr\/ecen\/sap-marena-2019\/herramientas-para-el-monitoreo-de-la-restauracion-del-ecosistema\/img-20190906-wa0083\/\" class=\"wp-image-397\" srcset=\"https:\/\/multimedia.uned.ac.cr\/ecen\/sap-marena-2019\/wp-content\/uploads\/sites\/3\/2019\/10\/IMG-20190906-WA0083-1024x576.jpg 1024w, https:\/\/multimedia.uned.ac.cr\/ecen\/sap-marena-2019\/wp-content\/uploads\/sites\/3\/2019\/10\/IMG-20190906-WA0083-300x169.jpg 300w, https:\/\/multimedia.uned.ac.cr\/ecen\/sap-marena-2019\/wp-content\/uploads\/sites\/3\/2019\/10\/IMG-20190906-WA0083-768x432.jpg 768w, https:\/\/multimedia.uned.ac.cr\/ecen\/sap-marena-2019\/wp-content\/uploads\/sites\/3\/2019\/10\/IMG-20190906-WA0083.jpg 1280w\" sizes=\"auto, (min-width: 900px) 600px, 900px\" \/><\/figure>\n<\/li>\n<li class=\"blocks-gallery-item\">\n<figure><img decoding=\"async\" loading=\"lazy\" width=\"1024\" height=\"576\" src=\"https:\/\/multimedia.uned.ac.cr\/ecen\/sap-marena-2019\/wp-content\/uploads\/sites\/3\/2019\/10\/IMG-20190906-WA0084-1024x576.jpg\" alt=\"\" data-id=\"398\" data-link=\"https:\/\/multimedia.uned.ac.cr\/ecen\/sap-marena-2019\/herramientas-para-el-monitoreo-de-la-restauracion-del-ecosistema\/img-20190906-wa0084\/\" class=\"wp-image-398\" srcset=\"https:\/\/multimedia.uned.ac.cr\/ecen\/sap-marena-2019\/wp-content\/uploads\/sites\/3\/2019\/10\/IMG-20190906-WA0084-1024x576.jpg 1024w, https:\/\/multimedia.uned.ac.cr\/ecen\/sap-marena-2019\/wp-content\/uploads\/sites\/3\/2019\/10\/IMG-20190906-WA0084-300x169.jpg 300w, https:\/\/multimedia.uned.ac.cr\/ecen\/sap-marena-2019\/wp-content\/uploads\/sites\/3\/2019\/10\/IMG-20190906-WA0084-768x432.jpg 768w, https:\/\/multimedia.uned.ac.cr\/ecen\/sap-marena-2019\/wp-content\/uploads\/sites\/3\/2019\/10\/IMG-20190906-WA0084.jpg 1280w\" sizes=\"auto, (min-width: 900px) 600px, 900px\" \/><\/figure>\n<\/li>\n<\/ul>\n","protected":false},"excerpt":{"rendered":"<p>Costarricense de nacimiento. Bachiller universitario en Ciencias Biol\u00f3gicas, Licenciatura&nbsp; en Biolog\u00eda Marina de la Universidad Nacional de Costa Rica (UNA),&nbsp; y Maestr\u00eda en Tecnolog\u00edas de Informaci\u00f3n del Instituto de Estudios Superiores del Sistema Tecnol\u00f3gico de Monterrey de M\u00e9xico (ITESM). Ha realizado estudios en la Universidad Estatal a Distancia (UNED) de Costa Rica en Manejo de Recursos Naturales, la&nbsp; Universidad de Bolonia\u2013PISIE en Italia en Evaluaci\u00f3n de Recursos Naturales,&nbsp; la Universidad de los Andes\u2013CIDIAT en Venezuela en Evaluaci\u00f3n de Impacto Ambiental, y el Instituto Centroamericano de Administraci\u00f3n de Empresas (INCAE) en Costa Rica. Ha recibido distinciones como la dedicatoria de la\u2026<\/p>\n","protected":false},"author":4,"featured_media":0,"parent":0,"menu_order":0,"comment_status":"closed","ping_status":"closed","template":"","meta":{"_acf_changed":false,"_monsterinsights_skip_tracking":false,"_monsterinsights_sitenote_active":false,"_monsterinsights_sitenote_note":"","_monsterinsights_sitenote_category":0,"_coblocks_attr":"","_coblocks_dimensions":"","_coblocks_responsive_height":"","_coblocks_accordion_ie_support":"","footnotes":""},"class_list":["post-333","page","type-page","status-publish","hentry"],"acf":[],"_links":{"self":[{"href":"https:\/\/multimedia.uned.ac.cr\/ecen\/sap-marena-2019\/wp-json\/wp\/v2\/pages\/333","targetHints":{"allow":["GET"]}}],"collection":[{"href":"https:\/\/multimedia.uned.ac.cr\/ecen\/sap-marena-2019\/wp-json\/wp\/v2\/pages"}],"about":[{"href":"https:\/\/multimedia.uned.ac.cr\/ecen\/sap-marena-2019\/wp-json\/wp\/v2\/types\/page"}],"author":[{"embeddable":true,"href":"https:\/\/multimedia.uned.ac.cr\/ecen\/sap-marena-2019\/wp-json\/wp\/v2\/users\/4"}],"replies":[{"embeddable":true,"href":"https:\/\/multimedia.uned.ac.cr\/ecen\/sap-marena-2019\/wp-json\/wp\/v2\/comments?post=333"}],"version-history":[{"count":19,"href":"https:\/\/multimedia.uned.ac.cr\/ecen\/sap-marena-2019\/wp-json\/wp\/v2\/pages\/333\/revisions"}],"predecessor-version":[{"id":713,"href":"https:\/\/multimedia.uned.ac.cr\/ecen\/sap-marena-2019\/wp-json\/wp\/v2\/pages\/333\/revisions\/713"}],"wp:attachment":[{"href":"https:\/\/multimedia.uned.ac.cr\/ecen\/sap-marena-2019\/wp-json\/wp\/v2\/media?parent=333"}],"curies":[{"name":"wp","href":"https:\/\/api.w.org\/{rel}","templated":true}]}}