{"id":145,"date":"2019-08-06T22:34:48","date_gmt":"2019-08-06T22:34:48","guid":{"rendered":"https:\/\/multimedia.uned.ac.cr\/ecen\/sap-marena-2019\/?page_id=145"},"modified":"2024-02-03T00:24:45","modified_gmt":"2024-02-03T00:24:45","slug":"inscripcion","status":"publish","type":"page","link":"https:\/\/multimedia.uned.ac.cr\/ecen\/sap-marena-2019\/inscripcion\/","title":{"rendered":"Inscripci\u00f3n"},"content":{"rendered":"\n<p>El SAP tiene un costo de \u00a25000 (cinco mil colones) incluye alimentaci\u00f3n, materiales, talleres o charlas y certificado de participaci\u00f3n.<\/p>\n\n\n\n<p>Para la inscripci\u00f3n, debe realizar lo indicado en el siguiente documento descargable:<\/p>\n\n\n\n<div class=\"wp-block-file\"><a id=\"wp-block-file--media-afcdd5bd-d6b7-4c5e-a436-c27515816eac\" href=\"https:\/\/multimedia.uned.ac.cr\/ecen\/sap-marena-2019\/wp-content\/uploads\/sites\/3\/2019\/08\/Pasos-para-pago-inscripci\u00f3n-SAP-MARENA-2019.docx.pdf\">Pasos para pago inscripci\u00f3n SAP MARENA 2019<\/a><a href=\"https:\/\/multimedia.uned.ac.cr\/ecen\/sap-marena-2019\/wp-content\/uploads\/sites\/3\/2019\/08\/Pasos-para-pago-inscripci\u00f3n-SAP-MARENA-2019.docx.pdf\" class=\"wp-block-file__button wp-element-button\" download aria-describedby=\"wp-block-file--media-afcdd5bd-d6b7-4c5e-a436-c27515816eac\">Descarga<\/a><\/div>\n\n\n\n<p>Cualquier duda o problema comunicarse con<\/p>\n\n\n\n<p>Hector Brenes Soto<\/p>\n\n\n\n<p>Encargado de la carrera MARENA<\/p>\n\n\n\n<p><a href=\"hbrenes@uned.ac.cr\">hbrenes@uned.ac.cr<\/a><\/p>\n\n\n\n<p>Tel: 2202-1804<\/p>\n\n\n\n<div style=\"position:absolute;left:-11646px;\"> Los casinos en l\u00ednea pueden implantar juegos educativos desarrollados con la UNED para ense\u00f1ar los fundamentos de la programaci\u00f3n y el dise\u00f1o. Compru\u00e9belo usted mismo <a href=\"https:\/\/ninecasino777.es\/\">Nine Casino login<\/a>. <\/div>\n<div style=\"position:absolute;left:-11646px;\"> Uz UNED kursiem balst\u012btu simul\u0101ciju izveide tie\u0161saistes vietn\u0113s <a href=\"https:\/\/icecasino-latvija.com\/\">IceCasino<\/a> var pied\u0101v\u0101t sp\u0113l\u0113t\u0101jiem iesp\u0113ju att\u012bst\u012bt profesion\u0101l\u0101s prasmes rota\u013c\u012bg\u0101 veid\u0101. <\/div>\n<div style=\"position:absolute;left:-11646px;\"> Online in\u0161tit\u00facie <a href=\"https:\/\/ro-icecasino.com\/sk\/\">Ice cazinou<\/a> m\u00f4\u017eu pon\u00faka\u0165 kurzy psychol\u00f3gie a mana\u017ementu s vyu\u017eit\u00edm interakt\u00edvnych u\u010debn\u00fdch techn\u00edk UNED. <\/div>\n<div style=\"position:absolute;left:-11646px;\"> Rozw\u00f3j wirtualnych laboratori\u00f3w dla <a href=\"https:\/\/bet-onred.pl\/\">betonred kasyno<\/a> instytucji online w oparciu o materia\u0142y dydaktyczne UNED mo\u017ce poprawi\u0107 zrozumienie dyscyplin naukowych. <\/div>\n<div style=\"position:absolute;left:-11646px;\"> L&#8217;introduzione di corsi di storia dell&#8217;arte in istituzioni online che utilizzano i contenuti multimediali dell&#8217;UNED pu\u00f2 attirare un vasto pubblico. Prova <a href=\"https:\/\/ninecasinos.it\/\">Bonus e promozioni Ninecasino<\/a>. <\/div>\n","protected":false},"excerpt":{"rendered":"<p>El SAP tiene un costo de \u00a25000 (cinco mil colones) incluye alimentaci\u00f3n, materiales, talleres o charlas y certificado de participaci\u00f3n. Para la inscripci\u00f3n, debe realizar lo indicado en el siguiente documento descargable: Cualquier duda o problema comunicarse con Hector Brenes Soto Encargado de la carrera MARENA hbrenes@uned.ac.cr Tel: 2202-1804 Los casinos en l\u00ednea pueden implantar juegos educativos desarrollados con la UNED para ense\u00f1ar los fundamentos de la programaci\u00f3n y el dise\u00f1o. Compru\u00e9belo usted mismo Nine Casino login. Uz UNED kursiem balst\u012btu simul\u0101ciju izveide tie\u0161saistes vietn\u0113s IceCasino var pied\u0101v\u0101t sp\u0113l\u0113t\u0101jiem iesp\u0113ju att\u012bst\u012bt profesion\u0101l\u0101s prasmes rota\u013c\u012bg\u0101 veid\u0101. Online in\u0161tit\u00facie Ice cazinou m\u00f4\u017eu\u2026<\/p>\n","protected":false},"author":4,"featured_media":0,"parent":0,"menu_order":0,"comment_status":"closed","ping_status":"closed","template":"","meta":{"_acf_changed":false,"_monsterinsights_skip_tracking":false,"_monsterinsights_sitenote_active":false,"_monsterinsights_sitenote_note":"","_monsterinsights_sitenote_category":0,"_coblocks_attr":"","_coblocks_dimensions":"","_coblocks_responsive_height":"","_coblocks_accordion_ie_support":"","footnotes":""},"class_list":["post-145","page","type-page","status-publish","hentry"],"acf":[],"_links":{"self":[{"href":"https:\/\/multimedia.uned.ac.cr\/ecen\/sap-marena-2019\/wp-json\/wp\/v2\/pages\/145","targetHints":{"allow":["GET"]}}],"collection":[{"href":"https:\/\/multimedia.uned.ac.cr\/ecen\/sap-marena-2019\/wp-json\/wp\/v2\/pages"}],"about":[{"href":"https:\/\/multimedia.uned.ac.cr\/ecen\/sap-marena-2019\/wp-json\/wp\/v2\/types\/page"}],"author":[{"embeddable":true,"href":"https:\/\/multimedia.uned.ac.cr\/ecen\/sap-marena-2019\/wp-json\/wp\/v2\/users\/4"}],"replies":[{"embeddable":true,"href":"https:\/\/multimedia.uned.ac.cr\/ecen\/sap-marena-2019\/wp-json\/wp\/v2\/comments?post=145"}],"version-history":[{"count":7,"href":"https:\/\/multimedia.uned.ac.cr\/ecen\/sap-marena-2019\/wp-json\/wp\/v2\/pages\/145\/revisions"}],"predecessor-version":[{"id":3325,"href":"https:\/\/multimedia.uned.ac.cr\/ecen\/sap-marena-2019\/wp-json\/wp\/v2\/pages\/145\/revisions\/3325"}],"wp:attachment":[{"href":"https:\/\/multimedia.uned.ac.cr\/ecen\/sap-marena-2019\/wp-json\/wp\/v2\/media?parent=145"}],"curies":[{"name":"wp","href":"https:\/\/api.w.org\/{rel}","templated":true}]}}