{"id":52,"date":"2022-10-03T17:28:39","date_gmt":"2022-10-03T17:28:39","guid":{"rendered":"https:\/\/multimedia.uned.ac.cr\/ecen\/sap-ciencias-2022\/?page_id=52"},"modified":"2022-11-07T20:59:38","modified_gmt":"2022-11-07T20:59:38","slug":"descripcion","status":"publish","type":"page","link":"https:\/\/multimedia.uned.ac.cr\/ecen\/sap-ciencias-2022\/","title":{"rendered":"Descripci\u00f3n"},"content":{"rendered":"\n<p>Los Seminarios de Actualizaci\u00f3n Profesional conocidos como SAPs, son actividades que tienen como objetivo fortalecer las habilidades y conocimientos de las personas estudiantes y egresadas en miras de preparar profesionales altamente competentes en su desarrollo laboral. As\u00ed como, fomentar redes de colaboraci\u00f3n que permitan el intercambio de experiencias en el \u00e1rea docente.<\/p>\n\n\n\n<p>Para el a\u00f1o 2022, la carrera de Ense\u00f1anza de las Ciencias Naturales efectuar\u00e1 el IV SAP, mismo que abordar\u00e1 tem\u00e1ticas tendientes a&nbsp;<strong><em>promover la educaci\u00f3n STEAM desde un enfoque integral.&nbsp;<\/em><\/strong><\/p>\n\n\n\n<p>Sobre el tema, la Organizaci\u00f3n para la Cooperaci\u00f3n y el Desarrollo Econ\u00f3micos (OCDE) se\u00f1ala en el documento&nbsp;<em>El Futuro de la Educaci\u00f3n y Habilidades 2030<\/em>, que los est\u00e1ndares antiguos de educaci\u00f3n deben ser sustituidos por un marco educativo que promueva la capacidad de desarrollar competencias en s\u00ed mismo, mediante un proceso secuenciado de reflexi\u00f3n, anticipaci\u00f3n y acci\u00f3n. Lo anterior, fomentar\u00e1 una postura cr\u00edtica al decidir, elegir y actuar apart\u00e1ndose de lo conocido o asumido y mirando una situaci\u00f3n desde otras perspectivas diferentes.<\/p>\n\n\n\n<p>Seg\u00fan lo anterior, deseamos incentivar la reflexi\u00f3n sobre el enfoque pedag\u00f3gico&nbsp;STEAM en donde las personas estudiantes aprenden haciendo, con la finalidad de fomentar mejoras en la alfabetizaci\u00f3n cient\u00edfica de Costa Rica.<\/p>\n\n\n\n<div class=\"wp-block-buttons is-layout-flex wp-block-buttons-is-layout-flex\"><\/div>\n\n\n<div class=\"wp-block-image\">\n<figure class=\"aligncenter size-full\"><a href=\"https:\/\/multimedia.uned.ac.cr\/ecen\/sap-ciencias-2022\/programa\/\"><img loading=\"lazy\" decoding=\"async\" width=\"369\" height=\"85\" src=\"https:\/\/multimedia.uned.ac.cr\/ecen\/sap-ciencias-2022\/wp-content\/uploads\/sites\/34\/2022\/10\/Iconos-01-1.png\" alt=\"\" class=\"wp-image-70\" srcset=\"https:\/\/multimedia.uned.ac.cr\/ecen\/sap-ciencias-2022\/wp-content\/uploads\/sites\/34\/2022\/10\/Iconos-01-1.png 369w, https:\/\/multimedia.uned.ac.cr\/ecen\/sap-ciencias-2022\/wp-content\/uploads\/sites\/34\/2022\/10\/Iconos-01-1-300x69.png 300w\" sizes=\"auto, (max-width: 369px) 100vw, 369px\" \/><\/a><\/figure>\n<\/div>","protected":false},"excerpt":{"rendered":"<p>Los Seminarios de Actualizaci\u00f3n Profesional conocidos como SAPs, son actividades que tienen como objetivo fortalecer las habilidades y conocimientos de las personas estudiantes y egresadas en miras de preparar profesionales altamente competentes en su desarrollo laboral. As\u00ed como, fomentar redes de colaboraci\u00f3n que permitan el intercambio de experiencias en el \u00e1rea docente. Para el a\u00f1o 2022, la carrera de Ense\u00f1anza de las Ciencias Naturales efectuar\u00e1 el IV SAP, mismo que abordar\u00e1 tem\u00e1ticas tendientes a&nbsp;promover la educaci\u00f3n STEAM desde un enfoque integral.&nbsp; Sobre el tema, la Organizaci\u00f3n para la Cooperaci\u00f3n y el Desarrollo Econ\u00f3micos (OCDE) se\u00f1ala en el documento&nbsp;El Futuro de\u2026<\/p>\n","protected":false},"author":6,"featured_media":0,"parent":0,"menu_order":0,"comment_status":"closed","ping_status":"closed","template":"","meta":{"_acf_changed":false,"_monsterinsights_skip_tracking":false,"_monsterinsights_sitenote_active":false,"_monsterinsights_sitenote_note":"","_monsterinsights_sitenote_category":0,"_coblocks_attr":"","_coblocks_dimensions":"","_coblocks_responsive_height":"","_coblocks_accordion_ie_support":"","footnotes":""},"class_list":["post-52","page","type-page","status-publish","hentry"],"acf":[],"_links":{"self":[{"href":"https:\/\/multimedia.uned.ac.cr\/ecen\/sap-ciencias-2022\/wp-json\/wp\/v2\/pages\/52","targetHints":{"allow":["GET"]}}],"collection":[{"href":"https:\/\/multimedia.uned.ac.cr\/ecen\/sap-ciencias-2022\/wp-json\/wp\/v2\/pages"}],"about":[{"href":"https:\/\/multimedia.uned.ac.cr\/ecen\/sap-ciencias-2022\/wp-json\/wp\/v2\/types\/page"}],"author":[{"embeddable":true,"href":"https:\/\/multimedia.uned.ac.cr\/ecen\/sap-ciencias-2022\/wp-json\/wp\/v2\/users\/6"}],"replies":[{"embeddable":true,"href":"https:\/\/multimedia.uned.ac.cr\/ecen\/sap-ciencias-2022\/wp-json\/wp\/v2\/comments?post=52"}],"version-history":[{"count":9,"href":"https:\/\/multimedia.uned.ac.cr\/ecen\/sap-ciencias-2022\/wp-json\/wp\/v2\/pages\/52\/revisions"}],"predecessor-version":[{"id":102,"href":"https:\/\/multimedia.uned.ac.cr\/ecen\/sap-ciencias-2022\/wp-json\/wp\/v2\/pages\/52\/revisions\/102"}],"wp:attachment":[{"href":"https:\/\/multimedia.uned.ac.cr\/ecen\/sap-ciencias-2022\/wp-json\/wp\/v2\/media?parent=52"}],"curies":[{"name":"wp","href":"https:\/\/api.w.org\/{rel}","templated":true}]}}