{"id":9,"date":"2021-08-12T11:42:00","date_gmt":"2021-08-12T17:42:00","guid":{"rendered":"https:\/\/multimedia.uned.ac.cr\/ecen\/sap-ciencias-2021\/?page_id=9"},"modified":"2021-08-25T15:34:00","modified_gmt":"2021-08-25T21:34:00","slug":"expositores","status":"publish","type":"page","link":"https:\/\/multimedia.uned.ac.cr\/ecen\/sap-ciencias-2021\/expositores\/","title":{"rendered":"Expositores"},"content":{"rendered":"\n<div class=\"wp-block-coblocks-accordion\">\n<div class=\"wp-block-coblocks-accordion-item has-custom-font\" style=\"font-family:Lato;font-size:18px\"><details open><summary class=\"wp-block-coblocks-accordion-item__title\"><img loading=\"lazy\" decoding=\"async\" width=\"150\" height=\"112\" class=\"wp-image-118\" style=\"width: 150px;\" src=\"https:\/\/multimedia.uned.ac.cr\/ecen\/sap-ciencias-2021\/wp-content\/uploads\/sites\/29\/2021\/08\/3-foto-.png\" alt=\"\" srcset=\"https:\/\/multimedia.uned.ac.cr\/ecen\/sap-ciencias-2021\/wp-content\/uploads\/sites\/29\/2021\/08\/3-foto-.png 1890w, https:\/\/multimedia.uned.ac.cr\/ecen\/sap-ciencias-2021\/wp-content\/uploads\/sites\/29\/2021\/08\/3-foto--300x225.png 300w, https:\/\/multimedia.uned.ac.cr\/ecen\/sap-ciencias-2021\/wp-content\/uploads\/sites\/29\/2021\/08\/3-foto--1024x768.png 1024w, https:\/\/multimedia.uned.ac.cr\/ecen\/sap-ciencias-2021\/wp-content\/uploads\/sites\/29\/2021\/08\/3-foto--768x576.png 768w, https:\/\/multimedia.uned.ac.cr\/ecen\/sap-ciencias-2021\/wp-content\/uploads\/sites\/29\/2021\/08\/3-foto--1536x1152.png 1536w\" sizes=\"auto, (max-width: 150px) 100vw, 150px\" \/><br><strong><span style=\"color:#57a693\" class=\"has-inline-color\">MSc. Daniela Ram\u00edrez Bayona<\/span><\/strong><\/summary><div class=\"wp-block-coblocks-accordion-item__content\">\n<p class=\"has-custom-font\" style=\"font-family:Lato;font-size:16px\">Colombiana. M\u00e1ster en Terapia Ocupacional de la Universidad Nacional de Colombia. M\u00e1ster en Neurociencia, de la Universidad Nacional de Colombia.&nbsp; Adem\u00e1s posee otro grado de maestr\u00eda en investigaci\u00f3n, comportamiento y cognici\u00f3n, obtenido en la Universidad de Barcelona, Espa\u00f1a. Ha sido conferencista internacional en Congresos desarrollando&nbsp; temas en los campo de Terapia Ocupacional, Neuropsicolog\u00eda y Epilepsia.<\/p>\n\n\n\n<p class=\"has-custom-font\" style=\"font-family:Lato;font-size:16px\">Labor\u00f3 en Colombia para PRESALUD S.A.S, para a Fundaci\u00f3n Sentir en Bogot\u00e1 Colombia y para el Instituto de Neurociencias Aplicadas-INEA en Bogot\u00e1 Colombia.<\/p>\n\n\n\n<p class=\"has-custom-font\" style=\"font-family:Lato;font-size:16px\">Actualmente reside en Alemania ofreciendo sus servicios en el \u00e1rea de la Terapia Ocupacional.<\/p>\n<\/div><\/details><\/div>\n\n\n\n<div class=\"wp-block-coblocks-accordion-item has-custom-font\" style=\"font-family:Lato;font-size:18px\"><details open><summary class=\"wp-block-coblocks-accordion-item__title\"><strong><span style=\"color:#57a693\" class=\"has-inline-color\">Mag. Mar\u00eda D\u00edaz Madrigal<\/span><\/strong><\/summary><div class=\"wp-block-coblocks-accordion-item__content\">\n<p class=\"has-custom-font\" style=\"font-family:Lato;font-size:16px\">Especialista en Psicolog\u00eda Cl\u00ednica, del Programa de Especialidades M\u00e9dicas UCR-CENDEISSS<strong>.<\/strong><\/p>\n\n\n\n<p class=\"has-custom-font\" style=\"font-family:Lato;font-size:16px\">Licenciada en Psicolog\u00eda por la UCR y egresada de la Maestr\u00eda Acad\u00e9mica en Teor\u00eda Psicoanal\u00edtica, de esta misma universidad. Actualmente, cursa el Diplomado Internacional en Cl\u00ednica de lo Extremo.<\/p>\n\n\n\n<p class=\"has-custom-font\" style=\"font-family:Lato;font-size:16px\">Labora en el Servicio de Psicolog\u00eda Cl\u00ednica del Hospital Nacional Psiqui\u00e1trico y en la Universidad Estatal a Distancia, como docente de las c\u00e1tedras de Psicopedagog\u00eda y Psicolog\u00eda.<\/p>\n<\/div><\/details><\/div>\n\n\n\n<div class=\"wp-block-coblocks-accordion-item has-custom-font\" style=\"font-family:Lato;font-size:18px\"><details open><summary class=\"wp-block-coblocks-accordion-item__title\"><img loading=\"lazy\" decoding=\"async\" width=\"150\" height=\"112\" class=\"wp-image-119\" style=\"width: 150px;\" src=\"https:\/\/multimedia.uned.ac.cr\/ecen\/sap-ciencias-2021\/wp-content\/uploads\/sites\/29\/2021\/08\/2-foto.png\" alt=\"\" srcset=\"https:\/\/multimedia.uned.ac.cr\/ecen\/sap-ciencias-2021\/wp-content\/uploads\/sites\/29\/2021\/08\/2-foto.png 1890w, https:\/\/multimedia.uned.ac.cr\/ecen\/sap-ciencias-2021\/wp-content\/uploads\/sites\/29\/2021\/08\/2-foto-300x225.png 300w, https:\/\/multimedia.uned.ac.cr\/ecen\/sap-ciencias-2021\/wp-content\/uploads\/sites\/29\/2021\/08\/2-foto-1024x768.png 1024w, https:\/\/multimedia.uned.ac.cr\/ecen\/sap-ciencias-2021\/wp-content\/uploads\/sites\/29\/2021\/08\/2-foto-768x576.png 768w, https:\/\/multimedia.uned.ac.cr\/ecen\/sap-ciencias-2021\/wp-content\/uploads\/sites\/29\/2021\/08\/2-foto-1536x1152.png 1536w\" sizes=\"auto, (max-width: 150px) 100vw, 150px\" \/><br><strong><span style=\"color:#57a693\" class=\"has-inline-color\">Dr.\u00a0 Jaime Fornaguera Tr\u00edas<\/span><\/strong><\/summary><div class=\"wp-block-coblocks-accordion-item__content\">\n<p class=\"has-custom-font\" style=\"font-family:Lato;font-size:16px\">Graduado como Bi\u00f3logo de la UCR, donde obtuvo una Maestr\u00eda en Fisiolog\u00eda de la UCR y obtuvo su Ph.D. en Neurofisiolog\u00eda&nbsp;de la Universidad&nbsp;Heinrich Heine en D\u00fcsseldorf, Alemania.<\/p>\n\n\n\n<p class=\"has-custom-font\" style=\"font-family:Lato;font-size:16px\">Labora como docente en la Escuela de Medicina de la UCR desde 1987, obteniendo el grado deCatedr\u00e1tico de la UCR desde el a\u00f1o 2000.<\/p>\n\n\n\n<p class=\"has-custom-font\" style=\"font-family:Lato;font-size:16px\">Es Fundador y actual director del Centro de Investigaci\u00f3n en Neurociencias de la UCR.&nbsp; Es Miembro fundador de la Federaci\u00f3n Latinoamericana y del Caribe de Neurociencias y tambi\u00e9n, miembro fundador de la Iniciativa Latinoamericana&nbsp;y del Caribe del CEREBRO (LatBrain).<\/p>\n\n\n\n<p class=\"has-custom-font\" style=\"font-family:Lato;font-size:16px\">En el a\u00f1o 2013 se le otorga el Premio al Investigador de la UCR en el \u00e1rea de la Salud.&nbsp; Sus temas de investigaci\u00f3n son: enfermedades neurodegenerativas, educaci\u00f3n y Neurociencias; estimulaci\u00f3n temprana y efectos a diferentes niveles&nbsp;<\/p>\n<\/div><\/details><\/div>\n\n\n\n<div class=\"wp-block-coblocks-accordion-item has-custom-font\" style=\"font-family:Lato;font-size:18px\"><details open><summary class=\"wp-block-coblocks-accordion-item__title\"><img loading=\"lazy\" decoding=\"async\" width=\"150\" height=\"112\" class=\"wp-image-120\" style=\"width: 150px;\" src=\"https:\/\/multimedia.uned.ac.cr\/ecen\/sap-ciencias-2021\/wp-content\/uploads\/sites\/29\/2021\/08\/1-foto.png\" alt=\"\" srcset=\"https:\/\/multimedia.uned.ac.cr\/ecen\/sap-ciencias-2021\/wp-content\/uploads\/sites\/29\/2021\/08\/1-foto.png 1890w, https:\/\/multimedia.uned.ac.cr\/ecen\/sap-ciencias-2021\/wp-content\/uploads\/sites\/29\/2021\/08\/1-foto-300x225.png 300w, https:\/\/multimedia.uned.ac.cr\/ecen\/sap-ciencias-2021\/wp-content\/uploads\/sites\/29\/2021\/08\/1-foto-1024x768.png 1024w, https:\/\/multimedia.uned.ac.cr\/ecen\/sap-ciencias-2021\/wp-content\/uploads\/sites\/29\/2021\/08\/1-foto-768x576.png 768w, https:\/\/multimedia.uned.ac.cr\/ecen\/sap-ciencias-2021\/wp-content\/uploads\/sites\/29\/2021\/08\/1-foto-1536x1152.png 1536w\" sizes=\"auto, (max-width: 150px) 100vw, 150px\" \/><strong><br><strong><span style=\"color:#57a693\" class=\"has-inline-color\">Dra. Viviana Carazo Vargas<\/span><\/strong><\/strong><\/summary><div class=\"wp-block-coblocks-accordion-item__content\">\n<p class=\"has-custom-font\" style=\"font-family:Lato;font-size:16px\">Costarricense. Doctora en Neuropsicolog\u00eda Cl\u00ednica (Universidad de Salamanca, Espa\u00f1a). M\u00e1ster en Estudios Interdisciplinarios sobre Discapacidad con \u00c9nfasis en Discapacidad M\u00faltiple y Sordoceguera y Licenciada en Retos M\u00faltiples (Universidad de Costa Rica). Bachiller en Ciencias de la Educaci\u00f3n con \u00c9nfasis en Educaci\u00f3n Especial (Universidad de Costa Rica). Ha realizado diversos cursos internacionales de especializaci\u00f3n en Neuropsicolog\u00eda Infantil y Trastornos Generalizados del Desarrollo.<\/p>\n\n\n\n<p class=\"has-custom-font\" style=\"font-family:Lato;font-size:16px\">Labor\u00f3 para el Ministerio de Educaci\u00f3n P\u00fablica de Costa Rica, en la Escuela Neuropsiqui\u00e1trica Infantil. Ha sido docente en la Universidad Estatal a Distancia, en la Universidad Santa Paula y en la Universidad de La Salle, en Costa Rica. Su trabajo investigador y publicaciones han sido en el \u00e1mbito del neurodesarrollo y la neuropedagog\u00eda.<\/p>\n\n\n\n<p class=\"has-custom-font\" style=\"font-family:Lato;font-size:16px\">Desde el a\u00f1o 2000 y hasta la fecha, se desempe\u00f1a como profesora e investigadora en la Escuela de Orientaci\u00f3n y Educaci\u00f3n Especial y en el Instituto de Investigaci\u00f3n en Educaci\u00f3n de la Universidad de Costa Rica, ejerce como Punto Focal en Educaci\u00f3n en Representaci\u00f3n de la Academia Nacional de Ciencias de Costa Rica ante la Interamerican Network Academies of Sciencies (IANAS), dedic\u00e1ndose adem\u00e1s, a la evaluaci\u00f3n, asesoramiento e intervenci\u00f3n neuropsicopedag\u00f3gica y conductual en ni\u00f1os y adolescentes.<\/p>\n<\/div><\/details><\/div>\n\n\n\n<div class=\"wp-block-coblocks-accordion-item has-custom-font\" style=\"font-family:Lato;font-size:18px\"><details open><summary class=\"wp-block-coblocks-accordion-item__title\"><span style=\"color:#57a693\" class=\"has-inline-color\"><strong>Dr. David Valverde Barquero <br><\/strong><\/span><\/summary><div class=\"wp-block-coblocks-accordion-item__content\">\n<p class=\"has-custom-font\" style=\"font-family:Lato;font-size:16px\">Es Bachiller en Qu\u00edmica Industrial por la Universidad Nacional de Costa Rica. M\u00e1ster en Qu\u00edmica Sostenible por la Universitat Jaume I y Doctor en Qu\u00edmica Sostenible por la Universitat Jaume I.&nbsp;Docente en el \u00e1rea de qu\u00edmica, con experiencia en educaci\u00f3n a distancia.&nbsp;Investigador en el \u00e1rea de la qu\u00edmica verde, cat\u00e1lisis, l\u00edquidos i\u00f3nicos, fluidos supercr\u00edticos, qu\u00edmica en flujo, centrado en el desarrollo de materiales polim\u00e9ricos y procesos org\u00e1nicos sint\u00e9ticos m\u00e1s eficientes y sostenibles.&nbsp;<\/p>\n\n\n\n<p class=\"has-custom-font\" style=\"font-family:Lato;font-size:16px\">En la actualidad labora para la Universidad Estatal a Distancia en Costa Rica.<\/p>\n<\/div><\/details><\/div>\n\n\n\n<div class=\"wp-block-coblocks-accordion-item has-custom-font\" style=\"font-family:Lato;font-size:18px\"><details open><summary class=\"wp-block-coblocks-accordion-item__title\"><span style=\"color:#5caf9c\" class=\"has-inline-color\"><strong>Mag. Viviana Abarca Bonilla<\/strong><\/span><\/summary><div class=\"wp-block-coblocks-accordion-item__content\">\n<p class=\"has-custom-font\" style=\"font-family:Lato;font-size:16px\">Es m\u00e1ster en Psicopedagog\u00eda graduada de la Universidad Latina de Costa Rica, m\u00e1ster en Ciencias de la Educaci\u00f3n con \u00c9nfasis en Administraci\u00f3n Educativa, en la Universidad Central de Costa Rica.&nbsp; Posee un diplomado en Neuroeducaci\u00f3n, en la Cerebrum Chile &#8211; Universidad Cat\u00f3lica de Costa Rica y un Postgrado en Alfabetizaci\u00f3n y Comunicaci\u00f3n alternativa, de la AEDIN (Asociaci\u00f3n en Defensa del Infante Neurol\u00f3gico).&nbsp;<\/p>\n\n\n\n<p class=\"has-custom-font\" style=\"font-family:Lato;font-size:16px\">En la actualidad labora como Asesora Nacional del Departamento de Asesor\u00eda en Ayudas T\u00e9cnicas, desde el 2018, CENAREC, MEP.&nbsp; Se ha desempe\u00f1ado como Asesora Nacional del Departamento de Capacitaci\u00f3n, CENAREC, MEP. &nbsp;Profesora de III y Ciclo Diversificado Vocacional, Liceo del Sur, UNED. &nbsp;Psicopedagoga, Visitas domiciliares en donde se atiende a menores y j\u00f3venes con dificultades acad\u00e9micas y Docente Universitaria de la UNED y charlista en las Universidades Cat\u00f3lica de Costa Rica y Florencio del Castillo.<\/p>\n<\/div><\/details><\/div>\n<\/div>\n\n\n\n<p><\/p>\n","protected":false},"excerpt":{"rendered":"","protected":false},"author":6,"featured_media":0,"parent":0,"menu_order":0,"comment_status":"closed","ping_status":"closed","template":"","meta":{"_acf_changed":false,"_monsterinsights_skip_tracking":false,"_monsterinsights_sitenote_active":false,"_monsterinsights_sitenote_note":"","_monsterinsights_sitenote_category":0,"_coblocks_attr":"Lato,Lato","_coblocks_dimensions":"","_coblocks_responsive_height":"","_coblocks_accordion_ie_support":"","footnotes":""},"class_list":["post-9","page","type-page","status-publish","hentry"],"acf":[],"_links":{"self":[{"href":"https:\/\/multimedia.uned.ac.cr\/ecen\/sap-ciencias-2021\/wp-json\/wp\/v2\/pages\/9","targetHints":{"allow":["GET"]}}],"collection":[{"href":"https:\/\/multimedia.uned.ac.cr\/ecen\/sap-ciencias-2021\/wp-json\/wp\/v2\/pages"}],"about":[{"href":"https:\/\/multimedia.uned.ac.cr\/ecen\/sap-ciencias-2021\/wp-json\/wp\/v2\/types\/page"}],"author":[{"embeddable":true,"href":"https:\/\/multimedia.uned.ac.cr\/ecen\/sap-ciencias-2021\/wp-json\/wp\/v2\/users\/6"}],"replies":[{"embeddable":true,"href":"https:\/\/multimedia.uned.ac.cr\/ecen\/sap-ciencias-2021\/wp-json\/wp\/v2\/comments?post=9"}],"version-history":[{"count":11,"href":"https:\/\/multimedia.uned.ac.cr\/ecen\/sap-ciencias-2021\/wp-json\/wp\/v2\/pages\/9\/revisions"}],"predecessor-version":[{"id":127,"href":"https:\/\/multimedia.uned.ac.cr\/ecen\/sap-ciencias-2021\/wp-json\/wp\/v2\/pages\/9\/revisions\/127"}],"wp:attachment":[{"href":"https:\/\/multimedia.uned.ac.cr\/ecen\/sap-ciencias-2021\/wp-json\/wp\/v2\/media?parent=9"}],"curies":[{"name":"wp","href":"https:\/\/api.w.org\/{rel}","templated":true}]}}