{"id":26,"date":"2021-08-12T14:03:49","date_gmt":"2021-08-12T20:03:49","guid":{"rendered":"https:\/\/multimedia.uned.ac.cr\/ecen\/sap-ciencias-2021\/?page_id=26"},"modified":"2021-08-14T20:13:51","modified_gmt":"2021-08-15T02:13:51","slug":"ejes-tematicos","status":"publish","type":"page","link":"https:\/\/multimedia.uned.ac.cr\/ecen\/sap-ciencias-2021\/ejes-tematicos\/","title":{"rendered":"Ejes tematicos"},"content":{"rendered":"\n<p class=\"has-custom-font\" style=\"font-family:Lato;font-size:18px\"><strong><span style=\"color:#ce6952\" class=\"has-inline-color\">Objetivos:<\/span><\/strong><\/p>\n\n\n\n<ul class=\"has-custom-font wp-block-list\" style=\"font-family:Lato;font-size:18px\"><li>Analizar las tendencias actuales de ense\u00f1anza y aprendizaje de las ciencias naturales que apliquen estrategias did\u00e1cticas innovadoras, mediante el III SAP, en el cual el estudiantado y graduado de la carrera Ense\u00f1anza de las Ciencias Naturales participar\u00e1 de manera activa.<\/li><li>Favorecer la interacci\u00f3n entre el estudiantado y graduado de la carrera de Ense\u00f1anza de las Ciencias Naturales para el intercambio de experiencias e iniciativas de procesos de ense\u00f1anza y aprendizaje a nivel contextual.<\/li><\/ul>\n\n\n\n<p class=\"has-custom-font\" style=\"font-family:Lato;font-size:18px\"><strong><span style=\"color:#ce6952\" class=\"has-inline-color\">Contenidos&nbsp;&nbsp;<\/span><span style=\"color:#fc4a1a\" class=\"has-inline-color\">&nbsp;<\/span>&nbsp;&nbsp;&nbsp;&nbsp;&nbsp;<\/strong><\/p>\n\n\n\n<ul class=\"has-custom-font wp-block-list\" style=\"font-family:Lato;font-size:18px\"><li>La neuroeducaci\u00f3n como perspectiva de aprendizaje:<ul><li>Educaci\u00f3n compatible con el cerebro<\/li><\/ul><ul><li>Conocimientos neurocient\u00edficos para promover el aprendizaje<\/li><\/ul><\/li><li>Vulnerabilidad asociada al desarrollo cerebral<ul><li>Desarrollo de habilidades blandas\u00a0<\/li><\/ul><\/li><li>Qu\u00edmica verde<ul><li>Conceptos b\u00e1sicos para la ense\u00f1anza<\/li><\/ul><\/li><\/ul>\n\n\n\n<div class=\"wp-block-image\"><figure class=\"aligncenter size-large is-resized\"><img loading=\"lazy\" decoding=\"async\" src=\"https:\/\/multimedia.uned.ac.cr\/ecen\/sap-ciencias-2021\/wp-content\/uploads\/sites\/29\/2021\/08\/bombillo-01-edited.png\" alt=\"\" class=\"wp-image-88\" width=\"269\" height=\"348\" srcset=\"https:\/\/multimedia.uned.ac.cr\/ecen\/sap-ciencias-2021\/wp-content\/uploads\/sites\/29\/2021\/08\/bombillo-01-edited.png 612w, https:\/\/multimedia.uned.ac.cr\/ecen\/sap-ciencias-2021\/wp-content\/uploads\/sites\/29\/2021\/08\/bombillo-01-edited-232x300.png 232w\" sizes=\"auto, (max-width: 269px) 100vw, 269px\" \/><\/figure><\/div>\n","protected":false},"excerpt":{"rendered":"<p>Objetivos: Analizar las tendencias actuales de ense\u00f1anza y aprendizaje de las ciencias naturales que apliquen estrategias did\u00e1cticas innovadoras, mediante el III SAP, en el cual el estudiantado y graduado de la carrera Ense\u00f1anza de las Ciencias Naturales participar\u00e1 de manera activa. Favorecer la interacci\u00f3n entre el estudiantado y graduado de la carrera de Ense\u00f1anza de las Ciencias Naturales para el intercambio de experiencias e iniciativas de procesos de ense\u00f1anza y aprendizaje a nivel contextual. Contenidos&nbsp;&nbsp;&nbsp;&nbsp;&nbsp;&nbsp;&nbsp;&nbsp; La neuroeducaci\u00f3n como perspectiva de aprendizaje: Educaci\u00f3n compatible con el cerebro Conocimientos neurocient\u00edficos para promover el aprendizaje Vulnerabilidad asociada al desarrollo cerebral Desarrollo de habilidades\u2026<\/p>\n","protected":false},"author":6,"featured_media":0,"parent":0,"menu_order":0,"comment_status":"closed","ping_status":"closed","template":"","meta":{"_acf_changed":false,"_monsterinsights_skip_tracking":false,"_monsterinsights_sitenote_active":false,"_monsterinsights_sitenote_note":"","_monsterinsights_sitenote_category":0,"_coblocks_attr":"Lato,Lora,Lato","_coblocks_dimensions":"","_coblocks_responsive_height":"","_coblocks_accordion_ie_support":"","footnotes":""},"class_list":["post-26","page","type-page","status-publish","hentry"],"acf":[],"_links":{"self":[{"href":"https:\/\/multimedia.uned.ac.cr\/ecen\/sap-ciencias-2021\/wp-json\/wp\/v2\/pages\/26","targetHints":{"allow":["GET"]}}],"collection":[{"href":"https:\/\/multimedia.uned.ac.cr\/ecen\/sap-ciencias-2021\/wp-json\/wp\/v2\/pages"}],"about":[{"href":"https:\/\/multimedia.uned.ac.cr\/ecen\/sap-ciencias-2021\/wp-json\/wp\/v2\/types\/page"}],"author":[{"embeddable":true,"href":"https:\/\/multimedia.uned.ac.cr\/ecen\/sap-ciencias-2021\/wp-json\/wp\/v2\/users\/6"}],"replies":[{"embeddable":true,"href":"https:\/\/multimedia.uned.ac.cr\/ecen\/sap-ciencias-2021\/wp-json\/wp\/v2\/comments?post=26"}],"version-history":[{"count":4,"href":"https:\/\/multimedia.uned.ac.cr\/ecen\/sap-ciencias-2021\/wp-json\/wp\/v2\/pages\/26\/revisions"}],"predecessor-version":[{"id":90,"href":"https:\/\/multimedia.uned.ac.cr\/ecen\/sap-ciencias-2021\/wp-json\/wp\/v2\/pages\/26\/revisions\/90"}],"wp:attachment":[{"href":"https:\/\/multimedia.uned.ac.cr\/ecen\/sap-ciencias-2021\/wp-json\/wp\/v2\/media?parent=26"}],"curies":[{"name":"wp","href":"https:\/\/api.w.org\/{rel}","templated":true}]}}