{"id":11,"date":"2021-08-12T11:42:14","date_gmt":"2021-08-12T17:42:14","guid":{"rendered":"https:\/\/multimedia.uned.ac.cr\/ecen\/sap-ciencias-2021\/?page_id=11"},"modified":"2023-04-12T13:48:58","modified_gmt":"2023-04-12T19:48:58","slug":"programa","status":"publish","type":"page","link":"https:\/\/multimedia.uned.ac.cr\/ecen\/sap-ciencias-2021\/programa\/","title":{"rendered":"Programa"},"content":{"rendered":"\n<div class=\"wp-block-columns is-layout-flex wp-container-core-columns-is-layout-9d6595d7 wp-block-columns-is-layout-flex\">\n<div class=\"wp-block-column is-layout-flow wp-block-column-is-layout-flow\" style=\"flex-basis:100%\"><\/div>\n<\/div>\n\n\n\n<figure class=\"wp-block-table is-style-stripes\"><table class=\"has-background\" style=\"background-color:#e9fbe5\"><tbody><tr><td>Hora <\/td><td>Actividad<\/td><td>Responsable<\/td><\/tr><tr><td>8:15 -8:30<\/td><td>Apertura del III SAP<\/td><td>Mag. Ana Victoria Campos Quesada<br>Mag. Katya Berm\u00fadez Campos<br>Mag. Jeffry Barrantes<\/td><\/tr><tr><td>8:30-9:00<\/td><td><strong>Charla neurociencia (apertura)<\/strong><br><strong>Neuroeducaci\u00f3n: una nueva perspectiva del aprendizaje<\/strong><\/td><td>MSc. Daniela Ram\u00edrez Bayona<\/td><\/tr><tr><td>9:00-9:05<\/td><td>Periodo de preguntas<\/td><td>Participantes <\/td><\/tr><tr><td>9:10-9:40<\/td><td><strong>Charla psicopedagog\u00eda<\/strong><br><strong>Vulnerabilidad asociada al desarrollo cerebral<\/strong><\/td><td>Mag. Mar\u00eda Diaz Madrigal<\/td><\/tr><tr><td>9:40-9:45<\/td><td>Periodo de preguntas<\/td><td>Participantes<\/td><\/tr><tr><td>9:45-9:55<\/td><td>Cambio a sub-salas (pausa activa)<\/td><td>Participantes<\/td><\/tr><tr><td>10:00-11:30<\/td><td>Tallleres virtuales simult\u00e1neos<br><br><strong>Taller F\u00edsica<\/strong><br>\u00c9rase un universo\u2026 La narraci\u00f3n como herramienta de exploraci\u00f3n, aprendizaje y ense\u00f1anza de la F\u00edsica.<br><br><strong>Taller Biolog\u00eda<\/strong><br>Beneficios de las plantas nativas en los procesos de Restauraci\u00f3n Ecol\u00f3gica<\/td><td>Lic. Jeff Hern\u00e1ndez Castro<br><br><br><br>MSc. Mar\u00eda Auxiliadora Z\u00fa\u00f1iga<\/td><\/tr><tr><td>11:30-12:30 <\/td><td>Almuerzo <\/td><td>Participantes<\/td><\/tr><tr><td>12:30-13:00<\/td><td><strong>Charla neurociencia:<\/strong><br><strong>Educaci\u00f3n compatible con el cerebro, un tema que debe abordarse con responsabilidad<\/strong><\/td><td>Dr. &nbsp;Jaime Fornaguera Tr\u00edas<\/td><\/tr><tr><td>13:00-13:05<\/td><td>Periodo de preguntas<\/td><td>Participantes<\/td><\/tr><tr><td>13:05-13:35<\/td><td><strong>Charla neurociencia:<\/strong><br><strong>Aprovechando el conocimiento neurocient\u00edfico para promover los procesos de aprendizaje<\/strong><\/td><td>Dr. Viviana Carazo Vargas<\/td><\/tr><tr><td>13:35-13:40<\/td><td>Periodo de preguntas<\/td><td>Participantes<\/td><\/tr><tr><td><br>13:40-13:50<\/td><td>Cambio a sub-salas (pausa activa)<\/td><td>Participantes<\/td><\/tr><tr><td><br>13:50-15:20<\/td><td><em>Talleres virtuales simult\u00e1neos<\/em><br><br><strong>Taller Biolog\u00eda<\/strong> <br>Adaptaciones y modificaciones de los \u00f3rganos de las plantas y la relaci\u00f3n con su h\u00e1bitat<br><strong><em>&nbsp;<\/em><\/strong><br><strong>Taller Qu\u00edmica<\/strong> <br>La Qu\u00edmica del Ambiente: una estrategia para la inclusi\u00f3n en el curr\u00edculo en secundaria<\/td><td><br>MSc. Christian Trejos Hern\u00e1ndez<br><br><br><br>MSc. Wendy Villalobos Gonz\u00e1lez<\/td><\/tr><tr><td><br>15:20-15:30<\/td><td>Cambio a sala principal (pausa activa)<\/td><td>Participantes<\/td><\/tr><tr><td>15:30-16:00<\/td><td><strong>Charla qu\u00edmica verde<br>Conceptos B\u00e1sicos de Qu\u00edmica Verde<\/strong><\/td><td>Dr. David Valverde Barquero<\/td><\/tr><tr><td>16:00-16:05<\/td><td>Periodo de preguntas<\/td><td>Participantes<\/td><\/tr><tr><td>16:05-16:35<\/td><td><strong>Charla final psicol\u00f3gica<\/strong><br><strong>Desarrollo de habilidades blandas en el aula<\/strong><\/td><td>Mag. Viviana Abarca Bonilla<\/td><\/tr><tr><td>16:35-16:40<\/td><td>Periodo de preguntas<\/td><td>Participantes<\/td><\/tr><tr><td>16:40-17:00<\/td><td>Evaluaci\u00f3n final<br>&nbsp;<br>Cierre del III SAP<\/td><td>Mag. Ana Victoria Campos Quesada<br>Mag Katya Berm\u00fadez Campos<\/td><\/tr><\/tbody><\/table><\/figure>\n","protected":false},"excerpt":{"rendered":"<p>Hora Actividad Responsable 8:15 -8:30 Apertura del III SAP Mag. Ana Victoria Campos QuesadaMag. Katya Berm\u00fadez CamposMag. Jeffry Barrantes 8:30-9:00 Charla neurociencia (apertura)Neuroeducaci\u00f3n: una nueva perspectiva del aprendizaje MSc. Daniela Ram\u00edrez Bayona 9:00-9:05 Periodo de preguntas Participantes 9:10-9:40 Charla psicopedagog\u00edaVulnerabilidad asociada al desarrollo cerebral Mag. Mar\u00eda Diaz Madrigal 9:40-9:45 Periodo de preguntas Participantes 9:45-9:55 Cambio a sub-salas (pausa activa) Participantes 10:00-11:30 Tallleres virtuales simult\u00e1neos Taller F\u00edsica\u00c9rase un universo\u2026 La narraci\u00f3n como herramienta de exploraci\u00f3n, aprendizaje y ense\u00f1anza de la F\u00edsica. Taller Biolog\u00edaBeneficios de las plantas nativas en los procesos de Restauraci\u00f3n Ecol\u00f3gica Lic. Jeff Hern\u00e1ndez Castro MSc. Mar\u00eda Auxiliadora Z\u00fa\u00f1iga\u2026<\/p>\n","protected":false},"author":6,"featured_media":0,"parent":0,"menu_order":0,"comment_status":"closed","ping_status":"closed","template":"","meta":{"_acf_changed":false,"_monsterinsights_skip_tracking":false,"_monsterinsights_sitenote_active":false,"_monsterinsights_sitenote_note":"","_monsterinsights_sitenote_category":0,"_coblocks_attr":"","_coblocks_dimensions":"","_coblocks_responsive_height":"","_coblocks_accordion_ie_support":"","footnotes":""},"class_list":["post-11","page","type-page","status-publish","hentry"],"acf":[],"_links":{"self":[{"href":"https:\/\/multimedia.uned.ac.cr\/ecen\/sap-ciencias-2021\/wp-json\/wp\/v2\/pages\/11","targetHints":{"allow":["GET"]}}],"collection":[{"href":"https:\/\/multimedia.uned.ac.cr\/ecen\/sap-ciencias-2021\/wp-json\/wp\/v2\/pages"}],"about":[{"href":"https:\/\/multimedia.uned.ac.cr\/ecen\/sap-ciencias-2021\/wp-json\/wp\/v2\/types\/page"}],"author":[{"embeddable":true,"href":"https:\/\/multimedia.uned.ac.cr\/ecen\/sap-ciencias-2021\/wp-json\/wp\/v2\/users\/6"}],"replies":[{"embeddable":true,"href":"https:\/\/multimedia.uned.ac.cr\/ecen\/sap-ciencias-2021\/wp-json\/wp\/v2\/comments?post=11"}],"version-history":[{"count":11,"href":"https:\/\/multimedia.uned.ac.cr\/ecen\/sap-ciencias-2021\/wp-json\/wp\/v2\/pages\/11\/revisions"}],"predecessor-version":[{"id":137,"href":"https:\/\/multimedia.uned.ac.cr\/ecen\/sap-ciencias-2021\/wp-json\/wp\/v2\/pages\/11\/revisions\/137"}],"wp:attachment":[{"href":"https:\/\/multimedia.uned.ac.cr\/ecen\/sap-ciencias-2021\/wp-json\/wp\/v2\/media?parent=11"}],"curies":[{"name":"wp","href":"https:\/\/api.w.org\/{rel}","templated":true}]}}