{"id":423,"date":"2020-09-30T22:50:21","date_gmt":"2020-09-30T22:50:21","guid":{"rendered":"https:\/\/multimedia.uned.ac.cr\/ecen\/sap-ciencias-2020\/?page_id=423"},"modified":"2020-10-07T20:25:53","modified_gmt":"2020-10-07T20:25:53","slug":"panelista","status":"publish","type":"page","link":"https:\/\/multimedia.uned.ac.cr\/ecen\/sap-ciencias-2020\/panelista\/","title":{"rendered":"Expositores"},"content":{"rendered":"\n<div class=\"wp-block-coblocks-accordion\">\n<div class=\"wp-block-coblocks-accordion-item\"><details><summary class=\"wp-block-coblocks-accordion-item__title\"><img decoding=\"async\" width=\"150\" height=\"150\" class=\"wp-image-460\" style=\"width: 150px;\" src=\"https:\/\/multimedia.uned.ac.cr\/ecen\/sap-ciencias-2020\/wp-content\/uploads\/sites\/20\/2020\/09\/Katya-Final.jpg\" alt=\"\" srcset=\"https:\/\/multimedia.uned.ac.cr\/ecen\/sap-ciencias-2020\/wp-content\/uploads\/sites\/20\/2020\/09\/Katya-Final.jpg 400w, https:\/\/multimedia.uned.ac.cr\/ecen\/sap-ciencias-2020\/wp-content\/uploads\/sites\/20\/2020\/09\/Katya-Final-300x300.jpg 300w, https:\/\/multimedia.uned.ac.cr\/ecen\/sap-ciencias-2020\/wp-content\/uploads\/sites\/20\/2020\/09\/Katya-Final-150x150.jpg 150w\" sizes=\"(max-width: 150px) 100vw, 150px\" \/><br><strong>Dra. Katya Calder\u00f3n <\/strong><br>Moderadora <\/summary><div class=\"wp-block-coblocks-accordion-item__content\">\n<p><em>Doctora en Educaci\u00f3n de la Universidad de los Estudios de Verona, Italia.&nbsp; <\/em><\/p>\n\n\n\n<p><em>Ha ocupado los siguientes cargos en la Universidad Estatal a Distancia: <\/em><\/p>\n\n\n\n<p><em>Directora de Extensi\u00f3n Universitaria (2002-2006)<\/em><\/p>\n\n\n\n<p><em>Directora de Investigaci\u00f3n (2007-2008)<\/em><\/p>\n\n\n\n<p><em>Vicerrectora de Investigaci\u00f3n (2008-2011)<\/em><\/p>\n\n\n\n<p><em>Vicerrectora Acad\u00e9mica (2011-2018)<\/em><\/p>\n\n\n\n<p><em>Investigadora (Laboratorio Ecolog\u00eda Urbana (2018-2020)<\/em><\/p>\n\n\n\n<p>A<em>ctualmente tiene a cargo la C\u00e1tedra de Investigaci\u00f3n Educativa en la Escuela de Educaci\u00f3n<\/em> de la UNED<\/p>\n\n\n\n<p><em>Algunas de sus publicaciones son las siguientes:<\/em><\/p>\n\n\n\n<p><em>Calder\u00f3n, K. (2006).&nbsp;La Vida que Ense\u00f1a: Nociones de Educaci\u00f3n Permanente.&nbsp;EUNED. San Jos\u00e9, Costa Rica.<\/em><em><\/em><\/p>\n\n\n\n<p><em>Calder\u00f3n, K. (2002).&nbsp;La Did\u00e1ctica Hoy.&nbsp;Concepciones y aplicaciones. EUNED. San Jos\u00e9, Costa Rica.<\/em><em><\/em><\/p>\n\n\n\n<p><a><em>Calder\u00f3n, K y otros. (2016). El taller de educaci\u00f3n ambiental como estrategia did\u00e1ctica para promover la sostenibilidad de los recursos naturales en estudiantes de escuelas primarias rurales costarricenses.&nbsp;Cuadernos de investigaci\u00f3n UNED 8: 157-161. http:\/\/investiga.uned.ac.cr\/revistas\/index.php\/cuadernos\/article\/view\/1555\/1648<\/em><\/a><em><\/em><\/p>\n<\/div><\/details><\/div>\n\n\n\n<div class=\"wp-block-coblocks-accordion-item\"><details><summary class=\"wp-block-coblocks-accordion-item__title\"><img decoding=\"async\" width=\"150\" height=\"150\" class=\"wp-image-461\" style=\"width: 150px;\" src=\"https:\/\/multimedia.uned.ac.cr\/ecen\/sap-ciencias-2020\/wp-content\/uploads\/sites\/20\/2020\/09\/Gilberto-Final.jpg\" alt=\"\" srcset=\"https:\/\/multimedia.uned.ac.cr\/ecen\/sap-ciencias-2020\/wp-content\/uploads\/sites\/20\/2020\/09\/Gilberto-Final.jpg 400w, https:\/\/multimedia.uned.ac.cr\/ecen\/sap-ciencias-2020\/wp-content\/uploads\/sites\/20\/2020\/09\/Gilberto-Final-300x300.jpg 300w, https:\/\/multimedia.uned.ac.cr\/ecen\/sap-ciencias-2020\/wp-content\/uploads\/sites\/20\/2020\/09\/Gilberto-Final-150x150.jpg 150w\" sizes=\"(max-width: 150px) 100vw, 150px\" \/><br><strong>Dr. Gilberto Alfaro Varela<\/strong><br>Expositor<\/summary><div class=\"wp-block-coblocks-accordion-item__content\">\n<p>Doctor en Educaci\u00f3n Cient\u00edfica de la Universidad Estatal de Florida y M\u00e1ster en Educaci\u00f3n de la Universidad de Harvard.&nbsp;Su formaci\u00f3n inicial la realiz\u00f3 en la Universidad de Costa Rica y la Universidad Nacional en Qu\u00edmica y Pedagog\u00eda.&nbsp; Adem\u00e1s, fue parte de un programa especial de capacitaci\u00f3n de la Universidad de Kassel en Alemania en procesos de formaci\u00f3n de profesores universitarios en \u00e1reas de gesti\u00f3n y mejoramiento de la calidad de procesos educativos universitarios.<\/p>\n\n\n\n<p>Por 10 a\u00f1os fue profesor de Qu\u00edmica de Educaci\u00f3n Secundaria y por 27 a\u00f1os fue profesor de la Universidad Nacional en la Escuela de Qu\u00edmica desde donde colabor\u00f3 en la formaci\u00f3n de profesionales en carreras del \u00e1rea de ciencias y de docentes en las \u00e1reas de Ciencias Generales y Qu\u00edmica a nivel de Bachillerato y Licenciatura.&nbsp; <\/p>\n\n\n\n<p>As\u00ed mismo, fue profesor del Doctorado en Educaci\u00f3n de la Universidad de Costa Rica, donde fue parte del equipo de profesores a cargo de los cursos del \u00e1rea de Investigaci\u00f3n educativa.<\/p>\n<\/div><\/details><\/div>\n\n\n\n<div class=\"wp-block-coblocks-accordion-item\"><details><summary class=\"wp-block-coblocks-accordion-item__title\"><img decoding=\"async\" width=\"150\" height=\"150\" class=\"wp-image-462\" style=\"width: 150px;\" src=\"https:\/\/multimedia.uned.ac.cr\/ecen\/sap-ciencias-2020\/wp-content\/uploads\/sites\/20\/2020\/09\/Francisco-Final.jpg\" alt=\"\" srcset=\"https:\/\/multimedia.uned.ac.cr\/ecen\/sap-ciencias-2020\/wp-content\/uploads\/sites\/20\/2020\/09\/Francisco-Final.jpg 400w, https:\/\/multimedia.uned.ac.cr\/ecen\/sap-ciencias-2020\/wp-content\/uploads\/sites\/20\/2020\/09\/Francisco-Final-300x300.jpg 300w, https:\/\/multimedia.uned.ac.cr\/ecen\/sap-ciencias-2020\/wp-content\/uploads\/sites\/20\/2020\/09\/Francisco-Final-150x150.jpg 150w\" sizes=\"(max-width: 150px) 100vw, 150px\" \/><br><strong>Dr. Francisco Antonio Alarc\u00f3n Alba<\/strong><br>Expositor<\/summary><div class=\"wp-block-coblocks-accordion-item__content\">\n<p>Posee un posgrado en<em> Integraci\u00f3n Regional<\/em> por el <em>Colegio de M\u00e9xico<\/em> y otra en <em>Gesti\u00f3n Universitaria <\/em>por la<em> Universidad de Kassel<\/em> de Alemania. Adem\u00e1s, es <em>Maestro en Ciencias en Manejo de Zonas costeras tropicales<\/em> en la <em>Universidad de Newcastle <\/em>y <em>Licenciado en Biolog\u00eda Marina con \u00e9nfasis en Acuicultura<\/em> en la <em>Universidad Nacional de Costa Rica<\/em>.&nbsp; <\/p>\n\n\n\n<p>Director del \u00c1rea Acad\u00e9mica y Secretario General Adjunto del Consejo Superior Universitario Centroamericano CSUCA. Ha sido responsable de formular, gestionar y coordinar numerosos programas y proyectos centroamericanos en educaci\u00f3n superior.&nbsp; As\u00ed como establecer, apoyar y dar seguimiento al desarrollo de los sistemas regionales de la Confederaci\u00f3n Universitaria Centroamericana, como el Sistema Centroamericano de Evaluaci\u00f3n y Armonizaci\u00f3n de la Educaci\u00f3n Superior SICEVAES, el Sistema Regional de Investigaci\u00f3n y Posgrado SIRCIP y el Sistema de Internacionalizaci\u00f3n de la Educaci\u00f3n Superior Centroamericana, SIESCA.<\/p>\n<\/div><\/details><\/div>\n\n\n\n<div class=\"wp-block-coblocks-accordion-item\"><details><summary class=\"wp-block-coblocks-accordion-item__title\"><img decoding=\"async\" width=\"150\" height=\"150\" class=\"wp-image-463\" style=\"width: 150px;\" src=\"https:\/\/multimedia.uned.ac.cr\/ecen\/sap-ciencias-2020\/wp-content\/uploads\/sites\/20\/2020\/09\/Shirley-Final.png\" alt=\"\" srcset=\"https:\/\/multimedia.uned.ac.cr\/ecen\/sap-ciencias-2020\/wp-content\/uploads\/sites\/20\/2020\/09\/Shirley-Final.png 607w, https:\/\/multimedia.uned.ac.cr\/ecen\/sap-ciencias-2020\/wp-content\/uploads\/sites\/20\/2020\/09\/Shirley-Final-300x300.png 300w, https:\/\/multimedia.uned.ac.cr\/ecen\/sap-ciencias-2020\/wp-content\/uploads\/sites\/20\/2020\/09\/Shirley-Final-150x150.png 150w\" sizes=\"(max-width: 150px) 100vw, 150px\" \/><br><strong><em>Licda. Shirley Vallejo Sol\u00eds<\/em><\/strong><br>Expositora<\/summary><div class=\"wp-block-coblocks-accordion-item__content\">\n<p>Licenciada en Bot\u00e1nica de la Universidad Cat\u00f3lica de Lovain La Neuve, B\u00e9lgica.&nbsp; <\/p>\n\n\n\n<p>Licenciatura en la Ense\u00f1anza de las Ciencias Naturales de la UNED.<\/p>\n\n\n\n<p>Bachiller en Biolog\u00eda de la Universidad de Costa Rica,<\/p>\n\n\n\n<p>Diplomado en I y II Ciclos de la Universidad San Isidro Labrador.<\/p>\n\n\n\n<p>Labora para el Ministerio de Educaci\u00f3n P\u00fablica desde 2003, actualmente labora en el Colegio T\u00e9cnico Profesional Roberto Gamboa Valverde, adem\u00e1s, posee&nbsp; 10 a\u00f1os de experiencia docente en instituciones privadas.<\/p>\n<\/div><\/details><\/div>\n\n\n\n<div class=\"wp-block-coblocks-accordion-item\"><details><summary class=\"wp-block-coblocks-accordion-item__title\"><img decoding=\"async\" width=\"150\" height=\"150\" class=\"wp-image-465\" style=\"width: 150px;\" src=\"https:\/\/multimedia.uned.ac.cr\/ecen\/sap-ciencias-2020\/wp-content\/uploads\/sites\/20\/2020\/09\/Andrea-Final.jpg\" alt=\"\" srcset=\"https:\/\/multimedia.uned.ac.cr\/ecen\/sap-ciencias-2020\/wp-content\/uploads\/sites\/20\/2020\/09\/Andrea-Final.jpg 400w, https:\/\/multimedia.uned.ac.cr\/ecen\/sap-ciencias-2020\/wp-content\/uploads\/sites\/20\/2020\/09\/Andrea-Final-300x300.jpg 300w, https:\/\/multimedia.uned.ac.cr\/ecen\/sap-ciencias-2020\/wp-content\/uploads\/sites\/20\/2020\/09\/Andrea-Final-150x150.jpg 150w\" sizes=\"(max-width: 150px) 100vw, 150px\" \/><br><strong><em>Licda. Andrea Natalia Alvarado Soto<\/em><\/strong><br>Expositora<\/summary><div class=\"wp-block-coblocks-accordion-item__content\">\n<p><em>Licenciada en Psicolog\u00eda  y Bachiller en la Ense\u00f1anza de la Psicolog\u00eda, ambos de la Universidad de Costa Rica.<\/em><\/p>\n\n\n\n<p><em>Coordinadora de la Red Interinstitucional para la Ni\u00f1ez y la Adolescencia y consultora de la Fundaci\u00f3n Cris\u00e1lida Internacional en el proyecto Mentor\u00eda Judicial para UNICEF y de la Fundaci\u00f3n Cris\u00e1lida Internacional y del proyecto Educaci\u00f3n Inclusiva, Comunidades Resilientes para ACNUR. <\/em><\/p>\n\n\n\n<p>Es i<em>nvestigadora en el proyecto \u201cEvaluaci\u00f3n de resultados de aprendizaje en adolescentes\u201d de la Fundaci\u00f3n Omar Dengo. As\u00ed como, especialista tem\u00e1tica en Primera Infancia y Desarrollo en la Fundaci\u00f3n PANIAMOR. <\/em><\/p>\n\n\n\n<p><em>Acad\u00e9mica de la Escuela de Psicolog\u00eda de la Universidad de Costa Rica y en la  C\u00e1tedra de Psicolog\u00eda y Psicopedagog\u00eda de la Universidad Estatal a Distancia.<\/em><\/p>\n<\/div><\/details><\/div>\n<\/div>\n\n\n\n<div class=\"wp-block-coblocks-accordion\">\n<div class=\"wp-block-coblocks-accordion-item\"><details><summary class=\"wp-block-coblocks-accordion-item__title\"><strong>MSc. William Jos\u00e9 Murillo Leiva<\/strong><br>Expositor <\/summary><div class=\"wp-block-coblocks-accordion-item__content\">\n<p>Bachiller en Psicolog\u00eda de la Universidad de Costa Rica, Licenciado en Psicolog\u00eda de la Universidad de Costa Rica y graduado de la Maestr\u00eda en Derechos Humanos de la Universidad Estatal a Distancia.<\/p>\n\n\n\n<p>Actualmente es profesor de la c\u00e1tedra de Psicolog\u00eda, en la Escuela de Ciencias Sociales y Humanidades de la Universidad Estatal a Distancia. &nbsp;<\/p>\n\n\n\n<p>Adem\u00e1s, es Docente e investigador en la Universidad de Costa Rica y la Universidad Estatal a Distancia desde hace m\u00e1s de 10 a\u00f1os; tiene experiencia profesional y acad\u00e9mica en el contexto penitenciario y la criminol\u00f3gico desde una perspectiva cr\u00edtica, de justicia penal y Derechos Humanos.<\/p>\n\n\n\n<p>Es consultor en proyectos de desarrollo psicosocial, comunitario y con enfoque de Derechos Humanos.<\/p>\n<\/div><\/details><\/div>\n\n\n\n<div class=\"wp-block-coblocks-accordion-item\"><\/div>\n<\/div>\n","protected":false},"excerpt":{"rendered":"","protected":false},"author":6,"featured_media":0,"parent":0,"menu_order":0,"comment_status":"closed","ping_status":"closed","template":"","meta":{"_acf_changed":false,"_monsterinsights_skip_tracking":false,"_monsterinsights_sitenote_active":false,"_monsterinsights_sitenote_note":"","_monsterinsights_sitenote_category":0,"_coblocks_attr":"","_coblocks_dimensions":"","_coblocks_responsive_height":"","_coblocks_accordion_ie_support":"","footnotes":""},"class_list":["post-423","page","type-page","status-publish","hentry"],"acf":[],"_links":{"self":[{"href":"https:\/\/multimedia.uned.ac.cr\/ecen\/sap-ciencias-2020\/wp-json\/wp\/v2\/pages\/423","targetHints":{"allow":["GET"]}}],"collection":[{"href":"https:\/\/multimedia.uned.ac.cr\/ecen\/sap-ciencias-2020\/wp-json\/wp\/v2\/pages"}],"about":[{"href":"https:\/\/multimedia.uned.ac.cr\/ecen\/sap-ciencias-2020\/wp-json\/wp\/v2\/types\/page"}],"author":[{"embeddable":true,"href":"https:\/\/multimedia.uned.ac.cr\/ecen\/sap-ciencias-2020\/wp-json\/wp\/v2\/users\/6"}],"replies":[{"embeddable":true,"href":"https:\/\/multimedia.uned.ac.cr\/ecen\/sap-ciencias-2020\/wp-json\/wp\/v2\/comments?post=423"}],"version-history":[{"count":8,"href":"https:\/\/multimedia.uned.ac.cr\/ecen\/sap-ciencias-2020\/wp-json\/wp\/v2\/pages\/423\/revisions"}],"predecessor-version":[{"id":482,"href":"https:\/\/multimedia.uned.ac.cr\/ecen\/sap-ciencias-2020\/wp-json\/wp\/v2\/pages\/423\/revisions\/482"}],"wp:attachment":[{"href":"https:\/\/multimedia.uned.ac.cr\/ecen\/sap-ciencias-2020\/wp-json\/wp\/v2\/media?parent=423"}],"curies":[{"name":"wp","href":"https:\/\/api.w.org\/{rel}","templated":true}]}}