{"id":107,"date":"2019-09-14T22:12:43","date_gmt":"2019-09-14T22:12:43","guid":{"rendered":"https:\/\/multimedia.uned.ac.cr\/ecen\/sap-ciencias-2019\/?page_id=107"},"modified":"2019-09-14T22:12:43","modified_gmt":"2019-09-14T22:12:43","slug":"registro","status":"publish","type":"page","link":"https:\/\/multimedia.uned.ac.cr\/ecen\/sap-ciencias-2019\/registro\/","title":{"rendered":"Registro"},"content":{"rendered":"\n<p>El cupo para esta actividad es limitado. Se debe completar el formulario, una vez concluido su pago en la sitio web de la la Fundaci\u00f3n de la Universidad Estatal a Distancia para el Desarrollo y Promoci\u00f3n de la Educaci\u00f3n a Distancia (FUNDEPREDI). Incluye alimentaci\u00f3n, constancia de participaci\u00f3n, materiales, talleres y charlas con especialista internacional. Incluye alimentaci\u00f3n, constancia de participaci\u00f3n, materiales, talleres y charlas con especialista internacional. <\/p>\n\n\n\n<div class=\"wp-block-coblocks-pricing-table has-text-align-center\"><div class=\"wp-block-coblocks-pricing-table__inner has-1-columns\">\n<div class=\"wp-block-coblocks-pricing-table-item has-background has-very-light-gray-background-color\"><span class=\"wp-block-coblocks-pricing-table-item__title\">Inversi\u00f3n<\/span><div class=\"wp-block-coblocks-pricing-table-item__price-wrapper\"><span class=\"wp-block-coblocks-pricing-table-item__currency\">\u00a2<\/span><span class=\"wp-block-coblocks-pricing-table-item__amount\"><span class=\"uppercase\">5000<\/span><\/span><\/div><ul class=\"wp-block-coblocks-pricing-table-item__features\"><li>  Incluye alimentaci\u00f3n, constancia de participaci\u00f3n, materiales, talleres y charlas con especialista internacional.  <\/li><\/ul>\n<div class=\"wp-block-button\"><a class=\"wp-block-button__link has-text-color has-background\" href=\"https:\/\/www.fundepredi.com\/products\/137731\/i-sap-ensenanza-de-ciencias-naturales\" style=\"background-color:#52d7e3;color:#054a56\" target=\"blank\" rel=\"noopener noreferrer\">Realizar pago<\/a><\/div>\n<\/div>\n<\/div><\/div>\n\n\n\n<p><em>El siguiente formulario se debe completar con sus datos personales y debe haber realizado el pago y adjuntar el comprobante.<\/em><\/p>\n\n\n\n<p><em>La informaci\u00f3n suministrada ser\u00e1 utilizada \u00fanicamente por la organizaci\u00f3n del evento.<\/em><\/p>\n\n\n\n<hr class=\"wp-block-coblocks-dynamic-separator is-style-line\" style=\"height:50px\" \/>\n\n\n\n<p>El env\u00edo de registros a este evento ya termin\u00f3.<\/p>\n","protected":false},"excerpt":{"rendered":"<p>El cupo para esta actividad es limitado. Se debe completar el formulario, una vez concluido su pago en la sitio web de la la Fundaci\u00f3n de la Universidad Estatal a Distancia para el Desarrollo y Promoci\u00f3n de la Educaci\u00f3n a Distancia (FUNDEPREDI). Incluye alimentaci\u00f3n, constancia de participaci\u00f3n, materiales, talleres y charlas con especialista internacional. Incluye alimentaci\u00f3n, constancia de participaci\u00f3n, materiales, talleres y charlas con especialista internacional. El siguiente formulario se debe completar con sus datos personales y debe haber realizado el pago y adjuntar el comprobante. La informaci\u00f3n suministrada ser\u00e1 utilizada \u00fanicamente por la organizaci\u00f3n del evento. El env\u00edo de\u2026<\/p>\n","protected":false},"author":6,"featured_media":0,"parent":0,"menu_order":0,"comment_status":"closed","ping_status":"closed","template":"","meta":{"_acf_changed":false,"_monsterinsights_skip_tracking":false,"_monsterinsights_sitenote_active":false,"_monsterinsights_sitenote_note":"","_monsterinsights_sitenote_category":0,"_coblocks_attr":"","_coblocks_dimensions":"","_coblocks_responsive_height":"{\"coblocks-shape-divider-9218361\":{\"backgroundHeight\":{\"height\":43},\"shapeHeight\":{\"height\":63}}}","_coblocks_accordion_ie_support":"","footnotes":""},"class_list":["post-107","page","type-page","status-publish","hentry"],"acf":[],"_links":{"self":[{"href":"https:\/\/multimedia.uned.ac.cr\/ecen\/sap-ciencias-2019\/wp-json\/wp\/v2\/pages\/107","targetHints":{"allow":["GET"]}}],"collection":[{"href":"https:\/\/multimedia.uned.ac.cr\/ecen\/sap-ciencias-2019\/wp-json\/wp\/v2\/pages"}],"about":[{"href":"https:\/\/multimedia.uned.ac.cr\/ecen\/sap-ciencias-2019\/wp-json\/wp\/v2\/types\/page"}],"author":[{"embeddable":true,"href":"https:\/\/multimedia.uned.ac.cr\/ecen\/sap-ciencias-2019\/wp-json\/wp\/v2\/users\/6"}],"replies":[{"embeddable":true,"href":"https:\/\/multimedia.uned.ac.cr\/ecen\/sap-ciencias-2019\/wp-json\/wp\/v2\/comments?post=107"}],"version-history":[{"count":0,"href":"https:\/\/multimedia.uned.ac.cr\/ecen\/sap-ciencias-2019\/wp-json\/wp\/v2\/pages\/107\/revisions"}],"wp:attachment":[{"href":"https:\/\/multimedia.uned.ac.cr\/ecen\/sap-ciencias-2019\/wp-json\/wp\/v2\/media?parent=107"}],"curies":[{"name":"wp","href":"https:\/\/api.w.org\/{rel}","templated":true}]}}