{"id":105,"date":"2019-09-14T22:12:30","date_gmt":"2019-09-14T22:12:30","guid":{"rendered":"https:\/\/multimedia.uned.ac.cr\/ecen\/sap-ciencias-2019\/?page_id=105"},"modified":"2021-05-21T11:36:56","modified_gmt":"2021-05-21T17:36:56","slug":"informacion","status":"publish","type":"page","link":"https:\/\/multimedia.uned.ac.cr\/ecen\/sap-ciencias-2019\/informacion\/","title":{"rendered":"Informaci\u00f3n"},"content":{"rendered":"\n<h4 class=\"wp-block-heading\">Objetivos<\/h4>\n\n\n\n<ul class=\"wp-block-list\"><li>Analizar las tendencias\nactuales de ense\u00f1anza-aprendizaje de las ciencias naturales que apliquen\nestrategias metodol\u00f3gicas de Indagaci\u00f3n, en el que el participante vinculado a\nla carrera de Ense\u00f1anza de las Ciencias Naturales participar\u00e1 de manera activa.\n<\/li><li>Favorecer la interacci\u00f3n\nentre estudiantes y graduados de la carrera de Ense\u00f1anza de las Ciencias\nNaturales para el intercambio de experiencias e iniciativas de procesos de\nense\u00f1anza- aprendizaje actuales.<\/li><\/ul>\n\n\n\n<h4 class=\"wp-block-heading\">Contenidos<\/h4>\n\n\n\n<ul class=\"wp-block-list\"><li>Habilidades y competencias\ncient\u00edficas:<ul><li>Pensamiento\nsist\u00e9mico y cr\u00edtico<\/li><\/ul><\/li><li>Metodolog\u00edas activas de\naprendizaje: <ul><li>Metodolog\u00eda\nIndagaci\u00f3n <\/li><\/ul><\/li><li>Innovaci\u00f3n y creatividad en\nla ense\u00f1anza: <ul><li>Herramientas\ntecnol\u00f3gicas e innovadoras <\/li><\/ul><\/li><\/ul>\n\n\n\n<h4 class=\"wp-block-heading\">Lugar<\/h4>\n\n\n\n<p>El SAP se llevar\u00e1 acabo en la Sede Inter-universitaria  en Alajuela.  1.5 km al este de la Iglesia La Agon\u00eda, carretera a Desamparados de Alajuela, contiguo a Bomba COOTAXA.<\/p>\n\n\n\n<div style=\"min-height:400px\" data-map-attr=\"\/qaddress\/q:\/qsede interuniversitaria UNED\/q||\/qlat\/q:\/qundefined\/q||\/qlng\/q:\/qundefined\/q||\/qskin\/q:\/qstandard\/q||\/qzoom\/q:\/q15\/q||\/qiconSize\/q:\/q36\/q||\/qmapTypeControl\/q:\/qtrue\/q||\/qzoomControl\/q:\/qtrue\/q||\/qstreetViewControl\/q:\/qtrue\/q||\/qfullscreenControl\/q:\/qtrue\/q\" class=\"wp-block-coblocks-map\"><iframe title=\"Google Map\" frameborder=\"0\" style=\"width:100%;min-height:400px\" src=\"https:\/\/www.google.com\/maps?q=sede%20interuniversitaria%20UNED&amp;output=embed&amp;hl=es-CR&amp;z=15\"><\/iframe><\/div>\n","protected":false},"excerpt":{"rendered":"<p>Objetivos Analizar las tendencias actuales de ense\u00f1anza-aprendizaje de las ciencias naturales que apliquen estrategias metodol\u00f3gicas de Indagaci\u00f3n, en el que el participante vinculado a la carrera de Ense\u00f1anza de las Ciencias Naturales participar\u00e1 de manera activa. Favorecer la interacci\u00f3n entre estudiantes y graduados de la carrera de Ense\u00f1anza de las Ciencias Naturales para el intercambio de experiencias e iniciativas de procesos de ense\u00f1anza- aprendizaje actuales. Contenidos Habilidades y competencias cient\u00edficas: Pensamiento sist\u00e9mico y cr\u00edtico Metodolog\u00edas activas de aprendizaje: Metodolog\u00eda Indagaci\u00f3n Innovaci\u00f3n y creatividad en la ense\u00f1anza: Herramientas tecnol\u00f3gicas e innovadoras Lugar El SAP se llevar\u00e1 acabo en la Sede Inter-universitaria\u2026<\/p>\n","protected":false},"author":6,"featured_media":0,"parent":0,"menu_order":0,"comment_status":"closed","ping_status":"closed","template":"","meta":{"_acf_changed":false,"_monsterinsights_skip_tracking":false,"_monsterinsights_sitenote_active":false,"_monsterinsights_sitenote_note":"","_monsterinsights_sitenote_category":0,"_coblocks_attr":"","_coblocks_dimensions":"","_coblocks_responsive_height":"","_coblocks_accordion_ie_support":"","footnotes":""},"class_list":["post-105","page","type-page","status-publish","hentry"],"acf":[],"_links":{"self":[{"href":"https:\/\/multimedia.uned.ac.cr\/ecen\/sap-ciencias-2019\/wp-json\/wp\/v2\/pages\/105","targetHints":{"allow":["GET"]}}],"collection":[{"href":"https:\/\/multimedia.uned.ac.cr\/ecen\/sap-ciencias-2019\/wp-json\/wp\/v2\/pages"}],"about":[{"href":"https:\/\/multimedia.uned.ac.cr\/ecen\/sap-ciencias-2019\/wp-json\/wp\/v2\/types\/page"}],"author":[{"embeddable":true,"href":"https:\/\/multimedia.uned.ac.cr\/ecen\/sap-ciencias-2019\/wp-json\/wp\/v2\/users\/6"}],"replies":[{"embeddable":true,"href":"https:\/\/multimedia.uned.ac.cr\/ecen\/sap-ciencias-2019\/wp-json\/wp\/v2\/comments?post=105"}],"version-history":[{"count":1,"href":"https:\/\/multimedia.uned.ac.cr\/ecen\/sap-ciencias-2019\/wp-json\/wp\/v2\/pages\/105\/revisions"}],"predecessor-version":[{"id":378,"href":"https:\/\/multimedia.uned.ac.cr\/ecen\/sap-ciencias-2019\/wp-json\/wp\/v2\/pages\/105\/revisions\/378"}],"wp:attachment":[{"href":"https:\/\/multimedia.uned.ac.cr\/ecen\/sap-ciencias-2019\/wp-json\/wp\/v2\/media?parent=105"}],"curies":[{"name":"wp","href":"https:\/\/api.w.org\/{rel}","templated":true}]}}