{"id":103,"date":"2019-09-14T22:12:09","date_gmt":"2019-09-14T22:12:09","guid":{"rendered":"https:\/\/multimedia.uned.ac.cr\/ecen\/sap-ciencias-2019\/?page_id=103"},"modified":"2019-09-14T22:12:09","modified_gmt":"2019-09-14T22:12:09","slug":"programa","status":"publish","type":"page","link":"https:\/\/multimedia.uned.ac.cr\/ecen\/sap-ciencias-2019\/programa\/","title":{"rendered":"Programa"},"content":{"rendered":"\n<table class=\"wp-block-table agenda is-style-regular\"><tbody><tr><td>Mi\u00e9rcoles 04 diciembre<\/td><td><\/td><td><\/td><\/tr><tr><td>7:00 &#8211; 8:00<\/td><td>Registro e inscripci\u00f3n al evento y desayuno.<\/td><td><\/td><\/tr><tr><td>8: 00 &#8211; 8:30 <\/td><td>Mensaje de bienvenida<\/td><td><\/td><\/tr><tr><td>8:30 &#8211; 9:30<\/td><td>Conferencia Inaugural: &#8220;Habilidades cient\u00edficas que se desarrollan en la F\u00edsica bajo STEAM&#8221;<\/td><td>Dr. C\u00e9sar Eduardo Mora Ley<\/td><\/tr><tr><td>9:30 &#8211; 10:30<\/td><td>Mesa redonda &#8220;Di\u00e1logos sobre pensamiento cr\u00edtico y sist\u00e9mico en la educaci\u00f3n cient\u00edfica&#8221;<\/td><td><\/td><\/tr><tr><td>10:30 &#8211; 11: 30<\/td><td>Exhibici\u00f3n de herramientas virtuales &#8220;El que hacer del Programa Ense\u00f1anza de las Ciencias Naturales (PECN)&#8221;<\/td><td><\/td><\/tr><tr><td>11:30 &#8211; 12:00<\/td><td>Exposici\u00f3n din\u00e1mica &#8220;Extensi\u00f3n a trav\u00e9s de una red de Restauraci\u00f3n Ecol\u00f3gica de la Escuela de Ciencias Exactas y Naturales (ECEN)&#8221; <\/td><td>M.Sc. Mar\u00eda Auxiliadora Z\u00fa\u00f1iga<\/td><\/tr><tr><td><\/td><td><\/td><td><\/td><\/tr><tr><td>12:00 &#8211; 13:00<\/td><td>Almuerzo<\/td><td><\/td><\/tr><tr><td><\/td><td><\/td><td><\/td><\/tr><tr><td>Talleres simult\u00e1neos<br>13:30 &#8211; 15:30<\/td><td>1. Qu\u00edmica: &#8220;Experimentos caseros para el estudio de reacciones qu\u00edmicas.&#8221;<br><br><br><\/td><td>Licda. Wendy Villalobos<\/td><\/tr><tr><td><\/td><td> 2. F\u00edsica: &#8220;Metodolog\u00eda moderna para la ense\u00f1anza de la F\u00edsica.&#8221; <\/td><td> Licda. Diana Herrero Villarreal <\/td><\/tr><tr><td><\/td><td>3. Biolog\u00eda: &#8220;Respiraci\u00f3n celular y cambio clim\u00e1tico.&#8221; <\/td><td>M.Ed. Alejandro Moya Segura <\/td><\/tr><tr><td><\/td><td> 4. Ciencias: &#8220;Cristales de la F\u00edsica.&#8221; <\/td><td>Licda. Xiomara Romero navarrol <\/td><\/tr><tr><td><\/td><td>5. Educaci\u00f3n: &#8220;Implementaci\u00f3n del Dise\u00f1o Universal de Aprendizaje.&#8221; <\/td><td>Evelyn Hern\u00e1ndez Sanabria<\/td><\/tr><tr><td><\/td><td>6.  Tecnolog\u00eda: &#8220;Collage  de herramientas tecnol\u00f3gicas para uso pedag\u00f3gico&#8221; <\/td><td>Katya Berm\u00fadez Campos<\/td><\/tr><tr><td>15:30 &#8211; 16:00<\/td><td>Conferencia final: &#8220;La metodolog\u00eda indagatoria en la ense\u00f1anza de las ciencias naturales, retos futuros a nivel medio y superior.&#8221;<\/td><td>Mag. Rita Sand\u00ed<\/td><\/tr><tr><td>16:00 &#8211; 16:30<\/td><td>Aplicaci\u00f3n de encuesta final y entrega de constancia de participaci\u00f3n.<\/td><td><\/td><\/tr><\/tbody><\/table>\n\n\n\n<p><\/p>\n","protected":false},"excerpt":{"rendered":"<p>Mi\u00e9rcoles 04 diciembre 7:00 &#8211; 8:00 Registro e inscripci\u00f3n al evento y desayuno. 8: 00 &#8211; 8:30 Mensaje de bienvenida 8:30 &#8211; 9:30 Conferencia Inaugural: &#8220;Habilidades cient\u00edficas que se desarrollan en la F\u00edsica bajo STEAM&#8221; Dr. C\u00e9sar Eduardo Mora Ley 9:30 &#8211; 10:30 Mesa redonda &#8220;Di\u00e1logos sobre pensamiento cr\u00edtico y sist\u00e9mico en la educaci\u00f3n cient\u00edfica&#8221; 10:30 &#8211; 11: 30 Exhibici\u00f3n de herramientas virtuales &#8220;El que hacer del Programa Ense\u00f1anza de las Ciencias Naturales (PECN)&#8221; 11:30 &#8211; 12:00 Exposici\u00f3n din\u00e1mica &#8220;Extensi\u00f3n a trav\u00e9s de una red de Restauraci\u00f3n Ecol\u00f3gica de la Escuela de Ciencias Exactas y Naturales (ECEN)&#8221; M.Sc. Mar\u00eda Auxiliadora\u2026<\/p>\n","protected":false},"author":4,"featured_media":0,"parent":0,"menu_order":0,"comment_status":"closed","ping_status":"closed","template":"","meta":{"_acf_changed":false,"_monsterinsights_skip_tracking":false,"_monsterinsights_sitenote_active":false,"_monsterinsights_sitenote_note":"","_monsterinsights_sitenote_category":0,"_coblocks_attr":"","_coblocks_dimensions":"","_coblocks_responsive_height":"","_coblocks_accordion_ie_support":"","footnotes":""},"class_list":["post-103","page","type-page","status-publish","hentry"],"acf":[],"_links":{"self":[{"href":"https:\/\/multimedia.uned.ac.cr\/ecen\/sap-ciencias-2019\/wp-json\/wp\/v2\/pages\/103","targetHints":{"allow":["GET"]}}],"collection":[{"href":"https:\/\/multimedia.uned.ac.cr\/ecen\/sap-ciencias-2019\/wp-json\/wp\/v2\/pages"}],"about":[{"href":"https:\/\/multimedia.uned.ac.cr\/ecen\/sap-ciencias-2019\/wp-json\/wp\/v2\/types\/page"}],"author":[{"embeddable":true,"href":"https:\/\/multimedia.uned.ac.cr\/ecen\/sap-ciencias-2019\/wp-json\/wp\/v2\/users\/4"}],"replies":[{"embeddable":true,"href":"https:\/\/multimedia.uned.ac.cr\/ecen\/sap-ciencias-2019\/wp-json\/wp\/v2\/comments?post=103"}],"version-history":[{"count":0,"href":"https:\/\/multimedia.uned.ac.cr\/ecen\/sap-ciencias-2019\/wp-json\/wp\/v2\/pages\/103\/revisions"}],"wp:attachment":[{"href":"https:\/\/multimedia.uned.ac.cr\/ecen\/sap-ciencias-2019\/wp-json\/wp\/v2\/media?parent=103"}],"curies":[{"name":"wp","href":"https:\/\/api.w.org\/{rel}","templated":true}]}}