{"id":101,"date":"2019-09-14T22:11:58","date_gmt":"2019-09-14T22:11:58","guid":{"rendered":"https:\/\/multimedia.uned.ac.cr\/ecen\/sap-ciencias-2019\/?page_id=101"},"modified":"2021-05-21T11:32:04","modified_gmt":"2021-05-21T17:32:04","slug":"inicio","status":"publish","type":"page","link":"https:\/\/multimedia.uned.ac.cr\/ecen\/sap-ciencias-2019\/","title":{"rendered":"Inicio"},"content":{"rendered":"\n<figure class=\"wp-block-image size-large\"><img loading=\"lazy\" decoding=\"async\" width=\"1024\" height=\"643\" src=\"https:\/\/multimedia.uned.ac.cr\/ecen\/sap-ciencias-2019\/wp-content\/uploads\/sites\/25\/2021\/05\/ejes-1024x643.png\" alt=\"\" class=\"wp-image-374\" srcset=\"https:\/\/multimedia.uned.ac.cr\/ecen\/sap-ciencias-2019\/wp-content\/uploads\/sites\/25\/2021\/05\/ejes-1024x643.png 1024w, https:\/\/multimedia.uned.ac.cr\/ecen\/sap-ciencias-2019\/wp-content\/uploads\/sites\/25\/2021\/05\/ejes-300x188.png 300w, https:\/\/multimedia.uned.ac.cr\/ecen\/sap-ciencias-2019\/wp-content\/uploads\/sites\/25\/2021\/05\/ejes-768x482.png 768w, https:\/\/multimedia.uned.ac.cr\/ecen\/sap-ciencias-2019\/wp-content\/uploads\/sites\/25\/2021\/05\/ejes.png 1200w\" sizes=\"auto, (min-width: 900px) 700px, 900px\" \/><\/figure>\n\n\n\n<p>El Seminario de Actualizaci\u00f3n Profesional o SAP, es una actividad acad\u00e9mica anual que realiza el Programa de Ense\u00f1anza de las Ciencias Naturales (PECN). \u00c9ste es dirigido hacia la poblaci\u00f3n estudiantil y graduados de la misma.&nbsp; Tiene como fin el capacitar a sus estudiantes y graduados en tem\u00e1ticas actuales de la ense\u00f1anza y aprendizaje de la ciencias naturales. <\/p>\n\n\n\n<p>Las tem\u00e1ticas actuales que se analizar\u00e1n en este SAP responden a las nuevas pol\u00edticas y directrices que brinda uno de los mayores empleadores del PECN, que es el Ministerio de Educaci\u00f3n P\u00fablica (MEP). Los t\u00f3picos que se brindar\u00e1n, estar\u00e1n permeados por tendencias cient\u00edficas en \u00e1reas de las ciencias naturales (qu\u00edmica, f\u00edsica, biolog\u00eda), educativas, did\u00e1cticas, investigaci\u00f3n y extensi\u00f3n, que se muestran a nivel latinoamericano. &nbsp;&nbsp;<\/p>\n\n\n\n<p>Las nuevas tendencias de la\nense\u00f1anza de las ciencias naturales se orientan bajo paradigmas del racionalismo,\nsocio-constructivismo y humanismo, los cuales solo unidos pueden hacer que la\npersona se forme de una manera integral (Mart\u00edn, Prieto y Jim\u00e9nez, 2015; MEP,\n2017). <\/p>\n\n\n\n<p>Con el SAP se pretende\ncapacitar a los participantes, mediante la integraci\u00f3n de paradigmas educativos,\npara guiarlos hacia la actualizaci\u00f3n de conocimientos, habilidades,\ncompetencias y situaciones de aula, que les permita su aplicaci\u00f3n de manera\ndid\u00e1ctica, favoreciendo los procesos de ense\u00f1anza-aprendizaje de las ciencias\nnaturales.&nbsp; <\/p>\n","protected":false},"excerpt":{"rendered":"<p>El Seminario de Actualizaci\u00f3n Profesional o SAP, es una actividad acad\u00e9mica anual que realiza el Programa de Ense\u00f1anza de las Ciencias Naturales (PECN). \u00c9ste es dirigido hacia la poblaci\u00f3n estudiantil y graduados de la misma.&nbsp; Tiene como fin el capacitar a sus estudiantes y graduados en tem\u00e1ticas actuales de la ense\u00f1anza y aprendizaje de la ciencias naturales. Las tem\u00e1ticas actuales que se analizar\u00e1n en este SAP responden a las nuevas pol\u00edticas y directrices que brinda uno de los mayores empleadores del PECN, que es el Ministerio de Educaci\u00f3n P\u00fablica (MEP). Los t\u00f3picos que se brindar\u00e1n, estar\u00e1n permeados por tendencias cient\u00edficas\u2026<\/p>\n","protected":false},"author":6,"featured_media":0,"parent":0,"menu_order":0,"comment_status":"closed","ping_status":"closed","template":"","meta":{"_acf_changed":false,"_monsterinsights_skip_tracking":false,"_monsterinsights_sitenote_active":false,"_monsterinsights_sitenote_note":"","_monsterinsights_sitenote_category":0,"_coblocks_attr":"Arial","_coblocks_dimensions":"","_coblocks_responsive_height":"","_coblocks_accordion_ie_support":"","footnotes":""},"class_list":["post-101","page","type-page","status-publish","hentry"],"acf":[],"_links":{"self":[{"href":"https:\/\/multimedia.uned.ac.cr\/ecen\/sap-ciencias-2019\/wp-json\/wp\/v2\/pages\/101","targetHints":{"allow":["GET"]}}],"collection":[{"href":"https:\/\/multimedia.uned.ac.cr\/ecen\/sap-ciencias-2019\/wp-json\/wp\/v2\/pages"}],"about":[{"href":"https:\/\/multimedia.uned.ac.cr\/ecen\/sap-ciencias-2019\/wp-json\/wp\/v2\/types\/page"}],"author":[{"embeddable":true,"href":"https:\/\/multimedia.uned.ac.cr\/ecen\/sap-ciencias-2019\/wp-json\/wp\/v2\/users\/6"}],"replies":[{"embeddable":true,"href":"https:\/\/multimedia.uned.ac.cr\/ecen\/sap-ciencias-2019\/wp-json\/wp\/v2\/comments?post=101"}],"version-history":[{"count":1,"href":"https:\/\/multimedia.uned.ac.cr\/ecen\/sap-ciencias-2019\/wp-json\/wp\/v2\/pages\/101\/revisions"}],"predecessor-version":[{"id":375,"href":"https:\/\/multimedia.uned.ac.cr\/ecen\/sap-ciencias-2019\/wp-json\/wp\/v2\/pages\/101\/revisions\/375"}],"wp:attachment":[{"href":"https:\/\/multimedia.uned.ac.cr\/ecen\/sap-ciencias-2019\/wp-json\/wp\/v2\/media?parent=101"}],"curies":[{"name":"wp","href":"https:\/\/api.w.org\/{rel}","templated":true}]}}