{"id":318,"date":"2020-10-26T01:43:18","date_gmt":"2020-10-26T01:43:18","guid":{"rendered":"https:\/\/multimedia.uned.ac.cr\/ecen\/sap-agro-2021\/?page_id=318"},"modified":"2021-09-04T18:49:56","modified_gmt":"2021-09-04T18:49:56","slug":"metodologia","status":"publish","type":"page","link":"https:\/\/multimedia.uned.ac.cr\/ecen\/sap-agro-2021\/metodologia\/","title":{"rendered":"Metodolog\u00eda"},"content":{"rendered":"\n<p>Se realizar\u00e1 un seminario virtual sincr\u00f3nico a trav\u00e9s de la herramienta virtual Zoom<sup> \u00ae<\/sup>, y retransmitido por YouTube \u00ae en el cual los participantes podr\u00e1n ingresar y participar de diferentes Charlas, con contenidos transversales y vigentes sobre temas relacionados con la importancia del recurso ed\u00e1fico.<\/p>\n\n\n\n<p>En cada charla se realizar\u00e1 una bienvenida a los participantes y, posteriormente, se desarrollar\u00e1n la conferencia t\u00e9cnica las cuales fueron planteadas y validadas tanto por la comisi\u00f3n como por el personal acad\u00e9mico del programa de Ingenier\u00eda Agron\u00f3mica. &nbsp;Cada una de las conferencias dispondr\u00e1 de 30 a 45 minutos de tiempo efectivo dentro del cual se contempla un segmento de preguntas para realimentar la participaci\u00f3n.<\/p>\n","protected":false},"excerpt":{"rendered":"<p>Se realizar\u00e1 un seminario virtual sincr\u00f3nico a trav\u00e9s de la herramienta virtual Zoom \u00ae, y retransmitido por YouTube \u00ae en el cual los participantes podr\u00e1n ingresar y participar de diferentes Charlas, con contenidos transversales y vigentes sobre temas relacionados con la importancia del recurso ed\u00e1fico. En cada charla se realizar\u00e1 una bienvenida a los participantes y, posteriormente, se desarrollar\u00e1n la conferencia t\u00e9cnica las cuales fueron planteadas y validadas tanto por la comisi\u00f3n como por el personal acad\u00e9mico del programa de Ingenier\u00eda Agron\u00f3mica. &nbsp;Cada una de las conferencias dispondr\u00e1 de 30 a 45 minutos de tiempo efectivo dentro del cual se\u2026<\/p>\n","protected":false},"author":6,"featured_media":0,"parent":0,"menu_order":0,"comment_status":"closed","ping_status":"closed","template":"","meta":{"_acf_changed":false,"_monsterinsights_skip_tracking":false,"_monsterinsights_sitenote_active":false,"_monsterinsights_sitenote_note":"","_monsterinsights_sitenote_category":0,"_coblocks_attr":"","_coblocks_dimensions":"","_coblocks_responsive_height":"","_coblocks_accordion_ie_support":"","footnotes":""},"class_list":["post-318","page","type-page","status-publish","hentry"],"acf":[],"_links":{"self":[{"href":"https:\/\/multimedia.uned.ac.cr\/ecen\/sap-agro-2021\/wp-json\/wp\/v2\/pages\/318","targetHints":{"allow":["GET"]}}],"collection":[{"href":"https:\/\/multimedia.uned.ac.cr\/ecen\/sap-agro-2021\/wp-json\/wp\/v2\/pages"}],"about":[{"href":"https:\/\/multimedia.uned.ac.cr\/ecen\/sap-agro-2021\/wp-json\/wp\/v2\/types\/page"}],"author":[{"embeddable":true,"href":"https:\/\/multimedia.uned.ac.cr\/ecen\/sap-agro-2021\/wp-json\/wp\/v2\/users\/6"}],"replies":[{"embeddable":true,"href":"https:\/\/multimedia.uned.ac.cr\/ecen\/sap-agro-2021\/wp-json\/wp\/v2\/comments?post=318"}],"version-history":[{"count":2,"href":"https:\/\/multimedia.uned.ac.cr\/ecen\/sap-agro-2021\/wp-json\/wp\/v2\/pages\/318\/revisions"}],"predecessor-version":[{"id":572,"href":"https:\/\/multimedia.uned.ac.cr\/ecen\/sap-agro-2021\/wp-json\/wp\/v2\/pages\/318\/revisions\/572"}],"wp:attachment":[{"href":"https:\/\/multimedia.uned.ac.cr\/ecen\/sap-agro-2021\/wp-json\/wp\/v2\/media?parent=318"}],"curies":[{"name":"wp","href":"https:\/\/api.w.org\/{rel}","templated":true}]}}