{"id":318,"date":"2020-10-26T01:43:18","date_gmt":"2020-10-26T01:43:18","guid":{"rendered":"https:\/\/multimedia.uned.ac.cr\/ecen\/sap-agro-2020\/?page_id=318"},"modified":"2020-10-26T01:43:18","modified_gmt":"2020-10-26T01:43:18","slug":"metodologia","status":"publish","type":"page","link":"https:\/\/multimedia.uned.ac.cr\/ecen\/sap-agro-2020\/metodologia\/","title":{"rendered":"Metodolog\u00eda"},"content":{"rendered":"\n<p>Se realizar\u00e1 un seminario virtual sincr\u00f3nico a trav\u00e9s de la herramienta virtual Zoom<sup> \u00ae<\/sup>, en el cual los participantes ingresar\u00e1n, en primera instancia, a la Sala 0 en la cual se desarrollar\u00e1 de forma general un acto protocolario y dos charlas con contenidos transversales y vigentes para la producci\u00f3n agr\u00edcola y la producci\u00f3n pecuaria.<\/p>\n\n\n\n<p>Posteriormente, se har\u00e1 una separaci\u00f3n virtual de la Sala 0 a la Subsalas seg\u00fan \u00e1rea de especialidad e inter\u00e9s de los participantes, en la sub-sala 1 se desarrollar\u00e1n los temas especializados en la Producci\u00f3n Agr\u00edcola y a la sub-sala 2 los relacionados con la Producci\u00f3n Animal.<\/p>\n\n\n\n<p>En cada una de las sub salas se realizar\u00e1 una bienvenida a los participantes y, posteriormente, se desarrollar\u00e1n dos conferencias t\u00e9cnicas las cuales fueron planteadas y validadas tanto por la comisi\u00f3n como por el personal acad\u00e9mico del programa de Ingenier\u00eda Agron\u00f3mica. &nbsp;Cada una de las conferencias dispondr\u00e1 de 20 minutos de tiempo efectivo y un segmento de 10 minutos para realimentar la participaci\u00f3n, para un total de 30 minutos por conferencia. En el caso de las conferencias impartidas por expertos internacionales, se dispondr\u00e1 de 45 minutos de tiempo total.<\/p>\n\n\n\n<p>Para la clausura del Seminario, se desarrollar\u00e1 un panel de discusi\u00f3n moderado por un profesional en el \u00e1rea y tres especialistas para fundamentar los retos y oportunidades del sector agropecuario desde la perspectiva de la academia, as\u00ed como graduados de la carrera con experiencia en emprendimientos y sector productivo en general. Este panel de discusi\u00f3n tendr\u00e1 una duraci\u00f3n de 30 minutos.<\/p>\n\n\n\n<p>Cada participante del panel de discusi\u00f3n cuenta con 5 minutos para realizar su intervenci\u00f3n, 5 minutos para que el moderador realice una s\u00edntesis de las intervenciones y 5 minutos para intervenci\u00f3n del p\u00fablico en general.<\/p>\n","protected":false},"excerpt":{"rendered":"<p>Se realizar\u00e1 un seminario virtual sincr\u00f3nico a trav\u00e9s de la herramienta virtual Zoom \u00ae, en el cual los participantes ingresar\u00e1n, en primera instancia, a la Sala 0 en la cual se desarrollar\u00e1 de forma general un acto protocolario y dos charlas con contenidos transversales y vigentes para la producci\u00f3n agr\u00edcola y la producci\u00f3n pecuaria. Posteriormente, se har\u00e1 una separaci\u00f3n virtual de la Sala 0 a la Subsalas seg\u00fan \u00e1rea de especialidad e inter\u00e9s de los participantes, en la sub-sala 1 se desarrollar\u00e1n los temas especializados en la Producci\u00f3n Agr\u00edcola y a la sub-sala 2 los relacionados con la Producci\u00f3n Animal.\u2026<\/p>\n","protected":false},"author":6,"featured_media":0,"parent":0,"menu_order":0,"comment_status":"closed","ping_status":"closed","template":"","meta":{"_acf_changed":false,"_monsterinsights_skip_tracking":false,"_monsterinsights_sitenote_active":false,"_monsterinsights_sitenote_note":"","_monsterinsights_sitenote_category":0,"_coblocks_attr":"","_coblocks_dimensions":"","_coblocks_responsive_height":"","_coblocks_accordion_ie_support":"","footnotes":""},"class_list":["post-318","page","type-page","status-publish","hentry"],"acf":[],"_links":{"self":[{"href":"https:\/\/multimedia.uned.ac.cr\/ecen\/sap-agro-2020\/wp-json\/wp\/v2\/pages\/318","targetHints":{"allow":["GET"]}}],"collection":[{"href":"https:\/\/multimedia.uned.ac.cr\/ecen\/sap-agro-2020\/wp-json\/wp\/v2\/pages"}],"about":[{"href":"https:\/\/multimedia.uned.ac.cr\/ecen\/sap-agro-2020\/wp-json\/wp\/v2\/types\/page"}],"author":[{"embeddable":true,"href":"https:\/\/multimedia.uned.ac.cr\/ecen\/sap-agro-2020\/wp-json\/wp\/v2\/users\/6"}],"replies":[{"embeddable":true,"href":"https:\/\/multimedia.uned.ac.cr\/ecen\/sap-agro-2020\/wp-json\/wp\/v2\/comments?post=318"}],"version-history":[{"count":1,"href":"https:\/\/multimedia.uned.ac.cr\/ecen\/sap-agro-2020\/wp-json\/wp\/v2\/pages\/318\/revisions"}],"predecessor-version":[{"id":319,"href":"https:\/\/multimedia.uned.ac.cr\/ecen\/sap-agro-2020\/wp-json\/wp\/v2\/pages\/318\/revisions\/319"}],"wp:attachment":[{"href":"https:\/\/multimedia.uned.ac.cr\/ecen\/sap-agro-2020\/wp-json\/wp\/v2\/media?parent=318"}],"curies":[{"name":"wp","href":"https:\/\/api.w.org\/{rel}","templated":true}]}}