{"id":103,"date":"2019-09-14T22:12:09","date_gmt":"2019-09-14T22:12:09","guid":{"rendered":"https:\/\/multimedia.uned.ac.cr\/ecen\/sap-ciencias-2019\/?page_id=103"},"modified":"2020-11-26T17:11:09","modified_gmt":"2020-11-26T17:11:09","slug":"programa","status":"publish","type":"page","link":"https:\/\/multimedia.uned.ac.cr\/ecen\/sap-agro-2020\/programa\/","title":{"rendered":"Agenda"},"content":{"rendered":"\n<h2 class=\"has-custom-size wp-block-heading\" style=\"font-size:25px\">Sala 0 General <\/h2>\n\n\n\n<p><\/p>\n\n\n\n<figure class=\"wp-block-table aligncenter agenda is-style-stripes\"><table class=\"has-subtle-pale-blue-background-color has-background\"><tbody><tr><td><strong>Horario <\/strong><\/td><td><strong>Actividad <\/strong><\/td><td><strong>Responsable<\/strong><\/td><\/tr><tr><td>8:00 &#8211; 8:30<\/td><td>Recepci\u00f3n de personas participantes seg\u00fan lista confirmada<\/td><td>Sra. Catalina Vargas Meneses<\/td><\/tr><tr><td>8:30 &#8211; 8:45<\/td><td>Apertura <br>Proyecci\u00f3n video \u201cCarrera Ingenier\u00eda Agron\u00f3mica hoy\u201d<br>Bienvenida <\/td><td>Sra. Guisella Vargas Vargas<br>Directora de la Escuela de Ciencias Exactas y Naturales <\/td><\/tr><tr><td>8:45 &#8211; 9:15<\/td><td><strong>Charla 1. <\/strong>Contextualizaci\u00f3n del Sector Agropecuario actual ante el COVID19.<\/td><td>Sr. Ricardo Quesada Salas, <br>Analista de la Secretar\u00eda ejecutiva de Planificaci\u00f3n Sectorial Agropecuaria<\/td><\/tr><tr><td>9:15 &#8211; 9:45  <\/td><td><strong>Charla 2. <\/strong>Transformaci\u00f3n Digital del Agronegocio.<\/td><td>Sr. Edwin Aguilar S\u00e1nchez<\/td><\/tr><tr><td><\/td><td><em><strong>Personal de Apoyo Log\u00edstico<\/strong><\/em><\/td><td><em><strong>Sra. Catalina Vargas Meneses<\/strong><\/em><\/td><\/tr><\/tbody><\/table><\/figure>\n\n\n\n<p><strong>Sala 1<\/strong> <strong>Producci\u00f3n Agr\u00edcola<\/strong><\/p>\n\n\n\n<figure class=\"wp-block-table is-style-stripes\"><table class=\"has-subtle-pale-blue-background-color has-background\"><tbody><tr><td><strong>Horario<\/strong><\/td><td><strong>Actividad <\/strong><\/td><td><strong>Responsable<\/strong><\/td><\/tr><tr><td>9:45 &#8211; 10:15<\/td><td>Recepci\u00f3n de personas participantes seg\u00fan lista confirmada<\/td><td>Sra. Laura S\u00e1nchez Calvo, Encargada de C\u00e1tedra de Investigaci\u00f3n, Extensi\u00f3n y Tecnolog\u00eda Agropecuaria<\/td><\/tr><tr><td>10:15 &#8211; 10:45<\/td><td><strong>Charla 3. <\/strong>Captura de carbono en un sistema agr\u00edcola<\/td><td>Sr. Andr\u00e9s Z\u00fa\u00f1iga Orozco, Encargado de C\u00e1tedra de&nbsp; Producci\u00f3n Agr\u00edcola<\/td><\/tr><tr><td>10:45-11:30<\/td><td><strong>Charla 4<\/strong>. Caso Exitoso: producci\u00f3n y comercializaci\u00f3n de caf\u00e9 gourmet<\/td><td>Sr. Ricardo Azofeifa Mora, Agroempresario<\/td><\/tr><tr><td>11:30-12:00 <\/td><td><strong>Panel de Discusi\u00f3n: <\/strong>\u201cRetos y Oportunidades del Sector Agropecuario Costarricense\u201d<\/td><td><strong>Moderador: &nbsp;<\/strong><br>\u2022Sr. Marco C\u00f3rdoba C\u00fabillo, Encargado de C\u00e1tedra de Gesti\u00f3n Empresarial &nbsp;Agropecuaria<br><br><strong>Participantes:<\/strong><br>\u2022Sr. Maikol \u00c1lvarez Egresado- Emprendedor<br>\u2022Sr. Wagner Pe\u00f1a Cordero, Encargado de C\u00e1tedra de Gesti\u00f3n Sostenible del Suelo<br>\u2022Sra. Patricia Oreamuno Fonseca, Programa EMPRENDE RURAL<\/td><\/tr><tr><td><\/td><td><em><strong>Personal de Apoyo Log\u00edstico<\/strong><\/em><\/td><td><em><strong>Sra. Priscila Morales C\u00f3rdoba<\/strong><\/em><\/td><\/tr><\/tbody><\/table><\/figure>\n\n\n\n<p><strong>Sala 2 Producci\u00f3n Pecuaria<\/strong><\/p>\n\n\n\n<figure class=\"wp-block-table is-style-stripes\"><table class=\"has-subtle-pale-blue-background-color has-background\"><tbody><tr><td><strong>Horario<\/strong><\/td><td><strong>Actividad<\/strong><\/td><td><strong>Responsable<\/strong><\/td><\/tr><tr><td>9:45 &#8211; 10:15 <\/td><td>Recepci\u00f3n de personas participantes seg\u00fan lista confirmada<\/td><td>Sra. Karla Montero Jara, Encargada de Carrera Ingenier\u00eda Agron\u00f3mica<\/td><\/tr><tr><td>10:15 &#8211; 11:00<\/td><td><strong>Charla 3. <\/strong>Salud animal en sistemas agrosilvopastoriles  <\/td><td>Sr. Fernando Dutra Quintela, Ministerio de Ganader\u00eda, Agricultura y Pesca, Uruguay<\/td><\/tr><tr><td>11:00-11:40<\/td><td><strong>Charla 4. <\/strong>T\u00e9cnicas de extensi\u00f3n para la adopci\u00f3n tecnol\u00f3gica pecuaria.<\/td><td>Sr. Ricardo Guill\u00e9n Montero, Direcci\u00f3n de Desarrollo Central Sur, Ministerio de Agricultura y Ganader\u00eda<\/td><\/tr><tr><td>11:40-12:10 <\/td><td><strong>Panel de Discusi\u00f3n: <\/strong>\u201cRetos y Oportunidades del Sector Agropecuario Costarricense\u201d.<\/td><td><strong>Moderador:<\/strong><br>\u2022Sr. Alfonso Rey Corrales, Encargado de C\u00e1tedra de&nbsp; Producci\u00f3n Animal<br><strong>Participantes:<\/strong><br>\u2022Sr. Christian Arias Hidalgo, Extensionista del MAG<br>\u2022Sra. Adriana Villalobos, Coordinadora del Programa de Gesti\u00f3n Local <br>\u2022Sr. Andr\u00e9s Cart\u00edn Rojas, Tutor de C\u00e1tedra<\/td><\/tr><tr><td><\/td><td><em><strong>Personal de Apoyo Log\u00edstico<\/strong><\/em><\/td><td><strong>Sra. Karla Mora Rivera<\/strong><\/td><\/tr><\/tbody><\/table><\/figure>\n","protected":false},"excerpt":{"rendered":"<p>Sala 0 General Horario Actividad Responsable 8:00 &#8211; 8:30 Recepci\u00f3n de personas participantes seg\u00fan lista confirmada Sra. Catalina Vargas Meneses 8:30 &#8211; 8:45 Apertura Proyecci\u00f3n video \u201cCarrera Ingenier\u00eda Agron\u00f3mica hoy\u201dBienvenida Sra. Guisella Vargas VargasDirectora de la Escuela de Ciencias Exactas y Naturales 8:45 &#8211; 9:15 Charla 1. Contextualizaci\u00f3n del Sector Agropecuario actual ante el COVID19. Sr. Ricardo Quesada Salas, Analista de la Secretar\u00eda ejecutiva de Planificaci\u00f3n Sectorial Agropecuaria 9:15 &#8211; 9:45 Charla 2. Transformaci\u00f3n Digital del Agronegocio. Sr. Edwin Aguilar S\u00e1nchez Personal de Apoyo Log\u00edstico Sra. Catalina Vargas Meneses Sala 1 Producci\u00f3n Agr\u00edcola Horario Actividad Responsable 9:45 &#8211; 10:15 Recepci\u00f3n\u2026<\/p>\n","protected":false},"author":6,"featured_media":0,"parent":0,"menu_order":0,"comment_status":"closed","ping_status":"closed","template":"","meta":{"_acf_changed":false,"_monsterinsights_skip_tracking":false,"_monsterinsights_sitenote_active":false,"_monsterinsights_sitenote_note":"","_monsterinsights_sitenote_category":0,"_coblocks_attr":"","_coblocks_dimensions":"","_coblocks_responsive_height":"","_coblocks_accordion_ie_support":"","footnotes":""},"class_list":["post-103","page","type-page","status-publish","hentry"],"acf":[],"_links":{"self":[{"href":"https:\/\/multimedia.uned.ac.cr\/ecen\/sap-agro-2020\/wp-json\/wp\/v2\/pages\/103","targetHints":{"allow":["GET"]}}],"collection":[{"href":"https:\/\/multimedia.uned.ac.cr\/ecen\/sap-agro-2020\/wp-json\/wp\/v2\/pages"}],"about":[{"href":"https:\/\/multimedia.uned.ac.cr\/ecen\/sap-agro-2020\/wp-json\/wp\/v2\/types\/page"}],"author":[{"embeddable":true,"href":"https:\/\/multimedia.uned.ac.cr\/ecen\/sap-agro-2020\/wp-json\/wp\/v2\/users\/6"}],"replies":[{"embeddable":true,"href":"https:\/\/multimedia.uned.ac.cr\/ecen\/sap-agro-2020\/wp-json\/wp\/v2\/comments?post=103"}],"version-history":[{"count":38,"href":"https:\/\/multimedia.uned.ac.cr\/ecen\/sap-agro-2020\/wp-json\/wp\/v2\/pages\/103\/revisions"}],"predecessor-version":[{"id":522,"href":"https:\/\/multimedia.uned.ac.cr\/ecen\/sap-agro-2020\/wp-json\/wp\/v2\/pages\/103\/revisions\/522"}],"wp:attachment":[{"href":"https:\/\/multimedia.uned.ac.cr\/ecen\/sap-agro-2020\/wp-json\/wp\/v2\/media?parent=103"}],"curies":[{"name":"wp","href":"https:\/\/api.w.org\/{rel}","templated":true}]}}