{"id":101,"date":"2019-09-14T22:11:58","date_gmt":"2019-09-14T22:11:58","guid":{"rendered":"https:\/\/multimedia.uned.ac.cr\/ecen\/sap-ciencias-2019\/?page_id=101"},"modified":"2020-11-06T15:18:01","modified_gmt":"2020-11-06T15:18:01","slug":"inicio","status":"publish","type":"page","link":"https:\/\/multimedia.uned.ac.cr\/ecen\/sap-agro-2020\/","title":{"rendered":"Descripci\u00f3n del evento"},"content":{"rendered":"\n<p>El Seminario de Actualizaci\u00f3n Profesional \u201cRetos y Oportunidades del Sector Agropecuario Costarricense\u201d, responde al escenario actual del sector primario de nuestro pa\u00eds, el cual actualmente enfrenta una serie de situaciones que dificultan el crecimiento y posicionamiento de las unidades productivas agropecuarias. Retos como altos costos productivos, cambios clim\u00e1ticos, plagas y enfermedades, dif\u00edcil acceso a cr\u00e9ditos, relevo generacional, cambios en los gustos y preferencias de los consumidores, han hecho que los involucrados con el sector agropecuario demanden acciones estrat\u00e9gicas hacia la mejora continua y la sostenibilidad de los procesos productivos, comerciales y financieros de las agroempresas (Alfaro y Vindas, 2019).<\/p>\n\n\n\n<p>Con base en lo anterior, los actores nacionales e internacionales han generado una serie de oportunidades que deben ser aprovechadas y maximizadas por las unidades productivas, tales como apertura comercial, posicionamiento en mercados internacionales con productos tradicionales, crecimiento de exportaci\u00f3n de productos promisorios, certificaciones nacionales e internacionales, aumento de producciones sosteniblemente inteligentes, entre otras, lo cual ha permitido la mejora de la calidad de vida de productores y el crecimiento de la empleabilidad especialmente en las zonas rurales del pa\u00eds (Alvarado y Chen, 2006).<\/p>\n\n\n\n<p>Este Seminario genera un espacio adecuado para que las personas egresadas compartan sus criterios y experiencias con personal que se desempe\u00f1a en la Academia, la Institucionalidad y el Sector Productivo Agropecuario, con el prop\u00f3sito de actualizar e incentivar a trav\u00e9s de tem\u00e1tica, su desempe\u00f1o a nivel profesional.<\/p>\n\n\n\n<p><strong>Objetivos:<\/strong><\/p>\n\n\n\n<ol class=\"wp-block-list\"><li>Analizar los retos y oportunidades del sector agropecuario con base en la situaci\u00f3n actual del pa\u00eds, mediante el desarrollo de charlas virtuales sincr\u00f3nicas que integren dichos t\u00f3picos con la actualizaci\u00f3n profesional de las personas egresadas de la carrera.<\/li><li>Fortalecer la interacci\u00f3n entre las personas graduadas de la Carrera de Ingenier\u00eda Agron\u00f3mica para el intercambio de experiencias e iniciativas de colaboraci\u00f3n en pro del bienestar del Sector Agropecuario.<\/li><li>Fomentar la pertenencia de las personas graduadas de la Carrera de Ingenier\u00eda Agron\u00f3mica mediante la comunicaci\u00f3n efectiva y constante con el programa de actualizaci\u00f3n profesional de dicha carrera.<\/li><\/ol>\n","protected":false},"excerpt":{"rendered":"<p>El Seminario de Actualizaci\u00f3n Profesional \u201cRetos y Oportunidades del Sector Agropecuario Costarricense\u201d, responde al escenario actual del sector primario de nuestro pa\u00eds, el cual actualmente enfrenta una serie de situaciones que dificultan el crecimiento y posicionamiento de las unidades productivas agropecuarias. Retos como altos costos productivos, cambios clim\u00e1ticos, plagas y enfermedades, dif\u00edcil acceso a cr\u00e9ditos, relevo generacional, cambios en los gustos y preferencias de los consumidores, han hecho que los involucrados con el sector agropecuario demanden acciones estrat\u00e9gicas hacia la mejora continua y la sostenibilidad de los procesos productivos, comerciales y financieros de las agroempresas (Alfaro y Vindas, 2019). Con\u2026<\/p>\n","protected":false},"author":6,"featured_media":0,"parent":0,"menu_order":0,"comment_status":"closed","ping_status":"closed","template":"","meta":{"_acf_changed":false,"_monsterinsights_skip_tracking":false,"_monsterinsights_sitenote_active":false,"_monsterinsights_sitenote_note":"","_monsterinsights_sitenote_category":0,"_coblocks_attr":"Arial","_coblocks_dimensions":"","_coblocks_responsive_height":"","_coblocks_accordion_ie_support":"","footnotes":""},"class_list":["post-101","page","type-page","status-publish","hentry"],"acf":[],"_links":{"self":[{"href":"https:\/\/multimedia.uned.ac.cr\/ecen\/sap-agro-2020\/wp-json\/wp\/v2\/pages\/101","targetHints":{"allow":["GET"]}}],"collection":[{"href":"https:\/\/multimedia.uned.ac.cr\/ecen\/sap-agro-2020\/wp-json\/wp\/v2\/pages"}],"about":[{"href":"https:\/\/multimedia.uned.ac.cr\/ecen\/sap-agro-2020\/wp-json\/wp\/v2\/types\/page"}],"author":[{"embeddable":true,"href":"https:\/\/multimedia.uned.ac.cr\/ecen\/sap-agro-2020\/wp-json\/wp\/v2\/users\/6"}],"replies":[{"embeddable":true,"href":"https:\/\/multimedia.uned.ac.cr\/ecen\/sap-agro-2020\/wp-json\/wp\/v2\/comments?post=101"}],"version-history":[{"count":12,"href":"https:\/\/multimedia.uned.ac.cr\/ecen\/sap-agro-2020\/wp-json\/wp\/v2\/pages\/101\/revisions"}],"predecessor-version":[{"id":464,"href":"https:\/\/multimedia.uned.ac.cr\/ecen\/sap-agro-2020\/wp-json\/wp\/v2\/pages\/101\/revisions\/464"}],"wp:attachment":[{"href":"https:\/\/multimedia.uned.ac.cr\/ecen\/sap-agro-2020\/wp-json\/wp\/v2\/media?parent=101"}],"curies":[{"name":"wp","href":"https:\/\/api.w.org\/{rel}","templated":true}]}}