{"id":103,"date":"2019-09-14T22:12:09","date_gmt":"2019-09-14T22:12:09","guid":{"rendered":"https:\/\/multimedia.uned.ac.cr\/ecen\/sap-ciencias-2019\/?page_id=103"},"modified":"2019-11-04T20:28:10","modified_gmt":"2019-11-04T20:28:10","slug":"programa","status":"publish","type":"page","link":"https:\/\/multimedia.uned.ac.cr\/ecen\/sap-agro-2019\/programa\/","title":{"rendered":"Programa"},"content":{"rendered":"\n<h2 style=\"font-size:25px\" class=\"has-custom-size wp-block-heading\">Jueves 07 de noviembre 2019<\/h2>\n\n\n\n<p><strong>Lugar de la actvidad: INA Centro Nacional Especializado Agricultura Org\u00e1nica<\/strong>  <\/p>\n\n\n\n<p><\/p>\n\n\n\n<table class=\"wp-block-table aligncenter agenda is-style-agenda\"><tbody><tr><td>Horario <\/td><td><strong>Actividades<\/strong><\/td><\/tr><tr><td>07:00 &#8211; 08: 00<\/td><td>Traslado CeU San Jos\u00e9-INA La Chinchilla, Cartago<\/td><\/tr><tr><td>08:00 &#8211; 09:00<\/td><td>Registro de participantes e Inauguraci\u00f3n <\/td><\/tr><tr><td>09:30 &#8211; 11:30 <\/td><td><strong>Exposiciones en campo:<\/strong><br><br><strong>Estaci\u00f3n 1: <\/strong>Herramientas para la agricultura de precisi\u00f3n <br><strong>Estaci\u00f3n 2:<\/strong> Insumos alternativos para el manejo agroecol\u00f3gico de la producci\u00f3n agropecuaria<br><strong>Estaci\u00f3n 3:<\/strong> Gesti\u00f3n del recurso h\u00eddrico y ed\u00e1fico <br><strong>Estaci\u00f3n 4:<\/strong> Bases pr\u00e1cticas para la gesti\u00f3n de residuos de actividades agr\u00edcolas <br><\/td><\/tr><tr><td>11:30 &#8211; 13:00<\/td><td><strong>Regreso desde&nbsp;las estaciones de campo&nbsp;y&nbsp;almuerzo<\/strong><\/td><\/tr><tr><td>13:00 &#8211; 14:30<\/td><td><strong>Mesa Redonda <\/strong>\u201cInnovaci\u00f3n Agropecuaria\u201d<br>Moderador: Ing. Marco A. C\u00f3rdoba &nbsp;&nbsp;<br>Encargado de C\u00e1tedra Gesti\u00f3n Empresarial Agropecuaria<\/td><\/tr><tr><td>14:30 &#8211; 15:00 <\/td><td><strong>Cierre y regreso CeU San Jos\u00e9<\/strong><\/td><\/tr><\/tbody><\/table>\n\n\n\n<h3 class=\"wp-block-heading\">Ubicaci\u00f3n: <\/h3>\n\n\n\n<div style=\"min-height:400px\" data-map-attr=\"\/qaddress\/q:\/q1.5km este del puente Bailey, carretera al Volc\u00e1n Iraz\u00fa, La Chinchilla, Oreamuno, 219, Provincia de Cartago\/q||\/qlat\/q:\/qundefined\/q||\/qlng\/q:\/qundefined\/q||\/qskin\/q:\/qstandard\/q||\/qzoom\/q:\/q12\/q||\/qiconSize\/q:\/q36\/q||\/qmapTypeControl\/q:\/qtrue\/q||\/qzoomControl\/q:\/qtrue\/q||\/qstreetViewControl\/q:\/qtrue\/q||\/qfullscreenControl\/q:\/qtrue\/q\" class=\"wp-block-coblocks-map\"><iframe title=\"Google Map\" frameborder=\"0\" style=\"width:100%;min-height:400px\" src=\"https:\/\/www.google.com\/maps?q=1.5km%20este%20del%20puente%20Bailey%2C%20carretera%20al%20Volc%C3%A1n%20Iraz%C3%BA%2C%20La%20Chinchilla%2C%20Oreamuno%2C%20219%2C%20Provincia%20de%20Cartago&amp;output=embed&amp;hl=es-CR&amp;z=12\"><\/iframe><\/div>\n","protected":false},"excerpt":{"rendered":"<p>Jueves 07 de noviembre 2019 Lugar de la actvidad: INA Centro Nacional Especializado Agricultura Org\u00e1nica Horario Actividades 07:00 &#8211; 08: 00 Traslado CeU San Jos\u00e9-INA La Chinchilla, Cartago 08:00 &#8211; 09:00 Registro de participantes e Inauguraci\u00f3n 09:30 &#8211; 11:30 Exposiciones en campo: Estaci\u00f3n 1: Herramientas para la agricultura de precisi\u00f3n Estaci\u00f3n 2: Insumos alternativos para el manejo agroecol\u00f3gico de la producci\u00f3n agropecuariaEstaci\u00f3n 3: Gesti\u00f3n del recurso h\u00eddrico y ed\u00e1fico Estaci\u00f3n 4: Bases pr\u00e1cticas para la gesti\u00f3n de residuos de actividades agr\u00edcolas 11:30 &#8211; 13:00 Regreso desde&nbsp;las estaciones de campo&nbsp;y&nbsp;almuerzo 13:00 &#8211; 14:30 Mesa Redonda \u201cInnovaci\u00f3n Agropecuaria\u201dModerador: Ing. Marco A. C\u00f3rdoba\u2026<\/p>\n","protected":false},"author":6,"featured_media":0,"parent":0,"menu_order":0,"comment_status":"closed","ping_status":"closed","template":"","meta":{"_acf_changed":false,"_monsterinsights_skip_tracking":false,"_monsterinsights_sitenote_active":false,"_monsterinsights_sitenote_note":"","_monsterinsights_sitenote_category":0,"_coblocks_attr":"","_coblocks_dimensions":"","_coblocks_responsive_height":"","_coblocks_accordion_ie_support":"","footnotes":""},"class_list":["post-103","page","type-page","status-publish","hentry"],"acf":[],"_links":{"self":[{"href":"https:\/\/multimedia.uned.ac.cr\/ecen\/sap-agro-2019\/wp-json\/wp\/v2\/pages\/103","targetHints":{"allow":["GET"]}}],"collection":[{"href":"https:\/\/multimedia.uned.ac.cr\/ecen\/sap-agro-2019\/wp-json\/wp\/v2\/pages"}],"about":[{"href":"https:\/\/multimedia.uned.ac.cr\/ecen\/sap-agro-2019\/wp-json\/wp\/v2\/types\/page"}],"author":[{"embeddable":true,"href":"https:\/\/multimedia.uned.ac.cr\/ecen\/sap-agro-2019\/wp-json\/wp\/v2\/users\/6"}],"replies":[{"embeddable":true,"href":"https:\/\/multimedia.uned.ac.cr\/ecen\/sap-agro-2019\/wp-json\/wp\/v2\/comments?post=103"}],"version-history":[{"count":18,"href":"https:\/\/multimedia.uned.ac.cr\/ecen\/sap-agro-2019\/wp-json\/wp\/v2\/pages\/103\/revisions"}],"predecessor-version":[{"id":311,"href":"https:\/\/multimedia.uned.ac.cr\/ecen\/sap-agro-2019\/wp-json\/wp\/v2\/pages\/103\/revisions\/311"}],"wp:attachment":[{"href":"https:\/\/multimedia.uned.ac.cr\/ecen\/sap-agro-2019\/wp-json\/wp\/v2\/media?parent=103"}],"curies":[{"name":"wp","href":"https:\/\/api.w.org\/{rel}","templated":true}]}}