{"id":101,"date":"2019-09-14T22:11:58","date_gmt":"2019-09-14T22:11:58","guid":{"rendered":"https:\/\/multimedia.uned.ac.cr\/ecen\/sap-ciencias-2019\/?page_id=101"},"modified":"2019-10-11T15:09:08","modified_gmt":"2019-10-11T15:09:08","slug":"inicio","status":"publish","type":"page","link":"https:\/\/multimedia.uned.ac.cr\/ecen\/sap-agro-2019\/","title":{"rendered":"Descripci\u00f3n del evento"},"content":{"rendered":"\n<p>El contexto actual del Sector Agropecuario\ndemanda la implementaci\u00f3n de nuevas herramientas y estrategias novedosas que\nfavorezcan la producci\u00f3n agropecuaria sostenible, aumentando el rendimiento de\nlos procesos y la calidad de los productos al tiempo que reduce los recursos\nempleados para favorecer la competitividad del sector.<\/p>\n\n\n\n<p>Con base en lo anterior, la Escuela de Ciencias\nExactas y Naturales de la Universidad Estatal a Distancia se complace en\ninvitar a la comunidad universitaria al <strong>I Seminario de Actualizaci\u00f3n\nProfesional (SAP) de la carrera de Ingenier\u00eda Agron\u00f3mica<\/strong> que tendr\u00e1\nlugar en el Centro Nacional Especializado de Agricultura Org\u00e1nica del\nINA&nbsp;en La Chinchilla Cartago el 07 de noviembre del 2019 a partir de las\n8:00 a.m.<\/p>\n\n\n\n<p>Dicho seminario tiene como principal objetivo actualizar el perfil profesional de las personas graduadas de la carrera mediante actividades pr\u00e1cticas y participativas sobre tem\u00e1ticas de gesti\u00f3n del recurso h\u00eddrico, agricultura de precisi\u00f3n, gesti\u00f3n de residuos biodegradables e insumos agroecol\u00f3gicos alternativos.<\/p>\n\n\n\n<p>As\u00ed mismo, esta iniciativa pretende incentivar\na las personas participantes para que formen parte de un proceso de desarrollo\ny perfeccionamiento de los conocimientos adquiridos dentro de su formaci\u00f3n\nprofesional, por medio de esta plataforma para el intercambio de informaci\u00f3n\ncient\u00edfica. <\/p>\n\n\n\n<p>Se ha determinado que el proceso de aprendizaje\nno acaba con la graduaci\u00f3n de sus profesionales, sino que contin\u00faa con el reto\nindispensable de ofertar formaci\u00f3n y ampliar los conocimientos de los mismos,\nmediante <strong>capacitaciones de actualizaci\u00f3n profesional <\/strong>que\nampl\u00eden el conocimiento de nuevas t\u00e9cnicas y tecnolog\u00edas y as\u00ed brinden una\nperspectiva moderna que contribuya con la labor de ofrecer seguridad\nalimentaria, por tanto, les incentivamos a participar en el I SAP. <\/p>\n","protected":false},"excerpt":{"rendered":"<p>El contexto actual del Sector Agropecuario demanda la implementaci\u00f3n de nuevas herramientas y estrategias novedosas que favorezcan la producci\u00f3n agropecuaria sostenible, aumentando el rendimiento de los procesos y la calidad de los productos al tiempo que reduce los recursos empleados para favorecer la competitividad del sector. Con base en lo anterior, la Escuela de Ciencias Exactas y Naturales de la Universidad Estatal a Distancia se complace en invitar a la comunidad universitaria al I Seminario de Actualizaci\u00f3n Profesional (SAP) de la carrera de Ingenier\u00eda Agron\u00f3mica que tendr\u00e1 lugar en el Centro Nacional Especializado de Agricultura Org\u00e1nica del INA&nbsp;en La Chinchilla\u2026<\/p>\n","protected":false},"author":6,"featured_media":0,"parent":0,"menu_order":0,"comment_status":"closed","ping_status":"closed","template":"","meta":{"_acf_changed":false,"_monsterinsights_skip_tracking":false,"_monsterinsights_sitenote_active":false,"_monsterinsights_sitenote_note":"","_monsterinsights_sitenote_category":0,"_coblocks_attr":"Arial","_coblocks_dimensions":"","_coblocks_responsive_height":"","_coblocks_accordion_ie_support":"","footnotes":""},"class_list":["post-101","page","type-page","status-publish","hentry"],"acf":[],"_links":{"self":[{"href":"https:\/\/multimedia.uned.ac.cr\/ecen\/sap-agro-2019\/wp-json\/wp\/v2\/pages\/101","targetHints":{"allow":["GET"]}}],"collection":[{"href":"https:\/\/multimedia.uned.ac.cr\/ecen\/sap-agro-2019\/wp-json\/wp\/v2\/pages"}],"about":[{"href":"https:\/\/multimedia.uned.ac.cr\/ecen\/sap-agro-2019\/wp-json\/wp\/v2\/types\/page"}],"author":[{"embeddable":true,"href":"https:\/\/multimedia.uned.ac.cr\/ecen\/sap-agro-2019\/wp-json\/wp\/v2\/users\/6"}],"replies":[{"embeddable":true,"href":"https:\/\/multimedia.uned.ac.cr\/ecen\/sap-agro-2019\/wp-json\/wp\/v2\/comments?post=101"}],"version-history":[{"count":7,"href":"https:\/\/multimedia.uned.ac.cr\/ecen\/sap-agro-2019\/wp-json\/wp\/v2\/pages\/101\/revisions"}],"predecessor-version":[{"id":328,"href":"https:\/\/multimedia.uned.ac.cr\/ecen\/sap-agro-2019\/wp-json\/wp\/v2\/pages\/101\/revisions\/328"}],"wp:attachment":[{"href":"https:\/\/multimedia.uned.ac.cr\/ecen\/sap-agro-2019\/wp-json\/wp\/v2\/media?parent=101"}],"curies":[{"name":"wp","href":"https:\/\/api.w.org\/{rel}","templated":true}]}}