{"id":602,"date":"2024-06-24T22:40:55","date_gmt":"2024-06-24T22:40:55","guid":{"rendered":"https:\/\/multimedia.uned.ac.cr\/ecen\/oiaq2024\/?page_id=602"},"modified":"2024-08-27T21:29:48","modified_gmt":"2024-08-27T21:29:48","slug":"organizadores-3","status":"publish","type":"page","link":"https:\/\/multimedia.uned.ac.cr\/ecen\/oiaq2024\/organizadores-3\/","title":{"rendered":"Organizadores y patrocinadores"},"content":{"rendered":"\n<p class=\"coblocks-animate\" data-coblocks-animation=\"slideInBottom\">Organizadores: <\/p>\n\n\n\n<figure class=\"wp-block-table aligncenter coblocks-animate\" data-coblocks-animation=\"slideInBottom\"><table><tbody><tr><td class=\"has-text-align-center\" data-align=\"center\"><img loading=\"lazy\" decoding=\"async\" width=\"150\" height=\"80\" class=\"wp-image-633\" style=\"width: 150px;\" src=\"https:\/\/multimedia.uned.ac.cr\/ecen\/oiaq2024\/wp-content\/uploads\/sites\/41\/2024\/06\/firma-promocional-con-texto-celeste.png\" alt=\"\"><\/td><td class=\"has-text-align-center\" data-align=\"center\"><a href=\"https:\/\/www.ucr.ac.cr\/directorio\/escuela-de-quimica.html\">Escuela de Qu\u00edmica, Universidad de Costa Rica. <\/a><\/td><\/tr><tr><td class=\"has-text-align-center\" data-align=\"center\"><img loading=\"lazy\" decoding=\"async\" width=\"150\" height=\"38\" class=\"wp-image-580\" style=\"width: 150px;\" src=\"https:\/\/multimedia.uned.ac.cr\/ecen\/oiaq2024\/wp-content\/uploads\/sites\/41\/2024\/06\/tec.png\" alt=\"\" srcset=\"https:\/\/multimedia.uned.ac.cr\/ecen\/oiaq2024\/wp-content\/uploads\/sites\/41\/2024\/06\/tec.png 447w, https:\/\/multimedia.uned.ac.cr\/ecen\/oiaq2024\/wp-content\/uploads\/sites\/41\/2024\/06\/tec-300x77.png 300w\" sizes=\"auto, (min-width: 900px) 600px, 900px\" \/><\/td><td class=\"has-text-align-center\" data-align=\"center\"><a href=\"https:\/\/www.tec.ac.cr\/escuela-quimica\">Escuela de Qu\u00edmica, Tecnol\u00f3gico de Costa Rica. <\/a><\/td><\/tr><tr><td class=\"has-text-align-center\" data-align=\"center\"><img loading=\"lazy\" decoding=\"async\" width=\"150\" height=\"138\" class=\"wp-image-579\" style=\"width: 150px;\" src=\"https:\/\/multimedia.uned.ac.cr\/ecen\/oiaq2024\/wp-content\/uploads\/sites\/41\/2024\/06\/Logo-de-la-UNA.jpg\" alt=\"\" srcset=\"https:\/\/multimedia.uned.ac.cr\/ecen\/oiaq2024\/wp-content\/uploads\/sites\/41\/2024\/06\/Logo-de-la-UNA.jpg 592w, https:\/\/multimedia.uned.ac.cr\/ecen\/oiaq2024\/wp-content\/uploads\/sites\/41\/2024\/06\/Logo-de-la-UNA-300x276.jpg 300w\" sizes=\"auto, (min-width: 900px) 600px, 900px\" \/><\/td><td class=\"has-text-align-center\" data-align=\"center\"><a href=\"https:\/\/www.quimica.una.ac.cr\/index.php\/servicios\/bienvenida\">Escuela de Qu\u00edmica, Universidad Nacional de Costa Rica. <\/a><\/td><\/tr><tr><td class=\"has-text-align-center\" data-align=\"center\"><img loading=\"lazy\" decoding=\"async\" width=\"150\" height=\"177\" class=\"wp-image-627\" style=\"width: 150px;\" src=\"https:\/\/multimedia.uned.ac.cr\/ecen\/oiaq2024\/wp-content\/uploads\/sites\/41\/2024\/06\/logo_uned_07-2.png\" alt=\"Universidad Estatal a Distancia\" srcset=\"https:\/\/multimedia.uned.ac.cr\/ecen\/oiaq2024\/wp-content\/uploads\/sites\/41\/2024\/06\/logo_uned_07-2.png 300w, https:\/\/multimedia.uned.ac.cr\/ecen\/oiaq2024\/wp-content\/uploads\/sites\/41\/2024\/06\/logo_uned_07-2-255x300.png 255w\" sizes=\"auto, (min-width: 900px) 600px, 900px\" \/><\/td><td class=\"has-text-align-center\" data-align=\"center\"><a href=\"https:\/\/uned.ac.cr\/\">C\u00e1tedra de Ciencias Qu\u00edmicas y Carrera de Ense\u00f1anza de las Ciencias Naturales, Universidad Estatal a Distancia. <\/a><\/td><\/tr><tr><td class=\"has-text-align-center\" data-align=\"center\"><img loading=\"lazy\" decoding=\"async\" width=\"150\" height=\"116\" class=\"wp-image-575\" style=\"width: 150px;\" src=\"https:\/\/multimedia.uned.ac.cr\/ecen\/oiaq2024\/wp-content\/uploads\/sites\/41\/2024\/06\/Logo-UTN.png\" alt=\"\" srcset=\"https:\/\/multimedia.uned.ac.cr\/ecen\/oiaq2024\/wp-content\/uploads\/sites\/41\/2024\/06\/Logo-UTN.png 1968w, https:\/\/multimedia.uned.ac.cr\/ecen\/oiaq2024\/wp-content\/uploads\/sites\/41\/2024\/06\/Logo-UTN-300x231.png 300w, https:\/\/multimedia.uned.ac.cr\/ecen\/oiaq2024\/wp-content\/uploads\/sites\/41\/2024\/06\/Logo-UTN-1024x789.png 1024w, https:\/\/multimedia.uned.ac.cr\/ecen\/oiaq2024\/wp-content\/uploads\/sites\/41\/2024\/06\/Logo-UTN-768x592.png 768w, https:\/\/multimedia.uned.ac.cr\/ecen\/oiaq2024\/wp-content\/uploads\/sites\/41\/2024\/06\/Logo-UTN-1536x1183.png 1536w\" sizes=\"auto, (min-width: 900px) 600px, 900px\" \/><\/td><td class=\"has-text-align-center\" data-align=\"center\"><a href=\"https:\/\/www.utn.ac.cr\/content\/vicerrector%C3%ADa-de-investigaci%C3%B3n-y-transferencia\">Vicerrector\u00eda de Investigaci\u00f3n y Transferencia, Universidad T\u00e9cnica Nacional. <\/a><\/td><\/tr><tr><td class=\"has-text-align-center\" data-align=\"center\"><img loading=\"lazy\" decoding=\"async\" width=\"150\" height=\"70\" class=\"wp-image-574\" style=\"width: 150px;\" src=\"https:\/\/multimedia.uned.ac.cr\/ecen\/oiaq2024\/wp-content\/uploads\/sites\/41\/2024\/06\/LOGOTIPO-LANOTEC2.png\" alt=\"\" srcset=\"https:\/\/multimedia.uned.ac.cr\/ecen\/oiaq2024\/wp-content\/uploads\/sites\/41\/2024\/06\/LOGOTIPO-LANOTEC2.png 597w, https:\/\/multimedia.uned.ac.cr\/ecen\/oiaq2024\/wp-content\/uploads\/sites\/41\/2024\/06\/LOGOTIPO-LANOTEC2-300x140.png 300w\" sizes=\"auto, (min-width: 900px) 600px, 900px\" \/><\/td><td class=\"has-text-align-center\" data-align=\"center\"><a href=\"https:\/\/lanotec.cenat.ac.cr\/es\/\">Laboratorio de Nanotecnolog\u00eda<\/a><\/td><\/tr><tr><td class=\"has-text-align-center\" data-align=\"center\"><img loading=\"lazy\" decoding=\"async\" width=\"150\" height=\"132\" class=\"wp-image-614\" style=\"width: 150px;\" src=\"https:\/\/multimedia.uned.ac.cr\/ecen\/oiaq2024\/wp-content\/uploads\/sites\/41\/2024\/06\/conare.png\" alt=\"\" srcset=\"https:\/\/multimedia.uned.ac.cr\/ecen\/oiaq2024\/wp-content\/uploads\/sites\/41\/2024\/06\/conare.png 422w, https:\/\/multimedia.uned.ac.cr\/ecen\/oiaq2024\/wp-content\/uploads\/sites\/41\/2024\/06\/conare-300x264.png 300w\" sizes=\"auto, (min-width: 900px) 600px, 900px\" \/><\/td><td class=\"has-text-align-center\" data-align=\"center\"><a href=\"https:\/\/www.conare.ac.cr\/\">Consejo Nacional de Rectores<\/a><\/td><\/tr><tr><td class=\"has-text-align-center\" data-align=\"center\"><img loading=\"lazy\" decoding=\"async\" width=\"310\" height=\"52\" class=\"wp-image-634\" style=\"width: 310px;\" src=\"https:\/\/multimedia.uned.ac.cr\/ecen\/oiaq2024\/wp-content\/uploads\/sites\/41\/2024\/06\/micitt.png\" alt=\"\" srcset=\"https:\/\/multimedia.uned.ac.cr\/ecen\/oiaq2024\/wp-content\/uploads\/sites\/41\/2024\/06\/micitt.png 848w, https:\/\/multimedia.uned.ac.cr\/ecen\/oiaq2024\/wp-content\/uploads\/sites\/41\/2024\/06\/micitt-300x51.png 300w, https:\/\/multimedia.uned.ac.cr\/ecen\/oiaq2024\/wp-content\/uploads\/sites\/41\/2024\/06\/micitt-768x130.png 768w\" sizes=\"auto, (min-width: 900px) 600px, 900px\" \/><\/td><td class=\"has-text-align-center\" data-align=\"center\"><a href=\"https:\/\/www.micitt.go.cr\/\">Ministerio de Ciencia, Innovaci\u00f3n, Tecnolog\u00eda y Telecomunicaciones. <\/a><\/td><\/tr><\/tbody><\/table><\/figure>\n\n\n\n<p class=\"coblocks-animate\" data-coblocks-animation=\"slideInBottom\">Patrocinadores:<\/p>\n\n\n<div class=\"wp-block-image\">\n<figure class=\"aligncenter size-full coblocks-animate has-lightbox\" data-coblocks-animation=\"slideInBottom\"><a href=\"https:\/\/tropicalstudies.org\/portfolio\/la-selva-research-station\/\"><img loading=\"lazy\" decoding=\"async\" width=\"237\" height=\"118\" src=\"https:\/\/multimedia.uned.ac.cr\/ecen\/oiaq2024\/wp-content\/uploads\/sites\/41\/2024\/06\/oet.png\" alt=\"\" class=\"wp-image-621\"\/><\/a><\/figure>\n<\/div>\n\n<div class=\"wp-block-image\">\n<figure class=\"aligncenter size-full is-resized coblocks-animate has-lightbox\" data-coblocks-animation=\"slideInBottom\"><a href=\"https:\/\/www.sarapiqui.go.cr\/\"><img loading=\"lazy\" decoding=\"async\" width=\"408\" height=\"153\" src=\"https:\/\/multimedia.uned.ac.cr\/ecen\/oiaq2024\/wp-content\/uploads\/sites\/41\/2024\/06\/muni.png\" alt=\"\" class=\"wp-image-622\" style=\"width:283px;height:auto\" srcset=\"https:\/\/multimedia.uned.ac.cr\/ecen\/oiaq2024\/wp-content\/uploads\/sites\/41\/2024\/06\/muni.png 408w, https:\/\/multimedia.uned.ac.cr\/ecen\/oiaq2024\/wp-content\/uploads\/sites\/41\/2024\/06\/muni-300x113.png 300w\" sizes=\"auto, (min-width: 900px) 600px, 900px\" \/><\/a><\/figure>\n<\/div>\n\n<div class=\"wp-block-image\">\n<figure class=\"aligncenter size-large is-resized coblocks-animate has-lightbox\" data-coblocks-animation=\"slideInBottom\"><a href=\"https:\/\/www.bancobct.com\/\"><img loading=\"lazy\" decoding=\"async\" width=\"1024\" height=\"443\" src=\"https:\/\/multimedia.uned.ac.cr\/ecen\/oiaq2024\/wp-content\/uploads\/sites\/41\/2024\/06\/bct-1024x443.png\" alt=\"\" class=\"wp-image-620\" style=\"width:245px;height:auto\" srcset=\"https:\/\/multimedia.uned.ac.cr\/ecen\/oiaq2024\/wp-content\/uploads\/sites\/41\/2024\/06\/bct-1024x443.png 1024w, https:\/\/multimedia.uned.ac.cr\/ecen\/oiaq2024\/wp-content\/uploads\/sites\/41\/2024\/06\/bct-300x130.png 300w, https:\/\/multimedia.uned.ac.cr\/ecen\/oiaq2024\/wp-content\/uploads\/sites\/41\/2024\/06\/bct-768x333.png 768w, https:\/\/multimedia.uned.ac.cr\/ecen\/oiaq2024\/wp-content\/uploads\/sites\/41\/2024\/06\/bct.png 1217w\" sizes=\"auto, (min-width: 900px) 600px, 900px\" \/><\/a><\/figure>\n<\/div>\n\n\n<p class=\"has-text-align-center coblocks-animate\" data-coblocks-animation=\"clipHorizontal\"><\/p>\n\n\n<div class=\"wp-block-image\">\n<figure class=\"aligncenter size-large is-resized coblocks-animate\" data-coblocks-animation=\"slideInBottom\"><img loading=\"lazy\" decoding=\"async\" width=\"1024\" height=\"576\" src=\"https:\/\/multimedia.uned.ac.cr\/ecen\/oiaq2024\/wp-content\/uploads\/sites\/41\/2024\/08\/Premio-Experiences_plantilla-1024x576.png\" alt=\"\" class=\"wp-image-712\" style=\"width:516px;height:auto\" srcset=\"https:\/\/multimedia.uned.ac.cr\/ecen\/oiaq2024\/wp-content\/uploads\/sites\/41\/2024\/08\/Premio-Experiences_plantilla-1024x576.png 1024w, https:\/\/multimedia.uned.ac.cr\/ecen\/oiaq2024\/wp-content\/uploads\/sites\/41\/2024\/08\/Premio-Experiences_plantilla-300x169.png 300w, https:\/\/multimedia.uned.ac.cr\/ecen\/oiaq2024\/wp-content\/uploads\/sites\/41\/2024\/08\/Premio-Experiences_plantilla-768x432.png 768w, https:\/\/multimedia.uned.ac.cr\/ecen\/oiaq2024\/wp-content\/uploads\/sites\/41\/2024\/08\/Premio-Experiences_plantilla-1536x864.png 1536w, https:\/\/multimedia.uned.ac.cr\/ecen\/oiaq2024\/wp-content\/uploads\/sites\/41\/2024\/08\/Premio-Experiences_plantilla.png 1920w\" sizes=\"auto, (min-width: 900px) 600px, 900px\" \/><\/figure>\n<\/div>\n\n\n<p class=\"has-text-align-center coblocks-animate\" data-coblocks-animation=\"slideInBottom\"><strong><em>\u00bfQuieres ser patrocinador de este evento?<\/em><\/strong><\/p>\n\n\n<div class=\"wp-block-image\">\n<figure class=\"aligncenter size-large coblocks-animate\" data-coblocks-animation=\"slideInBottom\"><img loading=\"lazy\" decoding=\"async\" width=\"672\" height=\"1024\" src=\"https:\/\/multimedia.uned.ac.cr\/ecen\/oiaq2024\/wp-content\/uploads\/sites\/41\/2024\/06\/afiche_patrocinio-672x1024.png\" alt=\"\" class=\"wp-image-646\" srcset=\"https:\/\/multimedia.uned.ac.cr\/ecen\/oiaq2024\/wp-content\/uploads\/sites\/41\/2024\/06\/afiche_patrocinio-672x1024.png 672w, https:\/\/multimedia.uned.ac.cr\/ecen\/oiaq2024\/wp-content\/uploads\/sites\/41\/2024\/06\/afiche_patrocinio-197x300.png 197w, https:\/\/multimedia.uned.ac.cr\/ecen\/oiaq2024\/wp-content\/uploads\/sites\/41\/2024\/06\/afiche_patrocinio-768x1171.png 768w, https:\/\/multimedia.uned.ac.cr\/ecen\/oiaq2024\/wp-content\/uploads\/sites\/41\/2024\/06\/afiche_patrocinio-1008x1536.png 1008w, https:\/\/multimedia.uned.ac.cr\/ecen\/oiaq2024\/wp-content\/uploads\/sites\/41\/2024\/06\/afiche_patrocinio.png 1200w\" sizes=\"auto, (min-width: 900px) 600px, 900px\" \/><\/figure>\n<\/div>","protected":false},"excerpt":{"rendered":"<p>Organizadores: Escuela de Qu\u00edmica, Universidad de Costa Rica. Escuela de Qu\u00edmica, Tecnol\u00f3gico de Costa Rica. Escuela de Qu\u00edmica, Universidad Nacional de Costa Rica. C\u00e1tedra de Ciencias Qu\u00edmicas y Carrera de Ense\u00f1anza de las Ciencias Naturales, Universidad Estatal a Distancia. Vicerrector\u00eda de Investigaci\u00f3n y Transferencia, Universidad T\u00e9cnica Nacional. Laboratorio de Nanotecnolog\u00eda Consejo Nacional de Rectores Ministerio de Ciencia, Innovaci\u00f3n, Tecnolog\u00eda y Telecomunicaciones. Patrocinadores: \u00bfQuieres ser patrocinador de este evento?<\/p>\n","protected":false},"author":504,"featured_media":0,"parent":0,"menu_order":0,"comment_status":"closed","ping_status":"closed","template":"","meta":{"_acf_changed":false,"_monsterinsights_skip_tracking":false,"_monsterinsights_sitenote_active":false,"_monsterinsights_sitenote_note":"","_monsterinsights_sitenote_category":0,"_coblocks_attr":"","_coblocks_dimensions":"","_coblocks_responsive_height":"","_coblocks_accordion_ie_support":"","footnotes":""},"class_list":["post-602","page","type-page","status-publish","hentry"],"acf":[],"_links":{"self":[{"href":"https:\/\/multimedia.uned.ac.cr\/ecen\/oiaq2024\/wp-json\/wp\/v2\/pages\/602","targetHints":{"allow":["GET"]}}],"collection":[{"href":"https:\/\/multimedia.uned.ac.cr\/ecen\/oiaq2024\/wp-json\/wp\/v2\/pages"}],"about":[{"href":"https:\/\/multimedia.uned.ac.cr\/ecen\/oiaq2024\/wp-json\/wp\/v2\/types\/page"}],"author":[{"embeddable":true,"href":"https:\/\/multimedia.uned.ac.cr\/ecen\/oiaq2024\/wp-json\/wp\/v2\/users\/504"}],"replies":[{"embeddable":true,"href":"https:\/\/multimedia.uned.ac.cr\/ecen\/oiaq2024\/wp-json\/wp\/v2\/comments?post=602"}],"version-history":[{"count":14,"href":"https:\/\/multimedia.uned.ac.cr\/ecen\/oiaq2024\/wp-json\/wp\/v2\/pages\/602\/revisions"}],"predecessor-version":[{"id":714,"href":"https:\/\/multimedia.uned.ac.cr\/ecen\/oiaq2024\/wp-json\/wp\/v2\/pages\/602\/revisions\/714"}],"wp:attachment":[{"href":"https:\/\/multimedia.uned.ac.cr\/ecen\/oiaq2024\/wp-json\/wp\/v2\/media?parent=602"}],"curies":[{"name":"wp","href":"https:\/\/api.w.org\/{rel}","templated":true}]}}