{"id":6,"date":"2024-03-07T15:51:51","date_gmt":"2024-03-07T15:51:51","guid":{"rendered":"https:\/\/multimedia.uned.ac.cr\/ecen\/oiaq2024\/?page_id=6"},"modified":"2024-06-25T14:57:29","modified_gmt":"2024-06-25T14:57:29","slug":"informacion","status":"publish","type":"page","link":"https:\/\/multimedia.uned.ac.cr\/ecen\/oiaq2024\/informacion\/","title":{"rendered":"Informaci\u00f3n"},"content":{"rendered":"\n<p class=\"has-text-color has-background has-link-color has-medium-font-size wp-elements-7757be4b1ab6b940b43abc0f16bcb891\" style=\"color:#183d0e;background-color:#8cc74029\"><img loading=\"lazy\" decoding=\"async\" width=\"25\" height=\"33\" class=\"wp-image-531\" style=\"width: 25px;\" src=\"https:\/\/multimedia.uned.ac.cr\/ecen\/oiaq2024\/wp-content\/uploads\/sites\/41\/2024\/06\/cbotella.png\" alt=\"\"> <strong>Informaci\u00f3n General <\/strong><\/p>\n\n\n\n<p class=\"has-lato-font-family has-custom-font\" style=\"font-family:Lato;font-size:18px\"><mark style=\"background-color:rgba(0, 0, 0, 0)\" class=\"has-inline-color has-black-color\"><em><strong>Fecha:<\/strong><\/em> <\/mark>09 de octubre al 14 de octubre<\/p>\n\n\n\n<p class=\"has-lato-font-family has-custom-font\" style=\"font-family:Lato;font-size:18px\"><em><strong>Modalidad:<\/strong> <\/em>Presencial<\/p>\n\n\n\n<p class=\"has-lato-font-family has-custom-font\" style=\"font-family:Lato;font-size:18px\"><strong><em>Lugar:<\/em> <\/strong>Costa Rica<\/p>\n\n\n\n<p class=\"has-lato-font-family has-custom-font\" style=\"font-family:Lato;font-size:18px\"><em><strong>Costo de la delegaci\u00f3n:<\/strong> <\/em>$1000 USD (cuatro personas estudiantes y una persona jefa de delegaci\u00f3n)<\/p>\n\n\n\n<p class=\"has-lato-font-family has-custom-font\" style=\"font-family:Lato;font-size:18px\"><em><strong>Costo del mentor o observador cient\u00edfico extra: <\/strong><\/em>$1000 USD<\/p>\n\n\n\n<p class=\"has-lato-font-family has-custom-font\" style=\"font-family:Lato;font-size:18px\"><em><strong>Costo del acompa\u00f1ante:<\/strong><\/em><strong> <\/strong>$1200 USD<br><br><em><strong>Hospedaje:<\/strong><\/em> Estaci\u00f3n Biol\u00f3gica La Selva (OET) Sarapiqu\u00ed, Heredia<\/p>\n\n\n\n<p class=\"has-lato-font-family has-custom-font\" style=\"font-family:Lato;font-size:18px\"><em><strong>Sitio de acto de apertura:<\/strong><\/em> Ciudad de la Investigaci\u00f3n, San Jos\u00e9, Universidad de Costa Rica<\/p>\n\n\n\n<p class=\"has-lato-font-family has-custom-font\" style=\"font-family:Lato;font-size:18px\"><strong><em>Sitio de la prueba experimental:<\/em> <\/strong>Campus Omar Dengo, Escuela de Qu\u00edmica de la Universidad Nacional<\/p>\n\n\n\n<p class=\"has-lato-font-family has-custom-font\" style=\"font-family:Lato;font-size:18px\"><em><strong>Sito del acto de clausura:<\/strong><\/em><strong> <\/strong>Auditorio Clodomiro Picado de la Universidad Nacional<br><\/p>\n\n\n\n<p class=\"has-lato-font-family has-custom-font\" style=\"font-family:Lato;font-size:18px\"><br><\/p>\n\n\n\n<p class=\"has-text-color has-background has-link-color has-medium-font-size wp-elements-07005afcfe3744fa7062097cd5eb83b6\" style=\"color:#183d0e;background-color:#8cc74029\"><img loading=\"lazy\" decoding=\"async\" width=\"25\" height=\"29\" class=\"wp-image-530\" style=\"width: 25px;\" src=\"https:\/\/multimedia.uned.ac.cr\/ecen\/oiaq2024\/wp-content\/uploads\/sites\/41\/2024\/06\/catomo.png\" alt=\"\"> <strong>Recomendaciones <\/strong><\/p>\n\n\n\n<div class=\"wp-block-coblocks-accordion\">\n<div class=\"wp-block-coblocks-accordion-item\"><\/div>\n<\/div>\n\n\n\n<p class=\"has-lato-font-family has-custom-font\" style=\"font-family:Lato;font-size:18px\">1. Las personas organizadores del evento esperan ofrecer<strong>\u00a0transporte\u00a0<\/strong>desde el Aeropuerto Internacional Juan Santa Mar\u00eda el d\u00eda 9 de octubre y realizar los traslados correspondientes en las fechas del evento. Por favor confirmar horario de llegada al correo: wvillalobosg@uned.ac.cr<\/p>\n\n\n\n<p class=\"has-lato-font-family has-custom-font\" style=\"font-family:Lato;font-size:18px\">2. Octubre puede ser un mes&nbsp;<strong>muy lluvioso<\/strong>, se recomienda traer suficiente ropa, zapatos cerrados e impermeables.<\/p>\n\n\n\n<p class=\"has-lato-font-family has-custom-font\" style=\"font-family:Lato;font-size:18px\">3. La Estaci\u00f3n Biol\u00f3gica la Selva posee  aceras a lo interno de la Selva, sin embargo, se recomienda zapato cerrado y antideslizante. <\/p>\n\n\n\n<p class=\"has-lato-font-family has-custom-font\" style=\"font-family:Lato;font-size:18px\">4. La Estaci\u00f3n Biol\u00f3gica la Selva se ubica en Puerto Viejo de Sarapiqu\u00ed a aproximadamente 50 metros sobre el nivel del mar, por lo que la temperatura suele ser alta (unos 28\u00b0C) y la&nbsp;<strong>sensaci\u00f3n t\u00e9rmica mucho mayor<\/strong>, se recomienda ropa c\u00f3moda y fresca para esta locaci\u00f3n.<\/p>\n\n\n\n<p class=\"has-lato-font-family has-custom-font\" style=\"font-family:Lato;font-size:18px\">5. Se recomienda traer<strong>&nbsp;loci\u00f3n protectora contra el sol<\/strong>&nbsp;y&nbsp;<strong>repelente<\/strong>&nbsp;contra mosquitos yzancudos.<\/p>\n\n\n\n<p class=\"has-lato-font-family has-custom-font\" style=\"font-family:Lato;font-size:18px\">6. La prueba de laboratorio y ceremonias, se realizaran en el Valle Central, provincia de Heredia y San Jos\u00e9 a 1200 metros sobre el nivel del mar. La temperatura en \u00e9poca lluviosa puede bajar hasta unos 17\u00b0C por lo que puede ser necesario\u00a0<strong>abrigo\u00a0<\/strong>en esta locaci\u00f3n.<\/p>\n\n\n\n<p class=\"has-lato-font-family has-custom-font\" style=\"font-family:Lato;font-size:18px\">7. El evento finaliza el d\u00eda 14 de octubre con el almuerzo, posterior a ello, se procurar\u00e1 ofrecer transporte al aeropuerto a las delegaciones que lo requieran ese mismo d\u00eda.<\/p>\n\n\n\n<p class=\"has-lato-font-family has-custom-font\" style=\"font-family:Lato;font-size:18px\">8. No se ofrecer\u00e1 transporte al aeropuerto fuera de las fechas aqu\u00ed indicadas.<\/p>\n\n\n\n<p class=\"has-text-color has-background has-link-color has-medium-font-size wp-elements-762f060624471473e3c7bb81448e3ac2\" style=\"color:#183d0e;background-color:#8cc74029\"><img loading=\"lazy\" decoding=\"async\" width=\"25\" height=\"33\" class=\"wp-image-531\" style=\"width: 25px;\" src=\"https:\/\/multimedia.uned.ac.cr\/ecen\/oiaq2024\/wp-content\/uploads\/sites\/41\/2024\/06\/cbotella.png\" alt=\"\"> <strong>Comit\u00e9s organizadores <\/strong><\/p>\n\n\n\n<div class=\"wp-block-coblocks-accordion\">\n<div class=\"wp-block-coblocks-accordion-item has-custom-font\" style=\"font-family:Lato;font-size:18px\"><details><summary class=\"wp-block-coblocks-accordion-item__title\"><strong>Comit\u00e9 Organizador <\/strong><\/summary><div class=\"wp-block-coblocks-accordion-item__content\">\n<p><\/p>\n\n\n\n<figure class=\"wp-block-table is-style-stripes has-medium-font-size\"><table><tbody><tr><td><strong>Nombre de la persona integrante<\/strong><\/td><td><strong>Instituci\u00f3n<\/strong><\/td><\/tr><tr><td>MSc. Wendy Villalobos Gonz\u00e1lez (Presidenta del Comit\u00e9 Organizador)<\/td><td>Universidad Estatal a Distancia<\/td><\/tr><tr><td>MSc. Randall Syedd Le\u00f3n(Secretario del Comit\u00e9 Organizador)<\/td><td>Universidad Nacional<\/td><\/tr><tr><td>MSc. Nathalie Valencia Chac\u00f3n<\/td><td>Ministerio de Ciencia, Innovaci\u00f3n, Tecnolog\u00eda y Telecomunicaciones<\/td><\/tr><tr><td>MSc. Katya Berm\u00fadez Campos<\/td><td>Universidad Estatal a Distancia<\/td><\/tr><tr><td>Lic. Edward Araya Hidalgo<\/td><td>Consejo Nacional de Rectores<\/td><\/tr><tr><td>Dr. Cristian Campos Fern\u00e1ndez<\/td><td>Universidad de Costa Rica<\/td><\/tr><tr><td>MSc. Melissa C\u00e9spedes Alvarado<\/td><td>Universidad Estatal a Distancia<\/td><\/tr><\/tbody><\/table><\/figure>\n\n\n\n<p><\/p>\n<\/div><\/details><\/div>\n\n\n\n<div class=\"wp-block-coblocks-accordion-item has-custom-font\" style=\"font-family:Lato;font-size:18px\"><details><summary class=\"wp-block-coblocks-accordion-item__title\"><strong>Comit\u00e9 Acad\u00e9mico <\/strong><\/summary><div class=\"wp-block-coblocks-accordion-item__content\">\n<p><\/p>\n\n\n\n<figure class=\"wp-block-table is-style-stripes has-medium-font-size\"><table><tbody><tr><td><strong>Nombre de la persona integrante<\/strong><\/td><td><strong>Instituci\u00f3n<\/strong><\/td><\/tr><tr><td>Dr. Manuel Sandoval Barrantes(Presidente del Comit\u00e9 Cient\u00edfico)<\/td><td>Universidad Nacional<\/td><\/tr><tr><td>Dr. Isaac C\u00e9spedes Camacho<\/td><td>Instituto Tecnol\u00f3gico de Costa Rica<\/td><\/tr><tr><td>Dr. Maynor Vargas Vargas<\/td><td>Universidad T\u00e9cnica Nacional<\/td><\/tr><tr><td>Dra. Alice L. P\u00e9rez<\/td><td>Universidad de Costa Rica<\/td><\/tr><tr><td>Dr. Gilberto Piedra Mar\u00edn<\/td><td>Universidad Nacional<\/td><\/tr><tr><td>Dr. Jos\u00e9 Angel Rodr\u00edguez Corrales<\/td><td>Universidad Nacional<\/td><\/tr><tr><td>MSc. Mario Villalobos Forbes<\/td><td>Universidad Nacional<\/td><\/tr><\/tbody><\/table><\/figure>\n<\/div><\/details><\/div>\n\n\n\n<div class=\"wp-block-coblocks-accordion-item has-custom-font\" style=\"font-family:Lato;font-size:18px\"><details><summary class=\"wp-block-coblocks-accordion-item__title\"><strong>Comit\u00e9 de Presupuesto <\/strong><\/summary><div class=\"wp-block-coblocks-accordion-item__content\">\n<p><\/p>\n\n\n\n<figure class=\"wp-block-table is-style-stripes has-medium-font-size\"><table><tbody><tr><td><strong>Nombre de la persona integrante<\/strong><\/td><td><strong>Instituci\u00f3n<\/strong><\/td><\/tr><tr><td>Dr. Jos\u00e9 Vega Baudrit (Presidente del Comit\u00e9 de Presupuesto)<\/td><td>Laboratorio Nacional de Nanotecnolog\u00eda<\/td><\/tr><tr><td>MSc. Wendy Villalobos Gonz\u00e1lez<\/td><td>Universidad Estatal a Distancia<\/td><\/tr><tr><td>Lic. Ricardo Ulate Molina<\/td><td>Instituto Tecnol\u00f3gico de Costa Rica<\/td><\/tr><tr><td>MSc. Jos\u00e9 Pablo Sibaja Brenes<\/td><td>Universidad Nacional<\/td><\/tr><tr><td>MSc. Melissa C\u00e9spedes Alvarado<\/td><td>Universidad Estatal a Distancia<\/td><\/tr><tr><td>MSc. Sharlyn S\u00e1nchez Espinoza<\/td><td>Consejo Nacional de Rectores<\/td><\/tr><\/tbody><\/table><\/figure>\n<\/div><\/details><\/div>\n<\/div>\n\n\n\n<p><\/p>\n","protected":false},"excerpt":{"rendered":"<p>Informaci\u00f3n General Fecha: 09 de octubre al 14 de octubre Modalidad: Presencial Lugar: Costa Rica Costo de la delegaci\u00f3n: $1000 USD (cuatro personas estudiantes y una persona jefa de delegaci\u00f3n) Costo del mentor o observador cient\u00edfico extra: $1000 USD Costo del acompa\u00f1ante: $1200 USD Hospedaje: Estaci\u00f3n Biol\u00f3gica La Selva (OET) Sarapiqu\u00ed, Heredia Sitio de acto de apertura: Ciudad de la Investigaci\u00f3n, San Jos\u00e9, Universidad de Costa Rica Sitio de la prueba experimental: Campus Omar Dengo, Escuela de Qu\u00edmica de la Universidad Nacional Sito del acto de clausura: Auditorio Clodomiro Picado de la Universidad Nacional Recomendaciones 1. Las personas organizadores del\u2026<\/p>\n","protected":false},"author":2,"featured_media":0,"parent":0,"menu_order":0,"comment_status":"closed","ping_status":"closed","template":"page-full-width.php","meta":{"_acf_changed":false,"_monsterinsights_skip_tracking":false,"_monsterinsights_sitenote_active":false,"_monsterinsights_sitenote_note":"","_monsterinsights_sitenote_category":0,"_coblocks_attr":"Lato,Lato","_coblocks_dimensions":"","_coblocks_responsive_height":"","_coblocks_accordion_ie_support":"","footnotes":""},"class_list":["post-6","page","type-page","status-publish","hentry"],"acf":[],"_links":{"self":[{"href":"https:\/\/multimedia.uned.ac.cr\/ecen\/oiaq2024\/wp-json\/wp\/v2\/pages\/6","targetHints":{"allow":["GET"]}}],"collection":[{"href":"https:\/\/multimedia.uned.ac.cr\/ecen\/oiaq2024\/wp-json\/wp\/v2\/pages"}],"about":[{"href":"https:\/\/multimedia.uned.ac.cr\/ecen\/oiaq2024\/wp-json\/wp\/v2\/types\/page"}],"author":[{"embeddable":true,"href":"https:\/\/multimedia.uned.ac.cr\/ecen\/oiaq2024\/wp-json\/wp\/v2\/users\/2"}],"replies":[{"embeddable":true,"href":"https:\/\/multimedia.uned.ac.cr\/ecen\/oiaq2024\/wp-json\/wp\/v2\/comments?post=6"}],"version-history":[{"count":70,"href":"https:\/\/multimedia.uned.ac.cr\/ecen\/oiaq2024\/wp-json\/wp\/v2\/pages\/6\/revisions"}],"predecessor-version":[{"id":645,"href":"https:\/\/multimedia.uned.ac.cr\/ecen\/oiaq2024\/wp-json\/wp\/v2\/pages\/6\/revisions\/645"}],"wp:attachment":[{"href":"https:\/\/multimedia.uned.ac.cr\/ecen\/oiaq2024\/wp-json\/wp\/v2\/media?parent=6"}],"curies":[{"name":"wp","href":"https:\/\/api.w.org\/{rel}","templated":true}]}}