{"id":4,"date":"2024-03-07T15:51:30","date_gmt":"2024-03-07T15:51:30","guid":{"rendered":"https:\/\/multimedia.uned.ac.cr\/ecen\/oiaq2024\/?page_id=4"},"modified":"2024-06-25T14:52:38","modified_gmt":"2024-06-25T14:52:38","slug":"bienvenida","status":"publish","type":"page","link":"https:\/\/multimedia.uned.ac.cr\/ecen\/oiaq2024\/","title":{"rendered":"Bienvenida"},"content":{"rendered":"\n<p class=\"has-text-align-center has-text-color has-link-color wp-elements-24b2267069f57ab2d4b4be8a974d7bab\" style=\"color:#183d0e;font-size:25px\"><img loading=\"lazy\" decoding=\"async\" width=\"201\" height=\"197\" class=\"wp-image-213\" style=\"width: 201px;\" src=\"https:\/\/multimedia.uned.ac.cr\/ecen\/oiaq2024\/wp-content\/uploads\/sites\/41\/2024\/06\/4475-24logo_olimpiadaQuimica_CR-Sarapiqui-04.png\" alt=\"\" srcset=\"https:\/\/multimedia.uned.ac.cr\/ecen\/oiaq2024\/wp-content\/uploads\/sites\/41\/2024\/06\/4475-24logo_olimpiadaQuimica_CR-Sarapiqui-04.png 2556w, https:\/\/multimedia.uned.ac.cr\/ecen\/oiaq2024\/wp-content\/uploads\/sites\/41\/2024\/06\/4475-24logo_olimpiadaQuimica_CR-Sarapiqui-04-300x293.png 300w, https:\/\/multimedia.uned.ac.cr\/ecen\/oiaq2024\/wp-content\/uploads\/sites\/41\/2024\/06\/4475-24logo_olimpiadaQuimica_CR-Sarapiqui-04-1024x1002.png 1024w, https:\/\/multimedia.uned.ac.cr\/ecen\/oiaq2024\/wp-content\/uploads\/sites\/41\/2024\/06\/4475-24logo_olimpiadaQuimica_CR-Sarapiqui-04-768x751.png 768w, https:\/\/multimedia.uned.ac.cr\/ecen\/oiaq2024\/wp-content\/uploads\/sites\/41\/2024\/06\/4475-24logo_olimpiadaQuimica_CR-Sarapiqui-04-1536x1502.png 1536w, https:\/\/multimedia.uned.ac.cr\/ecen\/oiaq2024\/wp-content\/uploads\/sites\/41\/2024\/06\/4475-24logo_olimpiadaQuimica_CR-Sarapiqui-04-2048x2003.png 2048w\" sizes=\"auto, (min-width: 900px) 600px, 900px\" \/><\/p>\n\n\n\n<p class=\"has-text-align-center\"><strong>\u00a1Bienvenidas y bienvenidos a la p\u00e1gina oficial de la<\/strong><br><strong> XXVIII Olimpiada Iberoamericana de Qu\u00edmica!<\/strong><\/p>\n\n\n\n<p class=\"has-lato-font-family has-custom-font\" style=\"font-family:Lato;font-size:18px\">Las universidades p\u00fablicas de Costa Rica integradas en el Consejo Nacional de Rectores (Conare), el Laboratorio Nacional de Nanotecnolog\u00eda, los Ministerios de Ciencia, Innovaci\u00f3n, Tecnolog\u00eda y Telecomunicaciones\u00a0 (Micitt)\u00a0y de Educaci\u00f3n P\u00fablica (MEP) les brindan una cordial bienvenida a este espacio, que tiene como finalidad reunir a personas j\u00f3venes talentosas y apasionadas por las ciencias qu\u00edmicas de Iberoam\u00e9rica en un competencia acad\u00e9mica de alto nivel.<\/p>\n\n\n\n<p class=\"has-lato-font-family has-custom-font\" style=\"font-family:Lato;font-size:18px\">Aqu\u00ed encontrar\u00e1s toda la informaci\u00f3n relevante de este evento, que busca fomentar el inter\u00e9s en qu\u00edmica, as\u00ed como, evaluar las competencias y habilidades de forma te\u00f3rica y experimental. Esperamos que todas las personas participantes aprovechen esta plataforma, para generar lazos de amistad y redes acad\u00e9micas que en un futuro cercano fortalezcan o incentiven el acercamiento a las ciencias sin distinci\u00f3n alguna.<\/p>\n\n\n\n<p class=\"has-lato-font-family has-custom-font\" style=\"font-family:Lato;font-size:18px\">En este espacio virtual, podr\u00e1n encontrar detalles sobre: <\/p>\n\n\n\n<p class=\"has-lato-font-family has-custom-font\" style=\"font-family:Lato;font-size:18px\">1- \u00bfC\u00f3mo participar en la olimpiada?<\/p>\n\n\n\n<p class=\"has-lato-font-family has-custom-font\" style=\"font-family:Lato;font-size:18px\">2- Informaci\u00f3n sobre las rondas clasificatorias. <\/p>\n\n\n\n<p class=\"has-lato-font-family has-custom-font\" style=\"font-family:Lato;font-size:18px\">3- Recursos de estudio y preparaci\u00f3n. <\/p>\n\n\n\n<p class=\"has-lato-font-family has-custom-font\" style=\"font-family:Lato;font-size:18px\">4- Noticias y actualizaciones sobre el evento.<\/p>\n\n\n\n<p class=\"has-lato-font-family has-custom-font\" style=\"font-family:Lato;font-size:18px\">5- Agenda de actividades y aspectos log\u00edsticos varios. <\/p>\n\n\n\n<p class=\"has-lato-font-family has-custom-font\" style=\"font-family:Lato;font-size:18px\">Adem\u00e1s, podr\u00e1n conocer a las personas organizadoras, comit\u00e9s y patrocinadores, quienes hacen posible que esta competici\u00f3n siga creciendo y prosperando a\u00f1o tras a\u00f1o.<\/p>\n\n\n\n<p class=\"has-lato-font-family has-custom-font\" style=\"font-family:Lato;font-size:18px\">Ya sean estudiantes, aspirantes a competidores, educadores comprometidos o entusiastas de la qu\u00edmica, los invitamos a explorar nuestra p\u00e1gina y unirse a la emocionante comunidad de la <strong>XXVIII<\/strong> <strong>Olimpiada Iberoam\u00e9rica de Qu\u00edmica, Costa Rica 2024.<\/strong><\/p>\n\n\n\n<div style=\"height:24px\" aria-hidden=\"true\" class=\"wp-block-spacer\"><\/div>\n\n\n\n<p class=\"has-text-align-center has-lato-font-family has-custom-font\" style=\"font-family:Lato;font-size:18px\"><strong>&nbsp;\u00a1Prep\u00e1rense para desafiar sus mentes, inspirarse y ser parte de una experiencia que dejar\u00e1 una marca indeleble en sus vidas!<\/strong><\/p>\n\n\n\n<p><\/p>\n\n\n\n<div class=\"wp-block-columns are-vertically-aligned-center is-layout-flex wp-container-core-columns-is-layout-9d6595d7 wp-block-columns-is-layout-flex\">\n<div class=\"wp-block-column is-vertically-aligned-center is-layout-flow wp-block-column-is-layout-flow\"><div class=\"wp-block-image\">\n<figure class=\"aligncenter size-full is-resized\"><img loading=\"lazy\" decoding=\"async\" width=\"300\" height=\"293\" src=\"https:\/\/multimedia.uned.ac.cr\/ecen\/oiaq2024\/wp-content\/uploads\/sites\/41\/2024\/06\/ncal.jpg\" alt=\"\" class=\"wp-image-521\" style=\"width:114px;height:auto\"\/><\/figure>\n<\/div>\n\n\n<p class=\"has-text-align-center has-lato-font-family has-custom-font\" style=\"font-family:Lato;font-size:16px\"><strong>Fecha: 09 &#8211; 14 de octubre<\/strong> <\/p>\n<\/div>\n\n\n\n<div class=\"wp-block-column is-vertically-aligned-center is-layout-flow wp-block-column-is-layout-flow\"><div class=\"wp-block-image\">\n<figure class=\"aligncenter size-full is-resized\"><img loading=\"lazy\" decoding=\"async\" width=\"300\" height=\"293\" src=\"https:\/\/multimedia.uned.ac.cr\/ecen\/oiaq2024\/wp-content\/uploads\/sites\/41\/2024\/06\/nwall.jpg\" alt=\"\" class=\"wp-image-522\" style=\"width:114px;height:auto\"\/><\/figure>\n<\/div>\n\n\n<p class=\"has-text-align-center has-lato-font-family has-custom-font\" style=\"font-family:Lato;font-size:16px\"><strong>Inversi\u00f3n: $1000 por delegaci\u00f3n<\/strong><\/p>\n<\/div>\n\n\n\n<div class=\"wp-block-column is-vertically-aligned-center is-layout-flow wp-block-column-is-layout-flow\"><div class=\"wp-block-image\">\n<figure class=\"aligncenter size-full is-resized\"><img loading=\"lazy\" decoding=\"async\" width=\"300\" height=\"293\" src=\"https:\/\/multimedia.uned.ac.cr\/ecen\/oiaq2024\/wp-content\/uploads\/sites\/41\/2024\/06\/nubi.jpg\" alt=\"\" class=\"wp-image-523\" style=\"width:114px;height:auto\"\/><\/figure>\n<\/div>\n\n\n<p class=\"has-text-align-center has-lato-font-family has-custom-font\" style=\"font-family:Lato;font-size:16px\"><strong>Modalidad: presencial<\/strong><\/p>\n<\/div>\n<\/div>\n\n\n\n<p class=\"has-text-color has-background has-link-color wp-elements-4d1657faa690ad3bb596fca0fbe08d68\" style=\"color:#183d0e;background-color:#8cc74029;font-size:20px\"><img loading=\"lazy\" decoding=\"async\" width=\"25\" height=\"33\" class=\"wp-image-531\" style=\"width: 25px;\" src=\"https:\/\/multimedia.uned.ac.cr\/ecen\/oiaq2024\/wp-content\/uploads\/sites\/41\/2024\/06\/cbotella.png\" alt=\"\"> <strong>Pa\u00edses participantes<\/strong><\/p>\n\n\n\n<div style=\"height:18px\" aria-hidden=\"true\" class=\"wp-block-spacer\"><\/div>\n\n\n<div class=\"wp-block-image\">\n<figure class=\"aligncenter size-large is-resized\"><img loading=\"lazy\" decoding=\"async\" width=\"1024\" height=\"773\" src=\"https:\/\/multimedia.uned.ac.cr\/ecen\/oiaq2024\/wp-content\/uploads\/sites\/41\/2024\/06\/banderas3-1024x773.png\" alt=\"Banderas de iberoam\u00e9rica\" class=\"wp-image-511\" style=\"width:446px;height:auto\" srcset=\"https:\/\/multimedia.uned.ac.cr\/ecen\/oiaq2024\/wp-content\/uploads\/sites\/41\/2024\/06\/banderas3-1024x773.png 1024w, https:\/\/multimedia.uned.ac.cr\/ecen\/oiaq2024\/wp-content\/uploads\/sites\/41\/2024\/06\/banderas3-300x227.png 300w, https:\/\/multimedia.uned.ac.cr\/ecen\/oiaq2024\/wp-content\/uploads\/sites\/41\/2024\/06\/banderas3-768x580.png 768w, https:\/\/multimedia.uned.ac.cr\/ecen\/oiaq2024\/wp-content\/uploads\/sites\/41\/2024\/06\/banderas3.png 1200w\" sizes=\"auto, (min-width: 900px) 600px, 900px\" \/><\/figure>\n<\/div>\n\n\n<div style=\"height:25px\" aria-hidden=\"true\" class=\"wp-block-spacer\"><\/div>\n\n\n\n<div class=\"wp-block-coblocks-accordion\">\n<div class=\"wp-block-coblocks-accordion-item\"><\/div>\n<\/div>\n\n\n\n<p class=\"has-text-color has-background has-link-color wp-elements-e81785b31a99e019fe3196fa3896ee0e\" style=\"color:#183d0e;background-color:#8cc74029;font-size:20px\"><img loading=\"lazy\" decoding=\"async\" width=\"25\" height=\"29\" class=\"wp-image-530\" style=\"width: 25px;\" src=\"https:\/\/multimedia.uned.ac.cr\/ecen\/oiaq2024\/wp-content\/uploads\/sites\/41\/2024\/06\/catomo.png\" alt=\"\"> <strong>Sobre el pa\u00eds anfitri\u00f3n<\/strong><\/p>\n\n\n\n<p class=\"has-lato-font-family has-custom-font\" style=\"font-family:Lato;font-size:18px\">Costa Rica posee una superficie terrestre de 51 100 km<sup>2<\/sup>, adem\u00e1s, presenta costas tanto en el Oc\u00e9ano Pac\u00edfico como en el Mar Caribe, por lo cual, tiene 572 877 km<sup>2<\/sup>&nbsp;de superficie marina. Seg\u00fan lo anterior, el pa\u00eds tiene 92% m\u00e1s mar que tierra, por lo tanto, es llamado la &#8220;joya azul&#8221;.<\/p>\n\n\n\n<p class=\"has-lato-font-family has-custom-font\" style=\"font-family:Lato;font-size:18px\">A su vez, el territorio costarricense forma una especie de puente biol\u00f3gico que conecta a Am\u00e9rica del Norte con Am\u00e9rica del Sur, por lo que, permite el paso de gran cantidad de especies de flora y fauna silvestre, convirti\u00e9ndolo en un pa\u00eds megadiverso, ya que alberga un 4% del total de las especies silvestres estimadas a nivel mundial.<\/p>\n\n\n\n<figure class=\"wp-block-embed is-type-video is-provider-youtube wp-block-embed-youtube wp-embed-aspect-16-9 wp-has-aspect-ratio\"><div class=\"wp-block-embed__wrapper\">\n<iframe loading=\"lazy\" title=\"Conoc\u00e9 esencial Costa Rica, la Marca Pa\u00eds de los ticos\" width=\"640\" height=\"360\" src=\"https:\/\/www.youtube.com\/embed\/I_4ABvU3XHo?feature=oembed\" frameborder=\"0\" allow=\"accelerometer; autoplay; clipboard-write; encrypted-media; gyroscope; picture-in-picture; web-share\" referrerpolicy=\"strict-origin-when-cross-origin\" allowfullscreen><\/iframe>\n<\/div><\/figure>\n\n\n\n<div style=\"height:55px\" aria-hidden=\"true\" class=\"wp-block-spacer\"><\/div>\n\n\n\n<p class=\"has-text-align-center has-text-color has-link-color wp-elements-e636e01711a059dacc762ec6a5b5446d\" style=\"color:#8cc63f;font-size:20px\"><strong>Datos importantes de Costa Rica <\/strong><\/p>\n\n\n\n<div style=\"height:26px\" aria-hidden=\"true\" class=\"wp-block-spacer\"><\/div>\n\n\n\n<div class=\"wp-block-group is-vertical is-content-justification-center is-layout-flex wp-container-core-group-is-layout-73a99bce wp-block-group-is-layout-flex\">\n<figure class=\"wp-block-table is-style-stripes has-lato-font-family has-medium-font-size\"><table><tbody><tr><td><strong>Capital<\/strong><\/td><td>San Jos\u00e9<\/td><\/tr><tr><td><strong>Gentilicio<\/strong><\/td><td>Costarricense (tico-tica)<\/td><\/tr><tr><td><strong>Moneda oficial<\/strong><\/td><td>Col\u00f3n &nbsp;(\u20a1, CRC)<\/td><\/tr><tr><td><strong>Huso horario<\/strong><\/td><td>Central: UTC-6<\/td><\/tr><tr><td><strong>Idioma oficial<\/strong><\/td><td>Espa\u00f1ol <\/td><\/tr><tr><td><strong>Aeropuerto principal<\/strong><\/td><td>Aeropuerto Internacional Juan Santamar\u00eda SJO<\/td><\/tr><tr><td><strong>Temperatura promedio<\/strong><\/td><td>22\u00b0C (71\u00b0F) y 27\u00b0C (81\u00b0F)<\/td><\/tr><tr><td><strong>Temporada lluviosa<\/strong><\/td><td>De Mayo a Noviembre<\/td><\/tr><\/tbody><\/table><\/figure>\n<\/div>\n\n\n\n<div style=\"height:100px\" aria-hidden=\"true\" class=\"wp-block-spacer\"><\/div>\n","protected":false},"excerpt":{"rendered":"<p>\u00a1Bienvenidas y bienvenidos a la p\u00e1gina oficial de la XXVIII Olimpiada Iberoamericana de Qu\u00edmica! Las universidades p\u00fablicas de Costa Rica integradas en el Consejo Nacional de Rectores (Conare), el Laboratorio Nacional de Nanotecnolog\u00eda, los Ministerios de Ciencia, Innovaci\u00f3n, Tecnolog\u00eda y Telecomunicaciones\u00a0 (Micitt)\u00a0y de Educaci\u00f3n P\u00fablica (MEP) les brindan una cordial bienvenida a este espacio, que tiene como finalidad reunir a personas j\u00f3venes talentosas y apasionadas por las ciencias qu\u00edmicas de Iberoam\u00e9rica en un competencia acad\u00e9mica de alto nivel. Aqu\u00ed encontrar\u00e1s toda la informaci\u00f3n relevante de este evento, que busca fomentar el inter\u00e9s en qu\u00edmica, as\u00ed como, evaluar las competencias y\u2026<\/p>\n","protected":false},"author":2,"featured_media":0,"parent":0,"menu_order":0,"comment_status":"closed","ping_status":"closed","template":"page-full-width.php","meta":{"_acf_changed":false,"_monsterinsights_skip_tracking":false,"_monsterinsights_sitenote_active":false,"_monsterinsights_sitenote_note":"","_monsterinsights_sitenote_category":0,"_coblocks_attr":"Lato,Karla,Lato","_coblocks_dimensions":"","_coblocks_responsive_height":"","_coblocks_accordion_ie_support":"","footnotes":""},"class_list":["post-4","page","type-page","status-publish","hentry"],"acf":[],"_links":{"self":[{"href":"https:\/\/multimedia.uned.ac.cr\/ecen\/oiaq2024\/wp-json\/wp\/v2\/pages\/4","targetHints":{"allow":["GET"]}}],"collection":[{"href":"https:\/\/multimedia.uned.ac.cr\/ecen\/oiaq2024\/wp-json\/wp\/v2\/pages"}],"about":[{"href":"https:\/\/multimedia.uned.ac.cr\/ecen\/oiaq2024\/wp-json\/wp\/v2\/types\/page"}],"author":[{"embeddable":true,"href":"https:\/\/multimedia.uned.ac.cr\/ecen\/oiaq2024\/wp-json\/wp\/v2\/users\/2"}],"replies":[{"embeddable":true,"href":"https:\/\/multimedia.uned.ac.cr\/ecen\/oiaq2024\/wp-json\/wp\/v2\/comments?post=4"}],"version-history":[{"count":94,"href":"https:\/\/multimedia.uned.ac.cr\/ecen\/oiaq2024\/wp-json\/wp\/v2\/pages\/4\/revisions"}],"predecessor-version":[{"id":643,"href":"https:\/\/multimedia.uned.ac.cr\/ecen\/oiaq2024\/wp-json\/wp\/v2\/pages\/4\/revisions\/643"}],"wp:attachment":[{"href":"https:\/\/multimedia.uned.ac.cr\/ecen\/oiaq2024\/wp-json\/wp\/v2\/media?parent=4"}],"curies":[{"name":"wp","href":"https:\/\/api.w.org\/{rel}","templated":true}]}}