{"id":327,"date":"2024-06-11T22:42:20","date_gmt":"2024-06-11T22:42:20","guid":{"rendered":"https:\/\/multimedia.uned.ac.cr\/ecen\/oiaq2024\/?page_id=327"},"modified":"2024-06-21T02:04:12","modified_gmt":"2024-06-21T02:04:12","slug":"reglamento","status":"publish","type":"page","link":"https:\/\/multimedia.uned.ac.cr\/ecen\/oiaq2024\/reglamento\/","title":{"rendered":"Reglamento"},"content":{"rendered":"\n<p class=\"has-text-color has-background has-link-color wp-elements-ddb1f8a038eda8b476432c842e0ed747\" style=\"color:#183d0e;background-color:#8cc63f29;font-size:20px\"><img loading=\"lazy\" decoding=\"async\" width=\"25\" height=\"33\" class=\"wp-image-531\" style=\"width: 25px;\" src=\"https:\/\/multimedia.uned.ac.cr\/ecen\/oiaq2024\/wp-content\/uploads\/sites\/41\/2024\/06\/cbotella.png\" alt=\"\"> <strong>Reglamento<\/strong> <strong>de la Olimp\u00edada Iberoamericana de Qu\u00edmica, OIAQ<\/strong><\/p>\n\n\n\n<div class=\"wp-block-coblocks-accordion\">\n<div class=\"wp-block-coblocks-accordion-item has-custom-font\" style=\"font-family:Lato;font-size:18px\"><details><summary class=\"wp-block-coblocks-accordion-item__title\"><strong>1. Objetivos de la Olimp\u00edada<\/strong><\/summary><div class=\"wp-block-coblocks-accordion-item__content\">\n<p>La Olimpiada Iberoamericana de Qu\u00edmica (en adelante OIAQ) es una competencia acad\u00e9mica entre j\u00f3venes estudiantes iberoamericanos cuyos objetivos primordiales son:&nbsp;<\/p>\n\n\n\n<p><strong>1.1<\/strong><strong> <\/strong>Estimular el desarrollo del talento de los j\u00f3venes y orientar las vocaciones hacia el estudio de las Ciencias en general y a la Qu\u00edmica, en particular.<\/p>\n\n\n\n<p><strong>1.2<\/strong><strong> <\/strong>Contribuir a estrechar los lazos culturales y de amistad entre los pa\u00edses participantes y crear un marco propicio para fomentar la cooperaci\u00f3n, el entendimiento y el intercambio de experiencias.<\/p>\n<\/div><\/details><\/div>\n\n\n\n<div class=\"wp-block-coblocks-accordion-item has-custom-font\" style=\"font-family:Lato;font-size:18px\"><details><summary class=\"wp-block-coblocks-accordion-item__title\"><strong>2. Organizaci\u00f3n y participaci\u00f3n<\/strong>\u00a0<\/summary><div class=\"wp-block-coblocks-accordion-item__content\">\n<p><strong>2.1<\/strong><strong> <\/strong>La OIAQ es&nbsp; organizada anualmente entre los meses de septiembre y octubre, en un pa\u00eds iberoamericano. Toda propuesta de fecha de realizaci\u00f3n distinta a la indicada, deber\u00e1 ser aprobada por el Jurado Iberoamericano. La duraci\u00f3n m\u00ednima del certamen ser\u00e1 de 7 d\u00edas consecutivos.<\/p>\n\n\n\n<p><strong>2.2<\/strong><strong> <\/strong>El Comit\u00e9 organizador del pa\u00eds debe designar: Presidente honorario, Presidente de la OIAQ, Presidente del Comit\u00e9 Acad\u00e9mico y un Secretario.&nbsp;<\/p>\n\n\n\n<p><strong>2.2.1<\/strong><strong> <\/strong>El presidente honorario: figura de destacada trayectoria del pa\u00eds sede, y que no tiene poder de decisi\u00f3n sobre los aspectos acad\u00e9micos y log\u00edsticos del Comit\u00e9 organizador.&nbsp;<\/p>\n\n\n\n<p><strong>2.2.2<\/strong><strong> <\/strong>Presidente de la OIAQ: coordina la OIAQ en lo relativo a lo log\u00edstico y acad\u00e9mico, y preside el Comit\u00e9 Iberoamericano.&nbsp;<\/p>\n\n\n\n<p><strong>2.2.3<\/strong><strong> <\/strong>Presidente del Comit\u00e9 Acad\u00e9mico: preside el comit\u00e9 acad\u00e9mico, dirige las discusiones, arbitraje, asignaci\u00f3n de medallas de la OIAQ.<\/p>\n\n\n\n<p><strong>2.2.4<\/strong><strong> <\/strong>Secretario: nombrado por el pa\u00eds sede por un a\u00f1o. Responsable de llevar las actas de las reuniones del jurado iberoamericano, y registrar las modificaciones del temario y reglamento y ser el enlace entre sede actual y la siguiente.<\/p>\n\n\n\n<p><strong>2.3<\/strong><strong> <\/strong>El pa\u00eds sede deber\u00e1 invitar a todos los pa\u00edses iberoamericanos que hayan participado en la OIAQ anterior y a los pa\u00edses que asistieron como observadores oficiales. La invitaci\u00f3n se realizar\u00e1 mediante carta formal al coordinador nacional de la olimpiada de cada pa\u00eds, con al menos seis meses antes del evento.&nbsp;<\/p>\n\n\n\n<p><strong>2.4<\/strong><strong> <\/strong>Para garantizar la continuidad en la competencia acad\u00e9mica, cada pa\u00eds participante que deba ausentarse, debe notificarlo a comit\u00e9 iberoamericano y al pa\u00eds organizador, mediante un correo electr\u00f3nico, con dos (2) semanas de anticipaci\u00f3n. Aquellas ausencias con justificaci\u00f3n tard\u00eda o sin justificaci\u00f3n, ser\u00e1n discutidas por el jurado Iberoamericano. Los que deber\u00e1n decidir sobre las medidas a tomar para favorecer la continuidad de la competencia acad\u00e9mica.<\/p>\n\n\n\n<p><strong>2.5<\/strong><strong> <\/strong>Se recomienda que la invitaci\u00f3n a los nuevos pa\u00edses observadores se lleve a cabo con el acuerdo del pa\u00eds organizador de la siguiente OIAQ. El pa\u00eds invitado a participar como observador debe hacer una presentaci\u00f3n ante el jurado iberoamericano sobre su certamen nacional, datos, estructura, pruebas, instituciones que apoyan y patrocinan. Los pa\u00edses que no tengan Olimp\u00edada Nacional podr\u00e1n participar, en calidad de observadores. Se recomienda que el n\u00famero de ocasiones en que un pa\u00eds participe, en calidad de observador, en una OIAQ presencial o virtual, no exceda de dos.<\/p>\n\n\n\n<p><strong>2.6<\/strong><strong> <\/strong>Cada uno de los pa\u00edses invitados a competir en la OIAQ tendr\u00e1 derecho a estar representado por un equipo de hasta cuatro estudiantes, dos Profesores Mentores (uno de ellos ser\u00e1 el jefe de la delegaci\u00f3n) y hasta dos Profesores Observadores Acad\u00e9micos. La participaci\u00f3n de estos \u00faltimos queda sujeta a lo establecido en los Arts. 2.6 y 3.3. El jefe de delegaci\u00f3n ser\u00e1 el responsable de votar durante las sesiones de jurado Iberoamericano, en caso de ausencia puede delegar su voto en el mentor acompa\u00f1ante, mediando siempre solo un voto por pa\u00eds.<\/p>\n\n\n\n<p><strong>2.7<\/strong><strong> <\/strong>Podr\u00e1n competir en la OIAQ los estudiantes de pa\u00edses que hayan sido seleccionados con base en una Olimp\u00edada o competencia de Qu\u00edmica a nivel nacional.<\/p>\n\n\n\n<p><strong>2.8 <\/strong>Los estudiantes participantes deber\u00e1n cumplir con los siguientes requisitos:&nbsp;<\/p>\n\n\n\n<p><strong>2.8.1 &nbsp;&nbsp; <\/strong>No haber cumplido 19 a\u00f1os al 1\u00ba de octubre del a\u00f1o de la competencia.&nbsp;<\/p>\n\n\n\n<p><strong>2.8.2<\/strong><strong> <\/strong>Tener menos de un a\u00f1o de haber egresado del nivel de estudios previo al universitario y no haber aprobado ninguna materia de Qu\u00edmica Universitaria.<\/p>\n\n\n\n<p><strong>2.8.3<\/strong><strong> &nbsp;&nbsp; <\/strong>Tener la nacionalidad del pa\u00eds que representa o haber realizado sus tres \u00faltimos a\u00f1os de estudios en dicho pa\u00eds.<\/p>\n\n\n\n<p><strong>2.8.4<\/strong><strong> <\/strong>Los estudiantes participantes podr\u00e1n recibir entrenamiento organizados por los comit\u00e9s ol\u00edmpicos de cada pa\u00eds hasta un m\u00e1ximo de 120 horas.<\/p>\n\n\n\n<p><strong>2.9<\/strong><strong> <\/strong>Los mentores de cada delegaci\u00f3n y los Observadores Acad\u00e9micos conforman el Jurado de la OIAQ. Por lo tanto, deber\u00e1n ser alojados de manera que no puedan establecer contacto con los estudiantes mientras las pruebas de la Olimp\u00edada no hayan finalizado.<\/p>\n\n\n\n<p><strong>2.10<\/strong><strong> <\/strong>El pa\u00eds sede de la OIAQ debe asegurar que los estudiantes cuenten con un lugar de hospedaje adecuado y apto para la permanencia de los participantes, donde se les garantice el sano esparcimiento y el descanso. De igual manera, cada delegaci\u00f3n de 4 estudiantes debe tener un gu\u00eda. As\u00ed como, los gu\u00edas deben tener al menos un supervisor qui\u00e9n sea el enlace con los organizadores y acompa\u00f1en todo el tiempo a los estudiantes en las actividades planificadas por la organizaci\u00f3n de la olimpiada, incluyendo hospedaje.<\/p>\n\n\n\n<p><strong>2.11<\/strong><strong> <\/strong>Los pasaportes, visas y requisitos sanitarios de los participantes que as\u00ed lo requieran ser\u00e1n gestionados por cada delegaci\u00f3n en el pa\u00eds de origen.&nbsp;<\/p>\n\n\n\n<p><strong>2.12<\/strong><strong> <\/strong>Todos los participantes deber\u00e1n contar con un seguro de vida y de gastos m\u00e9dicos, que los proteja durante la celebraci\u00f3n de la OIAQ. Los gastos de estos seguros deber\u00e1n ser cubiertos por cada pa\u00eds participante.<\/p>\n\n\n\n<p><strong>2.13<\/strong><strong> <\/strong>Para que los estudiantes puedan participar de la OIAQ, es necesario que lleguen hasta el lugar donde se realizar\u00e1 la competencia acompa\u00f1ados con al menos, un mentor.<\/p>\n\n\n\n<p>Los casos excepcionales deber\u00e1n ser comunicados con anticipaci\u00f3n al Comit\u00e9 Organizador, el cual tomar\u00e1 las decisiones al respecto.<\/p>\n\n\n\n<p><strong>2.14 <\/strong>Los estudiantes participantes de la OIAQ deber\u00e1n entregar los dispositivos electr\u00f3nicos que permitan comunicaci\u00f3n remota como tel\u00e9fonos, tabletas, relojes inteligentes y otros, antes que los mentores tengan acceso a las pruebas o a la revisi\u00f3n de laboratorio. La organizaci\u00f3n quede en custodia de dichos dispositivos hasta su devoluci\u00f3n despu\u00e9s de realizados los ex\u00e1menes.<\/p>\n<\/div><\/details><\/div>\n\n\n\n<div class=\"wp-block-coblocks-accordion-item has-custom-font\" style=\"font-family:Lato;font-size:18px\"><details><summary class=\"wp-block-coblocks-accordion-item__title\"><strong>3. Financiamiento<\/strong><\/summary><div class=\"wp-block-coblocks-accordion-item__content\">\n<p><strong>3.1<\/strong><strong> <\/strong>El coste del traslado de los participantes, hasta y desde el lugar sede de la OIAQ, ser\u00e1 cubierto por cada delegaci\u00f3n invitada.&nbsp;<\/p>\n\n\n\n<p><strong>3.2<\/strong><strong> <\/strong>El pa\u00eds sede cubrir\u00e1 los gastos de alojamiento y manutenci\u00f3n de los estudiantes y mentores de todas las delegaciones durante el periodo oficial de la Olimp\u00edada.<\/p>\n\n\n\n<p><strong>3.3<\/strong><strong> <\/strong>El pa\u00eds sede de la OIAQ debe asegurar el transporte a todas las actividades establecidas dentro del programa. En aquellos casos, en los que por razones log\u00edsticas no se contemple, se debe garantizar uno para aquellos participantes con limitaciones f\u00edsicas.<\/p>\n\n\n\n<p><strong>3.4<\/strong><strong> <\/strong>Los observadores acad\u00e9micos, familiares y acompa\u00f1antes especiales deber\u00e1n ser autorizados a asistir a criterio discrecional del pa\u00eds sede, mediando un autofinanciamiento de cada persona seg\u00fan las disposiciones del pa\u00eds sede.<\/p>\n\n\n\n<p><strong>3.5<\/strong><strong> <\/strong>El pa\u00eds sede recibir\u00e1 sin costo adicional, un Observador Acad\u00e9mico del pa\u00eds al cual le corresponde realizar la olimpiada el a\u00f1o siguiente, con el prop\u00f3sito de contribuir con el proceso de organizaci\u00f3n del evento en ese pa\u00eds.<\/p>\n<\/div><\/details><\/div>\n\n\n\n<div class=\"wp-block-coblocks-accordion-item has-custom-font\" style=\"font-family:Lato;font-size:18px\"><details><summary class=\"wp-block-coblocks-accordion-item__title\"><strong>4. Jurado de la Olimp\u00edada Iberoam\u00e9rica<\/strong><\/summary><div class=\"wp-block-coblocks-accordion-item__content\">\n<p><strong>4.1<\/strong> El desarrollo de la Olimp\u00edada es responsabilidad del Jurado, que estar\u00e1 integrado por los mentores de las delegaciones participantes, y los observadores acad\u00e9micos y presidido por un miembro del Comit\u00e9 Organizador del pa\u00eds sede, distinto de su presidente. La figura del presidente del Jurado debe constar en la informaci\u00f3n suministrada y presentado durante la primera sesi\u00f3n de jurado.<\/p>\n\n\n\n<p><strong>4.2 <\/strong>Funciones del presidente del jurado: Durante las sesiones de jurado el presidente del Jurado debe moderar las discusiones, el uso de la palabra, asignaci\u00f3n de tiempo y velar por el cumplimiento de la agenda de las reuniones. El presidente de la OIAQ actual, debe enviar al Comit\u00e9 Iberoamericano un informe sobre la OIAQ realizada antes de la siguiente OIAQ, y ser\u00e1 dicho Comit\u00e9 que lo publique o comparta con el resto de las delegaciones.<\/p>\n\n\n\n<p><strong>4.3 <\/strong>Funciones el Jurado: Participar en las discusiones de las pruebas de competencia, aprobar los ex\u00e1menes te\u00f3ricos y experimentales propuestos, traducir, corregir, arbitrar, determinar el n\u00famero de medallas y premios, participar en las sesiones de jurado extraordinarias. Velar por el cumplimiento de ese reglamento.<\/p>\n\n\n\n<p><strong>4.4<\/strong> Cada pa\u00eds competidor tendr\u00e1 derecho a un voto. En caso de empate, el Presidente del Jurado nombrado por el Comit\u00e9 Organizador del pa\u00eds sede tendr\u00e1 el voto definitivo. Las decisiones del Jurado ser\u00e1n inapelables.<\/p>\n\n\n\n<p><strong>4.5<\/strong> La votaci\u00f3n del jurado para la aprobaci\u00f3n de las pruebas de competencia, debe ser por mayor\u00eda simple. Los cambios en el reglamento y temario deben contar con la mayor\u00eda calificada, es decir 2\/3 de votos.<\/p>\n\n\n\n<p><strong>4.6 <\/strong>Los representantes de pa\u00edses observadores podr\u00e1n participar en todas las reuniones del Jurado con derecho a voz pero no a voto.<\/p>\n\n\n\n<p><strong>4.7 <\/strong>El pa\u00eds sede indicar\u00e1 en el programa del evento las sesiones de jurado ordinarias, adem\u00e1s podr\u00e1 convocar a los participantes durante el evento a las sesiones extraordinarias que considere pertinentes. Las ordinarias ser\u00e1n:&nbsp;<\/p>\n\n\n\n<ul class=\"wp-block-list\">\n<li>Sesi\u00f3n de discusi\u00f3n de la prueba experimental.&nbsp;&nbsp;<\/li>\n<\/ul>\n\n\n\n<ul class=\"wp-block-list\">\n<li>Sesi\u00f3n de discusi\u00f3n de la prueba te\u00f3rica.&nbsp;&nbsp;<\/li>\n<\/ul>\n\n\n\n<ul class=\"wp-block-list\">\n<li>Sesi\u00f3n de asignaci\u00f3n de medallas.&nbsp;&nbsp;<\/li>\n<\/ul>\n<\/div><\/details><\/div>\n\n\n\n<div class=\"wp-block-coblocks-accordion-item has-custom-font\" style=\"font-family:Lato;font-size:18px\"><details><summary class=\"wp-block-coblocks-accordion-item__title\"><strong>5. El Comit\u00e9 de la Olimp\u00edada Iberoamericana de Qu\u00edmica<\/strong><\/summary><div class=\"wp-block-coblocks-accordion-item__content\">\n<p><strong>5.1<\/strong> El Comit\u00e9 de la Olimp\u00edada Iberoamericana de Qu\u00edmica estar\u00e1 conformado por el Presidente de la Olimpiada actual y los tres Presidentes de las Olimp\u00edadas anteriores.<\/p>\n\n\n\n<p><strong>5.2<\/strong> El Comit\u00e9 de la OIAQ ser\u00e1 responsable de proponer al Jurado Iberoamericano cualquier modificaci\u00f3n relativa al Reglamento. Este Comit\u00e9 podr\u00e1 tomar decisiones que ata\u00f1en al buen funcionamiento de la actual y la siguiente Olimpiada.<\/p>\n\n\n\n<p><strong>5.3 <\/strong>En el Acto de Clausura de la OIAQ el Presidente del Comit\u00e9 Organizador de la siguiente Olimp\u00edada remplazar\u00e1 al miembro de mayor antig\u00fcedad.&nbsp;<\/p>\n\n\n\n<p><strong>5.4 <\/strong>Actuar\u00e1 como Presidente del Comit\u00e9 de la OIAQ el Presidente del Comit\u00e9 Organizador del pa\u00eds sede.<\/p>\n<\/div><\/details><\/div>\n\n\n\n<div class=\"wp-block-coblocks-accordion-item has-custom-font\" style=\"font-family:Lato;font-size:18px\"><details><summary class=\"wp-block-coblocks-accordion-item__title\"><strong>6. Idioma oficial<\/strong><\/summary><div class=\"wp-block-coblocks-accordion-item__content\">\n<p><strong>6.1<\/strong><strong> <\/strong>Los idiomas oficiales para la competencia son el castellano y el portugu\u00e9s. Las sesiones del Jurado se realizar\u00e1n en el idioma de la mayor parte de las delegaciones.<\/p>\n\n\n\n<p><strong>6.2<\/strong><strong> <\/strong>Los mentores deber\u00e1n recibir la versi\u00f3n final del examen para su traducci\u00f3n con tiempo suficiente como para disponer de al menos medio d\u00eda para cumplir dicha tarea. La versi\u00f3n final del examen es aquella que haya sido aprobada por los miembros del jurado de la OIAQ. El Comit\u00e9 Cient\u00edfico, establecer\u00e1 en el programa de actividades, las fechas de entrega y de traducci\u00f3n de este material.<\/p>\n<\/div><\/details><\/div>\n\n\n\n<div class=\"wp-block-coblocks-accordion-item has-custom-font\" style=\"font-family:Lato;font-size:18px\"><details><summary class=\"wp-block-coblocks-accordion-item__title\"><strong>7. La competencia<\/strong><\/summary><div class=\"wp-block-coblocks-accordion-item__content\">\n<p><strong>7.1<\/strong><strong> <\/strong>La competencia constar\u00e1 de dos ex\u00e1menes: uno te\u00f3rico correspondiente al 60%&nbsp; de la nota total y otro experimental correspondiente al 40% de la nota total, cada uno con una duraci\u00f3n aproximada de cuatro horas y media. Ambos.<\/p>\n\n\n\n<p><strong>7.2<\/strong><strong> <\/strong>El pa\u00eds sede conformar\u00e1 un Comit\u00e9 Cient\u00edfico, CC, integrado por los autores de los problemas de las pruebas te\u00f3rica y experimental, y un presidente que puede ser uno de los autores o alg\u00fan acad\u00e9mico externo. La labor ser\u00e1 la elaboraci\u00f3n, correcci\u00f3n y arbitraje de las pruebas de competencia.<\/p>\n\n\n\n<p><strong>7.3<\/strong><strong> <\/strong>Ning\u00fan miembro del CC debe ser autor de m\u00e1s de un problema en la prueba te\u00f3rica ni en la prueba experimental. Adem\u00e1s quienes lo apoyen en la correcci\u00f3n deben estar presentes en la discusi\u00f3n y arbitraje; en caso de ausencia deben ser informados de todo lo que apruebe el jurado iberoamericano.<\/p>\n\n\n\n<p><strong>7.4<\/strong><strong> <\/strong>Para la prueba experimental, las cantidades de reactivo, materiales y equipos deben corresponder a las indicadas en el enunciado del problema de la prueba experimental, si hay cambios en las cantidades con respecto a las de la redacci\u00f3n estas deben de ser aplicadas a todos los estudiantes y ser informadas a los mentores. El d\u00eda de revisi\u00f3n de laboratorio cualquier discrepancia en cantidades de reactivos, material o equipo reportada por los mentores debe ser registrado por escrito por los responsables de la prueba pr\u00e1ctica y resuelta el mismo d\u00eda de la revisi\u00f3n.<\/p>\n\n\n\n<p><strong>7.5<\/strong><strong> <\/strong>El autor de cada problema antes de discutirlo, debe entregar la soluci\u00f3n detallada y su propuesta de puntuaci\u00f3n de cada apartado, la final, y las penalizaciones que aplique. El jurado iberoamericano debe aprobar cada uno de los problemas que integren las pruebas de competencia as\u00ed como su evaluaci\u00f3n. En caso del examen te\u00f3rico, el CC debe tener problemas adicionales para sustituir el que no sea aprobado por el jurado.<\/p>\n\n\n\n<p><strong>7.6<\/strong><strong> <\/strong>Las pruebas deben estar balanceadas en cuanto a las \u00e1reas tem\u00e1ticas contemplados en el temario de \u00e9sta competencia: anal\u00edtica, org\u00e1nica, qu\u00edmica f\u00edsica, inorg\u00e1nica. El examen te\u00f3rico debe tener problemas de las 4 \u00e1reas y el examen experimental de al menos dos \u00e1reas diferentes. De igual manera problemas que integren varias \u00e1reas del temario pueden ser propuestos. En cuanto la distribuci\u00f3n total del puntaje ninguna de las \u00e1reas tem\u00e1ticas deber\u00e1 superar un 1\/3 en la prueba te\u00f3rica y un 60% en la experimental.<\/p>\n\n\n\n<p><strong>7.7<\/strong><strong> <\/strong>El presidente del comit\u00e9 cient\u00edfico ser\u00e1 el responsable de que las pruebas tengan un balance en cuanto a distribuci\u00f3n por \u00e1reas, sean ajustadas al temario y presenten un nivel de dificultad y profundidad acorde a la OIAQ.<\/p>\n\n\n\n<p><strong>7.8<\/strong><strong> <\/strong>En las sesiones de discusi\u00f3n de cada una de las pruebas se debe aprobar la ponderaci\u00f3n que tendr\u00e1 cada uno de los problemas, en el puntaje final. En el caso del examen experimental, propuestas de cambio en la estad\u00edstica de los datos, por parte del CC, deben ser hechas al jurado Iberoamericano antes de entregar a los mentores las pruebas para la correcci\u00f3n. En el programa se debe establecer un horario para la correcci\u00f3n de las pruebas previo al arbitraje.<\/p>\n\n\n\n<p><strong>7.9<\/strong><strong> <\/strong>No se podr\u00e1 aplicar la doble penalizaci\u00f3n en la calificaci\u00f3n de la prueba. Esto significa que en un problema con respuestas secuenciales, una respuesta incorrecta en una parte no implica que la siguiente respuesta sea incorrecta por el arrastre de error, siempre y cuando el procedimiento realizado sea correcto. En otras palabras, por cada error se penalizar\u00e1 una \u00fanica vez por problema.<\/p>\n\n\n\n<p><strong>7.10<\/strong><strong> <\/strong>La penalizaci\u00f3n en eluso de cifras significativas durante un problema experimental, debe establecerse en el enunciado.<\/p>\n\n\n\n<p><strong>7.11<\/strong><strong> <\/strong>Cada concursante trabajar\u00e1 individualmente. Las respuestas se consignar\u00e1n en papel con un dise\u00f1o especial provisto por el Comit\u00e9 Organizador. Los \u00fanicos instrumentos cuyo uso se permitir\u00e1 ser\u00e1n los necesarios para escribir y dibujar, as\u00ed como una calculadora no programable. En particular, se proh\u00edbe el uso de libros, libretas de notas o tablas.<\/p>\n<\/div><\/details><\/div>\n\n\n\n<div class=\"wp-block-coblocks-accordion-item has-custom-font\" style=\"font-family:Lato;font-size:18px\"><details><summary class=\"wp-block-coblocks-accordion-item__title\"><strong>8. Los temas de competencia<\/strong><\/summary><div class=\"wp-block-coblocks-accordion-item__content\">\n<p><strong>8.1 <\/strong>Los temas incluidos en la competencia son los descritos en el temario.<\/p>\n\n\n\n<p><strong>8.2 <\/strong>A juicio del Jurado, el temario de la competencia podr\u00e1 ser modificado para las OIAQ subsiguientes.&nbsp;<\/p>\n\n\n\n<p><strong>8.3 <\/strong>Las t\u00e9cnicas experimentales ser\u00e1n las habituales para un estudiante del nivel preuniversitario y se encuentran en el temario.&nbsp;<\/p>\n<\/div><\/details><\/div>\n\n\n\n<div class=\"wp-block-coblocks-accordion-item has-custom-font\" style=\"font-family:Lato;font-size:18px\"><details><summary class=\"wp-block-coblocks-accordion-item__title\"><strong>9. Premios<\/strong><\/summary><div class=\"wp-block-coblocks-accordion-item__content\">\n<p><strong>9.1<\/strong><strong> <\/strong>Se otorgar\u00e1n medallas de oro, plata y bronce, con sus respectivos diplomas, a los estudiantes que obtengan los resultados m\u00e1s altos. Los porcentajes para cada categor\u00eda son los siguientes: medalla de oro, entre 8 y 12%; medalla de plata, entre 18 y 22%; y medalla de bronce, entre 28 y 32%; el n\u00famero de alumnos acreedores a medalla no deber\u00e1 exceder del 60% del total. La distribuci\u00f3n de medallas se realizar\u00e1 en sesi\u00f3n de Jurado, con base a una lista an\u00f3nima de resultados.<\/p>\n\n\n\n<p><strong>9.2<\/strong><strong> <\/strong>El Comit\u00e9 Organizador del pa\u00eds sede otorgar\u00e1 menciones honor\u00edficas al 5 % de los estudiantes que hayan obtenido puntajes pr\u00f3ximos a la \u00faltima medalla de bronce, y tambi\u00e9n a aqu\u00e9llos que, sin encontrarse en ninguno de los grupos anteriores, hayan resuelto de forma totalmente correcta al menos uno de los problemas. Este resultado deber\u00e1 hacerse constar en un certificado.<\/p>\n\n\n\n<p><strong>9.3<\/strong><strong> <\/strong>Queda a criterio del Comit\u00e9 Organizador y el jurado Iberoamericano el otorgar menci\u00f3n especial a aquellos estudiantes que, a su juicio, hayan tenido una destacada participaci\u00f3n aunque no hayan sido acreedores a medalla o menci\u00f3n honor\u00edfica. De esta manera, se puede otorgar premios especiales a aquellos estudiantes que hayan logrado el mejor resultado en la prueba te\u00f3rica y en la prueba experimental, sin que estos reconocimientos impliquen costos adicionales a los organizadores.<\/p>\n\n\n\n<p><strong>9.4<\/strong><strong> <\/strong>A los estudiantes que no hayan obtenido alguna de las distinciones antes mencionadas, se les otorgar\u00e1 certificado de participaci\u00f3n.&nbsp;<\/p>\n\n\n\n<p><strong>9.5<\/strong><strong> <\/strong>No se dar\u00e1 calificaci\u00f3n alguna por pa\u00edses.<\/p>\n<\/div><\/details><\/div>\n\n\n\n<div class=\"wp-block-coblocks-accordion-item has-custom-font\" style=\"font-family:Lato;font-size:18px\"><details><summary class=\"wp-block-coblocks-accordion-item__title\"><strong>10. Revisi\u00f3n y modificaci\u00f3n del reglamento<\/strong><\/summary><div class=\"wp-block-coblocks-accordion-item__content\">\n<p><strong>10.1 <\/strong>El reglamento ser\u00e1 revisado anualmente, en sesiones de Jurado durante el desarrollo de la Olimpiada Iberoamericana de Qu\u00edmica.&nbsp;<\/p>\n\n\n\n<p><strong>10.2<\/strong> Para la modificaci\u00f3n de cualquier art\u00edculo de este reglamento se requerir\u00e1 el&nbsp; acuerdo de, por lo menos, dos terceras partes del jurado iberoamericano.<\/p>\n\n\n\n<p><strong>10.3<\/strong> Se votar\u00e1n como acuerdo en firme de modo que su aplicaci\u00f3n entrar\u00e1 en vigencia inmediatamente despu\u00e9s de su publicaci\u00f3n en los medios oficiales de la olimp\u00edada.<\/p>\n\n\n\n<p><strong>10.4<\/strong> En contexto de pandemia, o situaciones de emergencia mundial, y que se realice una OIAQ a distancia, el evento ser\u00e1 normado por: el reglamento de la OIAQ para ediciones a distancia, aprobado el 25-06-2021.<\/p>\n\n\n\n<p>El presente reglamento fue aprobado el 20\/09\/2021, por el jurado iberoamericano y entrar\u00e1 en vigencia para la 26\u00aa OIAQ-2022.<\/p>\n<\/div><\/details><\/div>\n<\/div>\n","protected":false},"excerpt":{"rendered":"<p>Reglamento de la Olimp\u00edada Iberoamericana de Qu\u00edmica, OIAQ<\/p>\n","protected":false},"author":6,"featured_media":0,"parent":0,"menu_order":0,"comment_status":"closed","ping_status":"closed","template":"","meta":{"_acf_changed":false,"_monsterinsights_skip_tracking":false,"_monsterinsights_sitenote_active":false,"_monsterinsights_sitenote_note":"","_monsterinsights_sitenote_category":0,"_coblocks_attr":"Lato,Lato","_coblocks_dimensions":"","_coblocks_responsive_height":"","_coblocks_accordion_ie_support":"","footnotes":""},"class_list":["post-327","page","type-page","status-publish","hentry"],"acf":[],"_links":{"self":[{"href":"https:\/\/multimedia.uned.ac.cr\/ecen\/oiaq2024\/wp-json\/wp\/v2\/pages\/327","targetHints":{"allow":["GET"]}}],"collection":[{"href":"https:\/\/multimedia.uned.ac.cr\/ecen\/oiaq2024\/wp-json\/wp\/v2\/pages"}],"about":[{"href":"https:\/\/multimedia.uned.ac.cr\/ecen\/oiaq2024\/wp-json\/wp\/v2\/types\/page"}],"author":[{"embeddable":true,"href":"https:\/\/multimedia.uned.ac.cr\/ecen\/oiaq2024\/wp-json\/wp\/v2\/users\/6"}],"replies":[{"embeddable":true,"href":"https:\/\/multimedia.uned.ac.cr\/ecen\/oiaq2024\/wp-json\/wp\/v2\/comments?post=327"}],"version-history":[{"count":15,"href":"https:\/\/multimedia.uned.ac.cr\/ecen\/oiaq2024\/wp-json\/wp\/v2\/pages\/327\/revisions"}],"predecessor-version":[{"id":545,"href":"https:\/\/multimedia.uned.ac.cr\/ecen\/oiaq2024\/wp-json\/wp\/v2\/pages\/327\/revisions\/545"}],"wp:attachment":[{"href":"https:\/\/multimedia.uned.ac.cr\/ecen\/oiaq2024\/wp-json\/wp\/v2\/media?parent=327"}],"curies":[{"name":"wp","href":"https:\/\/api.w.org\/{rel}","templated":true}]}}