{"id":6,"date":"2024-05-23T21:13:14","date_gmt":"2024-05-23T21:13:14","guid":{"rendered":"https:\/\/multimedia.uned.ac.cr\/ecen\/jornada-salud-2024\/?page_id=6"},"modified":"2024-11-12T22:14:22","modified_gmt":"2024-11-12T22:14:22","slug":"descripcion","status":"publish","type":"page","link":"https:\/\/multimedia.uned.ac.cr\/ecen\/jornada-salud-2024\/inicio\/descripcion\/","title":{"rendered":"Descripci\u00f3n"},"content":{"rendered":"<div class=\"wp-block-image\">\n<figure class=\"aligncenter size-large is-resized\"><img loading=\"lazy\" decoding=\"async\" width=\"1024\" height=\"555\" src=\"https:\/\/multimedia.uned.ac.cr\/ecen\/jornada-salud-2024\/wp-content\/uploads\/sites\/43\/2024\/08\/logo-administracion-salud_propuesta2-1-1024x555.jpg\" alt=\"\" class=\"wp-image-68\" style=\"width:565px;height:auto\" srcset=\"https:\/\/multimedia.uned.ac.cr\/ecen\/jornada-salud-2024\/wp-content\/uploads\/sites\/43\/2024\/08\/logo-administracion-salud_propuesta2-1-1024x555.jpg 1024w, https:\/\/multimedia.uned.ac.cr\/ecen\/jornada-salud-2024\/wp-content\/uploads\/sites\/43\/2024\/08\/logo-administracion-salud_propuesta2-1-300x162.jpg 300w, https:\/\/multimedia.uned.ac.cr\/ecen\/jornada-salud-2024\/wp-content\/uploads\/sites\/43\/2024\/08\/logo-administracion-salud_propuesta2-1-768x416.jpg 768w, https:\/\/multimedia.uned.ac.cr\/ecen\/jornada-salud-2024\/wp-content\/uploads\/sites\/43\/2024\/08\/logo-administracion-salud_propuesta2-1-1536x832.jpg 1536w, https:\/\/multimedia.uned.ac.cr\/ecen\/jornada-salud-2024\/wp-content\/uploads\/sites\/43\/2024\/08\/logo-administracion-salud_propuesta2-1-2048x1109.jpg 2048w\" sizes=\"auto, (min-width: 900px) 600px, 900px\" \/><\/figure>\n<\/div>\n\n\n<p>La I Jornada de Investigaci\u00f3n en Administraci\u00f3n de Servicios de Salud es un espacio propuesto por la carrera de Administraci\u00f3n de Servicios de Salud, de la Escuela de Ciencias Exactas y Naturales de la Universidad Estatal a Distancia (UNED), con la cooperaci\u00f3n de las c\u00e1tedras de Salud y Gesti\u00f3n de Salud, para intercambiar experiencias -locales e internacionales- en investigaci\u00f3n y de la academia, generadas en el marco de la salud p\u00fablica.<\/p>\n\n\n\n<h2 class=\"wp-block-heading\">Certificado de Asistencia<\/h2>\n\n\n\n<p>Se otorgar\u00e1 certificado de asistencia a quienes hayan ingresado y mantenido conexi\u00f3n el d\u00eda viernes 11 de octubre de 2024 por 5 horas y 30 minutos (asistencia a siete ponencias), como m\u00ednimo, y el d\u00eda s\u00e1bado 12 de octubre de 2024, a quienes ingresaron y mantuvieron conexi\u00f3n por 3 horas (asistencia a 4 ponencias), m\u00ednimo.<\/p>\n\n\n\n<h2 class=\"wp-block-heading\">Contacto<\/h2>\n\n\n\n<p>Puede contactarnos a la direcci\u00f3n electr\u00f3nica <a href=\"mailto:eventosass@uned.ac.cr\">eventosass@uned.ac.cr<\/a><\/p>\n\n\n\n<h2 class=\"wp-block-heading\">Transmisi\u00f3n<\/h2>\n\n\n\n<p>Le invitamos a repasar esta actividad dando clic a los siguientes enlaces:<\/p>\n\n\n\n<p><strong>D\u00eda 1 &#8211; 11 de octubre de 2024&nbsp;<\/strong><\/p>\n\n\n\n<ul class=\"wp-block-list\">\n<li><a href=\"https:\/\/www.youtube.com\/live\/ZRvQKLZNl_8?si=SuglBYa_aU0_c0ZY\">Transmisi\u00f3n del bloque de la ma\u00f1ana<\/a><\/li>\n\n\n\n<li><a href=\"https:\/\/www.youtube.com\/live\/Ks4YAeTGsHs?si=St2V4p66gmnnfMjB\">Transmisi\u00f3n del bloque de la tarde<\/a><\/li>\n<\/ul>\n\n\n\n<p><strong>D\u00eda 2 &#8211; 12 de octubre de 2024&nbsp;<\/strong><\/p>\n\n\n\n<ul class=\"wp-block-list\">\n<li><a href=\"https:\/\/www.youtube.com\/live\/JVl2ZjkQv3o?si=_lb6W6Ql-9hLY-44\">Transmisi\u00f3n<\/a><\/li>\n<\/ul>\n","protected":false},"excerpt":{"rendered":"<p>La I Jornada de Investigaci\u00f3n en Administraci\u00f3n de Servicios de Salud es un espacio propuesto por la carrera de Administraci\u00f3n de Servicios de Salud, de la Escuela de Ciencias Exactas y Naturales de la Universidad Estatal a Distancia (UNED), con la cooperaci\u00f3n de las c\u00e1tedras de Salud y Gesti\u00f3n de Salud, para intercambiar experiencias -locales e internacionales- en investigaci\u00f3n y de la academia, generadas en el marco de la salud p\u00fablica. Certificado de Asistencia Se otorgar\u00e1 certificado de asistencia a quienes hayan ingresado y mantenido conexi\u00f3n el d\u00eda viernes 11 de octubre de 2024 por 5 horas y 30 minutos\u2026<\/p>\n","protected":false},"author":2,"featured_media":0,"parent":4,"menu_order":0,"comment_status":"closed","ping_status":"closed","template":"page-full-width.php","meta":{"_acf_changed":false,"_monsterinsights_skip_tracking":false,"_monsterinsights_sitenote_active":false,"_monsterinsights_sitenote_note":"","_monsterinsights_sitenote_category":0,"_coblocks_attr":"","_coblocks_dimensions":"","_coblocks_responsive_height":"","_coblocks_accordion_ie_support":"","footnotes":""},"class_list":["post-6","page","type-page","status-publish","hentry"],"acf":[],"_links":{"self":[{"href":"https:\/\/multimedia.uned.ac.cr\/ecen\/jornada-salud-2024\/wp-json\/wp\/v2\/pages\/6","targetHints":{"allow":["GET"]}}],"collection":[{"href":"https:\/\/multimedia.uned.ac.cr\/ecen\/jornada-salud-2024\/wp-json\/wp\/v2\/pages"}],"about":[{"href":"https:\/\/multimedia.uned.ac.cr\/ecen\/jornada-salud-2024\/wp-json\/wp\/v2\/types\/page"}],"author":[{"embeddable":true,"href":"https:\/\/multimedia.uned.ac.cr\/ecen\/jornada-salud-2024\/wp-json\/wp\/v2\/users\/2"}],"replies":[{"embeddable":true,"href":"https:\/\/multimedia.uned.ac.cr\/ecen\/jornada-salud-2024\/wp-json\/wp\/v2\/comments?post=6"}],"version-history":[{"count":12,"href":"https:\/\/multimedia.uned.ac.cr\/ecen\/jornada-salud-2024\/wp-json\/wp\/v2\/pages\/6\/revisions"}],"predecessor-version":[{"id":226,"href":"https:\/\/multimedia.uned.ac.cr\/ecen\/jornada-salud-2024\/wp-json\/wp\/v2\/pages\/6\/revisions\/226"}],"up":[{"embeddable":true,"href":"https:\/\/multimedia.uned.ac.cr\/ecen\/jornada-salud-2024\/wp-json\/wp\/v2\/pages\/4"}],"wp:attachment":[{"href":"https:\/\/multimedia.uned.ac.cr\/ecen\/jornada-salud-2024\/wp-json\/wp\/v2\/media?parent=6"}],"curies":[{"name":"wp","href":"https:\/\/api.w.org\/{rel}","templated":true}]}}