{"id":12,"date":"2024-05-23T21:14:16","date_gmt":"2024-05-23T21:14:16","guid":{"rendered":"https:\/\/multimedia.uned.ac.cr\/ecen\/jornada-salud-2024\/?page_id=12"},"modified":"2024-10-09T17:47:41","modified_gmt":"2024-10-09T17:47:41","slug":"publico-meta","status":"publish","type":"page","link":"https:\/\/multimedia.uned.ac.cr\/ecen\/jornada-salud-2024\/inicio\/publico-meta\/","title":{"rendered":"P\u00fablico meta"},"content":{"rendered":"\n<p>Este espacio se encuentra dirigido a:<\/p>\n\n\n\n<ul class=\"wp-block-list\">\n<li>Personas estudiantes, egresadas y\/o graduadas de la carrera de Administraci\u00f3n de Servicios de Salud (UNED).<\/li>\n\n\n\n<li>Personas estudiantes, egresadas y\/o graduadas de carreras relacionadas con la administraci\u00f3n de servicios de salud (otras universidades).<\/li>\n\n\n\n<li>P\u00fablico en general interesado en la tem\u00e1tica.<\/li>\n\n\n\n<li>Abierto a la comunidad nacional e internacional.<\/li>\n<\/ul>\n\n\n\n<div aria-label=\"Offset Gallery\" class=\"wp-block-coblocks-gallery-offset\"><ul class=\"coblocks-gallery has-no-alignment has-caption-style-dark has-small-images has-small-gutter\"><li class=\"coblocks-gallery--item\"><figure class=\"wp-block-coblocks-gallery-offset__figure\"><img loading=\"lazy\" decoding=\"async\" width=\"1024\" height=\"576\" src=\"https:\/\/multimedia.uned.ac.cr\/ecen\/jornada-salud-2024\/wp-content\/uploads\/sites\/43\/2024\/09\/Idea-2-invitacion-1-1024x576.jpg\" alt=\"\" data-id=\"99\" data-imglink=\"\" class=\"wp-image-99\" srcset=\"https:\/\/multimedia.uned.ac.cr\/ecen\/jornada-salud-2024\/wp-content\/uploads\/sites\/43\/2024\/09\/Idea-2-invitacion-1-1024x576.jpg 1024w, https:\/\/multimedia.uned.ac.cr\/ecen\/jornada-salud-2024\/wp-content\/uploads\/sites\/43\/2024\/09\/Idea-2-invitacion-1-300x169.jpg 300w, https:\/\/multimedia.uned.ac.cr\/ecen\/jornada-salud-2024\/wp-content\/uploads\/sites\/43\/2024\/09\/Idea-2-invitacion-1-768x432.jpg 768w, https:\/\/multimedia.uned.ac.cr\/ecen\/jornada-salud-2024\/wp-content\/uploads\/sites\/43\/2024\/09\/Idea-2-invitacion-1-1536x864.jpg 1536w, https:\/\/multimedia.uned.ac.cr\/ecen\/jornada-salud-2024\/wp-content\/uploads\/sites\/43\/2024\/09\/Idea-2-invitacion-1-2048x1153.jpg 2048w\" sizes=\"auto, (min-width: 900px) 600px, 900px\" \/><\/figure><\/li><li class=\"coblocks-gallery--item\"><figure class=\"wp-block-coblocks-gallery-offset__figure\"><img loading=\"lazy\" decoding=\"async\" width=\"1024\" height=\"660\" src=\"https:\/\/multimedia.uned.ac.cr\/ecen\/jornada-salud-2024\/wp-content\/uploads\/sites\/43\/2024\/09\/Idea-1-imagen-invitacion-1024x660.jpg\" alt=\"\" data-id=\"101\" data-imglink=\"\" data-link=\"https:\/\/multimedia.uned.ac.cr\/ecen\/jornada-salud-2024\/inicio\/publico-meta\/idea-1-imagen-invitacion\/\" class=\"wp-image-101\" srcset=\"https:\/\/multimedia.uned.ac.cr\/ecen\/jornada-salud-2024\/wp-content\/uploads\/sites\/43\/2024\/09\/Idea-1-imagen-invitacion-1024x660.jpg 1024w, https:\/\/multimedia.uned.ac.cr\/ecen\/jornada-salud-2024\/wp-content\/uploads\/sites\/43\/2024\/09\/Idea-1-imagen-invitacion-300x193.jpg 300w, https:\/\/multimedia.uned.ac.cr\/ecen\/jornada-salud-2024\/wp-content\/uploads\/sites\/43\/2024\/09\/Idea-1-imagen-invitacion-768x495.jpg 768w, https:\/\/multimedia.uned.ac.cr\/ecen\/jornada-salud-2024\/wp-content\/uploads\/sites\/43\/2024\/09\/Idea-1-imagen-invitacion-1536x990.jpg 1536w, https:\/\/multimedia.uned.ac.cr\/ecen\/jornada-salud-2024\/wp-content\/uploads\/sites\/43\/2024\/09\/Idea-1-imagen-invitacion-2048x1320.jpg 2048w\" sizes=\"auto, (min-width: 900px) 600px, 900px\" \/><\/figure><\/li><\/ul><\/div>\n\n\n\n<hr class=\"wp-block-separator has-alpha-channel-opacity\"\/>\n\n\n\n<h2 class=\"wp-block-heading\">Inscripci\u00f3n<\/h2>\n\n\n\n<p>Quienes deseen participar en la Jornada deben completar el formulario de inscripci\u00f3n disponible <a href=\"https:\/\/forms.office.com\/r\/fdBWG3dBj2\">aqu\u00ed<\/a>.<\/p>\n","protected":false},"excerpt":{"rendered":"<p>Este espacio se encuentra dirigido a: Inscripci\u00f3n Quienes deseen participar en la Jornada deben completar el formulario de inscripci\u00f3n disponible aqu\u00ed.<\/p>\n","protected":false},"author":2,"featured_media":0,"parent":4,"menu_order":0,"comment_status":"closed","ping_status":"closed","template":"page-full-width.php","meta":{"_acf_changed":false,"_monsterinsights_skip_tracking":false,"_monsterinsights_sitenote_active":false,"_monsterinsights_sitenote_note":"","_monsterinsights_sitenote_category":0,"_coblocks_attr":"","_coblocks_dimensions":"","_coblocks_responsive_height":"","_coblocks_accordion_ie_support":"","footnotes":""},"class_list":["post-12","page","type-page","status-publish","hentry"],"acf":[],"_links":{"self":[{"href":"https:\/\/multimedia.uned.ac.cr\/ecen\/jornada-salud-2024\/wp-json\/wp\/v2\/pages\/12","targetHints":{"allow":["GET"]}}],"collection":[{"href":"https:\/\/multimedia.uned.ac.cr\/ecen\/jornada-salud-2024\/wp-json\/wp\/v2\/pages"}],"about":[{"href":"https:\/\/multimedia.uned.ac.cr\/ecen\/jornada-salud-2024\/wp-json\/wp\/v2\/types\/page"}],"author":[{"embeddable":true,"href":"https:\/\/multimedia.uned.ac.cr\/ecen\/jornada-salud-2024\/wp-json\/wp\/v2\/users\/2"}],"replies":[{"embeddable":true,"href":"https:\/\/multimedia.uned.ac.cr\/ecen\/jornada-salud-2024\/wp-json\/wp\/v2\/comments?post=12"}],"version-history":[{"count":5,"href":"https:\/\/multimedia.uned.ac.cr\/ecen\/jornada-salud-2024\/wp-json\/wp\/v2\/pages\/12\/revisions"}],"predecessor-version":[{"id":181,"href":"https:\/\/multimedia.uned.ac.cr\/ecen\/jornada-salud-2024\/wp-json\/wp\/v2\/pages\/12\/revisions\/181"}],"up":[{"embeddable":true,"href":"https:\/\/multimedia.uned.ac.cr\/ecen\/jornada-salud-2024\/wp-json\/wp\/v2\/pages\/4"}],"wp:attachment":[{"href":"https:\/\/multimedia.uned.ac.cr\/ecen\/jornada-salud-2024\/wp-json\/wp\/v2\/media?parent=12"}],"curies":[{"name":"wp","href":"https:\/\/api.w.org\/{rel}","templated":true}]}}