{"id":2,"date":"2019-07-16T17:18:00","date_gmt":"2019-07-16T17:18:00","guid":{"rendered":"https:\/\/multimedia.uned.ac.cr\/ecen\/i-sap-esenanza-matematica\/?page_id=2"},"modified":"2019-07-30T20:19:10","modified_gmt":"2019-07-30T20:19:10","slug":"pagina-ejemplo","status":"publish","type":"page","link":"https:\/\/multimedia.uned.ac.cr\/ecen\/i-sap-esenanza-matematica\/","title":{"rendered":"Portada"},"content":{"rendered":"\n<p>El presente seminario desarrollado por el Programa de Ense\u00f1anza de la Matem\u00e1tica surge como parte de las actividades para integrar a los tutores, estudiantes y graduados en el quehacer acad\u00e9mico del Programa, el mismo tiene como prop\u00f3sito la actualizaci\u00f3n profesional, ya que esta debe ser constante y acorde a las exigencias del mercado nacional e internacional. Tem\u00e1ticas como la producci\u00f3n e implementaci\u00f3n de materiales did\u00e1cticos para la Ense\u00f1anza de la Matem\u00e1tica y las TIC en educaci\u00f3n secundaria, son fundamentales, ya que influencian en las diversas actividades que desarrolla el docente en su sal\u00f3n de clases para el mejoramiento de la educaci\u00f3n costarricense.<\/p>\n\n\n\n<hr class=\"wp-block-coblocks-dynamic-separator\" style=\"height:80px\"\/>\n\n\n\n<div class=\"wp-block-coblocks-author\"><div class=\"wp-block-coblocks-author__avatar\"><img decoding=\"async\" class=\"wp-block-coblocks-author__avatar-img\" src=\"https:\/\/multimedia.uned.ac.cr\/ecen\/i-sap-esenanza-matematica\/wp-content\/uploads\/sites\/2\/2019\/07\/266ac5_456f88dd4eab4f3f85d18ccd104855a4_mv2.png\" alt=\"avatar\"\/><\/div><div class=\"wp-block-coblocks-author__content\"><p class=\"wp-block-coblocks-author__heading\">Experto international<\/p><span class=\"wp-block-coblocks-author__name\"><strong>Jhony Alexander Villa Ochoa<\/strong><\/span><p class=\"wp-block-coblocks-author__biography\">Conferencia Magistral \u201cLas TIC en la producci\u00f3n y mediaci\u00f3n de materiales did\u00e1cticos para la ense\u00f1anza de la matem\u00e1tica\u201d<\/p>\n<div class=\"wp-block-button is-style-squared\"><a class=\"wp-block-button__link has-background has-vivid-cyan-blue-background-color\" href=\"https:\/\/multimedia.uned.ac.cr\/ecen\/i-sap-esenanza-matematica\/expositores\/\">Ver expositores<\/a><\/div>\n<\/div><\/div>\n\n\n\n<hr class=\"wp-block-coblocks-dynamic-separator\" style=\"height:80px\"\/>\n\n\n\n<h2 class=\"wp-block-heading\">Cronograma de actividades<\/h2>\n\n\n\n<p>El I Seminario de Actualizaci\u00f3n Profesional del Programa de Ense\u00f1anza de la Matem\u00e1tica, se llevar\u00e1 a cabo mediante conferencias magistrales, talleres y una mesa redonda, lo cual permite fortalecer las bases te\u00f3ricas y pr\u00e1cticas sobre el quehacer profesional.<\/p>\n\n\n\n<p>Cada participante tiene la opci\u00f3n de escoger dos talleres de acuerdo a las tem\u00e1ticas de su inter\u00e9s (hasta agotar espacios) , cada uno con una duraci\u00f3n de dos horas.<\/p>\n\n\n\n<div class=\"wp-block-button is-style-squared\"><a class=\"wp-block-button__link has-background has-vivid-cyan-blue-background-color\" href=\"https:\/\/multimedia.uned.ac.cr\/ecen\/i-sap-esenanza-matematica\/cronograma\/\">M\u00e1s informaci\u00f3n<\/a><\/div>\n\n\n\n<hr class=\"wp-block-coblocks-dynamic-separator\" style=\"height:80px\"\/>\n\n\n\n<h2 class=\"wp-block-heading\">Registro<\/h2>\n\n\n\n<p>El I Semanario de Actualizaci\u00f3n Profesional del Programa de Ense\u00f1anza de la Matem\u00e1tica tiene un costo de \u00a22,000 (dos mil colones) incluye alimentaci\u00f3n, materiales, talleres y constancia de participaci\u00f3n (*).<\/p>\n\n\n\n<p class=\"has-small-font-size\">(*) Una constancia de participaci\u00f3n a un evento acad\u00e9mico no es reconocida en carrera docente del Servicio Civil.<\/p>\n\n\n\n<div class=\"wp-block-button is-style-squared\"><a class=\"wp-block-button__link has-background has-vivid-cyan-blue-background-color\" href=\"https:\/\/multimedia.uned.ac.cr\/ecen\/i-sap-esenanza-matematica\/registro\/\">Mas informaci\u00f3n<\/a><\/div>\n","protected":false},"excerpt":{"rendered":"<p>El presente seminario desarrollado por el Programa de Ense\u00f1anza de la Matem\u00e1tica surge como parte de las actividades para integrar a los tutores, estudiantes y graduados en el quehacer acad\u00e9mico del Programa, el mismo tiene como prop\u00f3sito la actualizaci\u00f3n profesional, ya que esta debe ser constante y acorde a las exigencias del mercado nacional e internacional. Tem\u00e1ticas como la producci\u00f3n e implementaci\u00f3n de materiales did\u00e1cticos para la Ense\u00f1anza de la Matem\u00e1tica y las TIC en educaci\u00f3n secundaria, son fundamentales, ya que influencian en las diversas actividades que desarrolla el docente en su sal\u00f3n de clases para el mejoramiento de la\u2026<\/p>\n","protected":false},"author":1,"featured_media":0,"parent":0,"menu_order":0,"comment_status":"closed","ping_status":"open","template":"","meta":{"_acf_changed":false,"_monsterinsights_skip_tracking":false,"_monsterinsights_sitenote_active":false,"_monsterinsights_sitenote_note":"","_monsterinsights_sitenote_category":0,"_coblocks_attr":"","_coblocks_dimensions":"","_coblocks_responsive_height":"{\"coblocks-shape-divider-616113631907\":{\"backgroundHeight\":{\"height\":37},\"shapeHeight\":{\"height\":50}},\"coblocks-shape-divider-616114334416\":{\"shapeHeight\":{\"height\":80}}}","_coblocks_accordion_ie_support":"","footnotes":""},"class_list":["post-2","page","type-page","status-publish","hentry"],"acf":[],"_links":{"self":[{"href":"https:\/\/multimedia.uned.ac.cr\/ecen\/i-sap-esenanza-matematica\/wp-json\/wp\/v2\/pages\/2","targetHints":{"allow":["GET"]}}],"collection":[{"href":"https:\/\/multimedia.uned.ac.cr\/ecen\/i-sap-esenanza-matematica\/wp-json\/wp\/v2\/pages"}],"about":[{"href":"https:\/\/multimedia.uned.ac.cr\/ecen\/i-sap-esenanza-matematica\/wp-json\/wp\/v2\/types\/page"}],"author":[{"embeddable":true,"href":"https:\/\/multimedia.uned.ac.cr\/ecen\/i-sap-esenanza-matematica\/wp-json\/wp\/v2\/users\/1"}],"replies":[{"embeddable":true,"href":"https:\/\/multimedia.uned.ac.cr\/ecen\/i-sap-esenanza-matematica\/wp-json\/wp\/v2\/comments?post=2"}],"version-history":[{"count":0,"href":"https:\/\/multimedia.uned.ac.cr\/ecen\/i-sap-esenanza-matematica\/wp-json\/wp\/v2\/pages\/2\/revisions"}],"wp:attachment":[{"href":"https:\/\/multimedia.uned.ac.cr\/ecen\/i-sap-esenanza-matematica\/wp-json\/wp\/v2\/media?parent=2"}],"curies":[{"name":"wp","href":"https:\/\/api.w.org\/{rel}","templated":true}]}}