{"id":68,"date":"2023-04-27T21:40:39","date_gmt":"2023-04-27T21:40:39","guid":{"rendered":"https:\/\/multimedia.uned.ac.cr\/ecen\/evaluacionaprendizaje\/?page_id=68"},"modified":"2025-06-17T16:38:57","modified_gmt":"2025-06-17T16:38:57","slug":"material-de-consulta","status":"publish","type":"page","link":"https:\/\/multimedia.uned.ac.cr\/ecen\/evaluacionaprendizaje\/material-de-consulta\/","title":{"rendered":"Material de consulta"},"content":{"rendered":"\n<p>D\u00e9 clic sobre el documento que es de su inter\u00e9s revisar:<\/p>\n\n\n\n<ul class=\"wp-block-list\">\n<li><a href=\"https:\/\/www.uned.ac.cr\/academica\/images\/PACE\/recursos\/Evaluacion_de_los_Aprendizajes__09-07-13_modificado.pdf\">Recomendaciones para la Evaluaci\u00f3n de los Aprendizajes en la Universidad Estatal a Distancia<\/a><\/li>\n\n\n\n<li><a href=\"https:\/\/multimedia.uned.ac.cr\/pem\/recursos_pace\/\">Recursos para el dise\u00f1o curricular<\/a><\/li>\n\n\n\n<li><a href=\"https:\/\/www.uned.ac.cr\/dpmd\/pal\/images\/documentos\/Profesores\/consideraciones-tec-pedag-inst-evaluacion.pdf\">Consideraciones t\u00e9cnico-pedag\u00f3gicas en la construcci\u00f3n de listas de cotejo, escalas de calificaci\u00f3n y matrices de valoraci\u00f3n<\/a><\/li>\n\n\n\n<li><a href=\"https:\/\/www.uned.ac.cr\/images\/rector\/doc\/ManualValores.pdf\">Manual de Principios \u00c9ticos de la UNED<\/a><\/li>\n\n\n\n<li><a href=\"https:\/\/www.uned.ac.cr\/docencia\/images\/Normativa\/Reglamento_estudiantil_28_11_2024.pdf\">Reglamento general estudiantil<\/a><\/li>\n\n\n\n<li><a href=\"https:\/\/www.uned.ac.cr\/dpmd\/pal\/images\/documentos\/Profesores\/manual-actividades-parte-1-CV-UNED.pdf\">Manual de Actividades (I Parte)<\/a><\/li>\n\n\n\n<li><a href=\"https:\/\/pal.uned.ac.cr\/multimedias\/oa_cuestionario\/index.html\">Pruebas en l\u00ednea<\/a><\/li>\n\n\n\n<li><a href=\"https:\/\/www.uned.ac.cr\/dpmd\/pal\/images\/documentos\/Profesores\/Instrucciones_prueba-escrita.pdf\">Instrucciones para las pruebas escritas digitales en la plataforma virtual de la Uned<\/a><\/li>\n<\/ul>\n\n\n\n<p><strong>Enlaces de charlas de la\u00a0Procuradur\u00eda General de la Rep\u00fablica y la CIEV<\/strong><\/p>\n\n\n\n<ul class=\"wp-block-list\">\n<li><a href=\"https:\/\/youtu.be\/2h8z6MQ1y4c\">El deber de probidad: gu\u00eda para un correcto desempe\u00f1o en la gesti\u00f3n p\u00fablica<\/a><\/li>\n\n\n\n<li><a href=\"https:\/\/www.youtube.com\/live\/HHF4TOVklkU?si=1Ka1__O0PrZxlzfl\">CONFLICTOS DE INTERESES EN EL SECTOR P\u00daBLICO: Estrategias de prevenci\u00f3n y soluci\u00f3n<\/a><\/li>\n\n\n\n<li><a href=\"https:\/\/www.youtube.com\/live\/Rf3RMzBpADI\">Denuncias y protecci\u00f3n de denunciantes y testigos<\/a><\/li>\n\n\n\n<li><a href=\"https:\/\/www.youtube.com\/live\/Lb3yfL_cTwI?si=F9-Tbv1kv82XSip7\">Protecci\u00f3n de datos personales e informaci\u00f3n confidencial en la gesti\u00f3n de la administraci\u00f3n p\u00fablica<\/a><\/li>\n<\/ul>\n\n\n\n<p><\/p>\n","protected":false},"excerpt":{"rendered":"<p>D\u00e9 clic sobre el documento que es de su inter\u00e9s revisar: Enlaces de charlas de la\u00a0Procuradur\u00eda General de la Rep\u00fablica y la CIEV<\/p>\n","protected":false},"author":368,"featured_media":0,"parent":0,"menu_order":0,"comment_status":"closed","ping_status":"closed","template":"page-full-width.php","meta":{"_acf_changed":false,"_monsterinsights_skip_tracking":false,"_monsterinsights_sitenote_active":false,"_monsterinsights_sitenote_note":"","_monsterinsights_sitenote_category":0,"_coblocks_attr":"","_coblocks_dimensions":"","_coblocks_responsive_height":"","_coblocks_accordion_ie_support":"","footnotes":""},"class_list":["post-68","page","type-page","status-publish","hentry"],"acf":[],"_links":{"self":[{"href":"https:\/\/multimedia.uned.ac.cr\/ecen\/evaluacionaprendizaje\/wp-json\/wp\/v2\/pages\/68","targetHints":{"allow":["GET"]}}],"collection":[{"href":"https:\/\/multimedia.uned.ac.cr\/ecen\/evaluacionaprendizaje\/wp-json\/wp\/v2\/pages"}],"about":[{"href":"https:\/\/multimedia.uned.ac.cr\/ecen\/evaluacionaprendizaje\/wp-json\/wp\/v2\/types\/page"}],"author":[{"embeddable":true,"href":"https:\/\/multimedia.uned.ac.cr\/ecen\/evaluacionaprendizaje\/wp-json\/wp\/v2\/users\/368"}],"replies":[{"embeddable":true,"href":"https:\/\/multimedia.uned.ac.cr\/ecen\/evaluacionaprendizaje\/wp-json\/wp\/v2\/comments?post=68"}],"version-history":[{"count":4,"href":"https:\/\/multimedia.uned.ac.cr\/ecen\/evaluacionaprendizaje\/wp-json\/wp\/v2\/pages\/68\/revisions"}],"predecessor-version":[{"id":252,"href":"https:\/\/multimedia.uned.ac.cr\/ecen\/evaluacionaprendizaje\/wp-json\/wp\/v2\/pages\/68\/revisions\/252"}],"wp:attachment":[{"href":"https:\/\/multimedia.uned.ac.cr\/ecen\/evaluacionaprendizaje\/wp-json\/wp\/v2\/media?parent=68"}],"curies":[{"name":"wp","href":"https:\/\/api.w.org\/{rel}","templated":true}]}}