{"id":6,"date":"2023-03-28T19:45:10","date_gmt":"2023-03-28T19:45:10","guid":{"rendered":"https:\/\/multimedia.uned.ac.cr\/ecen\/evaluacionaprendizaje\/?page_id=6"},"modified":"2024-04-29T22:12:47","modified_gmt":"2024-04-29T22:12:47","slug":"quienes-somos","status":"publish","type":"page","link":"https:\/\/multimedia.uned.ac.cr\/ecen\/evaluacionaprendizaje\/quienes-somos\/","title":{"rendered":"\u00bfQui\u00e9nes somos?"},"content":{"rendered":"\n<p>El Proyecto 2 Mediaci\u00f3n pedag\u00f3gica y Evaluaci\u00f3n de los Aprendizajes del Plan Estrat\u00e9gico de la Escuela de Ciencias Exactas y Naturales (ECEN), su objetivo y meta son las siguientes: <\/p>\n\n\n<div class=\"wp-block-image\">\n<figure class=\"aligncenter size-large is-resized\"><img loading=\"lazy\" decoding=\"async\" width=\"1024\" height=\"512\" src=\"https:\/\/multimedia.uned.ac.cr\/ecen\/evaluacionaprendizaje\/wp-content\/uploads\/sites\/38\/2024\/04\/Blue-Minimalist-and-Simple-Welcome-Back-to-School-Banner-Landscape-1024x512.png\" alt=\"\" class=\"wp-image-214\" style=\"width:624px;height:auto\" srcset=\"https:\/\/multimedia.uned.ac.cr\/ecen\/evaluacionaprendizaje\/wp-content\/uploads\/sites\/38\/2024\/04\/Blue-Minimalist-and-Simple-Welcome-Back-to-School-Banner-Landscape-1024x512.png 1024w, https:\/\/multimedia.uned.ac.cr\/ecen\/evaluacionaprendizaje\/wp-content\/uploads\/sites\/38\/2024\/04\/Blue-Minimalist-and-Simple-Welcome-Back-to-School-Banner-Landscape-300x150.png 300w, https:\/\/multimedia.uned.ac.cr\/ecen\/evaluacionaprendizaje\/wp-content\/uploads\/sites\/38\/2024\/04\/Blue-Minimalist-and-Simple-Welcome-Back-to-School-Banner-Landscape-768x384.png 768w, https:\/\/multimedia.uned.ac.cr\/ecen\/evaluacionaprendizaje\/wp-content\/uploads\/sites\/38\/2024\/04\/Blue-Minimalist-and-Simple-Welcome-Back-to-School-Banner-Landscape-1536x768.png 1536w, https:\/\/multimedia.uned.ac.cr\/ecen\/evaluacionaprendizaje\/wp-content\/uploads\/sites\/38\/2024\/04\/Blue-Minimalist-and-Simple-Welcome-Back-to-School-Banner-Landscape-2048x1024.png 2048w\" sizes=\"auto, (min-width: 900px) 600px, 900px\" \/><\/figure>\n<\/div>\n\n<div class=\"wp-block-image\">\n<figure class=\"aligncenter size-large is-resized\"><img loading=\"lazy\" decoding=\"async\" width=\"1024\" height=\"577\" src=\"https:\/\/multimedia.uned.ac.cr\/ecen\/evaluacionaprendizaje\/wp-content\/uploads\/sites\/38\/2024\/04\/Blue-Minimalist-and-Simple-Welcome-Back-to-School-Facebook-Cover-1024x577.png\" alt=\"\" class=\"wp-image-215\" style=\"width:619px;height:auto\" srcset=\"https:\/\/multimedia.uned.ac.cr\/ecen\/evaluacionaprendizaje\/wp-content\/uploads\/sites\/38\/2024\/04\/Blue-Minimalist-and-Simple-Welcome-Back-to-School-Facebook-Cover-1024x577.png 1024w, https:\/\/multimedia.uned.ac.cr\/ecen\/evaluacionaprendizaje\/wp-content\/uploads\/sites\/38\/2024\/04\/Blue-Minimalist-and-Simple-Welcome-Back-to-School-Facebook-Cover-300x169.png 300w, https:\/\/multimedia.uned.ac.cr\/ecen\/evaluacionaprendizaje\/wp-content\/uploads\/sites\/38\/2024\/04\/Blue-Minimalist-and-Simple-Welcome-Back-to-School-Facebook-Cover-768x433.png 768w, https:\/\/multimedia.uned.ac.cr\/ecen\/evaluacionaprendizaje\/wp-content\/uploads\/sites\/38\/2024\/04\/Blue-Minimalist-and-Simple-Welcome-Back-to-School-Facebook-Cover-1536x865.png 1536w, https:\/\/multimedia.uned.ac.cr\/ecen\/evaluacionaprendizaje\/wp-content\/uploads\/sites\/38\/2024\/04\/Blue-Minimalist-and-Simple-Welcome-Back-to-School-Facebook-Cover.png 1640w\" sizes=\"auto, (min-width: 900px) 600px, 900px\" \/><\/figure>\n<\/div>","protected":false},"excerpt":{"rendered":"<p>El Proyecto 2 Mediaci\u00f3n pedag\u00f3gica y Evaluaci\u00f3n de los Aprendizajes del Plan Estrat\u00e9gico de la Escuela de Ciencias Exactas y Naturales (ECEN), su objetivo y meta son las siguientes:<\/p>\n","protected":false},"author":368,"featured_media":0,"parent":0,"menu_order":0,"comment_status":"closed","ping_status":"closed","template":"page-full-width.php","meta":{"_acf_changed":false,"_monsterinsights_skip_tracking":false,"_monsterinsights_sitenote_active":false,"_monsterinsights_sitenote_note":"","_monsterinsights_sitenote_category":0,"_coblocks_attr":"","_coblocks_dimensions":"","_coblocks_responsive_height":"","_coblocks_accordion_ie_support":"","footnotes":""},"class_list":["post-6","page","type-page","status-publish","hentry"],"acf":[],"_links":{"self":[{"href":"https:\/\/multimedia.uned.ac.cr\/ecen\/evaluacionaprendizaje\/wp-json\/wp\/v2\/pages\/6","targetHints":{"allow":["GET"]}}],"collection":[{"href":"https:\/\/multimedia.uned.ac.cr\/ecen\/evaluacionaprendizaje\/wp-json\/wp\/v2\/pages"}],"about":[{"href":"https:\/\/multimedia.uned.ac.cr\/ecen\/evaluacionaprendizaje\/wp-json\/wp\/v2\/types\/page"}],"author":[{"embeddable":true,"href":"https:\/\/multimedia.uned.ac.cr\/ecen\/evaluacionaprendizaje\/wp-json\/wp\/v2\/users\/368"}],"replies":[{"embeddable":true,"href":"https:\/\/multimedia.uned.ac.cr\/ecen\/evaluacionaprendizaje\/wp-json\/wp\/v2\/comments?post=6"}],"version-history":[{"count":3,"href":"https:\/\/multimedia.uned.ac.cr\/ecen\/evaluacionaprendizaje\/wp-json\/wp\/v2\/pages\/6\/revisions"}],"predecessor-version":[{"id":221,"href":"https:\/\/multimedia.uned.ac.cr\/ecen\/evaluacionaprendizaje\/wp-json\/wp\/v2\/pages\/6\/revisions\/221"}],"wp:attachment":[{"href":"https:\/\/multimedia.uned.ac.cr\/ecen\/evaluacionaprendizaje\/wp-json\/wp\/v2\/media?parent=6"}],"curies":[{"name":"wp","href":"https:\/\/api.w.org\/{rel}","templated":true}]}}