{"id":253,"date":"2025-06-17T16:39:42","date_gmt":"2025-06-17T16:39:42","guid":{"rendered":"https:\/\/multimedia.uned.ac.cr\/ecen\/evaluacionaprendizaje\/?page_id=253"},"modified":"2025-11-18T18:11:12","modified_gmt":"2025-11-18T18:11:12","slug":"jornadas-de-capacitacion-2025","status":"publish","type":"page","link":"https:\/\/multimedia.uned.ac.cr\/ecen\/evaluacionaprendizaje\/jornadas-de-capacitacion-2025\/","title":{"rendered":"Jornadas de Capacitaci\u00f3n 2025"},"content":{"rendered":"\n<figure class=\"wp-block-image size-large is-resized\"><img loading=\"lazy\" decoding=\"async\" width=\"1024\" height=\"1024\" src=\"https:\/\/multimedia.uned.ac.cr\/ecen\/evaluacionaprendizaje\/wp-content\/uploads\/sites\/38\/2025\/06\/Coaching-organizacional-en-ambitos-educativos-1024x1024.png\" alt=\"\" class=\"wp-image-256\" style=\"width:279px;height:auto\" srcset=\"https:\/\/multimedia.uned.ac.cr\/ecen\/evaluacionaprendizaje\/wp-content\/uploads\/sites\/38\/2025\/06\/Coaching-organizacional-en-ambitos-educativos-1024x1024.png 1024w, https:\/\/multimedia.uned.ac.cr\/ecen\/evaluacionaprendizaje\/wp-content\/uploads\/sites\/38\/2025\/06\/Coaching-organizacional-en-ambitos-educativos-300x300.png 300w, https:\/\/multimedia.uned.ac.cr\/ecen\/evaluacionaprendizaje\/wp-content\/uploads\/sites\/38\/2025\/06\/Coaching-organizacional-en-ambitos-educativos-150x150.png 150w, https:\/\/multimedia.uned.ac.cr\/ecen\/evaluacionaprendizaje\/wp-content\/uploads\/sites\/38\/2025\/06\/Coaching-organizacional-en-ambitos-educativos-768x768.png 768w, https:\/\/multimedia.uned.ac.cr\/ecen\/evaluacionaprendizaje\/wp-content\/uploads\/sites\/38\/2025\/06\/Coaching-organizacional-en-ambitos-educativos.png 1080w\" sizes=\"auto, (min-width: 900px) 600px, 900px\" \/><\/figure>\n\n\n\n<p><strong>Enlaces para ver la grabaci\u00f3n:<\/strong><\/p>\n\n\n\n<ul class=\"wp-block-list\">\n<li>Facebook: <a href=\"https:\/\/www.facebook.com\/events\/1225533352572048\">https:\/\/www.facebook.com\/events\/1225533352572048<\/a><\/li>\n\n\n\n<li>YouTube: <a href=\"https:\/\/www.youtube.com\/watch?v=7kdlLzZR-Q8\">https:\/\/www.youtube.com\/watch?v=7kdlLzZR-Q8<\/a><\/li>\n<\/ul>\n\n\n\n<p><strong>Material utilizado en la conferencia:<\/strong><\/p>\n\n\n\n<div data-wp-interactive=\"core\/file\" class=\"wp-block-file\"><object data-wp-bind--hidden=\"!state.hasPdfPreview\" hidden class=\"wp-block-file__embed\" data=\"https:\/\/multimedia.uned.ac.cr\/ecen\/evaluacionaprendizaje\/wp-content\/uploads\/sites\/38\/2025\/06\/Coaching-organizacional-en-ambitos-educativos.pdf\" type=\"application\/pdf\" style=\"width:100%;height:320px\" aria-label=\"Incrustado de Coaching organizacional en \u00e1mbitos educativos.\"><\/object><a id=\"wp-block-file--media-88926ea2-64d1-4b38-9588-b55c03a1ae9b\" href=\"https:\/\/multimedia.uned.ac.cr\/ecen\/evaluacionaprendizaje\/wp-content\/uploads\/sites\/38\/2025\/06\/Coaching-organizacional-en-ambitos-educativos.pdf\">Coaching organizacional en \u00e1mbitos educativos<\/a><a href=\"https:\/\/multimedia.uned.ac.cr\/ecen\/evaluacionaprendizaje\/wp-content\/uploads\/sites\/38\/2025\/06\/Coaching-organizacional-en-ambitos-educativos.pdf\" class=\"wp-block-file__button wp-element-button\" download aria-describedby=\"wp-block-file--media-88926ea2-64d1-4b38-9588-b55c03a1ae9b\">Descargar<\/a><\/div>\n\n\n\n<figure class=\"wp-block-image size-large is-resized\"><img loading=\"lazy\" decoding=\"async\" width=\"1024\" height=\"1024\" src=\"https:\/\/multimedia.uned.ac.cr\/ecen\/evaluacionaprendizaje\/wp-content\/uploads\/sites\/38\/2025\/10\/Promocion-de-la-etica-en-la-evaluacion-1024x1024.png\" alt=\"\" class=\"wp-image-268\" style=\"width:320px;height:auto\" srcset=\"https:\/\/multimedia.uned.ac.cr\/ecen\/evaluacionaprendizaje\/wp-content\/uploads\/sites\/38\/2025\/10\/Promocion-de-la-etica-en-la-evaluacion-1024x1024.png 1024w, https:\/\/multimedia.uned.ac.cr\/ecen\/evaluacionaprendizaje\/wp-content\/uploads\/sites\/38\/2025\/10\/Promocion-de-la-etica-en-la-evaluacion-300x300.png 300w, https:\/\/multimedia.uned.ac.cr\/ecen\/evaluacionaprendizaje\/wp-content\/uploads\/sites\/38\/2025\/10\/Promocion-de-la-etica-en-la-evaluacion-150x150.png 150w, https:\/\/multimedia.uned.ac.cr\/ecen\/evaluacionaprendizaje\/wp-content\/uploads\/sites\/38\/2025\/10\/Promocion-de-la-etica-en-la-evaluacion-768x768.png 768w, https:\/\/multimedia.uned.ac.cr\/ecen\/evaluacionaprendizaje\/wp-content\/uploads\/sites\/38\/2025\/10\/Promocion-de-la-etica-en-la-evaluacion.png 1080w\" sizes=\"auto, (min-width: 900px) 600px, 900px\" \/><\/figure>\n\n\n\n<p><strong>Enlaces para ver la grabaci\u00f3n:<\/strong><\/p>\n\n\n\n<ul class=\"wp-block-list\">\n<li>Facebook: <a href=\"https:\/\/www.facebook.com\/events\/1399380707958360\">https:\/\/www.facebook.com\/events\/1399380707958360<\/a><\/li>\n\n\n\n<li>YouTube: <a href=\"https:\/\/www.youtube.com\/watch?v=lRmrsSBeMns\">https:\/\/www.youtube.com\/watch?v=lRmrsSBeMns<\/a><\/li>\n<\/ul>\n\n\n\n<p><strong>Material utilizado en la conferencia:<\/strong><\/p>\n\n\n\n<div data-wp-interactive=\"core\/file\" class=\"wp-block-file\"><object data-wp-bind--hidden=\"!state.hasPdfPreview\" hidden class=\"wp-block-file__embed\" data=\"https:\/\/multimedia.uned.ac.cr\/ecen\/evaluacionaprendizaje\/wp-content\/uploads\/sites\/38\/2025\/10\/Promocion-de-la-etica-en-la-evaluacion_Monica-Carriedo-1_compressed.pdf\" type=\"application\/pdf\" style=\"width:100%;height:600px\" aria-label=\"Incrustado de Promoci\u00f3n de la \u00e9tica en la evaluaci\u00f3n_M\u00f3nica Carriedo (1)_compressed.\"><\/object><a id=\"wp-block-file--media-00ad93c2-e63a-4456-a988-4d4961dd8b0a\" href=\"https:\/\/multimedia.uned.ac.cr\/ecen\/evaluacionaprendizaje\/wp-content\/uploads\/sites\/38\/2025\/10\/Promocion-de-la-etica-en-la-evaluacion_Monica-Carriedo-1_compressed.pdf\">Promoci\u00f3n de la \u00e9tica en la evaluaci\u00f3n_M\u00f3nica Carriedo (1)_compressed<\/a><a href=\"https:\/\/multimedia.uned.ac.cr\/ecen\/evaluacionaprendizaje\/wp-content\/uploads\/sites\/38\/2025\/10\/Promocion-de-la-etica-en-la-evaluacion_Monica-Carriedo-1_compressed.pdf\" class=\"wp-block-file__button wp-element-button\" download aria-describedby=\"wp-block-file--media-00ad93c2-e63a-4456-a988-4d4961dd8b0a\">Descargar<\/a><\/div>\n\n\n\n<figure class=\"wp-block-image size-large is-resized\"><img loading=\"lazy\" decoding=\"async\" width=\"726\" height=\"1024\" src=\"https:\/\/multimedia.uned.ac.cr\/ecen\/evaluacionaprendizaje\/wp-content\/uploads\/sites\/38\/2025\/10\/Conferencia-3-726x1024.png\" alt=\"\" class=\"wp-image-270\" style=\"width:302px;height:auto\" srcset=\"https:\/\/multimedia.uned.ac.cr\/ecen\/evaluacionaprendizaje\/wp-content\/uploads\/sites\/38\/2025\/10\/Conferencia-3-726x1024.png 726w, https:\/\/multimedia.uned.ac.cr\/ecen\/evaluacionaprendizaje\/wp-content\/uploads\/sites\/38\/2025\/10\/Conferencia-3-213x300.png 213w, https:\/\/multimedia.uned.ac.cr\/ecen\/evaluacionaprendizaje\/wp-content\/uploads\/sites\/38\/2025\/10\/Conferencia-3-768x1083.png 768w, https:\/\/multimedia.uned.ac.cr\/ecen\/evaluacionaprendizaje\/wp-content\/uploads\/sites\/38\/2025\/10\/Conferencia-3-1090x1536.png 1090w, https:\/\/multimedia.uned.ac.cr\/ecen\/evaluacionaprendizaje\/wp-content\/uploads\/sites\/38\/2025\/10\/Conferencia-3.png 1240w\" sizes=\"auto, (min-width: 900px) 600px, 900px\" \/><\/figure>\n\n\n\n<p><strong>Enlaces para ver la grabaci\u00f3n:<\/strong><\/p>\n\n\n\n<ul class=\"wp-block-list\">\n<li>Facebook: <a href=\"https:\/\/www.facebook.com\/events\/753609580809853\">https:\/\/www.facebook.com\/events\/753609580809853<\/a><\/li>\n\n\n\n<li>YouTube: <a href=\"https:\/\/www.youtube.com\/watch?v=U9k0G_mwNp0\">https:\/\/www.youtube.com\/watch?v=U9k0G_mwNp0<\/a><\/li>\n<\/ul>\n\n\n\n<p><strong>Material utilizado en la conferencia:<\/strong><\/p>\n\n\n\n<div data-wp-interactive=\"core\/file\" class=\"wp-block-file\"><object data-wp-bind--hidden=\"!state.hasPdfPreview\" hidden class=\"wp-block-file__embed\" data=\"https:\/\/multimedia.uned.ac.cr\/ecen\/evaluacionaprendizaje\/wp-content\/uploads\/sites\/38\/2025\/10\/Evaluacion_Era-IA_ESTIBALIZPEREZP.pdf\" type=\"application\/pdf\" style=\"width:100%;height:600px\" aria-label=\"Incrustado de Evaluaci\u00f3n_Era IA_ESTIBALIZPEREZP.\"><\/object><a id=\"wp-block-file--media-bfa438a1-b30f-45fe-8778-9aa32706f264\" href=\"https:\/\/multimedia.uned.ac.cr\/ecen\/evaluacionaprendizaje\/wp-content\/uploads\/sites\/38\/2025\/10\/Evaluacion_Era-IA_ESTIBALIZPEREZP.pdf\">Evaluaci\u00f3n_Era IA_ESTIBALIZPEREZP<\/a><a href=\"https:\/\/multimedia.uned.ac.cr\/ecen\/evaluacionaprendizaje\/wp-content\/uploads\/sites\/38\/2025\/10\/Evaluacion_Era-IA_ESTIBALIZPEREZP.pdf\" class=\"wp-block-file__button wp-element-button\" download aria-describedby=\"wp-block-file--media-bfa438a1-b30f-45fe-8778-9aa32706f264\">Descargar<\/a><\/div>\n\n\n\n<figure class=\"wp-block-image size-large is-resized\"><img loading=\"lazy\" decoding=\"async\" width=\"724\" height=\"1024\" src=\"https:\/\/multimedia.uned.ac.cr\/ecen\/evaluacionaprendizaje\/wp-content\/uploads\/sites\/38\/2025\/11\/Conferencia-4-724x1024.png\" alt=\"\" class=\"wp-image-287\" style=\"width:303px;height:auto\" srcset=\"https:\/\/multimedia.uned.ac.cr\/ecen\/evaluacionaprendizaje\/wp-content\/uploads\/sites\/38\/2025\/11\/Conferencia-4-724x1024.png 724w, https:\/\/multimedia.uned.ac.cr\/ecen\/evaluacionaprendizaje\/wp-content\/uploads\/sites\/38\/2025\/11\/Conferencia-4-212x300.png 212w, https:\/\/multimedia.uned.ac.cr\/ecen\/evaluacionaprendizaje\/wp-content\/uploads\/sites\/38\/2025\/11\/Conferencia-4-768x1086.png 768w, https:\/\/multimedia.uned.ac.cr\/ecen\/evaluacionaprendizaje\/wp-content\/uploads\/sites\/38\/2025\/11\/Conferencia-4-1086x1536.png 1086w, https:\/\/multimedia.uned.ac.cr\/ecen\/evaluacionaprendizaje\/wp-content\/uploads\/sites\/38\/2025\/11\/Conferencia-4-1448x2048.png 1448w, https:\/\/multimedia.uned.ac.cr\/ecen\/evaluacionaprendizaje\/wp-content\/uploads\/sites\/38\/2025\/11\/Conferencia-4.png 1587w\" sizes=\"auto, (min-width: 900px) 600px, 900px\" \/><\/figure>\n\n\n\n<p><strong>Ficha t\u00e9cnica: <\/strong><\/p>\n\n\n\n<div data-wp-interactive=\"core\/file\" class=\"wp-block-file\"><object data-wp-bind--hidden=\"!state.hasPdfPreview\" hidden class=\"wp-block-file__embed\" data=\"https:\/\/multimedia.uned.ac.cr\/ecen\/evaluacionaprendizaje\/wp-content\/uploads\/sites\/38\/2025\/11\/Ficha-Integracion-de-la-Inteligencia-Artificial-en-la-Evaluacion-Educativa.pdf\" type=\"application\/pdf\" style=\"width:100%;height:420px\" aria-label=\"Incrustado de Ficha Integraci\u00f3n de la Inteligencia Artificial en la Evaluaci\u00f3n Educativa.\"><\/object><a id=\"wp-block-file--media-8e666db8-8eb1-427d-8889-49241b745bbd\" href=\"https:\/\/multimedia.uned.ac.cr\/ecen\/evaluacionaprendizaje\/wp-content\/uploads\/sites\/38\/2025\/11\/Ficha-Integracion-de-la-Inteligencia-Artificial-en-la-Evaluacion-Educativa.pdf\">Ficha Integraci\u00f3n de la Inteligencia Artificial en la Evaluaci\u00f3n Educativa<\/a><a href=\"https:\/\/multimedia.uned.ac.cr\/ecen\/evaluacionaprendizaje\/wp-content\/uploads\/sites\/38\/2025\/11\/Ficha-Integracion-de-la-Inteligencia-Artificial-en-la-Evaluacion-Educativa.pdf\" class=\"wp-block-file__button wp-element-button\" download aria-describedby=\"wp-block-file--media-8e666db8-8eb1-427d-8889-49241b745bbd\">Descargar<\/a><\/div>\n\n\n\n<p><strong>Material utilizado en la conferencia:<\/strong><\/p>\n\n\n\n<div data-wp-interactive=\"core\/file\" class=\"wp-block-file\"><object data-wp-bind--hidden=\"!state.hasPdfPreview\" hidden class=\"wp-block-file__embed\" data=\"https:\/\/multimedia.uned.ac.cr\/ecen\/evaluacionaprendizaje\/wp-content\/uploads\/sites\/38\/2025\/11\/Conferencia_UNED_IA_Evaluacion.pdf\" type=\"application\/pdf\" style=\"width:100%;height:600px\" aria-label=\"Incrustado de Conferencia_UNED_IA_Evaluacion.\"><\/object><a id=\"wp-block-file--media-368f962c-0850-4c92-b7b9-22dea7dd428a\" href=\"https:\/\/multimedia.uned.ac.cr\/ecen\/evaluacionaprendizaje\/wp-content\/uploads\/sites\/38\/2025\/11\/Conferencia_UNED_IA_Evaluacion.pdf\">Conferencia_UNED_IA_Evaluacion<\/a><a href=\"https:\/\/multimedia.uned.ac.cr\/ecen\/evaluacionaprendizaje\/wp-content\/uploads\/sites\/38\/2025\/11\/Conferencia_UNED_IA_Evaluacion.pdf\" class=\"wp-block-file__button wp-element-button\" download aria-describedby=\"wp-block-file--media-368f962c-0850-4c92-b7b9-22dea7dd428a\">Descargar<\/a><\/div>\n","protected":false},"excerpt":{"rendered":"<p>Enlaces para ver la grabaci\u00f3n: Material utilizado en la conferencia: Enlaces para ver la grabaci\u00f3n: Material utilizado en la conferencia: Enlaces para ver la grabaci\u00f3n: Material utilizado en la conferencia: Ficha t\u00e9cnica: Material utilizado en la conferencia:<\/p>\n","protected":false},"author":368,"featured_media":0,"parent":0,"menu_order":0,"comment_status":"closed","ping_status":"closed","template":"page-full-width.php","meta":{"_acf_changed":false,"_monsterinsights_skip_tracking":false,"_monsterinsights_sitenote_active":false,"_monsterinsights_sitenote_note":"","_monsterinsights_sitenote_category":0,"_coblocks_attr":"","_coblocks_dimensions":"","_coblocks_responsive_height":"","_coblocks_accordion_ie_support":"","footnotes":""},"class_list":["post-253","page","type-page","status-publish","hentry"],"acf":[],"_links":{"self":[{"href":"https:\/\/multimedia.uned.ac.cr\/ecen\/evaluacionaprendizaje\/wp-json\/wp\/v2\/pages\/253","targetHints":{"allow":["GET"]}}],"collection":[{"href":"https:\/\/multimedia.uned.ac.cr\/ecen\/evaluacionaprendizaje\/wp-json\/wp\/v2\/pages"}],"about":[{"href":"https:\/\/multimedia.uned.ac.cr\/ecen\/evaluacionaprendizaje\/wp-json\/wp\/v2\/types\/page"}],"author":[{"embeddable":true,"href":"https:\/\/multimedia.uned.ac.cr\/ecen\/evaluacionaprendizaje\/wp-json\/wp\/v2\/users\/368"}],"replies":[{"embeddable":true,"href":"https:\/\/multimedia.uned.ac.cr\/ecen\/evaluacionaprendizaje\/wp-json\/wp\/v2\/comments?post=253"}],"version-history":[{"count":5,"href":"https:\/\/multimedia.uned.ac.cr\/ecen\/evaluacionaprendizaje\/wp-json\/wp\/v2\/pages\/253\/revisions"}],"predecessor-version":[{"id":291,"href":"https:\/\/multimedia.uned.ac.cr\/ecen\/evaluacionaprendizaje\/wp-json\/wp\/v2\/pages\/253\/revisions\/291"}],"wp:attachment":[{"href":"https:\/\/multimedia.uned.ac.cr\/ecen\/evaluacionaprendizaje\/wp-json\/wp\/v2\/media?parent=253"}],"curies":[{"name":"wp","href":"https:\/\/api.w.org\/{rel}","templated":true}]}}