{"id":232,"date":"2024-05-07T20:10:36","date_gmt":"2024-05-07T20:10:36","guid":{"rendered":"https:\/\/multimedia.uned.ac.cr\/ecen\/evaluacionaprendizaje\/?page_id=232"},"modified":"2024-05-07T20:10:37","modified_gmt":"2024-05-07T20:10:37","slug":"poblacion-meta","status":"publish","type":"page","link":"https:\/\/multimedia.uned.ac.cr\/ecen\/evaluacionaprendizaje\/poblacion-meta\/","title":{"rendered":"Poblaci\u00f3n meta"},"content":{"rendered":"\n<p>La poblaci\u00f3n meta de nuestro proyecto est\u00e1 centrada en personas adultas que buscan mejorar sus habilidades y competencias en diferentes \u00e1reas de aprendizaje. Estas personas pueden ser estudiantes universitarios, profesionales en b\u00fasqueda de actualizaci\u00f3n o perfeccionamiento en sus campos laborales, o adultos que desean adquirir conocimientos en \u00e1reas espec\u00edficas por inter\u00e9s personal.<\/p>\n\n\n<div class=\"wp-block-image\">\n<figure class=\"aligncenter size-large is-resized\"><img loading=\"lazy\" decoding=\"async\" width=\"576\" height=\"1024\" src=\"https:\/\/multimedia.uned.ac.cr\/ecen\/evaluacionaprendizaje\/wp-content\/uploads\/sites\/38\/2024\/05\/Poblacion-meta-Proyecto-2-576x1024.png\" alt=\"\" class=\"wp-image-233\" style=\"width:343px;height:auto\" srcset=\"https:\/\/multimedia.uned.ac.cr\/ecen\/evaluacionaprendizaje\/wp-content\/uploads\/sites\/38\/2024\/05\/Poblacion-meta-Proyecto-2-576x1024.png 576w, https:\/\/multimedia.uned.ac.cr\/ecen\/evaluacionaprendizaje\/wp-content\/uploads\/sites\/38\/2024\/05\/Poblacion-meta-Proyecto-2-169x300.png 169w, https:\/\/multimedia.uned.ac.cr\/ecen\/evaluacionaprendizaje\/wp-content\/uploads\/sites\/38\/2024\/05\/Poblacion-meta-Proyecto-2-768x1365.png 768w, https:\/\/multimedia.uned.ac.cr\/ecen\/evaluacionaprendizaje\/wp-content\/uploads\/sites\/38\/2024\/05\/Poblacion-meta-Proyecto-2-864x1536.png 864w, https:\/\/multimedia.uned.ac.cr\/ecen\/evaluacionaprendizaje\/wp-content\/uploads\/sites\/38\/2024\/05\/Poblacion-meta-Proyecto-2.png 1080w\" sizes=\"auto, (min-width: 900px) 600px, 900px\" \/><\/figure>\n<\/div>","protected":false},"excerpt":{"rendered":"<p>La poblaci\u00f3n meta de nuestro proyecto est\u00e1 centrada en personas adultas que buscan mejorar sus habilidades y competencias en diferentes \u00e1reas de aprendizaje. Estas personas pueden ser estudiantes universitarios, profesionales en b\u00fasqueda de actualizaci\u00f3n o perfeccionamiento en sus campos laborales, o adultos que desean adquirir conocimientos en \u00e1reas espec\u00edficas por inter\u00e9s personal.<\/p>\n","protected":false},"author":368,"featured_media":0,"parent":0,"menu_order":0,"comment_status":"closed","ping_status":"closed","template":"","meta":{"_acf_changed":false,"_monsterinsights_skip_tracking":false,"_monsterinsights_sitenote_active":false,"_monsterinsights_sitenote_note":"","_monsterinsights_sitenote_category":0,"_coblocks_attr":"","_coblocks_dimensions":"","_coblocks_responsive_height":"","_coblocks_accordion_ie_support":"","footnotes":""},"class_list":["post-232","page","type-page","status-publish","hentry"],"acf":[],"_links":{"self":[{"href":"https:\/\/multimedia.uned.ac.cr\/ecen\/evaluacionaprendizaje\/wp-json\/wp\/v2\/pages\/232","targetHints":{"allow":["GET"]}}],"collection":[{"href":"https:\/\/multimedia.uned.ac.cr\/ecen\/evaluacionaprendizaje\/wp-json\/wp\/v2\/pages"}],"about":[{"href":"https:\/\/multimedia.uned.ac.cr\/ecen\/evaluacionaprendizaje\/wp-json\/wp\/v2\/types\/page"}],"author":[{"embeddable":true,"href":"https:\/\/multimedia.uned.ac.cr\/ecen\/evaluacionaprendizaje\/wp-json\/wp\/v2\/users\/368"}],"replies":[{"embeddable":true,"href":"https:\/\/multimedia.uned.ac.cr\/ecen\/evaluacionaprendizaje\/wp-json\/wp\/v2\/comments?post=232"}],"version-history":[{"count":1,"href":"https:\/\/multimedia.uned.ac.cr\/ecen\/evaluacionaprendizaje\/wp-json\/wp\/v2\/pages\/232\/revisions"}],"predecessor-version":[{"id":234,"href":"https:\/\/multimedia.uned.ac.cr\/ecen\/evaluacionaprendizaje\/wp-json\/wp\/v2\/pages\/232\/revisions\/234"}],"wp:attachment":[{"href":"https:\/\/multimedia.uned.ac.cr\/ecen\/evaluacionaprendizaje\/wp-json\/wp\/v2\/media?parent=232"}],"curies":[{"name":"wp","href":"https:\/\/api.w.org\/{rel}","templated":true}]}}