{"id":204,"date":"2024-04-23T16:33:26","date_gmt":"2024-04-23T16:33:26","guid":{"rendered":"https:\/\/multimedia.uned.ac.cr\/ecen\/evaluacionaprendizaje\/?page_id=204"},"modified":"2024-10-16T16:53:44","modified_gmt":"2024-10-16T16:53:44","slug":"jornadas-de-capacitacion-2024","status":"publish","type":"page","link":"https:\/\/multimedia.uned.ac.cr\/ecen\/evaluacionaprendizaje\/jornadas-de-capacitacion-2024\/","title":{"rendered":"Jornadas de capacitaci\u00f3n 2024"},"content":{"rendered":"\n<figure class=\"wp-block-image size-large is-resized\"><img loading=\"lazy\" decoding=\"async\" width=\"724\" height=\"1024\" src=\"https:\/\/multimedia.uned.ac.cr\/ecen\/evaluacionaprendizaje\/wp-content\/uploads\/sites\/38\/2024\/04\/Conferencia-Pruebas-escritas-724x1024.png\" alt=\"\" class=\"wp-image-207\" style=\"width:343px;height:auto\" srcset=\"https:\/\/multimedia.uned.ac.cr\/ecen\/evaluacionaprendizaje\/wp-content\/uploads\/sites\/38\/2024\/04\/Conferencia-Pruebas-escritas-724x1024.png 724w, https:\/\/multimedia.uned.ac.cr\/ecen\/evaluacionaprendizaje\/wp-content\/uploads\/sites\/38\/2024\/04\/Conferencia-Pruebas-escritas-212x300.png 212w, https:\/\/multimedia.uned.ac.cr\/ecen\/evaluacionaprendizaje\/wp-content\/uploads\/sites\/38\/2024\/04\/Conferencia-Pruebas-escritas-768x1086.png 768w, https:\/\/multimedia.uned.ac.cr\/ecen\/evaluacionaprendizaje\/wp-content\/uploads\/sites\/38\/2024\/04\/Conferencia-Pruebas-escritas-1086x1536.png 1086w, https:\/\/multimedia.uned.ac.cr\/ecen\/evaluacionaprendizaje\/wp-content\/uploads\/sites\/38\/2024\/04\/Conferencia-Pruebas-escritas.png 1414w\" sizes=\"auto, (min-width: 900px) 600px, 900px\" \/><\/figure>\n\n\n\n<p><strong>Enlaces para ver la grabaci\u00f3n:<\/strong><\/p>\n\n\n\n<ul class=\"wp-block-list\">\n<li>Facebook: <a href=\"https:\/\/www.facebook.com\/events\/793007466075520\">https:\/\/www.facebook.com\/events\/793007466075520<\/a>&nbsp;<\/li>\n\n\n\n<li>YouTube: <a href=\"https:\/\/www.youtube.com\/watch?v=CvsZps49XRQ\">https:\/\/www.youtube.com\/watch?v=CvsZps49XRQ<\/a><\/li>\n<\/ul>\n\n\n\n<p><strong>Material utilizado en la conferencia:<\/strong><\/p>\n\n\n\n<p>Presentaci\u00f3n<\/p>\n\n\n\n<div data-wp-interactive=\"core\/file\" class=\"wp-block-file\"><object data-wp-bind--hidden=\"!state.hasPdfPreview\" hidden class=\"wp-block-file__embed\" data=\"https:\/\/multimedia.uned.ac.cr\/ecen\/evaluacionaprendizaje\/wp-content\/uploads\/sites\/38\/2024\/04\/Presentacion-PruebasEscritasEnLinea.pdf\" type=\"application\/pdf\" style=\"width:100%;height:240px\" aria-label=\"Incrustado de Presentacion-PruebasEscritasEnLinea.\"><\/object><a id=\"wp-block-file--media-02fe5ad4-9ac1-4714-bc5b-ad815e0a1577\" href=\"https:\/\/multimedia.uned.ac.cr\/ecen\/evaluacionaprendizaje\/wp-content\/uploads\/sites\/38\/2024\/04\/Presentacion-PruebasEscritasEnLinea.pdf\">Presentacion-PruebasEscritasEnLinea<\/a><a href=\"https:\/\/multimedia.uned.ac.cr\/ecen\/evaluacionaprendizaje\/wp-content\/uploads\/sites\/38\/2024\/04\/Presentacion-PruebasEscritasEnLinea.pdf\" class=\"wp-block-file__button wp-element-button\" download aria-describedby=\"wp-block-file--media-02fe5ad4-9ac1-4714-bc5b-ad815e0a1577\">Descargar<\/a><\/div>\n\n\n\n<p>Resumen Tipos de Pregunta<\/p>\n\n\n\n<div data-wp-interactive=\"core\/file\" class=\"wp-block-file\"><object data-wp-bind--hidden=\"!state.hasPdfPreview\" hidden class=\"wp-block-file__embed\" data=\"https:\/\/multimedia.uned.ac.cr\/ecen\/evaluacionaprendizaje\/wp-content\/uploads\/sites\/38\/2024\/04\/Resumen-TiposDePregunta.pdf\" type=\"application\/pdf\" style=\"width:100%;height:200px\" aria-label=\"Incrustado de Resumen-TiposDePregunta.\"><\/object><a id=\"wp-block-file--media-dfdec184-c0f1-426c-b876-f5ba276590ae\" href=\"https:\/\/multimedia.uned.ac.cr\/ecen\/evaluacionaprendizaje\/wp-content\/uploads\/sites\/38\/2024\/04\/Resumen-TiposDePregunta.pdf\">Resumen-TiposDePregunta<\/a><a href=\"https:\/\/multimedia.uned.ac.cr\/ecen\/evaluacionaprendizaje\/wp-content\/uploads\/sites\/38\/2024\/04\/Resumen-TiposDePregunta.pdf\" class=\"wp-block-file__button wp-element-button\" download aria-describedby=\"wp-block-file--media-dfdec184-c0f1-426c-b876-f5ba276590ae\">Descargar<\/a><\/div>\n\n\n\n<figure class=\"wp-block-image size-large is-resized\"><img loading=\"lazy\" decoding=\"async\" width=\"1024\" height=\"1024\" src=\"https:\/\/multimedia.uned.ac.cr\/ecen\/evaluacionaprendizaje\/wp-content\/uploads\/sites\/38\/2024\/10\/Conferencia-IA-1024x1024.png\" alt=\"\" class=\"wp-image-240\" style=\"width:385px;height:auto\" srcset=\"https:\/\/multimedia.uned.ac.cr\/ecen\/evaluacionaprendizaje\/wp-content\/uploads\/sites\/38\/2024\/10\/Conferencia-IA-1024x1024.png 1024w, https:\/\/multimedia.uned.ac.cr\/ecen\/evaluacionaprendizaje\/wp-content\/uploads\/sites\/38\/2024\/10\/Conferencia-IA-300x300.png 300w, https:\/\/multimedia.uned.ac.cr\/ecen\/evaluacionaprendizaje\/wp-content\/uploads\/sites\/38\/2024\/10\/Conferencia-IA-150x150.png 150w, https:\/\/multimedia.uned.ac.cr\/ecen\/evaluacionaprendizaje\/wp-content\/uploads\/sites\/38\/2024\/10\/Conferencia-IA-768x768.png 768w, https:\/\/multimedia.uned.ac.cr\/ecen\/evaluacionaprendizaje\/wp-content\/uploads\/sites\/38\/2024\/10\/Conferencia-IA.png 1080w\" sizes=\"auto, (min-width: 900px) 600px, 900px\" \/><\/figure>\n\n\n\n<p><strong>Enlaces para ver la grabaci\u00f3n:<\/strong><\/p>\n\n\n\n<ul class=\"wp-block-list\">\n<li>Facebook: <a href=\"https:\/\/www.facebook.com\/ECENUNEDCR\/videos\/516853347451577\">https:\/\/www.facebook.com\/ECENUNEDCR\/videos\/516853347451577<\/a><\/li>\n\n\n\n<li>YouTube: <a href=\"https:\/\/www.youtube.com\/watch?v=SJbxujpc-hY&amp;t=10s&amp;pp=ygUEZWNlbg%3D%3D\">https:\/\/www.youtube.com\/watch?v=SJbxujpc-hY&amp;t=10s&amp;pp=ygUEZWNlbg%3D%3D<\/a><\/li>\n<\/ul>\n\n\n\n<figure class=\"wp-block-image size-large is-resized\"><img loading=\"lazy\" decoding=\"async\" width=\"1024\" height=\"1024\" src=\"https:\/\/multimedia.uned.ac.cr\/ecen\/evaluacionaprendizaje\/wp-content\/uploads\/sites\/38\/2024\/10\/Conferencia-Uso-de-Imagenes-1024x1024.png\" alt=\"\" class=\"wp-image-242\" style=\"width:396px;height:auto\" srcset=\"https:\/\/multimedia.uned.ac.cr\/ecen\/evaluacionaprendizaje\/wp-content\/uploads\/sites\/38\/2024\/10\/Conferencia-Uso-de-Imagenes-1024x1024.png 1024w, https:\/\/multimedia.uned.ac.cr\/ecen\/evaluacionaprendizaje\/wp-content\/uploads\/sites\/38\/2024\/10\/Conferencia-Uso-de-Imagenes-300x300.png 300w, https:\/\/multimedia.uned.ac.cr\/ecen\/evaluacionaprendizaje\/wp-content\/uploads\/sites\/38\/2024\/10\/Conferencia-Uso-de-Imagenes-150x150.png 150w, https:\/\/multimedia.uned.ac.cr\/ecen\/evaluacionaprendizaje\/wp-content\/uploads\/sites\/38\/2024\/10\/Conferencia-Uso-de-Imagenes-768x768.png 768w, https:\/\/multimedia.uned.ac.cr\/ecen\/evaluacionaprendizaje\/wp-content\/uploads\/sites\/38\/2024\/10\/Conferencia-Uso-de-Imagenes.png 1080w\" sizes=\"auto, (min-width: 900px) 600px, 900px\" \/><\/figure>\n\n\n\n<p><strong>Enlaces para ver la grabaci\u00f3n:<\/strong><\/p>\n\n\n\n<ul class=\"wp-block-list\">\n<li>Facebook: <a href=\"https:\/\/www.facebook.com\/ECENUNEDCR\/videos\/1225403538644697\">https:\/\/www.facebook.com\/ECENUNEDCR\/videos\/1225403538644697<\/a> <\/li>\n\n\n\n<li>YouTube: <a href=\"https:\/\/youtu.be\/z901VAicYAE\">https:\/\/youtu.be\/z901VAicYAE<\/a><\/li>\n<\/ul>\n\n\n\n<p><strong>Material utilizado en la conferencia:<\/strong><\/p>\n\n\n\n<p>Presentaci\u00f3n<\/p>\n\n\n\n<div data-wp-interactive=\"core\/file\" class=\"wp-block-file\"><object data-wp-bind--hidden=\"!state.hasPdfPreview\" hidden class=\"wp-block-file__embed\" data=\"https:\/\/multimedia.uned.ac.cr\/ecen\/evaluacionaprendizaje\/wp-content\/uploads\/sites\/38\/2024\/10\/Optimizacion-uso-de-imagenes-2.pdf\" type=\"application\/pdf\" style=\"width:100%;height:510px\" aria-label=\"Incrustado de Optimizacion-uso-de-imagenes-2.\"><\/object><a id=\"wp-block-file--media-0853db88-4090-4950-8205-87fe8cc7773c\" href=\"https:\/\/multimedia.uned.ac.cr\/ecen\/evaluacionaprendizaje\/wp-content\/uploads\/sites\/38\/2024\/10\/Optimizacion-uso-de-imagenes-2.pdf\">Optimizacion-uso-de-imagenes-2<\/a><a href=\"https:\/\/multimedia.uned.ac.cr\/ecen\/evaluacionaprendizaje\/wp-content\/uploads\/sites\/38\/2024\/10\/Optimizacion-uso-de-imagenes-2.pdf\" class=\"wp-block-file__button wp-element-button\" download aria-describedby=\"wp-block-file--media-0853db88-4090-4950-8205-87fe8cc7773c\">Descargar<\/a><\/div>\n","protected":false},"excerpt":{"rendered":"<p>Enlaces para ver la grabaci\u00f3n: Material utilizado en la conferencia: Presentaci\u00f3n Resumen Tipos de Pregunta Enlaces para ver la grabaci\u00f3n: Enlaces para ver la grabaci\u00f3n: Material utilizado en la conferencia: Presentaci\u00f3n<\/p>\n","protected":false},"author":368,"featured_media":0,"parent":0,"menu_order":0,"comment_status":"closed","ping_status":"closed","template":"page-full-width.php","meta":{"_acf_changed":false,"_monsterinsights_skip_tracking":false,"_monsterinsights_sitenote_active":false,"_monsterinsights_sitenote_note":"","_monsterinsights_sitenote_category":0,"_coblocks_attr":"","_coblocks_dimensions":"","_coblocks_responsive_height":"","_coblocks_accordion_ie_support":"","footnotes":""},"class_list":["post-204","page","type-page","status-publish","hentry"],"acf":[],"_links":{"self":[{"href":"https:\/\/multimedia.uned.ac.cr\/ecen\/evaluacionaprendizaje\/wp-json\/wp\/v2\/pages\/204","targetHints":{"allow":["GET"]}}],"collection":[{"href":"https:\/\/multimedia.uned.ac.cr\/ecen\/evaluacionaprendizaje\/wp-json\/wp\/v2\/pages"}],"about":[{"href":"https:\/\/multimedia.uned.ac.cr\/ecen\/evaluacionaprendizaje\/wp-json\/wp\/v2\/types\/page"}],"author":[{"embeddable":true,"href":"https:\/\/multimedia.uned.ac.cr\/ecen\/evaluacionaprendizaje\/wp-json\/wp\/v2\/users\/368"}],"replies":[{"embeddable":true,"href":"https:\/\/multimedia.uned.ac.cr\/ecen\/evaluacionaprendizaje\/wp-json\/wp\/v2\/comments?post=204"}],"version-history":[{"count":5,"href":"https:\/\/multimedia.uned.ac.cr\/ecen\/evaluacionaprendizaje\/wp-json\/wp\/v2\/pages\/204\/revisions"}],"predecessor-version":[{"id":247,"href":"https:\/\/multimedia.uned.ac.cr\/ecen\/evaluacionaprendizaje\/wp-json\/wp\/v2\/pages\/204\/revisions\/247"}],"wp:attachment":[{"href":"https:\/\/multimedia.uned.ac.cr\/ecen\/evaluacionaprendizaje\/wp-json\/wp\/v2\/media?parent=204"}],"curies":[{"name":"wp","href":"https:\/\/api.w.org\/{rel}","templated":true}]}}