{"id":13,"date":"2023-03-28T19:52:55","date_gmt":"2023-03-28T19:52:55","guid":{"rendered":"https:\/\/multimedia.uned.ac.cr\/ecen\/evaluacionaprendizaje\/?page_id=13"},"modified":"2025-11-18T18:20:27","modified_gmt":"2025-11-18T18:20:27","slug":"miembros-comision","status":"publish","type":"page","link":"https:\/\/multimedia.uned.ac.cr\/ecen\/evaluacionaprendizaje\/miembros-comision\/","title":{"rendered":"Miembros Comisi\u00f3n"},"content":{"rendered":"\n<p>La comisi\u00f3n del Proyecto 2 Evaluaci\u00f3n de los Aprendizajes esta conformada por las siguientes personas: <\/p>\n\n\n\n<div class=\"wp-block-media-text alignwide is-stacked-on-mobile\" style=\"grid-template-columns:17% auto\"><figure class=\"wp-block-media-text__media\"><img loading=\"lazy\" decoding=\"async\" width=\"600\" height=\"480\" src=\"https:\/\/multimedia.uned.ac.cr\/ecen\/evaluacionaprendizaje\/wp-content\/uploads\/sites\/38\/2023\/07\/Benjamin-1.jpg\" alt=\"\" class=\"wp-image-142 size-full\" srcset=\"https:\/\/multimedia.uned.ac.cr\/ecen\/evaluacionaprendizaje\/wp-content\/uploads\/sites\/38\/2023\/07\/Benjamin-1.jpg 600w, https:\/\/multimedia.uned.ac.cr\/ecen\/evaluacionaprendizaje\/wp-content\/uploads\/sites\/38\/2023\/07\/Benjamin-1-300x240.jpg 300w\" sizes=\"auto, (min-width: 900px) 600px, 900px\" \/><\/figure><div class=\"wp-block-media-text__content\">\n<p><strong>M\u00e1ster Benjam\u00edn \u00c1lvarez Garay<\/strong><\/p>\n\n\n\n<p>M\u00e1ster en Salud Ocupacional con \u00e9nfasis en Higiene Ambiental por el programa conjunto entre el Instituto Tecnol\u00f3gico de Costa Rica y la Universidad Nacional (ITCR-UNA)<\/p>\n\n\n\n<p>Bachiller y licenciado en Ciencias Geogr\u00e1ficas y Ordenamiento del Territorio por la Universidad Nacional (UNA).<\/p>\n<\/div><\/div>\n\n\n\n<div class=\"wp-block-media-text alignwide is-stacked-on-mobile\" style=\"grid-template-columns:18% auto\"><figure class=\"wp-block-media-text__media\"><img loading=\"lazy\" decoding=\"async\" width=\"539\" height=\"670\" src=\"https:\/\/multimedia.uned.ac.cr\/ecen\/evaluacionaprendizaje\/wp-content\/uploads\/sites\/38\/2023\/07\/Foto-Eugenio-1.jpg\" alt=\"\" class=\"wp-image-144 size-full\" srcset=\"https:\/\/multimedia.uned.ac.cr\/ecen\/evaluacionaprendizaje\/wp-content\/uploads\/sites\/38\/2023\/07\/Foto-Eugenio-1.jpg 539w, https:\/\/multimedia.uned.ac.cr\/ecen\/evaluacionaprendizaje\/wp-content\/uploads\/sites\/38\/2023\/07\/Foto-Eugenio-1-241x300.jpg 241w\" sizes=\"auto, (min-width: 900px) 600px, 900px\" \/><\/figure><div class=\"wp-block-media-text__content\">\n<p><strong>Doctor Eugenio Rojas Mora<\/strong><\/p>\n\n\n\n<p>Doctor en Educaci\u00f3n con \u00e9nfasis en mediaci\u00f3n pedag\u00f3gica por la Universidad La Salle. <\/p>\n\n\n\n<p>Master en  Educaci\u00f3n con \u00e9nfasis en curr\u00edculo por la Universidad Latina de Costa Rica<\/p>\n\n\n\n<p>Licenciado en docencia con \u00e9nfasis en la ense\u00f1anza de la Matem\u00e1tica  por la Universidad Estatal a Distancia<\/p>\n\n\n\n<p>Bachiller en ense\u00f1anza de la Matem\u00e1tica por la Universidad Estatal a Distancia<\/p>\n<\/div><\/div>\n\n\n\n<div class=\"wp-block-media-text alignwide is-stacked-on-mobile\" style=\"grid-template-columns:18% auto\"><figure class=\"wp-block-media-text__media\"><img loading=\"lazy\" decoding=\"async\" width=\"983\" height=\"1024\" src=\"https:\/\/multimedia.uned.ac.cr\/ecen\/evaluacionaprendizaje\/wp-content\/uploads\/sites\/38\/2023\/07\/Jeffry-983x1024.jpeg\" alt=\"\" class=\"wp-image-145 size-full\" srcset=\"https:\/\/multimedia.uned.ac.cr\/ecen\/evaluacionaprendizaje\/wp-content\/uploads\/sites\/38\/2023\/07\/Jeffry-983x1024.jpeg 983w, https:\/\/multimedia.uned.ac.cr\/ecen\/evaluacionaprendizaje\/wp-content\/uploads\/sites\/38\/2023\/07\/Jeffry-288x300.jpeg 288w, https:\/\/multimedia.uned.ac.cr\/ecen\/evaluacionaprendizaje\/wp-content\/uploads\/sites\/38\/2023\/07\/Jeffry-768x800.jpeg 768w, https:\/\/multimedia.uned.ac.cr\/ecen\/evaluacionaprendizaje\/wp-content\/uploads\/sites\/38\/2023\/07\/Jeffry.jpeg 1229w\" sizes=\"auto, (min-width: 900px) 600px, 900px\" \/><\/figure><div class=\"wp-block-media-text__content\">\n<p><strong>M\u00e1ster Jeffry Barrantes Guti\u00e9rrez<\/strong><\/p>\n\n\n\n<p>Doctorante en Evaluaci\u00f3n Educativa por la Universidad Anahu\u00e1c de Mexico<\/p>\n\n\n\n<p>M\u00e1ster en Psicopedagog\u00eda por la Universidad Estatal a Distancia (UNED)<\/p>\n\n\n\n<p>Bachiller y licenciado en Ense\u00f1anza de la Matem\u00e1tica por la Universidad de Costa Rica (UCR)<\/p>\n<\/div><\/div>\n\n\n\n<div class=\"wp-block-media-text alignwide is-stacked-on-mobile\" style=\"grid-template-columns:18% auto\"><figure class=\"wp-block-media-text__media\"><img loading=\"lazy\" decoding=\"async\" width=\"558\" height=\"598\" src=\"https:\/\/multimedia.uned.ac.cr\/ecen\/evaluacionaprendizaje\/wp-content\/uploads\/sites\/38\/2025\/11\/WhatsApp-Image-2025-03-31-at-10.45.59-AM.jpeg\" alt=\"\" class=\"wp-image-293 size-full\" srcset=\"https:\/\/multimedia.uned.ac.cr\/ecen\/evaluacionaprendizaje\/wp-content\/uploads\/sites\/38\/2025\/11\/WhatsApp-Image-2025-03-31-at-10.45.59-AM.jpeg 558w, https:\/\/multimedia.uned.ac.cr\/ecen\/evaluacionaprendizaje\/wp-content\/uploads\/sites\/38\/2025\/11\/WhatsApp-Image-2025-03-31-at-10.45.59-AM-280x300.jpeg 280w\" sizes=\"auto, (min-width: 900px) 600px, 900px\" \/><\/figure><div class=\"wp-block-media-text__content\">\n<p><strong>M\u00e1ster Alejandro Salas Vargas<\/strong><\/p>\n\n\n\n<p>M\u00e1ster en Psicopedagog\u00eda por la Universidad Estatal a Distancia (UNED)<\/p>\n\n\n\n<p>Bachiller y licenciado en Ense\u00f1anza de la Matem\u00e1tica por la Universidad de Costa Rica (UCR)<\/p>\n<\/div><\/div>\n\n\n\n<p><\/p>\n\n\n\n<div class=\"wp-block-media-text alignwide is-stacked-on-mobile\" style=\"grid-template-columns:18% auto\"><figure class=\"wp-block-media-text__media\"><img loading=\"lazy\" decoding=\"async\" width=\"514\" height=\"659\" src=\"https:\/\/multimedia.uned.ac.cr\/ecen\/evaluacionaprendizaje\/wp-content\/uploads\/sites\/38\/2025\/11\/WhatsApp-Image-2025-11-08-at-1.41.26-PM.jpeg\" alt=\"\" class=\"wp-image-292 size-full\" srcset=\"https:\/\/multimedia.uned.ac.cr\/ecen\/evaluacionaprendizaje\/wp-content\/uploads\/sites\/38\/2025\/11\/WhatsApp-Image-2025-11-08-at-1.41.26-PM.jpeg 514w, https:\/\/multimedia.uned.ac.cr\/ecen\/evaluacionaprendizaje\/wp-content\/uploads\/sites\/38\/2025\/11\/WhatsApp-Image-2025-11-08-at-1.41.26-PM-234x300.jpeg 234w\" sizes=\"auto, (min-width: 900px) 600px, 900px\" \/><\/figure><div class=\"wp-block-media-text__content\">\n<p><strong>Licenciada Jackeline Alfaro Azofeifa<\/strong><\/p>\n\n\n\n<p>Licenciatura en Derecho por la Universidad Hispanoamericana<\/p>\n\n\n\n<p>Bachillerato y Licenciatura en Administraci\u00f3n de Negocios con \u00e9nfasis en Comercio Internacional por la Universidad Latina<\/p>\n<\/div><\/div>\n\n\n\n<div class=\"wp-block-media-text alignwide is-stacked-on-mobile\" style=\"grid-template-columns:18% auto\"><figure class=\"wp-block-media-text__media\"><img loading=\"lazy\" decoding=\"async\" width=\"1024\" height=\"1024\" src=\"https:\/\/multimedia.uned.ac.cr\/ecen\/evaluacionaprendizaje\/wp-content\/uploads\/sites\/38\/2023\/07\/Estibaliz-1024x1024.jpg\" alt=\"\" class=\"wp-image-156 size-full\" srcset=\"https:\/\/multimedia.uned.ac.cr\/ecen\/evaluacionaprendizaje\/wp-content\/uploads\/sites\/38\/2023\/07\/Estibaliz-1024x1024.jpg 1024w, https:\/\/multimedia.uned.ac.cr\/ecen\/evaluacionaprendizaje\/wp-content\/uploads\/sites\/38\/2023\/07\/Estibaliz-300x300.jpg 300w, https:\/\/multimedia.uned.ac.cr\/ecen\/evaluacionaprendizaje\/wp-content\/uploads\/sites\/38\/2023\/07\/Estibaliz-150x150.jpg 150w, https:\/\/multimedia.uned.ac.cr\/ecen\/evaluacionaprendizaje\/wp-content\/uploads\/sites\/38\/2023\/07\/Estibaliz-768x768.jpg 768w, https:\/\/multimedia.uned.ac.cr\/ecen\/evaluacionaprendizaje\/wp-content\/uploads\/sites\/38\/2023\/07\/Estibaliz.jpg 1171w\" sizes=\"auto, (min-width: 900px) 600px, 900px\" \/><\/figure><div class=\"wp-block-media-text__content\">\n<p><strong>M\u00e1ster Est\u00edbaliz Rojas Quesada, coordinadora<\/strong><\/p>\n\n\n\n<p>Doctorante en Evaluaci\u00f3n Educativa por la Universidad Anahu\u00e1c de Mexico<\/p>\n\n\n\n<p>M\u00e1ster en Ciencias de la Educaci\u00f3n con \u00e9nfasis en Docencia por la Universidad Americana (UAM)<\/p>\n\n\n\n<p>M\u00e1ster en Educaci\u00f3n con \u00e9nfasis en Evaluaci\u00f3n Educativa por la Universidad Latina<\/p>\n\n\n\n<p>Bachiller y licenciada en Ense\u00f1anza de la Matem\u00e1tica por la Universidad de Costa Rica (UCR)<\/p>\n<\/div><\/div>\n","protected":false},"excerpt":{"rendered":"<p>La comisi\u00f3n del Proyecto 2 Evaluaci\u00f3n de los Aprendizajes esta conformada por las siguientes personas: M\u00e1ster Benjam\u00edn \u00c1lvarez Garay M\u00e1ster en Salud Ocupacional con \u00e9nfasis en Higiene Ambiental por el programa conjunto entre el Instituto Tecnol\u00f3gico de Costa Rica y la Universidad Nacional (ITCR-UNA) Bachiller y licenciado en Ciencias Geogr\u00e1ficas y Ordenamiento del Territorio por la Universidad Nacional (UNA). Doctor Eugenio Rojas Mora Doctor en Educaci\u00f3n con \u00e9nfasis en mediaci\u00f3n pedag\u00f3gica por la Universidad La Salle. Master en Educaci\u00f3n con \u00e9nfasis en curr\u00edculo por la Universidad Latina de Costa Rica Licenciado en docencia con \u00e9nfasis en la ense\u00f1anza de la\u2026<\/p>\n","protected":false},"author":368,"featured_media":0,"parent":0,"menu_order":0,"comment_status":"closed","ping_status":"closed","template":"page-full-width.php","meta":{"_acf_changed":false,"_monsterinsights_skip_tracking":false,"_monsterinsights_sitenote_active":false,"_monsterinsights_sitenote_note":"","_monsterinsights_sitenote_category":0,"_coblocks_attr":"","_coblocks_dimensions":"","_coblocks_responsive_height":"","_coblocks_accordion_ie_support":"","footnotes":""},"class_list":["post-13","page","type-page","status-publish","hentry"],"acf":[],"_links":{"self":[{"href":"https:\/\/multimedia.uned.ac.cr\/ecen\/evaluacionaprendizaje\/wp-json\/wp\/v2\/pages\/13","targetHints":{"allow":["GET"]}}],"collection":[{"href":"https:\/\/multimedia.uned.ac.cr\/ecen\/evaluacionaprendizaje\/wp-json\/wp\/v2\/pages"}],"about":[{"href":"https:\/\/multimedia.uned.ac.cr\/ecen\/evaluacionaprendizaje\/wp-json\/wp\/v2\/types\/page"}],"author":[{"embeddable":true,"href":"https:\/\/multimedia.uned.ac.cr\/ecen\/evaluacionaprendizaje\/wp-json\/wp\/v2\/users\/368"}],"replies":[{"embeddable":true,"href":"https:\/\/multimedia.uned.ac.cr\/ecen\/evaluacionaprendizaje\/wp-json\/wp\/v2\/comments?post=13"}],"version-history":[{"count":17,"href":"https:\/\/multimedia.uned.ac.cr\/ecen\/evaluacionaprendizaje\/wp-json\/wp\/v2\/pages\/13\/revisions"}],"predecessor-version":[{"id":295,"href":"https:\/\/multimedia.uned.ac.cr\/ecen\/evaluacionaprendizaje\/wp-json\/wp\/v2\/pages\/13\/revisions\/295"}],"wp:attachment":[{"href":"https:\/\/multimedia.uned.ac.cr\/ecen\/evaluacionaprendizaje\/wp-json\/wp\/v2\/media?parent=13"}],"curies":[{"name":"wp","href":"https:\/\/api.w.org\/{rel}","templated":true}]}}