{"id":30,"date":"2021-05-06T15:42:48","date_gmt":"2021-05-06T21:42:48","guid":{"rendered":"https:\/\/multimedia.uned.ac.cr\/ecen\/equina2021\/?page_id=30"},"modified":"2021-07-02T10:55:25","modified_gmt":"2021-07-02T16:55:25","slug":"agenda","status":"publish","type":"page","link":"https:\/\/multimedia.uned.ac.cr\/ecen\/equina2021\/agenda\/","title":{"rendered":"Agenda"},"content":{"rendered":"\n<p>La actividad se llevar\u00e1 a cabo el s\u00e1bado 3 de julio, 2021, de 8:00am a 5 pm hora de Costa Rica, &nbsp;a trav\u00e9s de la plataforma  Streamyard\u00ae &nbsp;y retransmitido por medio del canal de Youtube de VICOM de forma virtual sincr\u00f3nica&nbsp; con la siguiente programaci\u00f3n:<\/p>\n\n\n\n<p><strong>Sala General<\/strong><\/p>\n\n\n\n<figure class=\"wp-block-table is-style-regular\"><table><tbody><tr><td>Actividad <\/td><td>Expositor<\/td><td>Hora<\/td><\/tr><tr><td>Recibimiento y bienvenida <\/td><td>Personal UNED-UNAD<\/td><td>7:55 am <\/td><\/tr><tr><td>Bienvenida y acto inaugural<\/td><td>Bienvenida por parte de la Sra. Ana Victoria Campos<br><br>Minuto de silencio en honor al Dr. Wagner Pe\u00f1a Cordero y compa\u00f1eros de la UNED que han fallecido por la COVID-19<br><br>Palabras del Representante Institucional de la Universidad Nacional Abierta y a Distancia de Colombia (UNAD) Dr. Henry Hern\u00e1ndez Naranjo<br><br>Palabras de la Encargada de la Carrera Ingenier\u00eda Agron\u00f3mica  Universidad Estatal a Distancia (UNED) MSc. Karla Montero Jara<br><br>Actividad cultural: Ensamble de percusi\u00f3n UNED<br><\/td><td>8:00 a.m. a  8:25 a.m<\/td><\/tr><tr><td><strong>Charla Magistra<\/strong>l <strong>Nacional<\/strong><\/td><td>&#8220;Situaci\u00f3n de las enfermedades virales que afectan a los caballos en Costa Rica&#8221;<br><br>Dr. Carlos Jim\u00e9nez S\u00e1nchez, Costa Rica Universidad Nacional (UNA)<\/td><td>8:25 a.m. a 9:20 a.m.<\/td><\/tr><tr><td><\/td><td>Receso<\/td><td>9:20 a.m. a 9:30 a.m.<\/td><\/tr><tr><td><strong>Presentaci\u00f3n de ponencias<\/strong><\/td><td>&#8220;Principios de cirug\u00eda ortop\u00e9dica en equinos&#8221;<br><br>Dr. Fabian Arturo Moreno, Argentina <br>Universidad de Buenos Aires UBA <\/td><td>9:30 a.m. a 10:00 a.m.<\/td><\/tr><tr><td><\/td><td>&#8220;Principales patolog\u00edas, aspectos nutricionales y reproductivos en el periodo de sequia en Colombia&#8221;<br><br>Dr. Mauricio Pedraza Rodr\u00edguez, Colombia<br>Profesional defensa del Ej\u00e9rcito Nacional<\/td><td>10:00 a.m. a 10:30 a.m.<\/td><\/tr><tr><td><\/td><td>&#8220;Aplicaciones pr\u00e1cticas del estudio radiogr\u00e1fico en el herraje de Caballos&#8221;<br><br>Dr. Pr\u00f3spero Rodr\u00edguez Perit, M\u00e9xico<br>Consultor<\/td><td>10:30 a.m a 11:00 a.m<\/td><\/tr><tr><td><\/td><td>&#8220;Problemas musculo esquel\u00e9ticos, el lado oscuro de la Etolog\u00eda Equina&#8221;<br><br>Dra. Sandra Morales Ospina, Colombia<br>Empresa Etolog\u00eda Equina<\/td><td>11:00 a.m. a 11:30 a.m.<\/td><\/tr><tr><td> <\/td><td>&#8220;Cu\u00e1ndo realizar la endoscop\u00eda en los caballos&#8221;<br><br>Dr. Ram\u00f3n Andr\u00e9s L\u00f3pez, Argentina<br>Universidad Nacional de la Plata<\/td><td>11:30 a.m. a 12:00 m.d.<\/td><\/tr><tr><td><\/td><td>Receso<\/td><td>12:00 m.d. a 1:00 p.m.<\/td><\/tr><tr><td><strong>Charla Magistral Internacional<\/strong><\/td><td>&#8220;Origen y evoluci\u00f3n del equino&#8221;<br><br>Dr. Gabriel Alarc\u00f3n Gil, Colombia<br>Universidad Nacional Abierta y a Distancia de Colombia <\/td><td>1:00 p.m. a 1:45 p.m<\/td><\/tr><tr><td><br><br><br><\/td><td>&#8220;Cirug\u00eda Reconstructiva en el Equino, aproximaciones al uso de biomateriales&#8221;<br><br>Dra. Victoria Mar\u00eda Tambella, Argentina<br>Universidad Nacional del Centro de la Provincia de Buenos Aires <\/td><td>1:45 p.m. a 2:15 p.m<\/td><\/tr><tr><td><\/td><td>Receso<\/td><td>2:15 p.m. a 2:30 p.m.<\/td><\/tr><tr><td><strong>Presentaci\u00f3n de ponencias<\/strong><\/td><td>&#8220;Cuando el c\u00f3lico se vuelve quir\u00fargico&#8221;<br><br>Dr. Sim\u00f3n L\u00faa Herrera, M\u00e9xico<br>Universidad Cuauht\u00e9moc Campus Guadalajara<\/td><td>2:30 p.m. a 3:00 p.m.<\/td><\/tr><tr><td><\/td><td>&#8220;Evaluaci\u00f3n de los vicios existentes en equinos de pesebrera en el departamento de Casanare&#8221;<br><br>Dr. Henry Hernandez Naranjo, Colombia<br>Universidad Nacional Abierta y a Distancia de Colombia<\/td><td>3:00 p.m. a 3:30 p.m.<\/td><\/tr><tr><td><\/td><td>&#8220;Salud reproductiva de la yegua&#8221;<br><br>Dra. Paula Capella Flores, Costa Rica<br>Universidad Estatal a Distancia<\/td><td>3:30 p.m. a 4:00 p.m.<\/td><\/tr><tr><td><strong>Conversatorio<\/strong><\/td><td>&#8220;Desaf\u00edos y oportunidades de los sistemas de producci\u00f3n equina en Latinoamerica&#8221;<br><br>Moderador: MSc. Alfonos Rey Corrales, Costa Rica<br>Universidad Estatal a Distancia <\/td><td>4:00 p.m. a 5:00 p.m.<\/td><\/tr><tr><td><\/td><td>Cierre de la actividad y agradecimientos<\/td><td><\/td><\/tr><\/tbody><\/table><\/figure>\n\n\n\n<figure class=\"wp-block-embed is-type-video is-provider-youtube wp-block-embed-youtube wp-embed-aspect-16-9 wp-has-aspect-ratio\"><div class=\"wp-block-embed__wrapper\">\n<iframe loading=\"lazy\" title=\"II Seminario Internacional de Producci\u00f3n Equina y el I Seminario Nacional en Costa Rica\" width=\"640\" height=\"360\" src=\"https:\/\/www.youtube.com\/embed\/fXg_d6fSBqE?feature=oembed\" frameborder=\"0\" allow=\"accelerometer; autoplay; clipboard-write; encrypted-media; gyroscope; picture-in-picture; web-share\" referrerpolicy=\"strict-origin-when-cross-origin\" allowfullscreen><\/iframe>\n<\/div><\/figure>\n","protected":false},"excerpt":{"rendered":"<p>La actividad se llevar\u00e1 a cabo el s\u00e1bado 3 de julio, 2021, de 8:00am a 5 pm hora de Costa Rica, &nbsp;a trav\u00e9s de la plataforma Streamyard\u00ae &nbsp;y retransmitido por medio del canal de Youtube de VICOM de forma virtual sincr\u00f3nica&nbsp; con la siguiente programaci\u00f3n: Sala General Actividad Expositor Hora Recibimiento y bienvenida Personal UNED-UNAD 7:55 am Bienvenida y acto inaugural Bienvenida por parte de la Sra. Ana Victoria Campos Minuto de silencio en honor al Dr. Wagner Pe\u00f1a Cordero y compa\u00f1eros de la UNED que han fallecido por la COVID-19 Palabras del Representante Institucional de la Universidad Nacional Abierta\u2026<\/p>\n","protected":false},"author":2,"featured_media":0,"parent":0,"menu_order":0,"comment_status":"closed","ping_status":"closed","template":"","meta":{"_acf_changed":false,"_monsterinsights_skip_tracking":false,"_monsterinsights_sitenote_active":false,"_monsterinsights_sitenote_note":"","_monsterinsights_sitenote_category":0,"_coblocks_attr":"","_coblocks_dimensions":"","_coblocks_responsive_height":"","_coblocks_accordion_ie_support":"","footnotes":""},"class_list":["post-30","page","type-page","status-publish","hentry"],"acf":[],"_links":{"self":[{"href":"https:\/\/multimedia.uned.ac.cr\/ecen\/equina2021\/wp-json\/wp\/v2\/pages\/30","targetHints":{"allow":["GET"]}}],"collection":[{"href":"https:\/\/multimedia.uned.ac.cr\/ecen\/equina2021\/wp-json\/wp\/v2\/pages"}],"about":[{"href":"https:\/\/multimedia.uned.ac.cr\/ecen\/equina2021\/wp-json\/wp\/v2\/types\/page"}],"author":[{"embeddable":true,"href":"https:\/\/multimedia.uned.ac.cr\/ecen\/equina2021\/wp-json\/wp\/v2\/users\/2"}],"replies":[{"embeddable":true,"href":"https:\/\/multimedia.uned.ac.cr\/ecen\/equina2021\/wp-json\/wp\/v2\/comments?post=30"}],"version-history":[{"count":11,"href":"https:\/\/multimedia.uned.ac.cr\/ecen\/equina2021\/wp-json\/wp\/v2\/pages\/30\/revisions"}],"predecessor-version":[{"id":198,"href":"https:\/\/multimedia.uned.ac.cr\/ecen\/equina2021\/wp-json\/wp\/v2\/pages\/30\/revisions\/198"}],"wp:attachment":[{"href":"https:\/\/multimedia.uned.ac.cr\/ecen\/equina2021\/wp-json\/wp\/v2\/media?parent=30"}],"curies":[{"name":"wp","href":"https:\/\/api.w.org\/{rel}","templated":true}]}}