{"id":28,"date":"2021-05-06T15:42:36","date_gmt":"2021-05-06T21:42:36","guid":{"rendered":"https:\/\/multimedia.uned.ac.cr\/ecen\/equina2021\/?page_id=28"},"modified":"2021-06-29T21:27:14","modified_gmt":"2021-06-30T03:27:14","slug":"metodologia","status":"publish","type":"page","link":"https:\/\/multimedia.uned.ac.cr\/ecen\/equina2021\/metodologia\/","title":{"rendered":"Metodolog\u00eda"},"content":{"rendered":"\n<p>Se realizar\u00e1 un seminario virtual sincr\u00f3nico a trav\u00e9s de la herramienta virtual Streamyard<sup> \u00ae<\/sup> y retransmitido por medio del canal de Youtube de la VAU de forma virtual sincr\u00f3nica\u00a0 con la siguiente programaci\u00f3n , en el cual los participantes ingresar\u00e1n, en primera instancia, a la Sala General en la cual se desarrollar\u00e1 de forma general un acto protocolario y dos charlas con contenidos transversales y vigentes para la producci\u00f3n equina. Para ello, se seleccionar\u00e1 un ponente nacional y un ponente internacional.<\/p>\n\n\n\n<p>Con el fin de alcanzar un grupo meta m\u00e1s amplio, la actividad, ser\u00e1 gratuita, y se retransmitir\u00e1 por medio de un Canal de Youtube. Por ello se trabajar\u00e1n todas las ponencias, conforme a las \u00e1reas tem\u00e1ticas antes se\u00f1aladas en una misma Sala General.<\/p>\n\n\n\n<p>Al inicio del Seminario y tambi\u00e9n antes de que inicie las ponencias correspondientes a un \u00e1rea tem\u00e1tica determinada se realizar\u00e1 una bienvenida a los participantes y, posteriormente, se desarrollar\u00e1n las ponencias seleccionadas por el Comit\u00e9 T\u00e9cnico y validadas tanto por la comisi\u00f3n como por el personal acad\u00e9mico de la UNED y la UNAD. &nbsp;Cada una de las ponencias dispondr\u00e1 de 20 minutos de tiempo efectivo y un segmento de 10 minutos para realimentar la participaci\u00f3n, para un total de 30 minutos por conferencia. En el caso de las conferencias principales, ofrecida por un ponente nacional y uno internacional, se dispondr\u00e1 de 45 minutos de tiempo total.<\/p>\n\n\n\n<p>Para la clausura del Seminario, se realizar\u00e1 un cierre, agradeciendo la participaci\u00f3n tanto de todos los ponentes como los asistentes a la actividad.<\/p>\n\n\n\n<p>No se aportar\u00e1 certificado de participaci\u00f3n a los asistentes a la actividad por la modalidad de la misma.<\/p>\n","protected":false},"excerpt":{"rendered":"<p>Se realizar\u00e1 un seminario virtual sincr\u00f3nico a trav\u00e9s de la herramienta virtual Streamyard \u00ae y retransmitido por medio del canal de Youtube de la VAU de forma virtual sincr\u00f3nica\u00a0 con la siguiente programaci\u00f3n , en el cual los participantes ingresar\u00e1n, en primera instancia, a la Sala General en la cual se desarrollar\u00e1 de forma general un acto protocolario y dos charlas con contenidos transversales y vigentes para la producci\u00f3n equina. Para ello, se seleccionar\u00e1 un ponente nacional y un ponente internacional. Con el fin de alcanzar un grupo meta m\u00e1s amplio, la actividad, ser\u00e1 gratuita, y se retransmitir\u00e1 por medio\u2026<\/p>\n","protected":false},"author":2,"featured_media":0,"parent":0,"menu_order":0,"comment_status":"closed","ping_status":"closed","template":"","meta":{"_acf_changed":false,"_monsterinsights_skip_tracking":false,"_monsterinsights_sitenote_active":false,"_monsterinsights_sitenote_note":"","_monsterinsights_sitenote_category":0,"_coblocks_attr":"","_coblocks_dimensions":"","_coblocks_responsive_height":"","_coblocks_accordion_ie_support":"","footnotes":""},"class_list":["post-28","page","type-page","status-publish","hentry"],"acf":[],"_links":{"self":[{"href":"https:\/\/multimedia.uned.ac.cr\/ecen\/equina2021\/wp-json\/wp\/v2\/pages\/28","targetHints":{"allow":["GET"]}}],"collection":[{"href":"https:\/\/multimedia.uned.ac.cr\/ecen\/equina2021\/wp-json\/wp\/v2\/pages"}],"about":[{"href":"https:\/\/multimedia.uned.ac.cr\/ecen\/equina2021\/wp-json\/wp\/v2\/types\/page"}],"author":[{"embeddable":true,"href":"https:\/\/multimedia.uned.ac.cr\/ecen\/equina2021\/wp-json\/wp\/v2\/users\/2"}],"replies":[{"embeddable":true,"href":"https:\/\/multimedia.uned.ac.cr\/ecen\/equina2021\/wp-json\/wp\/v2\/comments?post=28"}],"version-history":[{"count":3,"href":"https:\/\/multimedia.uned.ac.cr\/ecen\/equina2021\/wp-json\/wp\/v2\/pages\/28\/revisions"}],"predecessor-version":[{"id":118,"href":"https:\/\/multimedia.uned.ac.cr\/ecen\/equina2021\/wp-json\/wp\/v2\/pages\/28\/revisions\/118"}],"wp:attachment":[{"href":"https:\/\/multimedia.uned.ac.cr\/ecen\/equina2021\/wp-json\/wp\/v2\/media?parent=28"}],"curies":[{"name":"wp","href":"https:\/\/api.w.org\/{rel}","templated":true}]}}