{"id":24,"date":"2021-05-06T15:41:43","date_gmt":"2021-05-06T21:41:43","guid":{"rendered":"https:\/\/multimedia.uned.ac.cr\/ecen\/equina2021\/?page_id=24"},"modified":"2021-06-02T15:26:18","modified_gmt":"2021-06-02T21:26:18","slug":"invitacion","status":"publish","type":"page","link":"https:\/\/multimedia.uned.ac.cr\/ecen\/equina2021\/invitacion\/","title":{"rendered":"Invitaci\u00f3n"},"content":{"rendered":"\n<figure class=\"wp-block-image size-large\"><img loading=\"lazy\" decoding=\"async\" width=\"1024\" height=\"764\" src=\"https:\/\/multimedia.uned.ac.cr\/ecen\/equina2021\/wp-content\/uploads\/sites\/24\/2021\/06\/afiche-equina_01-1024x764.png\" alt=\"\" class=\"wp-image-95\" srcset=\"https:\/\/multimedia.uned.ac.cr\/ecen\/equina2021\/wp-content\/uploads\/sites\/24\/2021\/06\/afiche-equina_01-1024x764.png 1024w, https:\/\/multimedia.uned.ac.cr\/ecen\/equina2021\/wp-content\/uploads\/sites\/24\/2021\/06\/afiche-equina_01-300x224.png 300w, https:\/\/multimedia.uned.ac.cr\/ecen\/equina2021\/wp-content\/uploads\/sites\/24\/2021\/06\/afiche-equina_01-768x573.png 768w, https:\/\/multimedia.uned.ac.cr\/ecen\/equina2021\/wp-content\/uploads\/sites\/24\/2021\/06\/afiche-equina_01.png 1498w\" sizes=\"auto, (min-width: 900px) 700px, 900px\" \/><\/figure>\n\n\n\n<p style=\"font-size:25px\">La Universidad Estatal a Distancia de Costa Rica y la Universidad Nacional Abierta y a Distancia de Colombia.<\/p>\n\n\n\n<p>Invitan al:<br>II Seminario Internacional de Investigaci\u00f3n en Producci\u00f3n Equina<br>I Seminario Nacional de Investigaci\u00f3n en Producci\u00f3n Equina<\/p>\n\n\n\n<p class=\"has-custom-weight\" style=\"font-weight:bold\">&#8220;Buenas pr\u00e1cticas aplicadas a la producci\u00f3n equina&#8221;<\/p>\n\n\n\n<p>S\u00e1bado 3 de julio 2021<br>8:00 am a 5:00 pm, hora de Costa Rica<br><a href=\"https:\/\/multimedia.uned.ac.cr\/ecen\/equina2021\/\">https:\/\/multimedia.uned.ac.cr\/ecen\/equina2021\/<\/a><br>Actividad gratuita, con inscripci\u00f3n previa<\/p>\n\n\n\n<div class=\"wp-block-image\"><figure class=\"aligncenter size-large is-resized\"><img loading=\"lazy\" decoding=\"async\" src=\"https:\/\/multimedia.uned.ac.cr\/ecen\/equina2021\/wp-content\/uploads\/sites\/24\/2021\/06\/afiche-equina_15.png\" alt=\"\" class=\"wp-image-89\" width=\"441\" height=\"157\" srcset=\"https:\/\/multimedia.uned.ac.cr\/ecen\/equina2021\/wp-content\/uploads\/sites\/24\/2021\/06\/afiche-equina_15.png 633w, https:\/\/multimedia.uned.ac.cr\/ecen\/equina2021\/wp-content\/uploads\/sites\/24\/2021\/06\/afiche-equina_15-300x107.png 300w\" sizes=\"auto, (max-width: 441px) 100vw, 441px\" \/><\/figure><\/div>\n","protected":false},"excerpt":{"rendered":"<p>La Universidad Estatal a Distancia de Costa Rica y la Universidad Nacional Abierta y a Distancia de Colombia. Invitan al:II Seminario Internacional de Investigaci\u00f3n en Producci\u00f3n EquinaI Seminario Nacional de Investigaci\u00f3n en Producci\u00f3n Equina &#8220;Buenas pr\u00e1cticas aplicadas a la producci\u00f3n equina&#8221; S\u00e1bado 3 de julio 20218:00 am a 5:00 pm, hora de Costa Ricahttps:\/\/multimedia.uned.ac.cr\/ecen\/equina2021\/Actividad gratuita, con inscripci\u00f3n previa<\/p>\n","protected":false},"author":2,"featured_media":0,"parent":0,"menu_order":0,"comment_status":"closed","ping_status":"closed","template":"","meta":{"_acf_changed":false,"_monsterinsights_skip_tracking":false,"_monsterinsights_sitenote_active":false,"_monsterinsights_sitenote_note":"","_monsterinsights_sitenote_category":0,"_coblocks_attr":"","_coblocks_dimensions":"","_coblocks_responsive_height":"","_coblocks_accordion_ie_support":"","footnotes":""},"class_list":["post-24","page","type-page","status-publish","hentry"],"acf":[],"_links":{"self":[{"href":"https:\/\/multimedia.uned.ac.cr\/ecen\/equina2021\/wp-json\/wp\/v2\/pages\/24","targetHints":{"allow":["GET"]}}],"collection":[{"href":"https:\/\/multimedia.uned.ac.cr\/ecen\/equina2021\/wp-json\/wp\/v2\/pages"}],"about":[{"href":"https:\/\/multimedia.uned.ac.cr\/ecen\/equina2021\/wp-json\/wp\/v2\/types\/page"}],"author":[{"embeddable":true,"href":"https:\/\/multimedia.uned.ac.cr\/ecen\/equina2021\/wp-json\/wp\/v2\/users\/2"}],"replies":[{"embeddable":true,"href":"https:\/\/multimedia.uned.ac.cr\/ecen\/equina2021\/wp-json\/wp\/v2\/comments?post=24"}],"version-history":[{"count":10,"href":"https:\/\/multimedia.uned.ac.cr\/ecen\/equina2021\/wp-json\/wp\/v2\/pages\/24\/revisions"}],"predecessor-version":[{"id":101,"href":"https:\/\/multimedia.uned.ac.cr\/ecen\/equina2021\/wp-json\/wp\/v2\/pages\/24\/revisions\/101"}],"wp:attachment":[{"href":"https:\/\/multimedia.uned.ac.cr\/ecen\/equina2021\/wp-json\/wp\/v2\/media?parent=24"}],"curies":[{"name":"wp","href":"https:\/\/api.w.org\/{rel}","templated":true}]}}