{"id":5,"date":"2025-06-04T20:00:07","date_gmt":"2025-06-04T20:00:07","guid":{"rendered":"https:\/\/multimedia.uned.ac.cr\/ecen\/encuentro-salud-2025\/?page_id=5"},"modified":"2025-10-14T20:41:08","modified_gmt":"2025-10-14T20:41:08","slug":"informacion-general-del-congreso","status":"publish","type":"page","link":"https:\/\/multimedia.uned.ac.cr\/ecen\/encuentro-salud-2025\/","title":{"rendered":"Informaci\u00f3n General del Congreso"},"content":{"rendered":"\n<h2 class=\"wp-block-heading\"><strong>Presentaci\u00f3n<\/strong><\/h2>\n\n\n\n<p>El <strong>II Congreso Costarricense en Administraci\u00f3n de Servicios de Salud<\/strong> es un espacio propuesto por la <strong>carrera de Administraci\u00f3n de Servicios de Salud<\/strong>, de la Escuela de Ciencias Exactas y Naturales de la Universidad Estatal a Distancia (UNED), con la cooperaci\u00f3n de las c\u00e1tedras de Salud y Gesti\u00f3n de Salud, para crear un espacio de actualizaci\u00f3n profesional por medio de experiencias -locales e internacionales- referentes a la tem\u00e1tica de la innovaci\u00f3n en el campo.<\/p>\n\n\n\n<figure class=\"wp-block-embed is-type-video is-provider-youtube wp-block-embed-youtube wp-embed-aspect-16-9 wp-has-aspect-ratio\"><div class=\"wp-block-embed__wrapper\">\n<iframe loading=\"lazy\" title=\"Invitaci\u00f3n Encargada de la Carrera ASS Msc. Rebeca Gonz\u00e1lez Z\u00fa\u00f1iga\" width=\"640\" height=\"360\" src=\"https:\/\/www.youtube.com\/embed\/FiDVyQRatDc?feature=oembed\" frameborder=\"0\" allow=\"accelerometer; autoplay; clipboard-write; encrypted-media; gyroscope; picture-in-picture; web-share\" referrerpolicy=\"strict-origin-when-cross-origin\" allowfullscreen><\/iframe>\n<\/div><\/figure>\n\n\n\n<hr class=\"wp-block-coblocks-dynamic-separator\" style=\"height:50px\" \/>\n\n\n\n<h2 class=\"wp-block-heading\"><strong>Tem\u00e1tica<\/strong><\/h2>\n\n\n\n<p>Innovaci\u00f3n en Administraci\u00f3n de Servicios de Salud<\/p>\n\n\n\n<hr class=\"wp-block-coblocks-dynamic-separator\" style=\"height:50px\" \/>\n\n\n\n<h2 class=\"wp-block-heading\">Fecha<\/h2>\n\n\n<div class=\"wp-block-image\">\n<figure class=\"aligncenter size-full is-resized\"><img loading=\"lazy\" decoding=\"async\" width=\"2029\" height=\"706\" src=\"https:\/\/multimedia.uned.ac.cr\/ecen\/encuentro-salud-2025\/wp-content\/uploads\/sites\/45\/2025\/09\/Fecha-1-1.png\" alt=\"\" class=\"wp-image-179\" style=\"width:707px;height:auto\" srcset=\"https:\/\/multimedia.uned.ac.cr\/ecen\/encuentro-salud-2025\/wp-content\/uploads\/sites\/45\/2025\/09\/Fecha-1-1.png 2029w, https:\/\/multimedia.uned.ac.cr\/ecen\/encuentro-salud-2025\/wp-content\/uploads\/sites\/45\/2025\/09\/Fecha-1-1-300x104.png 300w, https:\/\/multimedia.uned.ac.cr\/ecen\/encuentro-salud-2025\/wp-content\/uploads\/sites\/45\/2025\/09\/Fecha-1-1-1024x356.png 1024w, https:\/\/multimedia.uned.ac.cr\/ecen\/encuentro-salud-2025\/wp-content\/uploads\/sites\/45\/2025\/09\/Fecha-1-1-768x267.png 768w, https:\/\/multimedia.uned.ac.cr\/ecen\/encuentro-salud-2025\/wp-content\/uploads\/sites\/45\/2025\/09\/Fecha-1-1-1536x534.png 1536w\" sizes=\"auto, (min-width: 900px) 600px, 900px\" \/><\/figure>\n<\/div>\n\n\n<hr class=\"wp-block-coblocks-dynamic-separator\" style=\"height:50px\" \/>\n\n\n\n<h2 class=\"wp-block-heading\">Modalidad<\/h2>\n\n\n<div class=\"wp-block-image\">\n<figure class=\"aligncenter size-full is-resized\"><img loading=\"lazy\" decoding=\"async\" width=\"2278\" height=\"581\" src=\"https:\/\/multimedia.uned.ac.cr\/ecen\/encuentro-salud-2025\/wp-content\/uploads\/sites\/45\/2025\/09\/Modalidad.png\" alt=\"\" class=\"wp-image-90\" style=\"width:565px;height:auto\" srcset=\"https:\/\/multimedia.uned.ac.cr\/ecen\/encuentro-salud-2025\/wp-content\/uploads\/sites\/45\/2025\/09\/Modalidad.png 2278w, https:\/\/multimedia.uned.ac.cr\/ecen\/encuentro-salud-2025\/wp-content\/uploads\/sites\/45\/2025\/09\/Modalidad-300x77.png 300w, https:\/\/multimedia.uned.ac.cr\/ecen\/encuentro-salud-2025\/wp-content\/uploads\/sites\/45\/2025\/09\/Modalidad-1024x261.png 1024w, https:\/\/multimedia.uned.ac.cr\/ecen\/encuentro-salud-2025\/wp-content\/uploads\/sites\/45\/2025\/09\/Modalidad-768x196.png 768w, https:\/\/multimedia.uned.ac.cr\/ecen\/encuentro-salud-2025\/wp-content\/uploads\/sites\/45\/2025\/09\/Modalidad-1536x392.png 1536w, https:\/\/multimedia.uned.ac.cr\/ecen\/encuentro-salud-2025\/wp-content\/uploads\/sites\/45\/2025\/09\/Modalidad-2048x522.png 2048w\" sizes=\"auto, (min-width: 900px) 600px, 900px\" \/><\/figure>\n<\/div>\n\n\n<p>Asistencia virtual, mediante la herramienta ZOOM, de las personas inscritas y retransmisi\u00f3n por Facebook de la Carrera y YouTube de VICOM (Sala 2), para el p\u00fablico en general.<\/p>\n\n\n\n<hr class=\"wp-block-coblocks-dynamic-separator\" style=\"height:50px\" \/>\n\n\n\n<h2 class=\"wp-block-heading\"><strong>P\u00fablico meta<\/strong><\/h2>\n\n\n\n<p>Este espacio pretende fomentar la actualizaci\u00f3n profesional en tem\u00e1ticas relevantes de la Administraci\u00f3n de Servicios de Salud, como lo es la innovaci\u00f3n; por lo que, se encuentra dirigido a:<\/p>\n\n\n\n<ul class=\"wp-block-list\">\n<li>Personas estudiantes, egresadas y graduadas de la carrera de Administraci\u00f3n de Servicios de Salud (UNED).<\/li>\n\n\n\n<li>Personas estudiantes, egresadas y graduadas de carreras relacionadas con la administraci\u00f3n de servicios de salud (otras universidades).<\/li>\n\n\n\n<li>P\u00fablico en general interesado en la tem\u00e1tica.<\/li>\n\n\n\n<li>Abierto a la comunidad nacional e internacional.<\/li>\n<\/ul>\n\n\n\n<hr class=\"wp-block-coblocks-dynamic-separator\" style=\"height:50px\" \/>\n\n\n\n<h2 class=\"wp-block-heading\">Constancia de Asistencia<\/h2>\n\n\n\n<p>Se otorgar\u00e1 constancia de asistencia a quienes realicen la inscripci\u00f3n y, seg\u00fan su asistencia:<\/p>\n\n\n\n<ul class=\"wp-block-list\">\n<li>El d\u00eda viernes 17 de octubre de 2025, hayan ingresado y mantenido conexi\u00f3n Zoom por, al menos, 5 horas (asistencia a nueve ponencias).<\/li>\n\n\n\n<li>El d\u00eda s\u00e1bado 18 de octubre de 2025, hayan ingresado y mantenido conexi\u00f3n Zoom por, al menos, 3.5 horas (asistencia a siete ponencias).<\/li>\n\n\n\n<li>Hayan completado los formularios de evaluaci\u00f3n tras cada una de las ponencias.<\/li>\n<\/ul>\n\n\n\n<p>La constancia se extender\u00e1 tras la verificaci\u00f3n del cumplimiento de los requisitos mencionados anteriormente (conexi\u00f3n Zoom, formularios de evaluaci\u00f3n y cantidad de ponencias) .<\/p>\n\n\n\n<p><\/p>\n\n\n\n<p><\/p>\n","protected":false},"excerpt":{"rendered":"<p>Presentaci\u00f3n El II Congreso Costarricense en Administraci\u00f3n de Servicios de Salud es un espacio propuesto por la carrera de Administraci\u00f3n de Servicios de Salud, de la Escuela de Ciencias Exactas y Naturales de la Universidad Estatal a Distancia (UNED), con la cooperaci\u00f3n de las c\u00e1tedras de Salud y Gesti\u00f3n de Salud, para crear un espacio de actualizaci\u00f3n profesional por medio de experiencias -locales e internacionales- referentes a la tem\u00e1tica de la innovaci\u00f3n en el campo. Tem\u00e1tica Innovaci\u00f3n en Administraci\u00f3n de Servicios de Salud Fecha Modalidad Asistencia virtual, mediante la herramienta ZOOM, de las personas inscritas y retransmisi\u00f3n por Facebook de\u2026<\/p>\n","protected":false},"author":2,"featured_media":0,"parent":0,"menu_order":0,"comment_status":"closed","ping_status":"closed","template":"page-full-width.php","meta":{"_acf_changed":false,"_monsterinsights_skip_tracking":false,"_monsterinsights_sitenote_active":false,"_monsterinsights_sitenote_note":"","_monsterinsights_sitenote_category":0,"_coblocks_attr":"","_coblocks_dimensions":"","_coblocks_responsive_height":"","_coblocks_accordion_ie_support":"","footnotes":""},"class_list":["post-5","page","type-page","status-publish","hentry"],"acf":[],"_links":{"self":[{"href":"https:\/\/multimedia.uned.ac.cr\/ecen\/encuentro-salud-2025\/wp-json\/wp\/v2\/pages\/5","targetHints":{"allow":["GET"]}}],"collection":[{"href":"https:\/\/multimedia.uned.ac.cr\/ecen\/encuentro-salud-2025\/wp-json\/wp\/v2\/pages"}],"about":[{"href":"https:\/\/multimedia.uned.ac.cr\/ecen\/encuentro-salud-2025\/wp-json\/wp\/v2\/types\/page"}],"author":[{"embeddable":true,"href":"https:\/\/multimedia.uned.ac.cr\/ecen\/encuentro-salud-2025\/wp-json\/wp\/v2\/users\/2"}],"replies":[{"embeddable":true,"href":"https:\/\/multimedia.uned.ac.cr\/ecen\/encuentro-salud-2025\/wp-json\/wp\/v2\/comments?post=5"}],"version-history":[{"count":18,"href":"https:\/\/multimedia.uned.ac.cr\/ecen\/encuentro-salud-2025\/wp-json\/wp\/v2\/pages\/5\/revisions"}],"predecessor-version":[{"id":220,"href":"https:\/\/multimedia.uned.ac.cr\/ecen\/encuentro-salud-2025\/wp-json\/wp\/v2\/pages\/5\/revisions\/220"}],"wp:attachment":[{"href":"https:\/\/multimedia.uned.ac.cr\/ecen\/encuentro-salud-2025\/wp-json\/wp\/v2\/media?parent=5"}],"curies":[{"name":"wp","href":"https:\/\/api.w.org\/{rel}","templated":true}]}}