{"id":11,"date":"2025-06-04T20:00:57","date_gmt":"2025-06-04T20:00:57","guid":{"rendered":"https:\/\/multimedia.uned.ac.cr\/ecen\/encuentro-salud-2025\/?page_id=11"},"modified":"2025-09-12T19:55:23","modified_gmt":"2025-09-12T19:55:23","slug":"proceso-de-inscripcion","status":"publish","type":"page","link":"https:\/\/multimedia.uned.ac.cr\/ecen\/encuentro-salud-2025\/proceso-de-inscripcion\/","title":{"rendered":"Proceso de Inscripci\u00f3n"},"content":{"rendered":"<div class=\"wp-block-image\">\n<figure class=\"aligncenter size-large\"><img loading=\"lazy\" decoding=\"async\" width=\"1024\" height=\"214\" src=\"https:\/\/multimedia.uned.ac.cr\/ecen\/encuentro-salud-2025\/wp-content\/uploads\/sites\/45\/2025\/09\/Banner-2_Inscripcion-1024x214.png\" alt=\"\" class=\"wp-image-109\" srcset=\"https:\/\/multimedia.uned.ac.cr\/ecen\/encuentro-salud-2025\/wp-content\/uploads\/sites\/45\/2025\/09\/Banner-2_Inscripcion-1024x214.png 1024w, https:\/\/multimedia.uned.ac.cr\/ecen\/encuentro-salud-2025\/wp-content\/uploads\/sites\/45\/2025\/09\/Banner-2_Inscripcion-300x63.png 300w, https:\/\/multimedia.uned.ac.cr\/ecen\/encuentro-salud-2025\/wp-content\/uploads\/sites\/45\/2025\/09\/Banner-2_Inscripcion-768x161.png 768w, https:\/\/multimedia.uned.ac.cr\/ecen\/encuentro-salud-2025\/wp-content\/uploads\/sites\/45\/2025\/09\/Banner-2_Inscripcion-1536x321.png 1536w, https:\/\/multimedia.uned.ac.cr\/ecen\/encuentro-salud-2025\/wp-content\/uploads\/sites\/45\/2025\/09\/Banner-2_Inscripcion-2048x428.png 2048w\" sizes=\"auto, (min-width: 900px) 600px, 900px\" \/><\/figure>\n<\/div>\n\n\n<div style=\"height:55px\" aria-hidden=\"true\" class=\"wp-block-spacer\"><\/div>\n\n\n\n<p>Se encuentra abierto el proceso de inscripci\u00f3n para el Congreso; para registrarse, complete el siguiente formulario:<\/p>\n\n\n\n<p><strong><a href=\"https:\/\/forms.office.com\/r\/rKqZnbg3y7\">Formulario de inscripci\u00f3n<\/a><\/strong><\/p>\n\n\n\n<p>Una vez confirmada su solicitud, se le enviar\u00e1 un mensaje con los detalles a la direcci\u00f3n de correo electr\u00f3nica se\u00f1alada.<\/p>\n\n\n\n<p>Agradecemos su inter\u00e9s en participar y le damos la m\u00e1s cordial bienvenida.<\/p>\n\n\n\n<div style=\"height:100px\" aria-hidden=\"true\" class=\"wp-block-spacer\"><\/div>\n\n\n\n<h2 class=\"wp-block-heading\">Contacto<\/h2>\n\n\n\n<p>En caso de consultas u observaciones, por favor, dir\u00edjase a <a href=\"mailto:eventosass@uned.ac.cr\">eventosass@uned.ac.cr<\/a><\/p>\n\n\n\n<p><\/p>\n","protected":false},"excerpt":{"rendered":"<p>Se encuentra abierto el proceso de inscripci\u00f3n para el Congreso; para registrarse, complete el siguiente formulario: Formulario de inscripci\u00f3n Una vez confirmada su solicitud, se le enviar\u00e1 un mensaje con los detalles a la direcci\u00f3n de correo electr\u00f3nica se\u00f1alada. Agradecemos su inter\u00e9s en participar y le damos la m\u00e1s cordial bienvenida. Contacto En caso de consultas u observaciones, por favor, dir\u00edjase a eventosass@uned.ac.cr<\/p>\n","protected":false},"author":2,"featured_media":0,"parent":0,"menu_order":0,"comment_status":"closed","ping_status":"closed","template":"page-full-width.php","meta":{"_acf_changed":false,"_monsterinsights_skip_tracking":false,"_monsterinsights_sitenote_active":false,"_monsterinsights_sitenote_note":"","_monsterinsights_sitenote_category":0,"_coblocks_attr":"","_coblocks_dimensions":"","_coblocks_responsive_height":"","_coblocks_accordion_ie_support":"","footnotes":""},"class_list":["post-11","page","type-page","status-publish","hentry"],"acf":[],"_links":{"self":[{"href":"https:\/\/multimedia.uned.ac.cr\/ecen\/encuentro-salud-2025\/wp-json\/wp\/v2\/pages\/11","targetHints":{"allow":["GET"]}}],"collection":[{"href":"https:\/\/multimedia.uned.ac.cr\/ecen\/encuentro-salud-2025\/wp-json\/wp\/v2\/pages"}],"about":[{"href":"https:\/\/multimedia.uned.ac.cr\/ecen\/encuentro-salud-2025\/wp-json\/wp\/v2\/types\/page"}],"author":[{"embeddable":true,"href":"https:\/\/multimedia.uned.ac.cr\/ecen\/encuentro-salud-2025\/wp-json\/wp\/v2\/users\/2"}],"replies":[{"embeddable":true,"href":"https:\/\/multimedia.uned.ac.cr\/ecen\/encuentro-salud-2025\/wp-json\/wp\/v2\/comments?post=11"}],"version-history":[{"count":7,"href":"https:\/\/multimedia.uned.ac.cr\/ecen\/encuentro-salud-2025\/wp-json\/wp\/v2\/pages\/11\/revisions"}],"predecessor-version":[{"id":111,"href":"https:\/\/multimedia.uned.ac.cr\/ecen\/encuentro-salud-2025\/wp-json\/wp\/v2\/pages\/11\/revisions\/111"}],"wp:attachment":[{"href":"https:\/\/multimedia.uned.ac.cr\/ecen\/encuentro-salud-2025\/wp-json\/wp\/v2\/media?parent=11"}],"curies":[{"name":"wp","href":"https:\/\/api.w.org\/{rel}","templated":true}]}}