{"id":73,"date":"2024-10-24T15:35:48","date_gmt":"2024-10-24T15:35:48","guid":{"rendered":"https:\/\/multimedia.uned.ac.cr\/ece\/rpae\/?page_id=73"},"modified":"2024-11-05T19:27:43","modified_gmt":"2024-11-05T19:27:43","slug":"videoteca","status":"publish","type":"page","link":"https:\/\/multimedia.uned.ac.cr\/ece\/rpae\/videoteca\/","title":{"rendered":"Videoteca"},"content":{"rendered":"\n<div class=\"wp-block-attire-blocks-tabs atbs-tabs-wrapper\"><style id=\"atbs-tabs-css-217d1fda\">\n                \/* tab content border *\/\n                #atbs-tabs-217d1fda .tab-content{\n                    border-left: 5px solid;\n                    border-right:5px solid;\n                    border-bottom: 5px solid;\n                    border-color: #fad9dd;\n                }\n                #atbs-tabs-217d1fda .nav-tabs{\n                    border-bottom:5px solid #fad9dd;\n                }\n                \/* end: tab content border *\/\n                #atbs-tabs-217d1fda .nav-tabs .nav-item a{\n                    border-radius: 6px 6px 0 0;\n                }\n                #atbs-tabs-217d1fda .nav-tabs .nav-item.show .nav-link, #atbs-tabs-217d1fda .nav-tabs .nav-link.active, #atbs-tabs-217d1fda .nav-tabs .nav-link:hover{\n                    border: 5px solid;\n                    border-color: #fad9dd #fad9dd transparent;\n                    margin-bottom: -5px;\n                }\n                #atbs-tabs-217d1fda .nav-tabs .nav-link:not(.active):not(:hover){\n                    border: 5px solid transparent;\n                    border-bottom:0;\n                }#atbs-tabs-217d1fda ul.nav li:not(:last-child){\n                    margin-right:0px;           \n                }#atbs-tabs-217d1fda .nav-pills .nav-item a{\n                    border:5px solid #fad9dd;\n                    border-radius:6px;\n                }#atbs-tabs-217d1fda .nav-link{\n        font-size:16px;\n        text-align:center;\n    }#atbs-tabs-217d1fda .nav-link{\n        background-color:#fff;\n    }\n    #atbs-tabs-217d1fda .nav-link.active, #atbs-tabs-217d1fda .nav-link:hover{\n        background-color:#fad9dd;\n    }#atbs-tabs-217d1fda .nav-link{\n        color:#000000;\n    }\n    #atbs-tabs-217d1fda .nav-link.active{\n        color:#000000;\n    }#atbs-tabs-217d1fda .tab-content{\n        background-color:#ffffff;\n    }#atbs-tabs-217d1fda .tab-content{\n        margin:0px 0px 0px 0px!important;     \n        padding:20px 10px 20px 10px!important;     \n    }#atbs-tabs-217d1fda .nav-item a{\n                    padding: 5px 20px 5px 20px;\n                    margin: 0px 10px 0px 0px;\n                }<\/style><div class=\"\" data-tab-active=\"tab-juntas-de-educacion\" id=\"atbs-tabs-217d1fda\"><ul class=\"nav nav-tabs \" role=\"tablist\"><li class=\"nav-item\"><a class=\"nav-link \" data-toggle=\"tab\" data-target=\"[data-id=tab-contratacion-administrativa]\" href=\"#tab-contratacion-administrativa\"><span class=\"atbs-tabs-buttons-item\">Contrataci\u00f3n administrativa<\/span><\/a><\/li><li class=\"nav-item\"><a class=\"nav-link \" data-toggle=\"tab\" data-target=\"[data-id=tab-debido-proceso]\" href=\"#tab-debido-proceso\"><span class=\"atbs-tabs-buttons-item\">Debido proceso<\/span><\/a><\/li><li class=\"nav-item\"><a class=\"nav-link \" data-toggle=\"tab\" data-target=\"[data-id=tab-inteligencia-artificial]\" href=\"#tab-inteligencia-artificial\"><span class=\"atbs-tabs-buttons-item\">Inteligencia artificial<\/span><\/a><\/li><li class=\"nav-item\"><a class=\"nav-link \" data-toggle=\"tab\" data-target=\"[data-id=tab-gestion-curricular]\" href=\"#tab-gestion-curricular\"><span class=\"atbs-tabs-buttons-item\">Gesti\u00f3n curricular<\/span><\/a><\/li><li class=\"nav-item\"><a class=\"nav-link active\" data-toggle=\"tab\" data-target=\"[data-id=tab-juntas-de-educacion]\" href=\"#tab-juntas-de-educacion\"><span class=\"atbs-tabs-buttons-item\">Juntas de educaci\u00f3n<\/span><\/a><\/li><\/ul><div class=\"tab-content \">\n<div data-id=\"tab-contratacion-administrativa\" class=\"tab-pane fade \" role=\"tabpanel\" aria-labelledby=\"tab-contratacion-administrativa-tab\">\n<figure class=\"wp-block-embed is-type-video is-provider-youtube wp-block-embed-youtube wp-embed-aspect-16-9 wp-has-aspect-ratio\"><div class=\"wp-block-embed__wrapper\">\n<iframe loading=\"lazy\" title=\"El rol de la persona directora en la contrataci\u00f3n administrativa\" width=\"640\" height=\"360\" src=\"https:\/\/www.youtube.com\/embed\/fqnGsFBwX6A?feature=oembed\" frameborder=\"0\" allow=\"accelerometer; autoplay; clipboard-write; encrypted-media; gyroscope; picture-in-picture; web-share\" referrerpolicy=\"strict-origin-when-cross-origin\" allowfullscreen><\/iframe>\n<\/div><figcaption class=\"wp-element-caption\"><strong>El video resalta el papel clave del director en la contrataci\u00f3n administrativa de centros educativos, supervisando que la junta administrativa cumpla la Ley 9986 y gestione los contratos de forma transparente y eficiente. Aunque sin voto, el director vela por que las contrataciones respondan a necesidades reales, respeten el presupuesto y sigan principios \u00e9ticos, utilizando m\u00e9todos modernos y claros para evitar irregularidades.<\/strong><\/figcaption><\/figure>\n<\/div>\n\n\n\n<div data-id=\"tab-debido-proceso\" class=\"tab-pane fade \" role=\"tabpanel\" aria-labelledby=\"tab-debido-proceso-tab\">\n<figure class=\"wp-block-embed is-type-video is-provider-youtube wp-block-embed-youtube wp-embed-aspect-16-9 wp-has-aspect-ratio\"><div class=\"wp-block-embed__wrapper\">\n<iframe loading=\"lazy\" title=\"Debido proceso y protocolos de actuaci\u00f3n\" width=\"640\" height=\"360\" src=\"https:\/\/www.youtube.com\/embed\/Ibl0N8Mt3zg?feature=oembed\" frameborder=\"0\" allow=\"accelerometer; autoplay; clipboard-write; encrypted-media; gyroscope; picture-in-picture; web-share\" referrerpolicy=\"strict-origin-when-cross-origin\" allowfullscreen><\/iframe>\n<\/div><figcaption class=\"wp-element-caption\"><strong>En resumen, el video aborda el taller de Roberto Levi sobre el debido proceso y protocolos en entornos educativos. Levi, director del Liceo de Cariari, enfatiza en la importancia de reconocer, prevenir y abordar la violencia escolar, con seis claves para mejorar la convivencia institucional. Expone c\u00f3mo el debido proceso y los protocolos aplican en casos espec\u00edficos, como el bullying y situaciones de alto riesgo. Finalmente, recomienda el uso de herramientas organizativas y estrategias de convivencia para facilitar la correcta aplicaci\u00f3n de los protocolos y fomentar un ambiente escolar saludable y seguro.<\/strong><\/figcaption><\/figure>\n<\/div>\n\n\n\n<div data-id=\"tab-inteligencia-artificial\" class=\"tab-pane fade \" role=\"tabpanel\" aria-labelledby=\"tab-inteligencia-artificial-tab\">\n<figure class=\"wp-block-embed is-type-video is-provider-youtube wp-block-embed-youtube wp-embed-aspect-4-3 wp-has-aspect-ratio\"><div class=\"wp-block-embed__wrapper\">\n<iframe loading=\"lazy\" title=\"Herramientas de inteligencia artificial para la gesti\u00f3n educativa\" width=\"640\" height=\"480\" src=\"https:\/\/www.youtube.com\/embed\/upsZnF1uR2c?feature=oembed\" frameborder=\"0\" allow=\"accelerometer; autoplay; clipboard-write; encrypted-media; gyroscope; picture-in-picture; web-share\" referrerpolicy=\"strict-origin-when-cross-origin\" allowfullscreen><\/iframe>\n<\/div><figcaption class=\"wp-element-caption\"><strong>El taller introduce la IA y sus niveles (estrecha, general y superinteligencia), abordando su impacto en educaci\u00f3n, como en aprendizaje personalizado, administraci\u00f3n y investigaci\u00f3n. Los participantes conocen herramientas como Copilot para an\u00e1lisis de datos y Menti para interacci\u00f3n en tiempo real. Se resaltan los riesgos \u00e9ticos y la importancia de un uso responsable en el \u00e1mbito educativo.<\/strong><\/figcaption><\/figure>\n<\/div>\n\n\n\n<div data-id=\"tab-gestion-curricular\" class=\"tab-pane fade \" role=\"tabpanel\" aria-labelledby=\"tab-gestion-curricular-tab\">\n<figure class=\"wp-block-embed is-type-video is-provider-youtube wp-block-embed-youtube wp-embed-aspect-16-9 wp-has-aspect-ratio\"><div class=\"wp-block-embed__wrapper\">\n<iframe loading=\"lazy\" title=\"Charla 1  \u00bfQu\u00e9 es gestion curricular\" width=\"640\" height=\"360\" src=\"https:\/\/www.youtube.com\/embed\/Xg-Zk289qac?feature=oembed\" frameborder=\"0\" allow=\"accelerometer; autoplay; clipboard-write; encrypted-media; gyroscope; picture-in-picture; web-share\" referrerpolicy=\"strict-origin-when-cross-origin\" allowfullscreen><\/iframe>\n<\/div><figcaption class=\"wp-element-caption\"><strong>La gesti\u00f3n curricular facilita intervenciones educativas alineadas con la realidad, mediante pol\u00edticas y normativas. Abarca diagn\u00f3stico, planificaci\u00f3n, innovaci\u00f3n y evaluaci\u00f3n, integrando lo administrativo y curricular. Las buenas pr\u00e1cticas incluyen liderazgo pedag\u00f3gico, desarrollo de competencias tecnol\u00f3gicas y trabajo colaborativo, promoviendo una educaci\u00f3n adaptable, de calidad y en mejora continua.<\/strong><\/figcaption><\/figure>\n<\/div>\n\n\n\n<div data-id=\"tab-juntas-de-educacion\" class=\"tab-pane fade active show\" role=\"tabpanel\" aria-labelledby=\"tab-juntas-de-educacion-tab\">\n<figure class=\"wp-block-embed is-type-video is-provider-youtube wp-block-embed-youtube wp-embed-aspect-4-3 wp-has-aspect-ratio\"><div class=\"wp-block-embed__wrapper\">\n<iframe loading=\"lazy\" title=\"Taller Juntas de educaci\u00f3n\" width=\"640\" height=\"480\" src=\"https:\/\/www.youtube.com\/embed\/EqjbiZHfv14?feature=oembed\" frameborder=\"0\" allow=\"accelerometer; autoplay; clipboard-write; encrypted-media; gyroscope; picture-in-picture; web-share\" referrerpolicy=\"strict-origin-when-cross-origin\" allowfullscreen><\/iframe>\n<\/div><figcaption class=\"wp-element-caption\"><strong>El taller de la UNED en administraci\u00f3n educativa abord\u00f3 la gesti\u00f3n de juntas educativas, destacando el rol del director y el contador en los centros educativos. Se discuti\u00f3 la selecci\u00f3n de miembros, el seguimiento del Plan Anual de Trabajo (PAT), y la creaci\u00f3n de un ambiente adecuado. Se enfatiz\u00f3 la transparencia en el uso de recursos y el apoyo comunitario. El contador asesora en la administraci\u00f3n financiera sin decidir, mientras el director garantiza la legalidad y efectividad de la gesti\u00f3n.<\/strong><\/figcaption><\/figure>\n<\/div>\n<\/div><\/div><\/div>\n","protected":false},"excerpt":{"rendered":"","protected":false},"author":550,"featured_media":0,"parent":0,"menu_order":0,"comment_status":"closed","ping_status":"closed","template":"","meta":{"footnotes":""},"class_list":["post-73","page","type-page","status-publish","hentry"],"_links":{"self":[{"href":"https:\/\/multimedia.uned.ac.cr\/ece\/rpae\/wp-json\/wp\/v2\/pages\/73","targetHints":{"allow":["GET"]}}],"collection":[{"href":"https:\/\/multimedia.uned.ac.cr\/ece\/rpae\/wp-json\/wp\/v2\/pages"}],"about":[{"href":"https:\/\/multimedia.uned.ac.cr\/ece\/rpae\/wp-json\/wp\/v2\/types\/page"}],"author":[{"embeddable":true,"href":"https:\/\/multimedia.uned.ac.cr\/ece\/rpae\/wp-json\/wp\/v2\/users\/550"}],"replies":[{"embeddable":true,"href":"https:\/\/multimedia.uned.ac.cr\/ece\/rpae\/wp-json\/wp\/v2\/comments?post=73"}],"version-history":[{"count":36,"href":"https:\/\/multimedia.uned.ac.cr\/ece\/rpae\/wp-json\/wp\/v2\/pages\/73\/revisions"}],"predecessor-version":[{"id":483,"href":"https:\/\/multimedia.uned.ac.cr\/ece\/rpae\/wp-json\/wp\/v2\/pages\/73\/revisions\/483"}],"wp:attachment":[{"href":"https:\/\/multimedia.uned.ac.cr\/ece\/rpae\/wp-json\/wp\/v2\/media?parent=73"}],"curies":[{"name":"wp","href":"https:\/\/api.w.org\/{rel}","templated":true}]}}