{"id":72,"date":"2024-10-24T15:35:48","date_gmt":"2024-10-24T15:35:48","guid":{"rendered":"https:\/\/multimedia.uned.ac.cr\/ece\/rpae\/?page_id=72"},"modified":"2024-10-31T17:15:48","modified_gmt":"2024-10-31T17:15:48","slug":"aplicaciones-y-herramientas","status":"publish","type":"page","link":"https:\/\/multimedia.uned.ac.cr\/ece\/rpae\/aplicaciones-y-herramientas\/","title":{"rendered":"Aplicaciones y Herramientas"},"content":{"rendered":"\n<h2 class=\"wp-block-heading has-text-align-center\">\u00a1<strong>Contribuya en el repositorio de recursos y herramientas a partir de su experiencia<\/strong>!<\/h2>\n\n\n\n<div style=\"height:23px\" aria-hidden=\"true\" class=\"wp-block-spacer\"><\/div>\n\n\n\n<p class=\"has-text-align-center\"><strong>\u00a1Comparte tu opini\u00f3n y haz que tu voz se escuche!<\/strong> Tus experiencias y puntos de vista son valiosos y pueden inspirar a otros, abrir nuevas perspectivas o ayudar a alguien que enfrenta una situaci\u00f3n similar. No importa cu\u00e1n grande o peque\u00f1a sea tu historia; cada aporte cuenta y enriquece la conversaci\u00f3n. <strong>\u00a1An\u00edmate a participar y comparte tu historia hoy!<\/strong><\/p>\n\n\n\n<figure class=\"wp-block-image size-large\"><a href=\"https:\/\/padlet.com\/admeducativa2016\/comentarios-opiniones-an-cdotas-o-feedbacks-xxic8cr56ke5cqin\"><img loading=\"lazy\" decoding=\"async\" width=\"1024\" height=\"819\" src=\"https:\/\/multimedia.uned.ac.cr\/ece\/rpae\/wp-content\/uploads\/sites\/45\/2024\/10\/Brown-Geometric-My-Family-Photo-Collage-1024x819.png\" alt=\"\" class=\"wp-image-117\" srcset=\"https:\/\/multimedia.uned.ac.cr\/ece\/rpae\/wp-content\/uploads\/sites\/45\/2024\/10\/Brown-Geometric-My-Family-Photo-Collage-1024x819.png 1024w, https:\/\/multimedia.uned.ac.cr\/ece\/rpae\/wp-content\/uploads\/sites\/45\/2024\/10\/Brown-Geometric-My-Family-Photo-Collage-300x240.png 300w, https:\/\/multimedia.uned.ac.cr\/ece\/rpae\/wp-content\/uploads\/sites\/45\/2024\/10\/Brown-Geometric-My-Family-Photo-Collage-768x614.png 768w, https:\/\/multimedia.uned.ac.cr\/ece\/rpae\/wp-content\/uploads\/sites\/45\/2024\/10\/Brown-Geometric-My-Family-Photo-Collage-1536x1229.png 1536w, https:\/\/multimedia.uned.ac.cr\/ece\/rpae\/wp-content\/uploads\/sites\/45\/2024\/10\/Brown-Geometric-My-Family-Photo-Collage.png 2000w\" sizes=\"auto, (min-width: 900px) 600px, 900px\" \/><\/a><\/figure>\n\n\n\n<div style=\"height:35px\" aria-hidden=\"true\" class=\"wp-block-spacer\"><\/div>\n\n\n\n<p class=\"has-text-align-center\"><strong>\u00a1Pon a prueba tu mente y divi\u00e9rtete mientras enriqueces tu vocabulario con nuestro juego de sin\u00f3nimos!<\/strong> Sum\u00e9rgete en un desaf\u00edo lleno de palabras, donde cada nivel te har\u00e1 descubrir formas nuevas y creativas de expresarte. Perfecto para quienes buscan aprender jugando, este reto pondr\u00e1 a prueba tu ingenio y rapidez. \u00bfEst\u00e1s listo para mostrar tu dominio de las palabras y subir de nivel? <strong>\u00a1\u00danete ahora y demuestra cu\u00e1nto sabes!<\/strong><\/p>\n\n\n<div class=\"wp-block-image\">\n<figure class=\"aligncenter size-large is-resized\"><a href=\"https:\/\/view.genially.com\/6722481b52880a9b9aa7f1c4\/interactive-content-juego-de-conceptos-corp\"><img loading=\"lazy\" decoding=\"async\" width=\"1024\" height=\"1024\" src=\"https:\/\/multimedia.uned.ac.cr\/ece\/rpae\/wp-content\/uploads\/sites\/45\/2024\/10\/Diseno-sin-titulo-5-1024x1024.png\" alt=\"\" class=\"wp-image-457\" style=\"width:815px;height:auto\" srcset=\"https:\/\/multimedia.uned.ac.cr\/ece\/rpae\/wp-content\/uploads\/sites\/45\/2024\/10\/Diseno-sin-titulo-5-1024x1024.png 1024w, https:\/\/multimedia.uned.ac.cr\/ece\/rpae\/wp-content\/uploads\/sites\/45\/2024\/10\/Diseno-sin-titulo-5-300x300.png 300w, https:\/\/multimedia.uned.ac.cr\/ece\/rpae\/wp-content\/uploads\/sites\/45\/2024\/10\/Diseno-sin-titulo-5-150x150.png 150w, https:\/\/multimedia.uned.ac.cr\/ece\/rpae\/wp-content\/uploads\/sites\/45\/2024\/10\/Diseno-sin-titulo-5-768x768.png 768w, https:\/\/multimedia.uned.ac.cr\/ece\/rpae\/wp-content\/uploads\/sites\/45\/2024\/10\/Diseno-sin-titulo-5.png 1080w\" sizes=\"auto, (min-width: 900px) 600px, 900px\" \/><\/a><\/figure>\n<\/div>","protected":false},"excerpt":{"rendered":"<p>\u00a1Contribuya en el repositorio de recursos y herramientas a partir de su experiencia! \u00a1Comparte tu opini\u00f3n y haz que tu voz se escuche! Tus experiencias y puntos de vista son valiosos y pueden inspirar a otros, abrir nuevas perspectivas o ayudar a alguien que enfrenta una situaci\u00f3n similar. No importa cu\u00e1n grande o peque\u00f1a sea tu historia; cada aporte cuenta y enriquece la conversaci\u00f3n. \u00a1An\u00edmate a participar y comparte tu historia hoy! \u00a1Pon a prueba tu mente y divi\u00e9rtete mientras enriqueces tu vocabulario con nuestro juego de sin\u00f3nimos! Sum\u00e9rgete en un desaf\u00edo lleno de palabras, donde cada nivel te har\u00e1\u2026<\/p>\n","protected":false},"author":550,"featured_media":0,"parent":0,"menu_order":0,"comment_status":"closed","ping_status":"closed","template":"","meta":{"footnotes":""},"class_list":["post-72","page","type-page","status-publish","hentry"],"_links":{"self":[{"href":"https:\/\/multimedia.uned.ac.cr\/ece\/rpae\/wp-json\/wp\/v2\/pages\/72","targetHints":{"allow":["GET"]}}],"collection":[{"href":"https:\/\/multimedia.uned.ac.cr\/ece\/rpae\/wp-json\/wp\/v2\/pages"}],"about":[{"href":"https:\/\/multimedia.uned.ac.cr\/ece\/rpae\/wp-json\/wp\/v2\/types\/page"}],"author":[{"embeddable":true,"href":"https:\/\/multimedia.uned.ac.cr\/ece\/rpae\/wp-json\/wp\/v2\/users\/550"}],"replies":[{"embeddable":true,"href":"https:\/\/multimedia.uned.ac.cr\/ece\/rpae\/wp-json\/wp\/v2\/comments?post=72"}],"version-history":[{"count":17,"href":"https:\/\/multimedia.uned.ac.cr\/ece\/rpae\/wp-json\/wp\/v2\/pages\/72\/revisions"}],"predecessor-version":[{"id":480,"href":"https:\/\/multimedia.uned.ac.cr\/ece\/rpae\/wp-json\/wp\/v2\/pages\/72\/revisions\/480"}],"wp:attachment":[{"href":"https:\/\/multimedia.uned.ac.cr\/ece\/rpae\/wp-json\/wp\/v2\/media?parent=72"}],"curies":[{"name":"wp","href":"https:\/\/api.w.org\/{rel}","templated":true}]}}