{"id":71,"date":"2024-10-24T15:35:48","date_gmt":"2024-10-24T15:35:48","guid":{"rendered":"https:\/\/multimedia.uned.ac.cr\/ece\/rpae\/?page_id=71"},"modified":"2024-10-28T14:33:17","modified_gmt":"2024-10-28T14:33:17","slug":"sitios-especializados","status":"publish","type":"page","link":"https:\/\/multimedia.uned.ac.cr\/ece\/rpae\/sitios-especializados\/","title":{"rendered":"Sitios Especializados"},"content":{"rendered":"\n<div class=\"wp-block-columns has-background is-layout-flex wp-container-core-columns-is-layout-9d6595d7 wp-block-columns-is-layout-flex\" style=\"background-color:#fad9dd85\">\n<div class=\"wp-block-column is-layout-flow wp-block-column-is-layout-flow\">\n<figure class=\"wp-block-image size-large\"><a href=\"https:\/\/mep.go.cr\/acerca-del-mep\/analisis-estadistico\/estadisticas-educativas#!\"><img loading=\"lazy\" decoding=\"async\" width=\"1024\" height=\"576\" src=\"https:\/\/multimedia.uned.ac.cr\/ece\/rpae\/wp-content\/uploads\/sites\/45\/2024\/10\/NUEVO-ALBUM-3-7-1024x576.png\" alt=\"\" class=\"wp-image-269\" srcset=\"https:\/\/multimedia.uned.ac.cr\/ece\/rpae\/wp-content\/uploads\/sites\/45\/2024\/10\/NUEVO-ALBUM-3-7-1024x576.png 1024w, https:\/\/multimedia.uned.ac.cr\/ece\/rpae\/wp-content\/uploads\/sites\/45\/2024\/10\/NUEVO-ALBUM-3-7-300x169.png 300w, https:\/\/multimedia.uned.ac.cr\/ece\/rpae\/wp-content\/uploads\/sites\/45\/2024\/10\/NUEVO-ALBUM-3-7-768x432.png 768w, https:\/\/multimedia.uned.ac.cr\/ece\/rpae\/wp-content\/uploads\/sites\/45\/2024\/10\/NUEVO-ALBUM-3-7-1536x864.png 1536w, https:\/\/multimedia.uned.ac.cr\/ece\/rpae\/wp-content\/uploads\/sites\/45\/2024\/10\/NUEVO-ALBUM-3-7.png 1920w\" sizes=\"auto, (min-width: 900px) 600px, 900px\" \/><\/a><\/figure>\n<\/div>\n\n\n\n<div class=\"wp-block-column is-layout-flow wp-block-column-is-layout-flow\">\n<figure class=\"wp-block-image size-large\"><a href=\"https:\/\/mep.go.cr\/acerca-del-mep\/analisis-estadistico\/estadisticas-educativas#!\"><img loading=\"lazy\" decoding=\"async\" width=\"1024\" height=\"576\" src=\"https:\/\/multimedia.uned.ac.cr\/ece\/rpae\/wp-content\/uploads\/sites\/45\/2024\/10\/NUEVO-ALBUM-2-5-1024x576.png\" alt=\"\" class=\"wp-image-270\" srcset=\"https:\/\/multimedia.uned.ac.cr\/ece\/rpae\/wp-content\/uploads\/sites\/45\/2024\/10\/NUEVO-ALBUM-2-5-1024x576.png 1024w, https:\/\/multimedia.uned.ac.cr\/ece\/rpae\/wp-content\/uploads\/sites\/45\/2024\/10\/NUEVO-ALBUM-2-5-300x169.png 300w, https:\/\/multimedia.uned.ac.cr\/ece\/rpae\/wp-content\/uploads\/sites\/45\/2024\/10\/NUEVO-ALBUM-2-5-768x432.png 768w, https:\/\/multimedia.uned.ac.cr\/ece\/rpae\/wp-content\/uploads\/sites\/45\/2024\/10\/NUEVO-ALBUM-2-5-1536x864.png 1536w, https:\/\/multimedia.uned.ac.cr\/ece\/rpae\/wp-content\/uploads\/sites\/45\/2024\/10\/NUEVO-ALBUM-2-5.png 1920w\" sizes=\"auto, (min-width: 900px) 600px, 900px\" \/><\/a><\/figure>\n<\/div>\n\n\n\n<div class=\"wp-block-column is-layout-flow wp-block-column-is-layout-flow\">\n<figure class=\"wp-block-image size-large\"><a href=\"https:\/\/www.unesco.org\/es\"><img loading=\"lazy\" decoding=\"async\" width=\"1024\" height=\"576\" src=\"https:\/\/multimedia.uned.ac.cr\/ece\/rpae\/wp-content\/uploads\/sites\/45\/2024\/10\/NUEVO-ALBUM-1-5-1024x576.png\" alt=\"\" class=\"wp-image-271\" srcset=\"https:\/\/multimedia.uned.ac.cr\/ece\/rpae\/wp-content\/uploads\/sites\/45\/2024\/10\/NUEVO-ALBUM-1-5-1024x576.png 1024w, https:\/\/multimedia.uned.ac.cr\/ece\/rpae\/wp-content\/uploads\/sites\/45\/2024\/10\/NUEVO-ALBUM-1-5-300x169.png 300w, https:\/\/multimedia.uned.ac.cr\/ece\/rpae\/wp-content\/uploads\/sites\/45\/2024\/10\/NUEVO-ALBUM-1-5-768x432.png 768w, https:\/\/multimedia.uned.ac.cr\/ece\/rpae\/wp-content\/uploads\/sites\/45\/2024\/10\/NUEVO-ALBUM-1-5-1536x864.png 1536w, https:\/\/multimedia.uned.ac.cr\/ece\/rpae\/wp-content\/uploads\/sites\/45\/2024\/10\/NUEVO-ALBUM-1-5.png 1920w\" sizes=\"auto, (min-width: 900px) 600px, 900px\" \/><\/a><\/figure>\n<\/div>\n<\/div>\n\n\n\n<div class=\"wp-block-columns is-layout-flex wp-container-core-columns-is-layout-9d6595d7 wp-block-columns-is-layout-flex\">\n<div class=\"wp-block-column is-layout-flow wp-block-column-is-layout-flow\">\n<p class=\"has-text-align-center\"><strong><a href=\"https:\/\/mep.go.cr\/acerca-del-mep\/analisis-estadistico\/estadisticas-educativas#!\">Tendencias educativas a nivel&nbsp; de Am\u00e9rica Latina&nbsp;<\/a><\/strong><\/p>\n<\/div>\n\n\n\n<div class=\"wp-block-column is-layout-flow wp-block-column-is-layout-flow\">\n<p class=\"has-text-align-center\"><a href=\"https:\/\/mep.go.cr\/acerca-del-mep\/analisis-estadistico\/estadisticas-educativas#!\"><strong>Estad\u00edsticas educativas del Ministerio de Educaci\u00f3n P\u00fablica&nbsp;<\/strong><\/a><\/p>\n<\/div>\n\n\n\n<div class=\"wp-block-column is-layout-flow wp-block-column-is-layout-flow\">\n<p class=\"has-text-align-center\"><a href=\"https:\/\/www.unesco.org\/es\"><strong>Informaci\u00f3n educativa y datos de la realidad mundial y regional<\/strong><\/a><\/p>\n<\/div>\n<\/div>\n\n\n\n<div style=\"height:76px\" aria-hidden=\"true\" class=\"wp-block-spacer\"><\/div>\n\n\n\n<div class=\"wp-block-columns has-background is-layout-flex wp-container-core-columns-is-layout-9d6595d7 wp-block-columns-is-layout-flex\" style=\"background-color:#fad9dd85\">\n<div class=\"wp-block-column is-layout-flow wp-block-column-is-layout-flow\">\n<figure class=\"wp-block-image size-large\"><a href=\"https:\/\/www.lidereseducativos.cl\/\"><img loading=\"lazy\" decoding=\"async\" width=\"1024\" height=\"576\" src=\"https:\/\/multimedia.uned.ac.cr\/ece\/rpae\/wp-content\/uploads\/sites\/45\/2024\/10\/NUEVO-ALBUM-5-1024x576.png\" alt=\"\" class=\"wp-image-257\" srcset=\"https:\/\/multimedia.uned.ac.cr\/ece\/rpae\/wp-content\/uploads\/sites\/45\/2024\/10\/NUEVO-ALBUM-5-1024x576.png 1024w, https:\/\/multimedia.uned.ac.cr\/ece\/rpae\/wp-content\/uploads\/sites\/45\/2024\/10\/NUEVO-ALBUM-5-300x169.png 300w, https:\/\/multimedia.uned.ac.cr\/ece\/rpae\/wp-content\/uploads\/sites\/45\/2024\/10\/NUEVO-ALBUM-5-768x432.png 768w, https:\/\/multimedia.uned.ac.cr\/ece\/rpae\/wp-content\/uploads\/sites\/45\/2024\/10\/NUEVO-ALBUM-5-1536x864.png 1536w, https:\/\/multimedia.uned.ac.cr\/ece\/rpae\/wp-content\/uploads\/sites\/45\/2024\/10\/NUEVO-ALBUM-5.png 1920w\" sizes=\"auto, (min-width: 900px) 600px, 900px\" \/><\/a><\/figure>\n<\/div>\n\n\n\n<div class=\"wp-block-column is-layout-flow wp-block-column-is-layout-flow\">\n<figure class=\"wp-block-image size-large\"><a href=\"https:\/\/www.cpeip.cl\/\"><img loading=\"lazy\" decoding=\"async\" width=\"1024\" height=\"576\" src=\"https:\/\/multimedia.uned.ac.cr\/ece\/rpae\/wp-content\/uploads\/sites\/45\/2024\/10\/Diseno-sin-titulo-1-2-1024x576.png\" alt=\"\" class=\"wp-image-258\" srcset=\"https:\/\/multimedia.uned.ac.cr\/ece\/rpae\/wp-content\/uploads\/sites\/45\/2024\/10\/Diseno-sin-titulo-1-2-1024x576.png 1024w, https:\/\/multimedia.uned.ac.cr\/ece\/rpae\/wp-content\/uploads\/sites\/45\/2024\/10\/Diseno-sin-titulo-1-2-300x169.png 300w, https:\/\/multimedia.uned.ac.cr\/ece\/rpae\/wp-content\/uploads\/sites\/45\/2024\/10\/Diseno-sin-titulo-1-2-768x432.png 768w, https:\/\/multimedia.uned.ac.cr\/ece\/rpae\/wp-content\/uploads\/sites\/45\/2024\/10\/Diseno-sin-titulo-1-2-1536x864.png 1536w, https:\/\/multimedia.uned.ac.cr\/ece\/rpae\/wp-content\/uploads\/sites\/45\/2024\/10\/Diseno-sin-titulo-1-2.png 1920w\" sizes=\"auto, (min-width: 900px) 600px, 900px\" \/><\/a><\/figure>\n<\/div>\n\n\n\n<div class=\"wp-block-column is-layout-flow wp-block-column-is-layout-flow\">\n<figure class=\"wp-block-image size-large\"><a href=\"https:\/\/liderazgoeducativo.udp.cl\/\"><img loading=\"lazy\" decoding=\"async\" width=\"1024\" height=\"576\" src=\"https:\/\/multimedia.uned.ac.cr\/ece\/rpae\/wp-content\/uploads\/sites\/45\/2024\/10\/Diseno-sin-titulo-3-1024x576.png\" alt=\"\" class=\"wp-image-259\" srcset=\"https:\/\/multimedia.uned.ac.cr\/ece\/rpae\/wp-content\/uploads\/sites\/45\/2024\/10\/Diseno-sin-titulo-3-1024x576.png 1024w, https:\/\/multimedia.uned.ac.cr\/ece\/rpae\/wp-content\/uploads\/sites\/45\/2024\/10\/Diseno-sin-titulo-3-300x169.png 300w, https:\/\/multimedia.uned.ac.cr\/ece\/rpae\/wp-content\/uploads\/sites\/45\/2024\/10\/Diseno-sin-titulo-3-768x432.png 768w, https:\/\/multimedia.uned.ac.cr\/ece\/rpae\/wp-content\/uploads\/sites\/45\/2024\/10\/Diseno-sin-titulo-3-1536x864.png 1536w, https:\/\/multimedia.uned.ac.cr\/ece\/rpae\/wp-content\/uploads\/sites\/45\/2024\/10\/Diseno-sin-titulo-3.png 1920w\" sizes=\"auto, (min-width: 900px) 600px, 900px\" \/><\/a><\/figure>\n<\/div>\n<\/div>\n\n\n\n<div class=\"wp-block-columns is-layout-flex wp-container-core-columns-is-layout-9d6595d7 wp-block-columns-is-layout-flex\">\n<div class=\"wp-block-column is-layout-flow wp-block-column-is-layout-flow\">\n<p class=\"has-text-align-center\"><a href=\"https:\/\/www.lidereseducativos.cl\/\"><strong>Buenas pr\u00e1cticas y experiencias de directivos escolares&nbsp;<\/strong><\/a><\/p>\n<\/div>\n\n\n\n<div class=\"wp-block-column is-layout-flow wp-block-column-is-layout-flow\">\n<p class=\"has-text-align-center\"><a href=\"https:\/\/www.cpeip.cl\/\"><strong>Orienta con actividades y recursos para la actualizaci\u00f3n de docentes&nbsp;&nbsp;<\/strong><\/a><\/p>\n<\/div>\n\n\n\n<div class=\"wp-block-column is-layout-flow wp-block-column-is-layout-flow\">\n<p class=\"has-text-align-center\"><a href=\"https:\/\/liderazgoeducativo.udp.cl\/\"><strong><\/strong><\/a><strong><a href=\"https:\/\/liderazgoeducativo.udp.cl\/\"><strong>Especializado en procesos formativos y recursos de liderazgo&nbsp;<\/strong><\/a><\/strong><\/p>\n<\/div>\n<\/div>\n","protected":false},"excerpt":{"rendered":"<p>Tendencias educativas a nivel&nbsp; de Am\u00e9rica Latina&nbsp; Estad\u00edsticas educativas del Ministerio de Educaci\u00f3n P\u00fablica&nbsp; Informaci\u00f3n educativa y datos de la realidad mundial y regional Buenas pr\u00e1cticas y experiencias de directivos escolares&nbsp; Orienta con actividades y recursos para la actualizaci\u00f3n de docentes&nbsp;&nbsp; Especializado en procesos formativos y recursos de liderazgo&nbsp;<\/p>\n","protected":false},"author":550,"featured_media":0,"parent":0,"menu_order":0,"comment_status":"closed","ping_status":"closed","template":"","meta":{"footnotes":""},"class_list":["post-71","page","type-page","status-publish","hentry"],"_links":{"self":[{"href":"https:\/\/multimedia.uned.ac.cr\/ece\/rpae\/wp-json\/wp\/v2\/pages\/71","targetHints":{"allow":["GET"]}}],"collection":[{"href":"https:\/\/multimedia.uned.ac.cr\/ece\/rpae\/wp-json\/wp\/v2\/pages"}],"about":[{"href":"https:\/\/multimedia.uned.ac.cr\/ece\/rpae\/wp-json\/wp\/v2\/types\/page"}],"author":[{"embeddable":true,"href":"https:\/\/multimedia.uned.ac.cr\/ece\/rpae\/wp-json\/wp\/v2\/users\/550"}],"replies":[{"embeddable":true,"href":"https:\/\/multimedia.uned.ac.cr\/ece\/rpae\/wp-json\/wp\/v2\/comments?post=71"}],"version-history":[{"count":35,"href":"https:\/\/multimedia.uned.ac.cr\/ece\/rpae\/wp-json\/wp\/v2\/pages\/71\/revisions"}],"predecessor-version":[{"id":442,"href":"https:\/\/multimedia.uned.ac.cr\/ece\/rpae\/wp-json\/wp\/v2\/pages\/71\/revisions\/442"}],"wp:attachment":[{"href":"https:\/\/multimedia.uned.ac.cr\/ece\/rpae\/wp-json\/wp\/v2\/media?parent=71"}],"curies":[{"name":"wp","href":"https:\/\/api.w.org\/{rel}","templated":true}]}}