{"id":69,"date":"2024-10-24T15:35:48","date_gmt":"2024-10-24T15:35:48","guid":{"rendered":"https:\/\/multimedia.uned.ac.cr\/ece\/rpae\/?page_id=69"},"modified":"2024-10-28T14:32:01","modified_gmt":"2024-10-28T14:32:01","slug":"acerca-de","status":"publish","type":"page","link":"https:\/\/multimedia.uned.ac.cr\/ece\/rpae\/acerca-de\/","title":{"rendered":"Acerca de"},"content":{"rendered":"\n<div style=\"height:25px\" aria-hidden=\"true\" class=\"wp-block-spacer\"><\/div>\n\n\n\n<h1 class=\"wp-block-heading has-background\" style=\"background-color:#fad9dd85;font-style:italic;font-weight:500;text-decoration:none;text-transform:capitalize\">Administraci\u00f3n educativa<\/h1>\n\n\n\n<div style=\"height:0px\" aria-hidden=\"true\" class=\"wp-block-spacer\"><\/div>\n\n\n\n<div style=\"height:41px\" aria-hidden=\"true\" class=\"wp-block-spacer\"><\/div>\n\n\n\n<p class=\"has-medium-font-size\">La carrera de Administraci\u00f3n educativa se imparte en la UNED en nivel de Bachillerato, Licenciatura y Maestr\u00eda.&nbsp;<\/p>\n\n\n\n<p class=\"has-medium-font-size\">Se encuentra acreditada por SINAES y cuenta con el Sello Kalos de la Organizaci\u00f3n de Estados Iberoamericanos&nbsp; (OEI) para carreras a distancia y virtuales.&nbsp;<br>Esta carrera da \u00e9nfasis al liderazgo y pensamiento cr\u00edtico como elementos claves para la gesti\u00f3n y transformaci\u00f3n en el \u00e1mbito educativo<\/p>\n\n\n\n<div style=\"height:59px\" aria-hidden=\"true\" class=\"wp-block-spacer\"><\/div>\n\n\n\n<div class=\"wp-block-buttons is-content-justification-center is-layout-flex wp-container-core-buttons-is-layout-16018d1d wp-block-buttons-is-layout-flex\">\n<div class=\"wp-block-button has-custom-width wp-block-button__width-100 has-custom-font-size is-style-outline has-medium-font-size is-style-outline--1\" style=\"font-style:normal;font-weight:800;letter-spacing:230px;text-decoration:none;text-transform:capitalize\"><a class=\"wp-block-button__link has-black-color has-text-color has-background has-link-color wp-element-button\" href=\"https:\/\/www.uned.ac.cr\/ece\/administracion-educativa\" style=\"border-radius:100px;background-color:#5fe8a4ba\">SABER M\u00c1S<\/a><\/div>\n<\/div>\n","protected":false},"excerpt":{"rendered":"<p>Administraci\u00f3n educativa La carrera de Administraci\u00f3n educativa se imparte en la UNED en nivel de Bachillerato, Licenciatura y Maestr\u00eda.&nbsp; Se encuentra acreditada por SINAES y cuenta con el Sello Kalos de la Organizaci\u00f3n de Estados Iberoamericanos&nbsp; (OEI) para carreras a distancia y virtuales.&nbsp;Esta carrera da \u00e9nfasis al liderazgo y pensamiento cr\u00edtico como elementos claves para la gesti\u00f3n y transformaci\u00f3n en el \u00e1mbito educativo<\/p>\n","protected":false},"author":550,"featured_media":0,"parent":0,"menu_order":0,"comment_status":"closed","ping_status":"closed","template":"","meta":{"footnotes":""},"class_list":["post-69","page","type-page","status-publish","hentry"],"_links":{"self":[{"href":"https:\/\/multimedia.uned.ac.cr\/ece\/rpae\/wp-json\/wp\/v2\/pages\/69","targetHints":{"allow":["GET"]}}],"collection":[{"href":"https:\/\/multimedia.uned.ac.cr\/ece\/rpae\/wp-json\/wp\/v2\/pages"}],"about":[{"href":"https:\/\/multimedia.uned.ac.cr\/ece\/rpae\/wp-json\/wp\/v2\/types\/page"}],"author":[{"embeddable":true,"href":"https:\/\/multimedia.uned.ac.cr\/ece\/rpae\/wp-json\/wp\/v2\/users\/550"}],"replies":[{"embeddable":true,"href":"https:\/\/multimedia.uned.ac.cr\/ece\/rpae\/wp-json\/wp\/v2\/comments?post=69"}],"version-history":[{"count":24,"href":"https:\/\/multimedia.uned.ac.cr\/ece\/rpae\/wp-json\/wp\/v2\/pages\/69\/revisions"}],"predecessor-version":[{"id":439,"href":"https:\/\/multimedia.uned.ac.cr\/ece\/rpae\/wp-json\/wp\/v2\/pages\/69\/revisions\/439"}],"wp:attachment":[{"href":"https:\/\/multimedia.uned.ac.cr\/ece\/rpae\/wp-json\/wp\/v2\/media?parent=69"}],"curies":[{"name":"wp","href":"https:\/\/api.w.org\/{rel}","templated":true}]}}