{"id":9,"date":"2023-10-04T17:50:52","date_gmt":"2023-10-04T17:50:52","guid":{"rendered":"https:\/\/multimediades.uned.ac.cr\/pem\/ece\/olimpri\/?page_id=9"},"modified":"2023-11-18T00:26:40","modified_gmt":"2023-11-18T00:26:40","slug":"bienvenida","status":"publish","type":"page","link":"https:\/\/multimedia.uned.ac.cr\/ece\/olimpri\/","title":{"rendered":"Bienvenida"},"content":{"rendered":"<div class=\"wp-block-image\">\n<figure class=\"aligncenter size-medium\"><img loading=\"lazy\" decoding=\"async\" width=\"220\" height=\"300\" src=\"https:\/\/multimediades.uned.ac.cr\/pem\/ece\/olimpri\/wp-content\/uploads\/sites\/38\/2023\/10\/olimpri-220x300.png\" alt=\"Olimpiada Internacional de Matem\u00e1tica para Primaria\" class=\"wp-image-11\" srcset=\"https:\/\/multimedia.uned.ac.cr\/ece\/olimpri\/wp-content\/uploads\/sites\/38\/2023\/10\/olimpri-220x300.png 220w, https:\/\/multimedia.uned.ac.cr\/ece\/olimpri\/wp-content\/uploads\/sites\/38\/2023\/10\/olimpri-751x1024.png 751w, https:\/\/multimedia.uned.ac.cr\/ece\/olimpri\/wp-content\/uploads\/sites\/38\/2023\/10\/olimpri-768x1047.png 768w, https:\/\/multimedia.uned.ac.cr\/ece\/olimpri\/wp-content\/uploads\/sites\/38\/2023\/10\/olimpri-1127x1536.png 1127w, https:\/\/multimedia.uned.ac.cr\/ece\/olimpri\/wp-content\/uploads\/sites\/38\/2023\/10\/olimpri.png 1500w\" sizes=\"auto, (min-width: 900px) 600px, 900px\" \/><\/figure>\n<\/div>\n\n\n<p>La Olimpiada Internacional de Matem\u00e1tica para Primaria es una actividad que nace en el 2020 en Costa Rica gracias a los esfuerzos de miembros de la Asociaci\u00f3n para la promoci\u00f3n del Talento Matem\u00e1tico (APOTEMA) como respuesta a la necesidad de tener un aliciente para los estudiantes que participan en las olimpiadas nacionales en diferentes pa\u00edses hispanoparlantes, as\u00ed como tambi\u00e9n de ser un canal unificador de conocimientos entre los pa\u00edses miembros, orientada a la detecci\u00f3n y est\u00edmulo del talento matem\u00e1tico o altas capacidades matem\u00e1ticas (ACM).<\/p>\n\n\n\n<h2 class=\"wp-block-heading\">Objetivos:<\/h2>\n\n\n\n<ul class=\"wp-block-list\">\n<li><strong>Estimular<\/strong> el desarrollo de las altas capacidades matem\u00e1ticas, mediante competiciones matem\u00e1ticas, en estudiantes desde la educaci\u00f3n primaria.&nbsp;<\/li>\n\n\n\n<li><strong>Brindar<\/strong> a estudiantes sobresalientes en las olimpiadas nacionales, una oportunidad para enfrentarse a un reto mayor y representar a su pa\u00eds.&nbsp;<\/li>\n\n\n\n<li><strong>Promover<\/strong> el gusto y disfrute de las matem\u00e1ticas en los ni\u00f1os de educaci\u00f3n primaria de diversos pa\u00edses.<\/li>\n\n\n\n<li><strong>Sensibilizaci\u00f3n<\/strong> de la utilidad de la matem\u00e1tica y reducci\u00f3n de los falsos mitos alrededor de ella, principalmente en estudiantes en la transici\u00f3n de primaria a secundaria.&nbsp;<\/li>\n\n\n\n<li><strong>Promover <\/strong>los lazos de amistad entre pa\u00edses mediante la sana competencia en actividades acad\u00e9micas.&nbsp;<\/li>\n\n\n\n<li><strong>Generar<\/strong> recursos que promuevan la mejora en la calidad de la educaci\u00f3n matem\u00e1tica, en diversos pa\u00edses.<\/li>\n<\/ul>\n\n\n\n<p><\/p>\n\n\n<div class=\"wp-block-image\">\n<figure class=\"aligncenter size-full is-resized\"><img loading=\"lazy\" decoding=\"async\" width=\"888\" height=\"750\" src=\"https:\/\/multimedia.uned.ac.cr\/ece\/olimpri\/wp-content\/uploads\/sites\/38\/2023\/11\/Captura-de-pantalla-2023-11-15-a-las-16.35.17.png\" alt=\"\" class=\"wp-image-282\" style=\"aspect-ratio:1.184;width:290px;height:auto\" srcset=\"https:\/\/multimedia.uned.ac.cr\/ece\/olimpri\/wp-content\/uploads\/sites\/38\/2023\/11\/Captura-de-pantalla-2023-11-15-a-las-16.35.17.png 888w, https:\/\/multimedia.uned.ac.cr\/ece\/olimpri\/wp-content\/uploads\/sites\/38\/2023\/11\/Captura-de-pantalla-2023-11-15-a-las-16.35.17-300x253.png 300w, https:\/\/multimedia.uned.ac.cr\/ece\/olimpri\/wp-content\/uploads\/sites\/38\/2023\/11\/Captura-de-pantalla-2023-11-15-a-las-16.35.17-768x649.png 768w\" sizes=\"auto, (min-width: 900px) 600px, 900px\" \/><\/figure>\n<\/div>","protected":false},"excerpt":{"rendered":"<p>La Olimpiada Internacional de Matem\u00e1tica para Primaria es una actividad que nace en el 2020 en Costa Rica gracias a los esfuerzos de miembros de la Asociaci\u00f3n para la promoci\u00f3n del Talento Matem\u00e1tico (APOTEMA) como respuesta a la necesidad de tener un aliciente para los estudiantes que participan en las olimpiadas nacionales en diferentes pa\u00edses hispanoparlantes, as\u00ed como tambi\u00e9n de ser un canal unificador de conocimientos entre los pa\u00edses miembros, orientada a la detecci\u00f3n y est\u00edmulo del talento matem\u00e1tico o altas capacidades matem\u00e1ticas (ACM). Objetivos:<\/p>\n","protected":false},"author":2,"featured_media":0,"parent":0,"menu_order":0,"comment_status":"closed","ping_status":"closed","template":"page-full-width.php","meta":{"footnotes":""},"class_list":["post-9","page","type-page","status-publish","hentry"],"_links":{"self":[{"href":"https:\/\/multimedia.uned.ac.cr\/ece\/olimpri\/wp-json\/wp\/v2\/pages\/9","targetHints":{"allow":["GET"]}}],"collection":[{"href":"https:\/\/multimedia.uned.ac.cr\/ece\/olimpri\/wp-json\/wp\/v2\/pages"}],"about":[{"href":"https:\/\/multimedia.uned.ac.cr\/ece\/olimpri\/wp-json\/wp\/v2\/types\/page"}],"author":[{"embeddable":true,"href":"https:\/\/multimedia.uned.ac.cr\/ece\/olimpri\/wp-json\/wp\/v2\/users\/2"}],"replies":[{"embeddable":true,"href":"https:\/\/multimedia.uned.ac.cr\/ece\/olimpri\/wp-json\/wp\/v2\/comments?post=9"}],"version-history":[{"count":7,"href":"https:\/\/multimedia.uned.ac.cr\/ece\/olimpri\/wp-json\/wp\/v2\/pages\/9\/revisions"}],"predecessor-version":[{"id":492,"href":"https:\/\/multimedia.uned.ac.cr\/ece\/olimpri\/wp-json\/wp\/v2\/pages\/9\/revisions\/492"}],"wp:attachment":[{"href":"https:\/\/multimedia.uned.ac.cr\/ece\/olimpri\/wp-json\/wp\/v2\/media?parent=9"}],"curies":[{"name":"wp","href":"https:\/\/api.w.org\/{rel}","templated":true}]}}